{"id":21372,"date":"2017-01-31T22:33:08","date_gmt":"2017-01-31T21:33:08","guid":{"rendered":"https:\/\/www.soleum.de\/seznam-prani\/"},"modified":"2023-09-22T12:21:16","modified_gmt":"2023-09-22T10:21:16","slug":"seznam-prani","status":"publish","type":"page","link":"https:\/\/www.soleum.de\/cs\/seznam-prani\/","title":{"rendered":"Seznam p\u0159\u00e1n\u00ed"},"content":{"rendered":"[yith_wcwl_wishlist]\n","protected":false},"excerpt":{"rendered":"[yith_wcwl_wishlist]\n","protected":false},"author":1,"featured_media":0,"parent":0,"menu_order":0,"comment_status":"closed","ping_status":"closed","template":"","meta":{"footnotes":""},"class_list":["post-21372","page","type-page","status-publish","hentry"],"_links":{"self":[{"href":"https:\/\/www.soleum.de\/cs\/wp-json\/wp\/v2\/pages\/21372","targetHints":{"allow":["GET"]}}],"collection":[{"href":"https:\/\/www.soleum.de\/cs\/wp-json\/wp\/v2\/pages"}],"about":[{"href":"https:\/\/www.soleum.de\/cs\/wp-json\/wp\/v2\/types\/page"}],"author":[{"embeddable":true,"href":"https:\/\/www.soleum.de\/cs\/wp-json\/wp\/v2\/users\/1"}],"replies":[{"embeddable":true,"href":"https:\/\/www.soleum.de\/cs\/wp-json\/wp\/v2\/comments?post=21372"}],"version-history":[{"count":1,"href":"https:\/\/www.soleum.de\/cs\/wp-json\/wp\/v2\/pages\/21372\/revisions"}],"predecessor-version":[{"id":21425,"href":"https:\/\/www.soleum.de\/cs\/wp-json\/wp\/v2\/pages\/21372\/revisions\/21425"}],"wp:attachment":[{"href":"https:\/\/www.soleum.de\/cs\/wp-json\/wp\/v2\/media?parent=21372"}],"curies":[{"name":"wp","href":"https:\/\/api.w.org\/{rel}","templated":true}]}}