{"id":21556,"date":"2013-09-07T23:21:13","date_gmt":"2013-09-07T21:21:13","guid":{"rendered":"https:\/\/www.soleum.de\/sledovani-objednavky\/"},"modified":"2013-09-07T23:21:13","modified_gmt":"2013-09-07T21:21:13","slug":"sledovani-objednavky","status":"publish","type":"page","link":"https:\/\/www.soleum.de\/cs\/sledovani-objednavky\/","title":{"rendered":"Sledov\u00e1n\u00ed objedn\u00e1vky"},"content":{"rendered":"<div class=\"woocommerce\"><\/div>\n","protected":false},"excerpt":{"rendered":"","protected":false},"author":1,"featured_media":0,"parent":0,"menu_order":0,"comment_status":"closed","ping_status":"closed","template":"page-my-account.php","meta":{"footnotes":""},"class_list":["post-21556","page","type-page","status-publish","hentry"],"_links":{"self":[{"href":"https:\/\/www.soleum.de\/cs\/wp-json\/wp\/v2\/pages\/21556","targetHints":{"allow":["GET"]}}],"collection":[{"href":"https:\/\/www.soleum.de\/cs\/wp-json\/wp\/v2\/pages"}],"about":[{"href":"https:\/\/www.soleum.de\/cs\/wp-json\/wp\/v2\/types\/page"}],"author":[{"embeddable":true,"href":"https:\/\/www.soleum.de\/cs\/wp-json\/wp\/v2\/users\/1"}],"replies":[{"embeddable":true,"href":"https:\/\/www.soleum.de\/cs\/wp-json\/wp\/v2\/comments?post=21556"}],"version-history":[{"count":0,"href":"https:\/\/www.soleum.de\/cs\/wp-json\/wp\/v2\/pages\/21556\/revisions"}],"wp:attachment":[{"href":"https:\/\/www.soleum.de\/cs\/wp-json\/wp\/v2\/media?parent=21556"}],"curies":[{"name":"wp","href":"https:\/\/api.w.org\/{rel}","templated":true}]}}