{"id":21566,"date":"2013-08-11T19:06:15","date_gmt":"2013-08-11T17:06:15","guid":{"rendered":"https:\/\/www.soleum.de\/o-nas\/"},"modified":"2024-10-22T13:05:03","modified_gmt":"2024-10-22T11:05:03","slug":"o-nas","status":"publish","type":"page","link":"https:\/\/www.soleum.de\/cs\/o-nas\/","title":{"rendered":"O n\u00e1s"},"content":{"rendered":"\n\n  <div class=\"banner has-hover has-parallax\" id=\"banner-261717685\">\n          <div class=\"banner-inner fill\">\n        <div class=\"banner-bg fill\" data-parallax=\"-3\" data-parallax-container=\".banner\" data-parallax-background>\n            <img loading=\"lazy\" decoding=\"async\" width=\"1020\" height=\"546\" src=\"https:\/\/www.soleum.de\/wp-content\/uploads\/2017\/02\/Kompetenzzentrum-pregarten-slider_3.jpg\" class=\"bg attachment-large size-large\" alt=\"\" \/>                        <div class=\"overlay\"><\/div>            \n                    <\/div>\n\t\t\n        <div class=\"banner-layers container\">\n            <div class=\"fill banner-link\"><\/div>            \n\n   <div id=\"text-box-1494762096\" class=\"text-box banner-layer x100 md-x100 lg-x100 y95 md-y95 lg-y95 res-text\">\n                                <div class=\"text-box-content text dark\">\n              \n              <div class=\"text-inner text-center\">\n                  \n\n<h1 class=\"lead\">SOLEUM GmbH<\/h1>\n<p class=\"lead\">V\u00fdrobn\u00ed z\u00e1vod v Pregartenu, Rakousko<\/p>\n<div class=\"module-wrapper no-cnt mod-paragraph\">\n<div>\n<div>\n<h1 class=\"page-title page-title-larger\">Parn\u00ed l\u00e1ze\u0148 od profesion\u00e1la &#8211; Jste tu spr\u00e1vn\u011b s n\u00e1mi!<\/h1>\n<div class=\"page-intro\"><\/div>\n<\/div>\n<\/div>\n<\/div>\n<div class=\"module-wrapper mod-paragraph\">\n<div class=\"cnt-default default \">\n<div class=\"header\">\n<h1><u><strong>Parn\u00ed l\u00e1zn\u011b z na\u0161\u00ed vlastn\u00ed v\u00fdroby a realizace projektu u v\u00e1s doma.<\/strong><\/u><\/h1>\n<div><\/div>\n<div>Parn\u00ed kabiny, parn\u00ed l\u00e1zn\u011b se solankou nebo parn\u00ed sprchy a parn\u00ed l\u00e1zn\u011b s ml\u017een\u00edm solankou nebo bez n\u011bj.<\/div>\n<div><\/div>\n<div>Pokud pl\u00e1nujete parn\u00ed jeskyni Hamamm nebo solankovou jeskyni, nev\u00e1hejte n\u00e1s kontaktovat!<\/div>\n<\/div>\n<div class=\"body\">\n<div class=\"fl\">\n<div class=\"va-t\"><\/div>\n<div class=\"va-t\">\n<div><strong>Stavba parn\u00ed l\u00e1zn\u011b sv\u00e9pomoc\u00ed tedy nemus\u00ed b\u00fdt obt\u00ed\u017en\u00e1, d\u016fle\u017eit\u00e9 p\u0159i stavb\u011b parn\u00ed l\u00e1zn\u011b je zajistit si spr\u00e1vn\u00e9 komponenty a z\u00e1zem\u00ed od kompetentn\u00edch odborn\u00edk\u016f!  <\/strong><\/div>\n<div><\/div>\n<div>Zde v\u00e1m nab\u00edz\u00edme na\u0161i technologii parn\u00edch l\u00e1zn\u00ed online &#8211; od lavice pro parn\u00ed l\u00e1zn\u011b p\u0159es leh\u00e1tko a v\u00fdklenky a\u017e po parn\u00ed gener\u00e1tor. V\u011bt\u0161inu v\u00fdrobk\u016f si m\u016f\u017eete prohl\u00e9dnout a vyzkou\u0161et v na\u0161em showroomu o rozloze v\u00edce ne\u017e 100 m2.<\/div>\n<\/div>\n<\/div>\n<\/div>\n<\/div>\n<\/div>\n\n              <\/div>\n           <\/div>\n                            \n<style>\n#text-box-1494762096 {\n  width: 52%;\n}\n#text-box-1494762096 .text-box-content {\n  font-size: 122%;\n}\n<\/style>\n    <\/div>\n \n\n        <\/div>\n      <\/div>\n\n            \n<style>\n#banner-261717685 {\n  padding-top: 507px;\n}\n#banner-261717685 .overlay {\n  background-color: rgba(0, 0, 0, 0.49);\n}\n<\/style>\n  <\/div>\n\n\n<div class=\"row row-collapse\"  id=\"row-13287524\">\n\n\n\t<div id=\"col-1640355934\" class=\"col small-12 large-12\"  >\n\t\t\t\t<div class=\"col-inner\"  >\n\t\t\t\n\t\t\t\n\n\t<div id=\"gap-227862889\" class=\"gap-element clearfix\" style=\"display:block; height:auto;\">\n\t\t\n<style>\n#gap-227862889 {\n  padding-top: 61px;\n}\n<\/style>\n\t<\/div>\n\t\n\n<div class=\"row\"  id=\"row-1661297023\">\n\n\n\t<div id=\"col-1549239803\" class=\"col medium-6 small-12 large-6\"  >\n\t\t\t\t<div class=\"col-inner\"  >\n\t\t\t\n\t\t\t\n\n<h3>KONTAKTN\u00cd \u00daDAJE<\/h3>\n<h1>SOLEUM GmbH<\/h1>\n<p><br><br>Gutauerstrasse 4230 Pregarten Tel: +43 7236-26200<\/p>\n<p>E-mail: info@soleum.at<\/p>\n<p><br><br>O<strong>tev\u00edrac\u00ed doba:<\/strong> Po, \u00dat, \u010ct: 9:00-12:00 a 14:00-17:00 St\u0159eda: 9:00-12:00 hod.<\/p>\n<p>P\u00e1tek nen\u00ed \u00fa\u0159edn\u00ed den.<\/p>\n<p><br>a po domluv\u011b!<\/p>\n<p><br><br><br>UID-\u010d.: ATU66445199 ARA-LN:16346 Landesgericht Linz, FN 362383t M\u00edstem pln\u011bn\u00ed a p\u0159\u00edslu\u0161nosti je LINZ<\/p>\n\n\t\t<\/div>\n\t\t\t\t\t<\/div>\n\n\t\n\n\t<div id=\"col-1300912969\" class=\"col medium-6 small-12 large-6\"  >\n\t\t\t\t<div class=\"col-inner\"  >\n\t\t\t\n\t\t\t\n\n<p>N\u00c1\u0160 SHOWROOM V PREGARTENU \/ RAKOUSKO<\/p>\n\n  \n    <div id=\"gallery-1088528667\" class=\"row large-columns-2 medium-columns- small-columns- row-masonry\" data-packery-options='{\"itemSelector\": \".col\", \"gutter\": 0, \"presentageWidth\" : true}'>\n\n  <div class=\"gallery-col col\" >\n          <div class=\"col-inner\">\n            <a class=\"image-lightbox lightbox-gallery\" href=\"https:\/\/www.soleum.de\/wp-content\/uploads\/2023\/08\/Soleum-Schauraum-Pregarten4.jpg\" title=\"\">            <div class=\"box has-hover gallery-box box-overlay dark\">\n              <div class=\"box-image\" >\n                <img loading=\"lazy\" decoding=\"async\" width=\"533\" height=\"400\" src=\"https:\/\/www.soleum.de\/wp-content\/uploads\/2023\/08\/Soleum-Schauraum-Pregarten4-533x400.jpg\" class=\"attachment-medium size-medium\" alt=\"Soleum-Schauraum-Pregarten8\" ids=\"21096,21089,21082,21075,21068,21047,21054,21061\" type=\"masonry\" columns=\"2\" srcset=\"https:\/\/www.soleum.de\/wp-content\/uploads\/2023\/08\/Soleum-Schauraum-Pregarten4-533x400.jpg 533w, https:\/\/www.soleum.de\/wp-content\/uploads\/2023\/08\/Soleum-Schauraum-Pregarten4-768x576.jpg 768w, https:\/\/www.soleum.de\/wp-content\/uploads\/2023\/08\/Soleum-Schauraum-Pregarten4-510x383.jpg 510w, https:\/\/www.soleum.de\/wp-content\/uploads\/2023\/08\/Soleum-Schauraum-Pregarten4.jpg 1000w\" sizes=\"auto, (max-width: 533px) 100vw, 533px\" \/>                                  <div class=\"overlay fill\"\n                      style=\"background-color: rgba(0,0,0,.15)\">\n                  <\/div>\n                                                              <\/div>\n              <div class=\"box-text text-left\" >\n                 <p><\/p>\n              <\/div>\n            <\/div>\n            <\/a>          <\/div>\n         <\/div><div class=\"gallery-col col\" >\n          <div class=\"col-inner\">\n            <a class=\"image-lightbox lightbox-gallery\" href=\"https:\/\/www.soleum.de\/wp-content\/uploads\/2023\/08\/Soleum-Schauraum-Pregarten3.jpg\" title=\"\">            <div class=\"box has-hover gallery-box box-overlay dark\">\n              <div class=\"box-image\" >\n                <img loading=\"lazy\" decoding=\"async\" width=\"533\" height=\"400\" src=\"https:\/\/www.soleum.de\/wp-content\/uploads\/2023\/08\/Soleum-Schauraum-Pregarten3-533x400.jpg\" class=\"attachment-medium size-medium\" alt=\"Soleum-Schauraum-Pregarten8\" ids=\"21096,21089,21082,21075,21068,21047,21054,21061\" type=\"masonry\" columns=\"2\" srcset=\"https:\/\/www.soleum.de\/wp-content\/uploads\/2023\/08\/Soleum-Schauraum-Pregarten3-533x400.jpg 533w, https:\/\/www.soleum.de\/wp-content\/uploads\/2023\/08\/Soleum-Schauraum-Pregarten3-768x576.jpg 768w, https:\/\/www.soleum.de\/wp-content\/uploads\/2023\/08\/Soleum-Schauraum-Pregarten3-510x383.jpg 510w, https:\/\/www.soleum.de\/wp-content\/uploads\/2023\/08\/Soleum-Schauraum-Pregarten3.jpg 1000w\" sizes=\"auto, (max-width: 533px) 100vw, 533px\" \/>                                  <div class=\"overlay fill\"\n                      style=\"background-color: rgba(0,0,0,.15)\">\n                  <\/div>\n                                                              <\/div>\n              <div class=\"box-text text-left\" >\n                 <p><\/p>\n              <\/div>\n            <\/div>\n            <\/a>          <\/div>\n         <\/div><div class=\"gallery-col col\" >\n          <div class=\"col-inner\">\n            <a class=\"image-lightbox lightbox-gallery\" href=\"https:\/\/www.soleum.de\/wp-content\/uploads\/2023\/08\/Soleum-Schauraum-Pregarten2.jpg\" title=\"\">            <div class=\"box has-hover gallery-box box-overlay dark\">\n              <div class=\"box-image\" >\n                <img loading=\"lazy\" decoding=\"async\" width=\"533\" height=\"400\" src=\"https:\/\/www.soleum.de\/wp-content\/uploads\/2023\/08\/Soleum-Schauraum-Pregarten2-533x400.jpg\" class=\"attachment-medium size-medium\" alt=\"Soleum-Schauraum-Pregarten8\" ids=\"21096,21089,21082,21075,21068,21047,21054,21061\" type=\"masonry\" columns=\"2\" srcset=\"https:\/\/www.soleum.de\/wp-content\/uploads\/2023\/08\/Soleum-Schauraum-Pregarten2-533x400.jpg 533w, https:\/\/www.soleum.de\/wp-content\/uploads\/2023\/08\/Soleum-Schauraum-Pregarten2-768x576.jpg 768w, https:\/\/www.soleum.de\/wp-content\/uploads\/2023\/08\/Soleum-Schauraum-Pregarten2-510x383.jpg 510w, https:\/\/www.soleum.de\/wp-content\/uploads\/2023\/08\/Soleum-Schauraum-Pregarten2.jpg 1000w\" sizes=\"auto, (max-width: 533px) 100vw, 533px\" \/>                                  <div class=\"overlay fill\"\n                      style=\"background-color: rgba(0,0,0,.15)\">\n                  <\/div>\n                                                              <\/div>\n              <div class=\"box-text text-left\" >\n                 <p><\/p>\n              <\/div>\n            <\/div>\n            <\/a>          <\/div>\n         <\/div><div class=\"gallery-col col\" >\n          <div class=\"col-inner\">\n            <a class=\"image-lightbox lightbox-gallery\" href=\"https:\/\/www.soleum.de\/wp-content\/uploads\/2023\/08\/Soleum-Schauraum-Pregarten1.jpg\" title=\"\">            <div class=\"box has-hover gallery-box box-overlay dark\">\n              <div class=\"box-image\" >\n                <img loading=\"lazy\" decoding=\"async\" width=\"533\" height=\"400\" src=\"https:\/\/www.soleum.de\/wp-content\/uploads\/2023\/08\/Soleum-Schauraum-Pregarten1-533x400.jpg\" class=\"attachment-medium size-medium\" alt=\"Soleum-Schauraum-Pregarten8\" ids=\"21096,21089,21082,21075,21068,21047,21054,21061\" type=\"masonry\" columns=\"2\" srcset=\"https:\/\/www.soleum.de\/wp-content\/uploads\/2023\/08\/Soleum-Schauraum-Pregarten1-533x400.jpg 533w, https:\/\/www.soleum.de\/wp-content\/uploads\/2023\/08\/Soleum-Schauraum-Pregarten1-768x576.jpg 768w, https:\/\/www.soleum.de\/wp-content\/uploads\/2023\/08\/Soleum-Schauraum-Pregarten1-510x383.jpg 510w, https:\/\/www.soleum.de\/wp-content\/uploads\/2023\/08\/Soleum-Schauraum-Pregarten1.jpg 1000w\" sizes=\"auto, (max-width: 533px) 100vw, 533px\" \/>                                  <div class=\"overlay fill\"\n                      style=\"background-color: rgba(0,0,0,.15)\">\n                  <\/div>\n                                                              <\/div>\n              <div class=\"box-text text-left\" >\n                 <p><\/p>\n              <\/div>\n            <\/div>\n            <\/a>          <\/div>\n         <\/div><div class=\"gallery-col col\" >\n          <div class=\"col-inner\">\n            <a class=\"image-lightbox lightbox-gallery\" href=\"https:\/\/www.soleum.de\/wp-content\/uploads\/2023\/08\/Soleum-Schauraum-Pregarten8.jpg\" title=\"\">            <div class=\"box has-hover gallery-box box-overlay dark\">\n              <div class=\"box-image\" >\n                <img loading=\"lazy\" decoding=\"async\" width=\"533\" height=\"400\" src=\"https:\/\/www.soleum.de\/wp-content\/uploads\/2023\/08\/Soleum-Schauraum-Pregarten8-533x400.jpg\" class=\"attachment-medium size-medium\" alt=\"Soleum-Schauraum-Pregarten8\" ids=\"21096,21089,21082,21075,21068,21047,21054,21061\" type=\"masonry\" columns=\"2\" srcset=\"https:\/\/www.soleum.de\/wp-content\/uploads\/2023\/08\/Soleum-Schauraum-Pregarten8-533x400.jpg 533w, https:\/\/www.soleum.de\/wp-content\/uploads\/2023\/08\/Soleum-Schauraum-Pregarten8-768x576.jpg 768w, https:\/\/www.soleum.de\/wp-content\/uploads\/2023\/08\/Soleum-Schauraum-Pregarten8-510x383.jpg 510w, https:\/\/www.soleum.de\/wp-content\/uploads\/2023\/08\/Soleum-Schauraum-Pregarten8.jpg 1000w\" sizes=\"auto, (max-width: 533px) 100vw, 533px\" \/>                                  <div class=\"overlay fill\"\n                      style=\"background-color: rgba(0,0,0,.15)\">\n                  <\/div>\n                                                              <\/div>\n              <div class=\"box-text text-left\" >\n                 <p><\/p>\n              <\/div>\n            <\/div>\n            <\/a>          <\/div>\n         <\/div><div class=\"gallery-col col\" >\n          <div class=\"col-inner\">\n            <a class=\"image-lightbox lightbox-gallery\" href=\"https:\/\/www.soleum.de\/wp-content\/uploads\/2023\/08\/Soleum-Schauraum-Pregarten5.jpg\" title=\"Soleum SPA Design Schauraum in Pregarten\">            <div class=\"box has-hover gallery-box box-overlay dark\">\n              <div class=\"box-image\" >\n                <img loading=\"lazy\" decoding=\"async\" width=\"533\" height=\"400\" src=\"https:\/\/www.soleum.de\/wp-content\/uploads\/2023\/08\/Soleum-Schauraum-Pregarten5-533x400.jpg\" class=\"attachment-medium size-medium\" alt=\"\" ids=\"21096,21089,21082,21075,21068,21047,21054,21061\" type=\"masonry\" columns=\"2\" srcset=\"https:\/\/www.soleum.de\/wp-content\/uploads\/2023\/08\/Soleum-Schauraum-Pregarten5-533x400.jpg 533w, https:\/\/www.soleum.de\/wp-content\/uploads\/2023\/08\/Soleum-Schauraum-Pregarten5-768x576.jpg 768w, https:\/\/www.soleum.de\/wp-content\/uploads\/2023\/08\/Soleum-Schauraum-Pregarten5-510x383.jpg 510w, https:\/\/www.soleum.de\/wp-content\/uploads\/2023\/08\/Soleum-Schauraum-Pregarten5.jpg 1000w\" sizes=\"auto, (max-width: 533px) 100vw, 533px\" \/>                                  <div class=\"overlay fill\"\n                      style=\"background-color: rgba(0,0,0,.15)\">\n                  <\/div>\n                                                              <\/div>\n              <div class=\"box-text text-left\" >\n                 <p>Soleum SPA Design Schauraum in Pregarten<\/p>\n              <\/div>\n            <\/div>\n            <\/a>          <\/div>\n         <\/div><div class=\"gallery-col col\" >\n          <div class=\"col-inner\">\n            <a class=\"image-lightbox lightbox-gallery\" href=\"https:\/\/www.soleum.de\/wp-content\/uploads\/2023\/08\/Soleum-Schauraum-Pregarten6.jpg\" title=\"Showroom Soleum SPA Design v Pregartenu\">            <div class=\"box has-hover gallery-box box-overlay dark\">\n              <div class=\"box-image\" >\n                <img loading=\"lazy\" decoding=\"async\" width=\"533\" height=\"400\" src=\"https:\/\/www.soleum.de\/wp-content\/uploads\/2023\/08\/Soleum-Schauraum-Pregarten6-533x400.jpg\" class=\"attachment-medium size-medium\" alt=\"Showroom Soleum SPA Design v Pregartenu\" ids=\"21096,21089,21082,21075,21068,21047,21054,21061\" type=\"masonry\" columns=\"2\" srcset=\"https:\/\/www.soleum.de\/wp-content\/uploads\/2023\/08\/Soleum-Schauraum-Pregarten6-533x400.jpg 533w, https:\/\/www.soleum.de\/wp-content\/uploads\/2023\/08\/Soleum-Schauraum-Pregarten6-768x576.jpg 768w, https:\/\/www.soleum.de\/wp-content\/uploads\/2023\/08\/Soleum-Schauraum-Pregarten6-510x383.jpg 510w, https:\/\/www.soleum.de\/wp-content\/uploads\/2023\/08\/Soleum-Schauraum-Pregarten6.jpg 1000w\" sizes=\"auto, (max-width: 533px) 100vw, 533px\" \/>                                  <div class=\"overlay fill\"\n                      style=\"background-color: rgba(0,0,0,.15)\">\n                  <\/div>\n                                                              <\/div>\n              <div class=\"box-text text-left\" >\n                 <p>Showroom Soleum SPA Design v Pregartenu<\/p>\n              <\/div>\n            <\/div>\n            <\/a>          <\/div>\n         <\/div><div class=\"gallery-col col\" >\n          <div class=\"col-inner\">\n            <a class=\"image-lightbox lightbox-gallery\" href=\"https:\/\/www.soleum.de\/wp-content\/uploads\/2023\/08\/Soleum-Schauraum-Pregarten7.jpg\" title=\"\">            <div class=\"box has-hover gallery-box box-overlay dark\">\n              <div class=\"box-image\" >\n                <img loading=\"lazy\" decoding=\"async\" width=\"533\" height=\"400\" src=\"https:\/\/www.soleum.de\/wp-content\/uploads\/2023\/08\/Soleum-Schauraum-Pregarten7-533x400.jpg\" class=\"attachment-medium size-medium\" alt=\"\" ids=\"21096,21089,21082,21075,21068,21047,21054,21061\" type=\"masonry\" columns=\"2\" srcset=\"https:\/\/www.soleum.de\/wp-content\/uploads\/2023\/08\/Soleum-Schauraum-Pregarten7-533x400.jpg 533w, https:\/\/www.soleum.de\/wp-content\/uploads\/2023\/08\/Soleum-Schauraum-Pregarten7-768x576.jpg 768w, https:\/\/www.soleum.de\/wp-content\/uploads\/2023\/08\/Soleum-Schauraum-Pregarten7-510x383.jpg 510w, https:\/\/www.soleum.de\/wp-content\/uploads\/2023\/08\/Soleum-Schauraum-Pregarten7.jpg 1000w\" sizes=\"auto, (max-width: 533px) 100vw, 533px\" \/>                                  <div class=\"overlay fill\"\n                      style=\"background-color: rgba(0,0,0,.15)\">\n                  <\/div>\n                                                              <\/div>\n              <div class=\"box-text text-left\" >\n                 <p><\/p>\n              <\/div>\n            <\/div>\n            <\/a>          <\/div>\n         <\/div><\/div>\n\n\n\t\t<\/div>\n\t\t\t\t\t<\/div>\n\n\t\n\n<\/div>\n<div class=\"text-center\"><div class=\"is-divider divider clearfix\" ><\/div><\/div>\n\n\n\t\t<\/div>\n\t\t\t\t\t<\/div>\n\n\t\n\n<\/div>\n\n","protected":false},"excerpt":{"rendered":"<p>Soleum GmbH &#8211; V\u00fdrobce individu\u00e1ln\u00edch parn\u00edch l\u00e1zn\u00ed v Evrop\u011b. Showroom ve m\u011bst\u011b 4230 Pregarten , Rakousko<\/p>\n","protected":false},"author":1,"featured_media":10757,"parent":0,"menu_order":0,"comment_status":"closed","ping_status":"closed","template":"page-transparent-header-light.php","meta":{"footnotes":""},"class_list":["post-21566","page","type-page","status-publish","has-post-thumbnail","hentry"],"_links":{"self":[{"href":"https:\/\/www.soleum.de\/cs\/wp-json\/wp\/v2\/pages\/21566","targetHints":{"allow":["GET"]}}],"collection":[{"href":"https:\/\/www.soleum.de\/cs\/wp-json\/wp\/v2\/pages"}],"about":[{"href":"https:\/\/www.soleum.de\/cs\/wp-json\/wp\/v2\/types\/page"}],"author":[{"embeddable":true,"href":"https:\/\/www.soleum.de\/cs\/wp-json\/wp\/v2\/users\/1"}],"replies":[{"embeddable":true,"href":"https:\/\/www.soleum.de\/cs\/wp-json\/wp\/v2\/comments?post=21566"}],"version-history":[{"count":11,"href":"https:\/\/www.soleum.de\/cs\/wp-json\/wp\/v2\/pages\/21566\/revisions"}],"predecessor-version":[{"id":32357,"href":"https:\/\/www.soleum.de\/cs\/wp-json\/wp\/v2\/pages\/21566\/revisions\/32357"}],"wp:featuredmedia":[{"embeddable":true,"href":"https:\/\/www.soleum.de\/cs\/wp-json\/wp\/v2\/media\/10757"}],"wp:attachment":[{"href":"https:\/\/www.soleum.de\/cs\/wp-json\/wp\/v2\/media?parent=21566"}],"curies":[{"name":"wp","href":"https:\/\/api.w.org\/{rel}","templated":true}]}}