{"id":21740,"date":"2017-03-25T09:54:33","date_gmt":"2017-03-25T08:54:33","guid":{"rendered":"https:\/\/www.soleum.de\/nahrada-za-odvolani\/"},"modified":"2017-03-25T09:54:33","modified_gmt":"2017-03-25T08:54:33","slug":"nahrada-za-odvolani","status":"publish","type":"page","link":"https:\/\/www.soleum.de\/cs\/nahrada-za-odvolani\/","title":{"rendered":"N\u00e1hrada za odvol\u00e1n\u00ed"},"content":{"rendered":"<h1><strong>Storno podm\u00ednky<\/strong><\/h1>\n<p><strong>V\u00fdhradn\u011b spot\u0159ebitel\u00e9<\/strong> maj\u00ed n\u00e1sleduj\u00edc\u00ed z\u00e1konn\u00e9 pr\u00e1vo na odstoupen\u00ed od smlouvy:<\/p>\n<p>Sv\u00e9 smluvn\u00ed prohl\u00e1\u0161en\u00ed m\u016f\u017eete odvolat p\u00edsemn\u011b (nap\u0159. dopisem, faxem, e-mailem na adresu info@soleum.at) nebo vr\u00e1cen\u00edm zbo\u017e\u00ed do dvou t\u00fddn\u016f bez ud\u00e1n\u00ed d\u016fvodu, pokud jste nejednali v r\u00e1mci v\u00fdkonu sv\u00e9 obchodn\u00ed nebo nez\u00e1visl\u00e9 profesn\u00ed \u010dinnosti (objedn\u00e1vky podnikatel\u016f). Lh\u016fta za\u010d\u00edn\u00e1 b\u011b\u017eet nejd\u0159\u00edve od p\u0159evzet\u00ed zbo\u017e\u00ed a podrobn\u00e9ho n\u00e1vodu v textov\u00e9 podob\u011b. Pro dodr\u017een\u00ed lh\u016fty posta\u010d\u00ed v\u010dasn\u00e9 odesl\u00e1n\u00ed odvol\u00e1n\u00ed nebo zbo\u017e\u00ed. Odvol\u00e1n\u00ed je t\u0159eba zaslat na adresu:<\/p>\n<blockquote><p>SOLEUM GmbH<br \/>\nDipl. Bw., Ing. Thomas Kiesenebner, MBA<br \/>\nGutauerstrasse 42<br \/>\nA-4230 P\u0159ed\u0161koln\u00ed vzd\u011bl\u00e1v\u00e1n\u00ed<\/p><\/blockquote>\n<p><strong>D\u016fsledky odvol\u00e1n\u00ed<\/strong><\/p>\n<p>V p\u0159\u00edpad\u011b \u00fa\u010dinn\u00e9ho odvol\u00e1n\u00ed se ob\u011bma stran\u00e1m vr\u00e1t\u00ed p\u0159ijat\u00e9 slu\u017eby a odevzdaj\u00ed se ve\u0161ker\u00e9 z\u00edskan\u00e9 v\u00fdhody (nap\u0159. \u00faroky). Pokud nem\u016f\u017eete obdr\u017een\u00e9 zbo\u017e\u00ed vr\u00e1tit vcelku nebo z\u010d\u00e1sti, nebo pouze ve zhor\u0161en\u00e9m stavu, budete n\u00e1m mo\u017en\u00e1 muset nahradit ztr\u00e1tu hodnoty. To neplat\u00ed, pokud ke zhor\u0161en\u00ed kvality zbo\u017e\u00ed do\u0161lo v\u00fdhradn\u011b v d\u016fsledku jeho kontroly, jak by bylo mo\u017en\u00e9 nap\u0159\u00edklad v obchod\u011b. Krom\u011b toho se m\u016f\u017eete vyhnout povinnosti zaplatit n\u00e1hradu \u0161kody t\u00edm, \u017ee zbo\u017e\u00ed nebudete pou\u017e\u00edvat, jako by bylo va\u0161\u00edm majetkem, a zdr\u017e\u00edte se v\u0161eho, co by mohlo sn\u00ed\u017eit jeho hodnotu. Polo\u017eky, kter\u00e9 lze zaslat po\u0161tovn\u00edm bal\u00edkem, se vracej\u00ed na na\u0161e riziko, polo\u017eky, kter\u00e9 nelze zaslat po\u0161tovn\u00edm bal\u00edkem, si od v\u00e1s vyzvedneme. Ve\u0161ker\u00e9 povinnosti t\u00fdkaj\u00edc\u00ed se vr\u00e1cen\u00ed plateb mus\u00edte splnit do 30 dn\u016f od odesl\u00e1n\u00ed ozn\u00e1men\u00ed o zru\u0161en\u00ed.<\/p>\n<p>N\u00e1klady na vr\u00e1cen\u00ed zbo\u017e\u00ed nesete vy, pokud dodan\u00e9 zbo\u017e\u00ed odpov\u00edd\u00e1 objednan\u00e9mu zbo\u017e\u00ed nebo pokud jste v p\u0159\u00edpad\u011b vy\u0161\u0161\u00ed ceny zbo\u017e\u00ed v dob\u011b odstoupen\u00ed od smlouvy je\u0161t\u011b neposkytli protipln\u011bn\u00ed nebo smluvn\u011b dohodnutou \u010d\u00e1ste\u010dnou platbu.<\/p>\n<p><strong>Pr\u00e1vo na odstoupen\u00ed od smlouvy se nevztahuje na<\/strong><\/p>\n<p>Zbo\u017e\u00ed, kter\u00e9 je vyrobeno podle specifikac\u00ed z\u00e1kazn\u00edka nebo je zjevn\u011b p\u0159izp\u016fsobeno osobn\u00edm pot\u0159eb\u00e1m nebo nen\u00ed vhodn\u00e9 pro vr\u00e1cen\u00ed vzhledem k jeho povaze nebo se m\u016f\u017ee rychle zkazit nebo jeho\u017e datum spot\u0159eby by bylo p\u0159ekro\u010deno.<\/p>\n<p><strong>Ukon\u010den\u00ed storno podm\u00ednek<\/strong><\/p>\n<p><strong>Z\u00e1ruka a z\u00e1kaznick\u00fd servis<\/strong><\/p>\n<p>Z\u00e1kazn\u00edk by m\u011bl &#8211; i ve vlastn\u00edm z\u00e1jmu &#8211; neprodlen\u011b nahl\u00e1sit zjevn\u00e9 vady. Zejm\u00e9na po\u0161kozen\u00ed p\u0159i p\u0159eprav\u011b mus\u00ed b\u00fdt neprodlen\u011b nahl\u00e1\u0161eno doru\u010duj\u00edc\u00ed z\u00e1silkov\u00e9 slu\u017eb\u011b nebo spedi\u010dn\u00ed firm\u011b nebo spole\u010dnosti SOLEUM GmbH.<br \/>\nZ\u00e1ruka je poskytov\u00e1na v souladu se z\u00e1konn\u00fdmi ustanoven\u00edmi, podle kter\u00fdch jsme v p\u0159\u00edpad\u011b vady zbo\u017e\u00ed opr\u00e1vn\u011bni prov\u00e9st dodate\u010dnou dod\u00e1vku nebo odstranit vadu podle va\u0161eho uv\u00e1\u017een\u00ed. Pokud se n\u00e1prava nakonec nezda\u0159\u00ed nebo pokud je n\u00e1sledn\u011b dodan\u00e9 zbo\u017e\u00ed rovn\u011b\u017e vadn\u00e9, m\u016f\u017eete po\u017eadovat vr\u00e1cen\u00ed zbo\u017e\u00ed proti vr\u00e1cen\u00ed sjednan\u00e9 ceny nebo sn\u00ed\u017een\u00ed kupn\u00ed ceny. Informace o p\u0159\u00edpadn\u00fdch z\u00e1ruk\u00e1ch v\u00fdrobce naleznete v dokumentaci k v\u00fdrobku.<br \/>\nNeru\u010d\u00edme za vady, kter\u00e9 vznikly v d\u016fsledku nespr\u00e1vn\u00e9ho zach\u00e1zen\u00ed nebo vn\u011bj\u0161\u00edch vliv\u016f. Viditeln\u00e9 vn\u011bj\u0161\u00ed vady, kter\u00e9 jsou nam\u00edt\u00e1ny po mont\u00e1\u017ei, jsou vylou\u010deny ze z\u00e1ru\u010dn\u00ed reklamace.<\/p>\n<p>Ru\u010d\u00edme za to, \u017ee na\u0161e sou\u010d\u00e1sti nejsou v dob\u011b dod\u00e1n\u00ed vadn\u00e9 tak, \u017ee by byla zru\u0161ena nebo sn\u00ed\u017eena jejich hodnota nebo vhodnost pro b\u011b\u017en\u00e9 pou\u017eit\u00ed nebo pou\u017eit\u00ed p\u0159edpokl\u00e1dan\u00e9 smlouvou.<\/p>\n<p>Zji\u0161t\u011bn\u00ed z\u00e1vad mus\u00ed b\u00fdt neprodlen\u011b p\u00edsemn\u011b ozn\u00e1meno dodavateli. Mus\u00ed b\u00fdt uveden typ jednotky a s\u00e9riov\u00e9 \u010d\u00edslo. Smluvn\u00ed strany se ji\u017e dohodly, \u017ee vym\u011bn\u011bn\u00e9 d\u00edly se st\u00e1vaj\u00ed majetkem dodavatele. Odm\u00edtnut\u00e9 d\u00edly je t\u0159eba vr\u00e1tit s \u00fahradou p\u0159epravn\u00e9ho. Pokud se odesl\u00e1n\u00ed, instalace bez uveden\u00ed do provozu bez zavin\u011bn\u00ed dodavatele opozd\u00ed, odpov\u011bdnost zanik\u00e1 nejpozd\u011bji 24 m\u011bs\u00edc\u016f po p\u0159echodu rizika. V p\u0159\u00edpad\u011b v\u00fdrobk\u016f t\u0159et\u00edch stran je odpov\u011bdnost dodavatele omezena na postoupen\u00ed pohled\u00e1vek z odpov\u011bdnosti, na kter\u00e9 m\u00e1 n\u00e1rok v\u016f\u010di dodavateli v\u00fdrobku t\u0159et\u00ed strany. Za \u0161kody zp\u016fsoben\u00e9 z n\u00e1sleduj\u00edc\u00edch d\u016fvod\u016f nep\u0159eb\u00edr\u00e1me \u017e\u00e1dnou odpov\u011bdnost: v d\u016fsledku nevhodn\u00e9ho nebo nespr\u00e1vn\u00e9ho pou\u017eit\u00ed, chybn\u00e9 mont\u00e1\u017ee nebo uveden\u00ed do provozu ze strany kupuj\u00edc\u00edho nebo t\u0159et\u00edch osob. P\u0159irozen\u00e9 opot\u0159eben\u00ed (parn\u00edho v\u00e1lce), po\u0161kozen\u00ed vodn\u00edm kamenem nebo probl\u00e9my s vodn\u00edm kamenem, nespr\u00e1vn\u00e1 nebo nedbal\u00e1 manipulace s nevhodn\u00fdmi provozn\u00edmi materi\u00e1ly, jako\u017e i elektrick\u00e9 nebo elektromagnetick\u00e9 vlivy. Po konzultaci s dodavatelem poskytne kupuj\u00edc\u00ed dodavateli pot\u0159ebn\u00fd \u010das a p\u0159\u00edle\u017eitost k proveden\u00ed v\u0161ech oprav a n\u00e1hradn\u00edch dod\u00e1vek, kter\u00e9 se dodavateli jev\u00ed jako nezbytn\u00e9 podle jeho rozumn\u00e9ho uv\u00e1\u017een\u00ed, jinak se dodavatel zprost\u00ed odpov\u011bdnosti za vady. Pouze s p\u00edsemn\u00fdm souhlasem dodavatele m\u00e1 kupuj\u00edc\u00ed pr\u00e1vo odstranit vadu s\u00e1m nebo ji nechat odstranit t\u0159et\u00ed osobou a po\u017eadovat po dodavateli \u00fahradu nezbytn\u00fdch n\u00e1klad\u016f. Vedlej\u0161\u00ed nebo n\u00e1sledn\u00e9 n\u00e1klady nese kupuj\u00edc\u00ed. Z\u00e1ru\u010dn\u00ed doba na n\u00e1hradn\u00ed d\u00edl a opravu \u010din\u00ed t\u0159i m\u011bs\u00edce, av\u0161ak b\u011b\u017e\u00ed nejm\u00e9n\u011b do uplynut\u00ed p\u016fvodn\u00ed z\u00e1ru\u010dn\u00ed doby na p\u0159edm\u011bt dod\u00e1vky. Jak\u00e9koli \u00fapravy nebo opravy proveden\u00e9 neodborn\u011b kupuj\u00edc\u00edm nebo t\u0159et\u00edmi stranami bez p\u0159edchoz\u00edho souhlasu dodavatele maj\u00ed za n\u00e1sledek z\u00e1nik odpov\u011bdnosti za vznikl\u00e9 n\u00e1sledky. Dal\u0161\u00ed n\u00e1roky kupuj\u00edc\u00edho, zejm\u00e9na n\u00e1rok na n\u00e1hradu \u0161kody, kter\u00e1 nevznikla na samotn\u00e9m p\u0159edm\u011btu dod\u00e1vky, jsou vylou\u010deny. Na\u0161e odpov\u011bdnost je v z\u00e1sad\u011b omezena na v\u00fdm\u011bnu vadn\u00e9ho d\u00edlu, ovlada\u010de, pokud byl z\u00e1ru\u010dn\u00ed p\u0159\u00edpad uzn\u00e1n n\u00e1mi nebo na\u0161\u00edm v\u00fdrobn\u00edm z\u00e1vodem. Rozhodnut\u00ed o reklamaci lze v z\u00e1sad\u011b u\u010dinit a\u017e pot\u00e9, co n\u00e1m byl vadn\u00fd d\u00edl zasl\u00e1n s uhrazenou p\u0159epravou.<\/p>\n<p>Z\u00e1kazn\u00edk je povinen n\u00e1s p\u00edsemn\u011b informovat o v\u0161ech zji\u0161t\u011bn\u00fdch z\u00e1vad\u00e1ch. Z\u00e1konn\u00e1 z\u00e1ru\u010dn\u00ed doba je: na nemovit\u00e9 v\u011bci t\u0159i roky, na movit\u00e9 v\u011bci dva roky a na pou\u017eit\u00e9 movit\u00e9 v\u011bci jeden rok. Z\u00e1ruka na b\u011b\u017en\u00e9 opot\u0159eben\u00ed opot\u0159ebiteln\u00fdch d\u00edl\u016f, nap\u0159. silikonov\u00fdch spoj\u016f, je vylou\u010dena. P\u0159edpokl\u00e1d\u00e1 se spr\u00e1vn\u00e1 obsluha a zach\u00e1zen\u00ed s na\u0161imi v\u00fdrobky.<\/p>\n<p>N\u00e1\u0161 z\u00e1kaznick\u00fd servis m\u016f\u017eete kontaktovat ve v\u0161edn\u00ed dny b\u011bhem <a href=\"https:\/\/www.dampfbad.at\/?page_id=256\">otev\u00edrac\u00ed doby<\/a> na telefonu: +43 (0)7236-26200 nebo e-mailem: info@soleum.at.<\/p>\n<p><strong>M\u00edsto soudn\u00ed p\u0159\u00edslu\u0161nosti<\/strong><\/p>\n<p>V p\u0159\u00edpad\u011b smluv s obchodn\u00edky, pr\u00e1vnick\u00fdmi osobami ve\u0159ejn\u00e9ho pr\u00e1va nebo zvl\u00e1\u0161tn\u00edmi ve\u0159ejnopr\u00e1vn\u00edmi fondy je dohodnuto, \u017ee v\u00fdlu\u010dn\u00fdm soudem pro v\u0161echny pr\u00e1vn\u00ed spory vypl\u00fdvaj\u00edc\u00ed z obchodn\u00edho vztahu, v\u010detn\u011b sm\u011bne\u010dn\u00fdch a \u0161ekov\u00fdch \u017ealob, je M\u00edstn\u00ed soud v Linci (Rakousko). Jsme v\u0161ak opr\u00e1vn\u011bni podat \u017ealobu i v m\u00edst\u011b podnik\u00e1n\u00ed kupuj\u00edc\u00edho. M\u00edstem pln\u011bn\u00ed p\u0159i dod\u00e1n\u00ed a platb\u011b je Pregarten \/ Rakousko.<br \/>\nZ\u00e1kazn\u00edk m\u00e1 n\u00e1rok na zapo\u010dten\u00ed nebo sn\u00ed\u017een\u00ed pouze tehdy, pokud byly jeho vlastn\u00ed pohled\u00e1vky pr\u00e1voplatn\u011b zji\u0161t\u011bny nebo pokud jsme tyto pohled\u00e1vky p\u00edsemn\u011b uznali. Zadr\u017een\u00ed je p\u0159\u00edpustn\u00e9 pouze v p\u0159\u00edpad\u011b, \u017ee se n\u00e1roky zakl\u00e1daj\u00ed na stejn\u00e9m smluvn\u00edm vztahu. Pokud by nepodstatn\u00e1 \u010d\u00e1st smlouvy podle t\u011bchto podm\u00ednek byla nebo se stala neplatnou, nem\u00e1 to vliv na platnost zb\u00fdvaj\u00edc\u00ed \u010d\u00e1sti smlouvy.<\/p>\n<p><strong>Odm\u00edtnut\u00ed odpov\u011bdnosti<\/strong><\/p>\n<p>Tento online katalog a popisy a cenov\u00e9 informace v n\u011bm obsa\u017een\u00e9 jsme sestavili s maxim\u00e1ln\u00ed pe\u010dlivost\u00ed. Proto m\u016f\u017eeme p\u0159evz\u00edt odpov\u011bdnost za p\u0159\u00edpadn\u00e9 tiskov\u00e9 chyby a technick\u00e9 zm\u011bny pouze v p\u0159\u00edpadech \u00famyslu a hrub\u00e9 nedbalosti.<\/p>\n<p><strong>Ochrana \u00fadaj\u016f<\/strong><\/p>\n<p>Shrom\u00e1\u017ed\u011bn\u00e9 \u00fadaje budou spole\u010dnost\u00ed SOLEUM GmbH zpracov\u00e1v\u00e1ny a pou\u017e\u00edv\u00e1ny pouze v rozsahu, kter\u00fd je nezbytn\u00fd pro realizaci obchodu uzav\u0159en\u00e9ho s v\u00e1mi a udr\u017een\u00ed v\u00fdsledn\u00e9ho vztahu se z\u00e1kazn\u00edkem, je pr\u00e1vn\u011b p\u0159\u00edpustn\u00fd a je v\u00e1mi po\u017eadov\u00e1n.<br \/>\nPokud zad\u00e1v\u00e1te objedn\u00e1vku nebo vyu\u017e\u00edv\u00e1te jin\u00e9 slu\u017eby, spole\u010dnost SOLEUM GmbH vy\u017eaduje va\u0161i adresu a \u00fadaje pro zpracov\u00e1n\u00ed platby. Tyto \u00fadaje slou\u017e\u00ed spole\u010dnosti SOLEUM GmbH k \u0159\u00e1dn\u00e9mu zpracov\u00e1n\u00ed objedn\u00e1vky. Za t\u00edmto \u00fa\u010delem m\u016f\u017ee b\u00fdt v z\u00e1vislosti na slu\u017eb\u011b nutn\u00e9 p\u0159edat \u00fadaje tak\u00e9 obchodn\u00edm nebo servisn\u00edm partner\u016fm spole\u010dnosti SOLEUM GmbH (nap\u0159. p\u0159epravn\u00ed spole\u010dnosti, jako je Deutsche Post AG nebo DHL, pro doru\u010den\u00ed zbo\u017e\u00ed).<br \/>\nKdykoli si m\u016f\u017eete vy\u017e\u00e1dat informace o \u00fadaj\u00edch, kter\u00e9 o v\u00e1s byly ulo\u017eeny, nebo po\u017e\u00e1dat o jejich opravu \u010di vymaz\u00e1n\u00ed.<\/p>\n","protected":false},"excerpt":{"rendered":"<p>Storno podm\u00ednky V\u00fdhradn\u011b spot\u0159ebitel\u00e9 maj\u00ed n\u00e1sleduj\u00edc\u00ed z\u00e1konn\u00e9 pr\u00e1vo na odstoupen\u00ed od smlouvy: Sv\u00e9 smluvn\u00ed prohl\u00e1\u0161en\u00ed m\u016f\u017eete odvolat p\u00edsemn\u011b (nap\u0159. dopisem, faxem, e-mailem na adresu info@soleum.at) nebo vr\u00e1cen\u00edm zbo\u017e\u00ed do dvou t\u00fddn\u016f bez ud\u00e1n\u00ed d\u016fvodu, pokud jste nejednali v r\u00e1mci v\u00fdkonu sv\u00e9 obchodn\u00ed nebo nez\u00e1visl\u00e9 profesn\u00ed \u010dinnosti (objedn\u00e1vky podnikatel\u016f). Lh\u016fta za\u010d\u00edn\u00e1 b\u011b\u017eet nejd\u0159\u00edve od p\u0159evzet\u00ed zbo\u017e\u00ed [&#8230;]\n","protected":false},"author":1,"featured_media":0,"parent":0,"menu_order":0,"comment_status":"closed","ping_status":"closed","template":"","meta":{"footnotes":""},"class_list":["post-21740","page","type-page","status-publish","hentry"],"_links":{"self":[{"href":"https:\/\/www.soleum.de\/cs\/wp-json\/wp\/v2\/pages\/21740","targetHints":{"allow":["GET"]}}],"collection":[{"href":"https:\/\/www.soleum.de\/cs\/wp-json\/wp\/v2\/pages"}],"about":[{"href":"https:\/\/www.soleum.de\/cs\/wp-json\/wp\/v2\/types\/page"}],"author":[{"embeddable":true,"href":"https:\/\/www.soleum.de\/cs\/wp-json\/wp\/v2\/users\/1"}],"replies":[{"embeddable":true,"href":"https:\/\/www.soleum.de\/cs\/wp-json\/wp\/v2\/comments?post=21740"}],"version-history":[{"count":0,"href":"https:\/\/www.soleum.de\/cs\/wp-json\/wp\/v2\/pages\/21740\/revisions"}],"wp:attachment":[{"href":"https:\/\/www.soleum.de\/cs\/wp-json\/wp\/v2\/media?parent=21740"}],"curies":[{"name":"wp","href":"https:\/\/api.w.org\/{rel}","templated":true}]}}