{"id":21897,"date":"2017-12-17T10:40:05","date_gmt":"2017-12-17T09:40:05","guid":{"rendered":"https:\/\/www.soleum.de\/oblast-pro-zakazniky\/muj-ucet\/udaje-o-uctu\/"},"modified":"2017-12-17T10:40:05","modified_gmt":"2017-12-17T09:40:05","slug":"udaje-o-uctu","status":"publish","type":"page","link":"https:\/\/www.soleum.de\/cs\/oblast-pro-zakazniky\/muj-ucet\/udaje-o-uctu\/","title":{"rendered":"\u00dadaje o \u00fa\u010dtu"},"content":{"rendered":"[customer-area-account \/]\n","protected":false},"excerpt":{"rendered":"[customer-area-account \/]\n","protected":false},"author":1,"featured_media":0,"parent":21881,"menu_order":810,"comment_status":"closed","ping_status":"closed","template":"","meta":{"footnotes":""},"class_list":["post-21897","page","type-page","status-publish","hentry"],"_links":{"self":[{"href":"https:\/\/www.soleum.de\/cs\/wp-json\/wp\/v2\/pages\/21897","targetHints":{"allow":["GET"]}}],"collection":[{"href":"https:\/\/www.soleum.de\/cs\/wp-json\/wp\/v2\/pages"}],"about":[{"href":"https:\/\/www.soleum.de\/cs\/wp-json\/wp\/v2\/types\/page"}],"author":[{"embeddable":true,"href":"https:\/\/www.soleum.de\/cs\/wp-json\/wp\/v2\/users\/1"}],"replies":[{"embeddable":true,"href":"https:\/\/www.soleum.de\/cs\/wp-json\/wp\/v2\/comments?post=21897"}],"version-history":[{"count":0,"href":"https:\/\/www.soleum.de\/cs\/wp-json\/wp\/v2\/pages\/21897\/revisions"}],"up":[{"embeddable":true,"href":"https:\/\/www.soleum.de\/cs\/wp-json\/wp\/v2\/pages\/21881"}],"wp:attachment":[{"href":"https:\/\/www.soleum.de\/cs\/wp-json\/wp\/v2\/media?parent=21897"}],"curies":[{"name":"wp","href":"https:\/\/api.w.org\/{rel}","templated":true}]}}