{"id":29265,"date":"2016-07-06T08:54:58","date_gmt":"2016-07-06T06:54:58","guid":{"rendered":"https:\/\/www.soleum.de\/shop\/nezarazene\/topna-rohoz-pro-stenu-parni-lazne\/"},"modified":"2016-07-06T08:54:58","modified_gmt":"2016-07-06T06:54:58","slug":"topna-rohoz-pro-stenu-parni-lazne","status":"publish","type":"product","link":"https:\/\/www.soleum.de\/cs\/shop\/ohrivaci-rohoze-pro-parni-lazne\/topna-rohoz-pro-stenu-parni-lazne\/","title":{"rendered":"Topn\u00e1 roho\u017e pro st\u011bnu parn\u00ed l\u00e1zn\u011b"},"content":{"rendered":"<p>Topn\u00e1 roho\u017e pro st\u011bnu parn\u00ed l\u00e1zn\u011b cca 300 W\/m2 pro <a href=\"http:\/\/www.dampfbad.at\/produkt\/ecksitz-fuer-dusche\/\">rohovou kombinaci sedadel<\/a> (--><a href=\"http:\/\/www.dampfbad.at\/portfolio\/dampfdusche-mit-ecksitz\/\" target=\"_blank\" rel=\"noopener\">P\u0159\u00edklad<\/a>),\u0161\u00ed\u0159ka 90 cm (pokud je kov\u00e1n\u00ed namontov\u00e1no bl\u00ed\u017ee k rohu)<\/p>\n<p>\u010c\u00edslo modelu: RT100x100B90<\/p>\n","protected":false},"excerpt":{"rendered":"<p>Topn\u00e1 roho\u017e pro st\u011bnu parn\u00ed l\u00e1zn\u011b cca 300 W\/m2 pro <a href=\"http:\/\/www.dampfbad.at\/produkt\/ecksitz-fuer-dusche\/\">rohovou kombinaci sedadel<\/a>, \u0161\u00ed\u0159ka 90 cm (pokud jsou armatury namontov\u00e1ny bl\u00ed\u017ee k rohu)<\/p>\n","protected":false},"featured_media":10540,"template":"","meta":[],"product_brand":[],"product_cat":[3423],"product_tag":[],"class_list":{"0":"post-29265","1":"product","2":"type-product","3":"status-publish","4":"has-post-thumbnail","6":"product_cat-ohrivaci-rohoze-pro-parni-lazne","7":"product_shipping_class-baleni-5-10-kg","9":"first","10":"instock","11":"sold-individually","12":"taxable","13":"shipping-taxable","14":"purchasable","15":"product-type-simple"},"_links":{"self":[{"href":"https:\/\/www.soleum.de\/cs\/wp-json\/wp\/v2\/product\/29265","targetHints":{"allow":["GET"]}}],"collection":[{"href":"https:\/\/www.soleum.de\/cs\/wp-json\/wp\/v2\/product"}],"about":[{"href":"https:\/\/www.soleum.de\/cs\/wp-json\/wp\/v2\/types\/product"}],"wp:featuredmedia":[{"embeddable":true,"href":"https:\/\/www.soleum.de\/cs\/wp-json\/wp\/v2\/media\/10540"}],"wp:attachment":[{"href":"https:\/\/www.soleum.de\/cs\/wp-json\/wp\/v2\/media?parent=29265"}],"wp:term":[{"taxonomy":"product_brand","embeddable":true,"href":"https:\/\/www.soleum.de\/cs\/wp-json\/wp\/v2\/product_brand?post=29265"},{"taxonomy":"product_cat","embeddable":true,"href":"https:\/\/www.soleum.de\/cs\/wp-json\/wp\/v2\/product_cat?post=29265"},{"taxonomy":"product_tag","embeddable":true,"href":"https:\/\/www.soleum.de\/cs\/wp-json\/wp\/v2\/product_tag?post=29265"}],"curies":[{"name":"wp","href":"https:\/\/api.w.org\/{rel}","templated":true}]}}