{"id":29268,"date":"2016-10-02T19:12:28","date_gmt":"2016-10-02T17:12:28","guid":{"rendered":"https:\/\/www.soleum.de\/shop\/nezarazene\/mlzeni-solnym-roztokem-pro-parni-lazen\/"},"modified":"2024-02-23T16:31:24","modified_gmt":"2024-02-23T15:31:24","slug":"mlzeni-solnym-roztokem-pro-parni-lazen","status":"publish","type":"product","link":"https:\/\/www.soleum.de\/cs\/shop\/mlzeni-solnym-roztokem\/mlzeni-solnym-roztokem-pro-parni-lazen\/","title":{"rendered":"Ml\u017een\u00ed soln\u00fdm roztokem pro parn\u00ed l\u00e1ze\u0148"},"content":{"rendered":"<section id=\"pd-left\">\n<figure id=\"pd-gallery-small\" class=\"smart-gallery\" data-id=\"76\">\n<div class=\"sg-image-wrapper\">\n<h1 class=\"sg-image\"><span id=\"product_name\">Chcete si koupit mlhova\u010d solanky pro parn\u00ed l\u00e1ze\u0148?  <\/span><\/h1>\n<div class=\"sg-image\"><span id=\"product_name\">Pak pro v\u00e1s m\u00e1me ten spr\u00e1vn\u00fd <span style=\"color: #0000ff;\">INTENZIVN\u00cd produkt<\/span>! <\/span><span id=\"product_name\">N\u00e1\u0161 syst\u00e9m pro rozpra\u0161ov\u00e1n\u00ed solanky rozpra\u0161uje nejen solanku, ale tak\u00e9 r\u016fzn\u00e9 druhy \u010daje!<\/span><\/div>\n<p><iframe loading=\"lazy\" src=\"https:\/\/www.youtube.com\/embed\/98aPwzbqq6Q?rel=0\" width=\"640\" height=\"360\" frameborder=\"0\" allowfullscreen=\"allowfullscreen\"><\/iframe><br \/>\n<iframe loading=\"lazy\" src=\"https:\/\/www.youtube.com\/embed\/JVefCVRF-X8?rel=0\" width=\"640\" height=\"360\" frameborder=\"0\" allowfullscreen=\"allowfullscreen\"><\/iframe><br \/>\nNa n\u00e1sleduj\u00edc\u00edm videu m\u016f\u017eete vid\u011bt intenzivn\u00ed zaml\u017eov\u00e1n\u00ed solankou od spole\u010dnosti SOLEUM GmbH. <span style=\"font-size: 160%;\">Pod\u00edvejte se, jak rychle (od 1 minuty!<\/span> ) se v cel\u00e9 parn\u00ed l\u00e1zni tvo\u0159\u00ed extr\u00e9mn\u00ed soln\u00e1 mlha.<\/p>\n<p><strong>P\u0159ibli\u017en\u011b<\/strong> za <strong>3<\/strong> minuty se cel\u00e1 parn\u00ed l\u00e1ze\u0148 zahal\u00ed do nejjemn\u011bj\u0161\u00ed soln\u00e9 mlhy. N\u00e1doba z nerezov\u00e9 oceli pojme 1 litr soln\u00e9ho roztoku (1-3 %) nebo \u010daje. Do \u010daje m\u016f\u017eete tak\u00e9 p\u0159idat s\u016fl, a tak rozpra\u0161ovat oboj\u00ed!<br \/>\n<iframe loading=\"lazy\" src=\"https:\/\/www.youtube.com\/embed\/zGBd8YDn4jQ?rel=0\" width=\"640\" height=\"360\" frameborder=\"0\" allowfullscreen=\"allowfullscreen\"><\/iframe><\/p>\n<div class=\"sg-image\"><\/div>\n<\/div>\n<\/figure>\n<\/section>\n<section id=\"pd-right\">\n<h2 class=\"page-title al page-title-larger\"><span id=\"product_name\">To znamen\u00e1, \u017ee na\u0161e rozpra\u0161ov\u00e1n\u00ed solanky pro parn\u00ed l\u00e1zn\u011b lze pou\u017e\u00edt tak\u00e9 jako techniku inhalace \u010daje pro parn\u00ed l\u00e1ze\u0148 nebo parn\u00ed sprchu.<br \/>\n<\/span><\/h2>\n<h2><span style=\"font-size: large;\">U\u017e m\u00e1te parn\u00ed sprchu nebo parn\u00ed l\u00e1ze\u0148 a nechcete p\u0159ij\u00edt o v\u00fdhody soln\u00e9ho ml\u017een\u00ed? S t\u00edmto vysoce v\u00fdkonn\u00fdm rozpra\u0161ova\u010dem m\u016f\u017eete svou parn\u00ed l\u00e1ze\u0148 vylep\u0161it na &#8222;solankovou parn\u00ed l\u00e1ze\u0148&#8220; nebo na SOLEUM &#8211; v\u017edy se do\u010dtete o solankov\u00fdch parn\u00edch l\u00e1zn\u00edch, ale solanka samoz\u0159ejm\u011b nem\u016f\u017ee b\u00fdt p\u0159epravov\u00e1na s p\u00e1rou, ale pouze &#8222;rozpra\u0161ov\u00e1na&#8220; nebo &#8222;rozpra\u0161ov\u00e1na&#8220;.<br \/>\n<\/span><\/h2>\n<p>Jednodu\u0161e si zde objednejte na\u0161i <b>sadu pro dodate\u010dn\u00e9 vybaven\u00ed pro nebulizaci SOLE a ud\u011blejte n\u011bco dobr\u00e9ho pro sv\u00e9 zdrav\u00ed! <\/b> <\/p>\n<p>Pokud v\u0161ak m\u00e1te<b> <\/b><span id=\"product_name\">techniku inhalace solanky, kterou si chcete koupit Proto se o t\u00e9to technice dob\u0159e informujte. K dispozici je ml\u017een\u00ed solankou pomoc\u00ed ultrazvukov\u00e9ho mlhova\u010de (n\u00edzk\u00e1 jemn\u00e1 mlha, syst\u00e9m jako mlhova\u010d) nebo n\u00e1\u0161 syst\u00e9m ml\u017een\u00ed solankou pomoc\u00ed stla\u010den\u00e9ho vzduchu (velmi intenzivn\u00ed!!). Cel\u00fd litr se rozml\u017e\u00ed za cca 20 minut!!! a do parn\u00ed l\u00e1zn\u011b ji\u017e nen\u00ed vid\u011bt!!!).  <\/span><\/p>\n<p><span id=\"product_name\">N\u00e1\u0161 <strong>bezbakteri\u00e1ln\u00ed syst\u00e9m<\/strong> je natolik intenzivn\u00ed, \u017ee NEN\u00cd VHODN\u00dd pro infra\u010derven\u00e9 kabiny a sauny (na to neposkytujeme \u017e\u00e1dnou z\u00e1ruku). Na\u0161e technologie inhalace solanky je ide\u00e1ln\u00ed pro parn\u00ed l\u00e1zn\u011b a parn\u00ed sprchy.<br \/>\n<\/span><\/p>\n<h2 class=\"page-title al page-title-larger\"><span id=\"product_name\">Technologie nebulizace solanky <\/span><b>koupit: Stru\u010dn\u00fd popis<br \/>\n<\/b><\/h2>\n<p>Zvl\u00e1\u0161tnost\u00ed je vytv\u00e1\u0159en\u00ed <u>soln\u00e9 mlhy (nebo \u010dajov\u00e9 mlhy<\/u>). Alternativou jsou l\u00e9\u010div\u00e9 \u010daje z l\u00e9k\u00e1rny, kter\u00e9 lze tak\u00e9 rozpra\u0161ovat, \u010d\u00edm\u017e se novinka produktu pov\u00fd\u0161\u00ed na velmi soukromou inhala\u010dn\u00ed kabinu.<br \/>\nZaml\u017een\u00fd soln\u00fd roztok je vhodn\u00fd nejen pro d\u00fdch\u00e1n\u00ed. S\u016fl na k\u016f\u017ei zvy\u0161uje pocen\u00ed a o\u010distu. Ple\u0165 je skute\u010dn\u011b vy\u010di\u0161t\u011bna hluboko do p\u00f3r\u016f, je o ni pe\u010dov\u00e1no a vysr\u00e1\u017een\u00e1 s\u016fl m\u00e1 mimo\u0159\u00e1dn\u011b pozitivn\u00ed \u00fa\u010dinek na problematickou ple\u0165.<br \/>\nZ\u00e1rove\u0148 vytv\u00e1\u0159\u00ed p\u0159irozenou ochranu a podporuje kysel\u00fd pl\u00e1\u0161\u0165 poko\u017eky.<\/p>\n<p><strong><br \/>\n  <u>Rozsah dod\u00e1vky:<\/u><br \/>\n<\/strong> Kompresor pro ml\u017een\u00ed solankou (ml\u017een\u00ed solankou pro parn\u00ed l\u00e1ze\u0148), ml\u017e\u00edc\u00ed tryska, 5m vzduchov\u00e1 hadice modr\u00e9 barvy, nerezov\u00e1 n\u00e1doba, bez ovl\u00e1d\u00e1n\u00ed (nap\u0159. pomoc\u00ed vlastn\u00edho vyp\u00edna\u010de).<\/p>\n<p>Mont\u00e1\u017e je jednoduch\u00e1! V z\u00e1sad\u011b lze vytvo\u0159it &#8222;sp\u00ednanou&#8220; z\u00e1suvku (nap\u0159. pomoc\u00ed vyp\u00edna\u010de sv\u011btla v p\u0159edn\u00ed \u010d\u00e1sti kabiny).<br \/>\nElektrick\u00e9 zapojen\u00ed mus\u00ed prov\u00e9st elektrik\u00e1\u0159 s licenc\u00ed.<\/p>\n<p>Pokud byste cht\u011bli inhala\u010dn\u00ed technologii pozd\u011bji upgradovat, je to velmi snadn\u00e9! To je jen n\u011bkolik krok\u016f:<\/p>\n<p>Sta\u010d\u00ed, kdy\u017e:<br \/>\n1.) Do stropu vyvrtejte 25mm otvor (zde bude pozd\u011bji um\u00edst\u011bna nebuliza\u010dn\u00ed tryska &#8211; viz obr\u00e1zek n\u00ed\u017ee).<br \/>\n2) Namontujte na st\u011bnu podp\u016frn\u00fd d\u00edl pro n\u00e1dr\u017e na solanku (nen\u00ed sou\u010d\u00e1st\u00ed dod\u00e1vky, nap\u0159. sklen\u011bn\u00fd podstavec).<br \/>\n4) P\u0159ipojte ml\u017e\u00edc\u00ed jednotku k ml\u017e\u00edc\u00ed trysce pomoc\u00ed dodan\u00e9 vzduchov\u00e9 hadice.<br \/>\n5.) Trysku p\u0159ipevn\u011bte ke stropu silikonem.<\/p>\n<p>Ml\u017e\u00edc\u00ed kompresor m\u016f\u017ee b\u00fdt um\u00edst\u011bn ve vzd\u00e1lenosti 10 m. D\u00e9lka dod\u00e1van\u00e9 vzduchov\u00e9 hadice je 5 m. Pokud pot\u0159ebujete del\u0161\u00ed linku, dejte n\u00e1m pros\u00edm v\u011bd\u011bt p\u0159i objedn\u00e1vce!<\/p>\n<p><strong>Tato funkce je zapnut\u00e1 nebo vypnut\u00e1:<\/strong><\/p>\n<ul>\n<li style=\"list-style-type: none;\">\n<ul>\n<li>se z\u00e1suvkou pro r\u00e1dio<\/li>\n<li>s b\u011b\u017en\u00fdm vyp\u00edna\u010dem v p\u0159edn\u00ed \u010d\u00e1sti kabiny (nen\u00ed sou\u010d\u00e1st\u00ed dod\u00e1vky)<\/li>\n<li>s nerezov\u00fdm sp\u00edna\u010dem a 12V rel\u00e9 v kabin\u011b (za p\u0159\u00edplatek)<\/li>\n<\/ul>\n<\/li>\n<\/ul>\n<p>Kompresor mus\u00ed p\u0159ipojit elektrik\u00e1\u0159.<\/p>\n<\/section>\n<h2>Techniku rozpra\u0161ov\u00e1n\u00ed solanky m\u016f\u017eete skv\u011ble vyu\u017e\u00edt tak\u00e9 p\u0159i inhalaci solanky pro kon\u011b!<\/h2>\n\n  \n    <div class=\"row large-columns-2 medium-columns-1 small-columns-1 row-full-width\" >\n  <div class=\"col post-item\" >\n\t\t\t<div class=\"col-inner\">\n\t\t\t\t<div class=\"box box-normal box-text-bottom box-blog-post has-hover\">\n            \t\t\t\t\t<div class=\"box-image\" >\n  \t\t\t\t\t\t<div class=\"image-cover\" style=\"padding-top:56.25%;\">\n\t\t\t\t\t\t\t<a href=\"https:\/\/www.soleum.de\/cs\/inhalace-solanky-kun-inhalace-kone\/\" class=\"plain\" aria-label=\"Inhalace solanky K\u016f\u0148 &#8211; Inhalace kon\u011b\">\n\t\t\t\t\t\t\t\t<img loading=\"lazy\" decoding=\"async\" width=\"298\" height=\"400\" src=\"https:\/\/www.soleum.de\/wp-content\/uploads\/2018\/07\/Sole-Inhalation-Pferd-298x400.jpg\" class=\"attachment-medium size-medium wp-post-image\" alt=\"\" srcset=\"https:\/\/www.soleum.de\/wp-content\/uploads\/2018\/07\/Sole-Inhalation-Pferd-298x400.jpg 298w, https:\/\/www.soleum.de\/wp-content\/uploads\/2018\/07\/Sole-Inhalation-Pferd-510x684.jpg 510w, https:\/\/www.soleum.de\/wp-content\/uploads\/2018\/07\/Sole-Inhalation-Pferd.jpg 594w\" sizes=\"auto, (max-width: 298px) 100vw, 298px\" \/>\t\t\t\t\t\t\t<\/a>\n  \t\t\t\t\t\t\t  \t\t\t\t\t\t\t  \t\t\t\t\t\t<\/div>\n  \t\t\t\t\t\t  \t\t\t\t\t<\/div>\n          \t\t\t\t\t<div class=\"box-text text-center\" >\n\t\t\t\t\t<div class=\"box-text-inner blog-post-inner\">\n\n\t\t\t\t\t\n\t\t\t\t\t\t\t\t\t\t<h5 class=\"post-title is-large \">\n\t\t\t\t\t\t<a href=\"https:\/\/www.soleum.de\/cs\/inhalace-solanky-kun-inhalace-kone\/\" class=\"plain\">Inhalace solanky K\u016f\u0148 &#8211; Inhalace kon\u011b<\/a>\n\t\t\t\t\t<\/h5>\n\t\t\t\t\t\t\t\t\t\t<div class=\"is-divider\"><\/div>\n\t\t\t\t\t\t\t\t\t\t<p class=\"from_the_blog_excerpt \">\n\t\t\t\t\t\t\t\t\t\t\t<\/p>\n\t\t\t\t\t                    \n\t\t\t\t\t\n\t\t\t\t\t\n\t\t\t\t\t<\/div>\n\t\t\t\t\t<\/div>\n\t\t\t\t\t\t\t\t\t\t\t\t\t\t\t\t<div class=\"badge absolute top post-date badge-outline\">\n\t\t\t\t\t\t\t<div class=\"badge-inner\">\n\t\t\t\t\t\t\t\t<span class=\"post-date-day\">31<\/span><br>\n\t\t\t\t\t\t\t\t<span class=\"post-date-month is-xsmall\">\u010cvc<\/span>\n\t\t\t\t\t\t\t<\/div>\n\t\t\t\t\t\t<\/div>\n\t\t\t\t\t\t\t\t\t<\/div>\n\t\t\t<\/div>\n\t\t<\/div><\/div>\n","protected":false},"excerpt":{"rendered":"<p><span id=\"product_name\">S na\u0161\u00edm rozpra\u0161ova\u010dem solanky (inhala\u010dn\u00edm syst\u00e9mem) pro parn\u00ed l\u00e1zn\u011b a parn\u00ed sprchy m\u016f\u017eete rozpra\u0161ovat solanku a tak\u00e9 r\u016fzn\u00e9 l\u00e9\u010div\u00e9 \u010daje. <\/span>T\u00edm se va\u0161e parn\u00ed l\u00e1ze\u0148 nebo parn\u00ed sprcha zm\u011bn\u00ed na velmi soukromou inhala\u010dn\u00ed kabinu &#8211; m\u00e1me nejv\u00fdkonn\u011bj\u0161\u00ed syst\u00e9m ml\u017een\u00ed solanky pro parn\u00ed l\u00e1zn\u011b!<\/p>\n","protected":false},"featured_media":10477,"template":"","meta":[],"product_brand":[],"product_cat":[3454,3452],"product_tag":[3456,3494,3468,3489,3458,3487,3492,3485,3464,3471,3473,3482,3497,3478,3480,3475,3498,3470,3462,3466,3460,3490],"class_list":{"0":"post-29268","1":"product","2":"type-product","3":"status-publish","4":"has-post-thumbnail","6":"product_cat-mlzeni-solnym-roztokem","7":"product_cat-technologie-parni-lazne","8":"product_tag-inhalace","9":"product_tag-inhalace-kone","10":"product_tag-inhalace-solanky","11":"product_tag-inhalace-solanky-pro-kone","12":"product_tag-inhalace-soli","13":"product_tag-inhalace-v-parni-lazni","14":"product_tag-inhalacni-kun","15":"product_tag-kompresor-solanky","16":"product_tag-mlzeni-soli","17":"product_tag-mlzeni-solnym-roztokem","18":"product_tag-mlzeni-solnym-roztokem-pro-parni-lazen","19":"product_tag-solanka","20":"product_tag-solanka-cs","21":"product_tag-solanka-v-parni-lazni","22":"product_tag-solankove-parni-lazne","23":"product_tag-solegenerator-cs","24":"product_tag-solenebler-cs","25":"product_tag-solna-mlha","26":"product_tag-solny-sprej","27":"product_tag-technika-inhalace-solanky","28":"product_tag-technika-inhalace-soli","29":"product_tag-technologie-rozprasovani-solanky","30":"product_shipping_class-baleni-5-10-kg","32":"first","33":"instock","34":"taxable","35":"shipping-taxable","36":"purchasable","37":"product-type-simple"},"_links":{"self":[{"href":"https:\/\/www.soleum.de\/cs\/wp-json\/wp\/v2\/product\/29268","targetHints":{"allow":["GET"]}}],"collection":[{"href":"https:\/\/www.soleum.de\/cs\/wp-json\/wp\/v2\/product"}],"about":[{"href":"https:\/\/www.soleum.de\/cs\/wp-json\/wp\/v2\/types\/product"}],"wp:featuredmedia":[{"embeddable":true,"href":"https:\/\/www.soleum.de\/cs\/wp-json\/wp\/v2\/media\/10477"}],"wp:attachment":[{"href":"https:\/\/www.soleum.de\/cs\/wp-json\/wp\/v2\/media?parent=29268"}],"wp:term":[{"taxonomy":"product_brand","embeddable":true,"href":"https:\/\/www.soleum.de\/cs\/wp-json\/wp\/v2\/product_brand?post=29268"},{"taxonomy":"product_cat","embeddable":true,"href":"https:\/\/www.soleum.de\/cs\/wp-json\/wp\/v2\/product_cat?post=29268"},{"taxonomy":"product_tag","embeddable":true,"href":"https:\/\/www.soleum.de\/cs\/wp-json\/wp\/v2\/product_tag?post=29268"}],"curies":[{"name":"wp","href":"https:\/\/api.w.org\/{rel}","templated":true}]}}