{"id":29294,"date":"2016-07-06T10:47:34","date_gmt":"2016-07-06T08:47:34","guid":{"rendered":"https:\/\/www.soleum.de\/shop\/nezarazene\/reproduktor-pro-parni-lazen-solex-s80\/"},"modified":"2024-02-23T16:31:58","modified_gmt":"2024-02-23T15:31:58","slug":"reproduktor-pro-parni-lazen-solex-s80","status":"publish","type":"product","link":"https:\/\/www.soleum.de\/cs\/shop\/technologie-parni-lazne\/reproduktor-pro-parni-lazen-solex-s80\/","title":{"rendered":"Reproduktor pro parn\u00ed l\u00e1ze\u0148 SOLEX-S80"},"content":{"rendered":"<h1 class=\"page-title al page-title-larger\"><span id=\"product_name\">Reproduktor pro parn\u00ed l\u00e1ze\u0148 SOLEX-S80<\/span><\/h1>\n<p class=\"page-title al page-title-larger\"><span id=\"product_name\">Extern\u00ed reproduktor pro parn\u00ed l\u00e1ze\u0148 s p\u0159enosem zvuku<\/span><\/p>\n<p>V\u00fdhody:<\/p>\n<ul>\n<li>\u017d\u00e1dn\u00e9 slab\u00e9 m\u00edsto (t\u011bsnost!) ve stropn\u00ed konstrukci<\/li>\n<li>nen\u00ed vid\u011bt<\/li>\n<li>P\u0159\u00edjemn\u00e1 akustika d\u00edky stropn\u00edmu prvku<\/li>\n<\/ul>\n<p>Tento reproduktor je nalepen na stropn\u00ed prvek nebo kopuli parn\u00ed l\u00e1zn\u011b.<\/p>\n","protected":false},"excerpt":{"rendered":"<p>Extern\u00ed reproduktor pro parn\u00ed l\u00e1ze\u0148 s p\u0159enosem zvuku stropem<\/p>\n","protected":false},"featured_media":15237,"template":"","meta":[],"product_brand":[],"product_cat":[3452],"product_tag":[3574,3576,3578],"class_list":{"0":"post-29294","1":"product","2":"type-product","3":"status-publish","4":"has-post-thumbnail","6":"product_cat-technologie-parni-lazne","7":"product_tag-reproduktor-pro-parni-lazen","8":"product_tag-reproduktor-pro-parni-sprchy","9":"product_tag-reproduktory","10":"product_shipping_class-baleni-5-10-kg","12":"first","13":"instock","14":"purchasable","15":"product-type-simple"},"_links":{"self":[{"href":"https:\/\/www.soleum.de\/cs\/wp-json\/wp\/v2\/product\/29294","targetHints":{"allow":["GET"]}}],"collection":[{"href":"https:\/\/www.soleum.de\/cs\/wp-json\/wp\/v2\/product"}],"about":[{"href":"https:\/\/www.soleum.de\/cs\/wp-json\/wp\/v2\/types\/product"}],"wp:featuredmedia":[{"embeddable":true,"href":"https:\/\/www.soleum.de\/cs\/wp-json\/wp\/v2\/media\/15237"}],"wp:attachment":[{"href":"https:\/\/www.soleum.de\/cs\/wp-json\/wp\/v2\/media?parent=29294"}],"wp:term":[{"taxonomy":"product_brand","embeddable":true,"href":"https:\/\/www.soleum.de\/cs\/wp-json\/wp\/v2\/product_brand?post=29294"},{"taxonomy":"product_cat","embeddable":true,"href":"https:\/\/www.soleum.de\/cs\/wp-json\/wp\/v2\/product_cat?post=29294"},{"taxonomy":"product_tag","embeddable":true,"href":"https:\/\/www.soleum.de\/cs\/wp-json\/wp\/v2\/product_tag?post=29294"}],"curies":[{"name":"wp","href":"https:\/\/api.w.org\/{rel}","templated":true}]}}