{"id":29335,"date":"2016-07-06T10:47:24","date_gmt":"2016-07-06T08:47:24","guid":{"rendered":"https:\/\/www.soleum.de\/shop\/nezarazene\/t-kus-pro-vstrikovani-vonnych-latek\/"},"modified":"2024-02-23T16:31:57","modified_gmt":"2024-02-23T15:31:57","slug":"t-kus-na-vonavku-zavedeni-do-parni-trubky","status":"publish","type":"product","link":"https:\/\/www.soleum.de\/cs\/shop\/technologie-parni-lazne\/t-kus-na-vonavku-zavedeni-do-parni-trubky\/","title":{"rendered":"T-kus pro vst\u0159ikov\u00e1n\u00ed vonn\u00fdch l\u00e1tek"},"content":{"rendered":"<p>T-kus pro vst\u0159ikov\u00e1n\u00ed vonn\u00fdch l\u00e1tek do <strong>parn\u00edho potrub\u00ed<\/strong>, pro p\u0159epravu vonn\u00fdch emulz\u00ed. Tato sada je vhodn\u00e1 pro na\u0161e parn\u00ed gener\u00e1tory, proto\u017ee ji lze namontovat p\u0159\u00edmo na parn\u00ed v\u00e1lec. Je tedy um\u00edst\u011bn v parn\u00ed hadici a je MONT\u00c1\u017dN\u011a NEZ\u00c1VISL\u00dd!<br \/>\nPou\u017eit\u00e1 t\u011bsn\u011bn\u00ed odol\u00e1vaj\u00ed teplot\u00e1m vy\u0161\u0161\u00edm ne\u017e 100 \u00b0C.<\/p>\n","protected":false},"excerpt":{"rendered":"<p>T-kus 3\/4&#8243; a\u017e 3\/4&#8243; , p\u0159\u00edpojka 1\/2&#8243; uprost\u0159ed, s plastovou vsuvkou (vn\u011bj\u0161\u00ed z\u00e1vit 1\/2&#8243;) pro zaveden\u00ed vonn\u00e9 l\u00e1tky do parn\u00edho potrub\u00ed.<\/p>\n","protected":false},"featured_media":17806,"template":"","meta":[],"product_brand":[],"product_cat":[3452],"product_tag":[3720,3719,3721,3723,3722],"class_list":{"0":"post-29335","1":"product","2":"type-product","3":"status-publish","4":"has-post-thumbnail","6":"product_cat-technologie-parni-lazne","7":"product_tag-spojka-pro-parni-potrubi","8":"product_tag-t-kus","9":"product_tag-t-kus-pro-vstrikovani-vonnych-latek","10":"product_tag-vlozeni-vune","11":"product_tag-vstriknuti-vune","13":"first","14":"instock","15":"sold-individually","16":"taxable","17":"shipping-taxable","18":"purchasable","19":"product-type-simple"},"_links":{"self":[{"href":"https:\/\/www.soleum.de\/cs\/wp-json\/wp\/v2\/product\/29335","targetHints":{"allow":["GET"]}}],"collection":[{"href":"https:\/\/www.soleum.de\/cs\/wp-json\/wp\/v2\/product"}],"about":[{"href":"https:\/\/www.soleum.de\/cs\/wp-json\/wp\/v2\/types\/product"}],"wp:featuredmedia":[{"embeddable":true,"href":"https:\/\/www.soleum.de\/cs\/wp-json\/wp\/v2\/media\/17806"}],"wp:attachment":[{"href":"https:\/\/www.soleum.de\/cs\/wp-json\/wp\/v2\/media?parent=29335"}],"wp:term":[{"taxonomy":"product_brand","embeddable":true,"href":"https:\/\/www.soleum.de\/cs\/wp-json\/wp\/v2\/product_brand?post=29335"},{"taxonomy":"product_cat","embeddable":true,"href":"https:\/\/www.soleum.de\/cs\/wp-json\/wp\/v2\/product_cat?post=29335"},{"taxonomy":"product_tag","embeddable":true,"href":"https:\/\/www.soleum.de\/cs\/wp-json\/wp\/v2\/product_tag?post=29335"}],"curies":[{"name":"wp","href":"https:\/\/api.w.org\/{rel}","templated":true}]}}