{"id":29350,"date":"2016-07-06T10:47:34","date_gmt":"2016-07-06T08:47:34","guid":{"rendered":"https:\/\/www.soleum.de\/shop\/nezarazene\/kulata-sprcha-z-eps\/"},"modified":"2024-02-23T16:40:27","modified_gmt":"2024-02-23T15:40:27","slug":"kulaty-sprchovy-kout","status":"publish","type":"product","link":"https:\/\/www.soleum.de\/cs\/shop\/kulata-sprcha\/kulaty-sprchovy-kout\/","title":{"rendered":"Kulat\u00e1 sprcha z EPS"},"content":{"rendered":"<div class=\"module-wrapper no-cnt mod-product-longdesc\">\n<p>Kulat\u00fd sprchov\u00fd kout z EPS (bez XPS), S t\u011bmito v\u00fdlisky z EPS si m\u016f\u017eete postavit kulat\u00fd sprchov\u00fd kout sami!<br \/>\nPr\u016fm\u011br = 100 cm uvnit\u0159<\/p>\n<p>se syst\u00e9mem pero a dr\u00e1\u017eka<br \/>\nTlou\u0161\u0165ka st\u011bny 10 cm<\/p>\n<p>V\u00fd\u0161ka 2 d\u00edl\u016f do 240 cm<\/p>\n<\/div>\n","protected":false},"excerpt":{"rendered":"<p>Kulat\u00e1 sprcha z EPS. Pr\u016fm\u011br = 100 cm uvnit\u0159<\/p>\n<p>Tuto kulatou sprchovou soupravu zas\u00edl\u00e1me se spedi\u010dn\u00ed slu\u017ebou!<\/p>\n","protected":false},"featured_media":10659,"template":"","meta":[],"product_brand":[],"product_cat":[3838],"product_tag":[3840,3841,3843,3842],"class_list":{"0":"post-29350","1":"product","2":"type-product","3":"status-publish","4":"has-post-thumbnail","6":"product_cat-kulata-sprcha","7":"product_tag-kulata-sprcha","8":"product_tag-kulata-sprcha-z-eps","9":"product_tag-kulata-sprchova-souprava","10":"product_tag-postavte-si-vlastni-kulatou-sprchu","11":"product_shipping_class-objemne-zbozi","13":"first","14":"instock","15":"sold-individually","16":"purchasable","17":"product-type-simple"},"_links":{"self":[{"href":"https:\/\/www.soleum.de\/cs\/wp-json\/wp\/v2\/product\/29350","targetHints":{"allow":["GET"]}}],"collection":[{"href":"https:\/\/www.soleum.de\/cs\/wp-json\/wp\/v2\/product"}],"about":[{"href":"https:\/\/www.soleum.de\/cs\/wp-json\/wp\/v2\/types\/product"}],"wp:featuredmedia":[{"embeddable":true,"href":"https:\/\/www.soleum.de\/cs\/wp-json\/wp\/v2\/media\/10659"}],"wp:attachment":[{"href":"https:\/\/www.soleum.de\/cs\/wp-json\/wp\/v2\/media?parent=29350"}],"wp:term":[{"taxonomy":"product_brand","embeddable":true,"href":"https:\/\/www.soleum.de\/cs\/wp-json\/wp\/v2\/product_brand?post=29350"},{"taxonomy":"product_cat","embeddable":true,"href":"https:\/\/www.soleum.de\/cs\/wp-json\/wp\/v2\/product_cat?post=29350"},{"taxonomy":"product_tag","embeddable":true,"href":"https:\/\/www.soleum.de\/cs\/wp-json\/wp\/v2\/product_tag?post=29350"}],"curies":[{"name":"wp","href":"https:\/\/api.w.org\/{rel}","templated":true}]}}