{"id":29357,"date":"2016-07-06T10:47:34","date_gmt":"2016-07-06T08:47:34","guid":{"rendered":"https:\/\/www.soleum.de\/shop\/nezarazene\/kruhova-sprcha-double-z-eps\/"},"modified":"2024-02-23T16:40:30","modified_gmt":"2024-02-23T15:40:30","slug":"double-round-shower-from-eps","status":"publish","type":"product","link":"https:\/\/www.soleum.de\/cs\/shop\/kulata-sprcha\/double-round-shower-from-eps\/","title":{"rendered":"Kruhov\u00e1 sprcha DOUBLE z EPS"},"content":{"rendered":"<div class=\"module-wrapper no-cnt mod-product-longdesc\">\n<h1>Kruhov\u00e1 sprcha DOUBLE z EPS<\/h1>\n<p>Pr\u016fm\u011br = 100 cm uvnit\u0159<\/p>\n<p>se syst\u00e9mem pero a dr\u00e1\u017eka<br \/>\nTlou\u0161\u0165ka st\u011bny 10 cm<\/p>\n<p>V\u00fd\u0161ka 2 d\u00edl\u016f do 240 cm<\/p>\n<p>BEZ v\u00fd\u0159ez\u016f pro vodovodn\u00ed potrub\u00ed &#8211; ty m\u016f\u017eeme za p\u0159\u00edplatek 80,&#8211; EUR na v\u00e1mi po\u017eadovanou pozici zahrnout! Chcete-li tak u\u010dinit, vyberte tuto polo\u017eku p\u0159i objedn\u00e1vce online a za\u0161lete n\u00e1m sv\u016fj rozm\u011br e-mailem.<\/p>\n<\/div>\n","protected":false},"excerpt":{"rendered":"<p>Dvojit\u00e1 kulat\u00e1 sprcha z EPS, pr\u016fm\u011br = 100 cm uvnit\u0159<\/p>\n<p>Tuto kulatou sprchovou soupravu zas\u00edl\u00e1me spedi\u010dn\u00ed slu\u017ebou.<\/p>\n","protected":false},"featured_media":10666,"template":"","meta":[],"product_brand":[],"product_cat":[3838],"product_tag":[3877,3875,3876,3878,3841,3879,3843,3842],"class_list":{"0":"post-29357","1":"product","2":"type-product","3":"status-publish","4":"has-post-thumbnail","6":"product_cat-kulata-sprcha","7":"product_tag-dvojita-kruhova-sprcha","8":"product_tag-dvojita-kulata-sprcha","9":"product_tag-dvojita-sprcha","10":"product_tag-kulata-sprcha-pro-hotel","11":"product_tag-kulata-sprcha-z-eps","12":"product_tag-kulata-sprcha-ze-styroduru","13":"product_tag-kulata-sprchova-souprava","14":"product_tag-postavte-si-vlastni-kulatou-sprchu","15":"product_shipping_class-objemne-zbozi","17":"first","18":"instock","19":"sold-individually","20":"purchasable","21":"product-type-simple"},"_links":{"self":[{"href":"https:\/\/www.soleum.de\/cs\/wp-json\/wp\/v2\/product\/29357","targetHints":{"allow":["GET"]}}],"collection":[{"href":"https:\/\/www.soleum.de\/cs\/wp-json\/wp\/v2\/product"}],"about":[{"href":"https:\/\/www.soleum.de\/cs\/wp-json\/wp\/v2\/types\/product"}],"wp:featuredmedia":[{"embeddable":true,"href":"https:\/\/www.soleum.de\/cs\/wp-json\/wp\/v2\/media\/10666"}],"wp:attachment":[{"href":"https:\/\/www.soleum.de\/cs\/wp-json\/wp\/v2\/media?parent=29357"}],"wp:term":[{"taxonomy":"product_brand","embeddable":true,"href":"https:\/\/www.soleum.de\/cs\/wp-json\/wp\/v2\/product_brand?post=29357"},{"taxonomy":"product_cat","embeddable":true,"href":"https:\/\/www.soleum.de\/cs\/wp-json\/wp\/v2\/product_cat?post=29357"},{"taxonomy":"product_tag","embeddable":true,"href":"https:\/\/www.soleum.de\/cs\/wp-json\/wp\/v2\/product_tag?post=29357"}],"curies":[{"name":"wp","href":"https:\/\/api.w.org\/{rel}","templated":true}]}}