{"id":29363,"date":"2016-07-06T10:47:43","date_gmt":"2016-07-06T08:47:43","guid":{"rendered":"https:\/\/www.soleum.de\/shop\/nezarazene\/postavte-si-vlastni-sneci-sprchu\/"},"modified":"2024-02-23T16:40:25","modified_gmt":"2024-02-23T15:40:25","slug":"sneci-sprcha-kterou-si-muzete-postavit-sami","status":"publish","type":"product","link":"https:\/\/www.soleum.de\/cs\/shop\/sneci-sprcha\/sneci-sprcha-kterou-si-muzete-postavit-sami\/","title":{"rendered":"Postavte si vlastn\u00ed \u0161ne\u010d\u00ed sprchu"},"content":{"rendered":"<h1>Postavit si vlastn\u00ed \u0161ne\u010d\u00ed sprchu je velmi snadn\u00e9!<\/h1>\n<p>S na\u0161\u00ed sadou pro \u0161ne\u010d\u00ed sprchu to lze prov\u00e9st rychle a levn\u011b!<\/p>\n<p>Rozm\u011bry do cca 200\/200 cm, v\u00fd\u0161ka do 240 cm &#8211; za <strong>tuto cenu<\/strong> m\u016f\u017eeme vyrobit jakoukoli velikost <strong>do t\u011bchto rozm\u011br\u016f<\/strong>! Po\u0161lete n\u00e1m sv\u016fj pl\u00e1n a p\u0159\u00e1n\u00ed zde.<\/p>\n<p>Stavebnice, kterou lze na m\u00edst\u011b velmi snadno slepit (ve srovn\u00e1n\u00ed se \u0161roubovac\u00ed sprchou z p\u00f3robetonu).<\/p>\n<p>\u0160ne\u010d\u00ed sprchu v\u0161ak vyr\u00e1b\u00edme i ve v\u0161ech dal\u0161\u00edch mo\u017en\u00fdch variant\u00e1ch a rozm\u011brech &#8211; pro tyto informace n\u00e1s pros\u00edm kontaktujte.<\/p>\n<p>Materi\u00e1lem je 10 cm siln\u00fd EPS, kter\u00fd mus\u00ed b\u00fdt n\u00e1sledn\u011b oboustrann\u011b zas\u00ed\u0165ov\u00e1n.<\/p>\n","protected":false},"excerpt":{"rendered":"<p>Sprchov\u00e1 souprava pro \u0161neky z EPS do v\u00fd\u0161ky cca 200\/200 cm, v\u00fd\u0161ka a\u017e 240 cm,<\/p>\n<p>Sadu zas\u00edl\u00e1me se spedi\u010dn\u00edm agentem!<\/p>\n","protected":false},"featured_media":10645,"template":"","meta":[],"product_brand":[],"product_cat":[3905],"product_tag":[3910,3913,3906,3908,3915,3912],"class_list":{"0":"post-29363","1":"product","2":"type-product","3":"status-publish","4":"has-post-thumbnail","6":"product_cat-sneci-sprcha","7":"product_tag-eps-sneci-sprcha","8":"product_tag-postavte-si-vlastni-sneci-sprchu","9":"product_tag-sneci-kulata-sprcha","10":"product_tag-sneci-sprcha","11":"product_tag-sprchova-souprava-snail","12":"product_tag-sroubova-sprcha-z-porobetonu","13":"product_shipping_class-objemne-zbozi","15":"first","16":"instock","17":"sold-individually","18":"purchasable","19":"product-type-simple"},"_links":{"self":[{"href":"https:\/\/www.soleum.de\/cs\/wp-json\/wp\/v2\/product\/29363","targetHints":{"allow":["GET"]}}],"collection":[{"href":"https:\/\/www.soleum.de\/cs\/wp-json\/wp\/v2\/product"}],"about":[{"href":"https:\/\/www.soleum.de\/cs\/wp-json\/wp\/v2\/types\/product"}],"wp:featuredmedia":[{"embeddable":true,"href":"https:\/\/www.soleum.de\/cs\/wp-json\/wp\/v2\/media\/10645"}],"wp:attachment":[{"href":"https:\/\/www.soleum.de\/cs\/wp-json\/wp\/v2\/media?parent=29363"}],"wp:term":[{"taxonomy":"product_brand","embeddable":true,"href":"https:\/\/www.soleum.de\/cs\/wp-json\/wp\/v2\/product_brand?post=29363"},{"taxonomy":"product_cat","embeddable":true,"href":"https:\/\/www.soleum.de\/cs\/wp-json\/wp\/v2\/product_cat?post=29363"},{"taxonomy":"product_tag","embeddable":true,"href":"https:\/\/www.soleum.de\/cs\/wp-json\/wp\/v2\/product_tag?post=29363"}],"curies":[{"name":"wp","href":"https:\/\/api.w.org\/{rel}","templated":true}]}}