{"id":29418,"date":"2016-07-06T10:48:08","date_gmt":"2016-07-06T08:48:08","guid":{"rendered":"https:\/\/www.soleum.de\/shop\/nezarazene\/svetlo-parni-lazne-led-tepla-bila\/"},"modified":"2024-02-23T16:41:42","modified_gmt":"2024-02-23T15:41:42","slug":"steam_bath_light_led_warm_white","status":"publish","type":"product","link":"https:\/\/www.soleum.de\/cs\/shop\/led-zarovky\/steam_bath_light_led_warm_white\/","title":{"rendered":"Sv\u011btlo parn\u00ed l\u00e1zn\u011b LED tepl\u00e1 b\u00edl\u00e1"},"content":{"rendered":"<div class=\"module-wrapper no-cnt mod-product-longdesc\">\n<h1>Sv\u011btlo parn\u00ed l\u00e1zn\u011b LED tepl\u00e1 b\u00edl\u00e1<\/h1>\n<div>\n<p>Sv\u011btlo do parn\u00ed l\u00e1zn\u011b tepl\u00e1 b\u00edl\u00e1 LED 1x3W, tepl\u00e1 b\u00edl\u00e1, IP67, 12VDC\/24V DC<\/p>\n<p>&#8211; Hlin\u00edkov\u00e9 pouzdro<br \/>\n&#8211; Obal z materi\u00e1lu NIRO<br \/>\n&#8211; HI-Power LED<br \/>\n&#8211; 12mm bezpe\u010dnostn\u00ed sklo<br \/>\n&#8211; \u00dahel vyza\u0159ov\u00e1n\u00ed 45<\/p>\n<\/div>\n<div>Spot\u0159eba energie: 3,3 W<br \/>\nHmotnost: 240 g<\/div>\n<div><\/div>\n<div>stabilizovan\u00fd LED transform\u00e1tor , 24V DC je v\u00fdhodn\u00e9, nutn\u00e9!<\/div>\n<div><\/div>\n<div>Pr\u016fm\u011br otvoru z nerezov\u00e9 oceli 58 mm<\/div>\n<div>Pr\u016fm\u011br instala\u010dn\u00ed obj\u00edmky 50 mm<\/div>\n<div>Instala\u010dn\u00ed hloubka nejm\u00e9n\u011b 100 mm (s kabelem)<\/div>\n<div>Instala\u010dn\u00ed obj\u00edmka 107 mm<\/div>\n<\/div>\n<div><\/div>\n<div>Sv\u00edtidlo nem\u00e1 t\u011bsnic\u00ed krou\u017eek, do parn\u00edch sprch a parn\u00edch l\u00e1zn\u00ed se v\u017edy lep\u00ed kvalitn\u00edm silikonem.<\/div>\n<div class=\"module-wrapper no-cnt mod-product-longdesc\"><\/div>\n","protected":false},"excerpt":{"rendered":"<h1>Sv\u011btlo do parn\u00ed l\u00e1zn\u011b LED tepl\u00e1 b\u00edl\u00e1, 3 W<\/h1>\n<p>1x3W, tepl\u00e1 b\u00edl\u00e1, IP67, 12VDC\/24V DC<\/p>\n","protected":false},"featured_media":10498,"template":"","meta":[],"product_brand":[],"product_cat":[4209],"product_tag":[4215,4210,4211,4212,4216,4214,4213],"class_list":{"0":"post-29418","1":"product","2":"type-product","3":"status-publish","4":"has-post-thumbnail","6":"product_cat-led-zarovky","7":"product_tag-ip67-led-cs","8":"product_tag-lampa-do-parni-lazne","9":"product_tag-svetlo-parni-lazne","10":"product_tag-svetlo-parni-lazne-cs","11":"product_tag-svetlo-parni-lazne-led-tepla-bila","12":"product_tag-svitidlo-odolne-proti-vlhkosti","13":"product_tag-vlhkotesna-lampa","14":"product_shipping_class-baleni-5-10-kg","16":"first","17":"instock","18":"sold-individually","19":"taxable","20":"shipping-taxable","21":"purchasable","22":"product-type-simple"},"_links":{"self":[{"href":"https:\/\/www.soleum.de\/cs\/wp-json\/wp\/v2\/product\/29418","targetHints":{"allow":["GET"]}}],"collection":[{"href":"https:\/\/www.soleum.de\/cs\/wp-json\/wp\/v2\/product"}],"about":[{"href":"https:\/\/www.soleum.de\/cs\/wp-json\/wp\/v2\/types\/product"}],"wp:featuredmedia":[{"embeddable":true,"href":"https:\/\/www.soleum.de\/cs\/wp-json\/wp\/v2\/media\/10498"}],"wp:attachment":[{"href":"https:\/\/www.soleum.de\/cs\/wp-json\/wp\/v2\/media?parent=29418"}],"wp:term":[{"taxonomy":"product_brand","embeddable":true,"href":"https:\/\/www.soleum.de\/cs\/wp-json\/wp\/v2\/product_brand?post=29418"},{"taxonomy":"product_cat","embeddable":true,"href":"https:\/\/www.soleum.de\/cs\/wp-json\/wp\/v2\/product_cat?post=29418"},{"taxonomy":"product_tag","embeddable":true,"href":"https:\/\/www.soleum.de\/cs\/wp-json\/wp\/v2\/product_tag?post=29418"}],"curies":[{"name":"wp","href":"https:\/\/api.w.org\/{rel}","templated":true}]}}