{"id":29420,"date":"2016-07-06T10:48:08","date_gmt":"2016-07-06T08:48:08","guid":{"rendered":"https:\/\/www.soleum.de\/shop\/nezarazene\/rohove-sedatko-do-sprchy\/"},"modified":"2024-02-23T16:55:25","modified_gmt":"2024-02-23T15:55:25","slug":"rohove-sedatko-do-sprchy","status":"publish","type":"product","link":"https:\/\/www.soleum.de\/cs\/shop\/dily-tvarovane-v-parni-lazni\/rohove-sedatko-do-sprchy\/","title":{"rendered":"Rohov\u00e9 sed\u00e1tko do sprchy"},"content":{"rendered":"<h1>Rohov\u00e9 sed\u00e1tko do sprchy &#8211; s p\u0159idru\u017een\u00fdmi st\u011bnami z EPS<\/h1>\n<p>R30080 se zadn\u00edmi st\u011bnami z EPS s komfortn\u00edm polom\u011brem R300<\/p>\n<p>Doporu\u010dujeme tyto v\u00fdlisky zah\u0159\u00edvat! K dispozici je tak\u00e9 <a href=\"http:\/\/www.dampfbad.at\/produkt\/heizmatte-fuer-ecksitz-rueckenteil-90cm-breite-rt100x100b90\/\">speci\u00e1ln\u00ed vyh\u0159\u00edvac\u00ed podlo\u017eka pro op\u011bradlo <\/a>a <a href=\"http:\/\/www.dampfbad.at\/produkt\/heizmatte-fuer-ecksitz\/\">vyh\u0159\u00edvac\u00ed podlo\u017eka pro rohov\u00e9 sedadlo <\/a>.  <\/p>\n<p>Moduly EPS mus\u00ed b\u00fdt p\u0159edem zas\u00ed\u0165ov\u00e1ny (textiln\u00ed sklen\u011bn\u00e1 m\u0159\u00ed\u017eka), ut\u011bsn\u011bny a pot\u00e9 oblo\u017eeny,<\/p>\n<h2>Rozm\u011bry:<\/h2>\n<p>Hloubka sed\u00e1ku cca 40 cm k op\u011brn\u00e9mu prvku s polom\u011brem 300<\/p>\n<p>D\u00e9lka nohy 80 cm \/ 80 cm<\/p>\n<p>P\u0159edn\u00ed \u00fahlop\u0159\u00ed\u010dka 116 cm<\/p>\n<p>&nbsp;<\/p>\n","protected":false},"excerpt":{"rendered":"<p>Lavice do parn\u00ed l\u00e1zn\u011b &#8222;rohov\u00e9 sedadlo&#8220; &#8211; moduly EPS s kulat\u00fdm op\u011bradlem a rohov\u00fdm sed\u00e1kem<\/p>\n","protected":false},"featured_media":10533,"template":"","meta":[],"product_brand":[],"product_cat":[4010,3668],"product_tag":[4224,3673,4222,4226,4227,3675,4225,3678],"class_list":{"0":"post-29420","1":"product","2":"type-product","3":"status-publish","4":"has-post-thumbnail","6":"product_cat-dily-tvarovane-v-parni-lazni","7":"product_cat-lavice-pro-parni-lazen","8":"product_tag-bezbarierova-sprcha","9":"product_tag-lavice-pro-parni-lazen-cs","10":"product_tag-rohove-sedadlo","11":"product_tag-rohove-sedatko-do-sprchy","12":"product_tag-sedadlo-eps","13":"product_tag-sprchova-lavice","14":"product_tag-sprchove-prvky","15":"product_tag-sprchove-sedatko","16":"product_shipping_class-objemne-zbozi","18":"first","19":"instock","20":"sold-individually","21":"taxable","22":"shipping-taxable","23":"purchasable","24":"product-type-simple"},"_links":{"self":[{"href":"https:\/\/www.soleum.de\/cs\/wp-json\/wp\/v2\/product\/29420","targetHints":{"allow":["GET"]}}],"collection":[{"href":"https:\/\/www.soleum.de\/cs\/wp-json\/wp\/v2\/product"}],"about":[{"href":"https:\/\/www.soleum.de\/cs\/wp-json\/wp\/v2\/types\/product"}],"wp:featuredmedia":[{"embeddable":true,"href":"https:\/\/www.soleum.de\/cs\/wp-json\/wp\/v2\/media\/10533"}],"wp:attachment":[{"href":"https:\/\/www.soleum.de\/cs\/wp-json\/wp\/v2\/media?parent=29420"}],"wp:term":[{"taxonomy":"product_brand","embeddable":true,"href":"https:\/\/www.soleum.de\/cs\/wp-json\/wp\/v2\/product_brand?post=29420"},{"taxonomy":"product_cat","embeddable":true,"href":"https:\/\/www.soleum.de\/cs\/wp-json\/wp\/v2\/product_cat?post=29420"},{"taxonomy":"product_tag","embeddable":true,"href":"https:\/\/www.soleum.de\/cs\/wp-json\/wp\/v2\/product_tag?post=29420"}],"curies":[{"name":"wp","href":"https:\/\/api.w.org\/{rel}","templated":true}]}}