{"id":29428,"date":"2016-07-06T10:48:08","date_gmt":"2016-07-06T08:48:08","guid":{"rendered":"https:\/\/www.soleum.de\/shop\/nezarazene\/ohrivaci-rohoze-pro-parni-lazne-na-miru\/"},"modified":"2024-02-23T16:41:55","modified_gmt":"2024-02-23T15:41:55","slug":"ohrivaci-rohoze-pro-parni-lazne-na-miru","status":"publish","type":"product","link":"https:\/\/www.soleum.de\/cs\/shop\/ohrivaci-rohoze-pro-parni-lazne\/ohrivaci-rohoze-pro-parni-lazne-na-miru\/","title":{"rendered":"Oh\u0159\u00edvac\u00ed roho\u017ee do parn\u00ed l\u00e1zn\u011b na m\u00edru podle va\u0161eho pl\u00e1nu"},"content":{"rendered":"<h2>Oh\u0159\u00edvac\u00ed roho\u017ee pro parn\u00ed l\u00e1zn\u011b na m\u00edru<\/h2>\n<p>M\u016f\u017eete si u n\u00e1s tak\u00e9 objednat jednotliv\u00e9 tvary topn\u00fdch roho\u017e\u00ed &#8211; na m\u00edru va\u0161\u00ed st\u011bn\u011b a modulu sedadla EPS.<\/p>\n<p>Cena je uvedena za metr \u010dtvere\u010dn\u00ed a zahrnuje pl\u00e1n m\u011b\u0159en\u00ed topn\u00e9 roho\u017ee. K tomu je d\u016fle\u017eit\u00e9 zn\u00e1t spr\u00e1vn\u00e9 rozm\u011bry kabiny a pou\u017eit\u00e9 v\u00fdlisky!<\/p>\n<p>Speci\u00e1ln\u00ed roho\u017ee jsou \u00fa\u010dtov\u00e1ny za metr \u010dtvere\u010dn\u00ed. Minim\u00e1ln\u00ed poplatek je 1 metr \u010dtvere\u010dn\u00ed (roho\u017ee pod 1 m2 se \u00fa\u010dtuj\u00ed za 1 m2!).<\/p>\n<p>Pokud si nech\u00e1te spo\u010d\u00edtat kabinu na z\u00e1klad\u011b m2 , poskytneme v\u00e1m tak\u00e9 cenu pl\u00e1nu topn\u00e9 roho\u017ee &#8211; k tomu pot\u0159ebujeme v\u0161echny rozm\u011bry kabiny.<\/p>\n<p>&nbsp;<\/p>\n<p>Topn\u00e9 roho\u017ee se aplikuj\u00ed na p\u0159ednastaven\u00e9 moduly EPS.<\/p>\n","protected":false},"excerpt":{"rendered":"<p>Cena za metr \u010dtvere\u010dn\u00ed! Pl\u00e1n topn\u00fdch roho\u017e\u00ed p\u0159ipravujeme my. Oh\u0159\u00edvac\u00ed roho\u017e pro parn\u00ed l\u00e1zn\u011b s v\u00fdkonem cca 300 W\/m2 pro agresivn\u00ed oblasti, jako jsou parn\u00ed l\u00e1zn\u011b a SOLEUM<\/p>\n","protected":false},"featured_media":10491,"template":"","meta":[],"product_brand":[],"product_cat":[3423],"product_tag":[4268,4273,4263,4121,4269,4265],"class_list":{"0":"post-29428","1":"product","2":"type-product","3":"status-publish","4":"has-post-thumbnail","6":"product_cat-ohrivaci-rohoze-pro-parni-lazne","7":"product_tag-ohrev-v-parni-lazni","8":"product_tag-ohrivaci-rohoze-pro-parni-lazne-na-miru","9":"product_tag-specialni-topna-rohoz","10":"product_tag-topna-rohoz","11":"product_tag-topna-rohoz-na-miru","12":"product_tag-vyhrivaci-rohoz-do-tepidaria","13":"product_shipping_class-paket-5-10kg-cs","15":"first","16":"instock","17":"taxable","18":"shipping-taxable","19":"purchasable","20":"product-type-simple"},"_links":{"self":[{"href":"https:\/\/www.soleum.de\/cs\/wp-json\/wp\/v2\/product\/29428","targetHints":{"allow":["GET"]}}],"collection":[{"href":"https:\/\/www.soleum.de\/cs\/wp-json\/wp\/v2\/product"}],"about":[{"href":"https:\/\/www.soleum.de\/cs\/wp-json\/wp\/v2\/types\/product"}],"wp:featuredmedia":[{"embeddable":true,"href":"https:\/\/www.soleum.de\/cs\/wp-json\/wp\/v2\/media\/10491"}],"wp:attachment":[{"href":"https:\/\/www.soleum.de\/cs\/wp-json\/wp\/v2\/media?parent=29428"}],"wp:term":[{"taxonomy":"product_brand","embeddable":true,"href":"https:\/\/www.soleum.de\/cs\/wp-json\/wp\/v2\/product_brand?post=29428"},{"taxonomy":"product_cat","embeddable":true,"href":"https:\/\/www.soleum.de\/cs\/wp-json\/wp\/v2\/product_cat?post=29428"},{"taxonomy":"product_tag","embeddable":true,"href":"https:\/\/www.soleum.de\/cs\/wp-json\/wp\/v2\/product_tag?post=29428"}],"curies":[{"name":"wp","href":"https:\/\/api.w.org\/{rel}","templated":true}]}}