{"id":29436,"date":"2016-07-06T10:48:08","date_gmt":"2016-07-06T08:48:08","guid":{"rendered":"https:\/\/www.soleum.de\/shop\/nezarazene\/vyhrivaci-podlozka-pro-rohove-sedadlo-parni-lazne\/"},"modified":"2024-02-23T16:55:28","modified_gmt":"2024-02-23T15:55:28","slug":"topna-rohoz-pro-rohove-sedadlo","status":"publish","type":"product","link":"https:\/\/www.soleum.de\/cs\/shop\/ohrivaci-rohoze-pro-parni-lazne\/topna-rohoz-pro-rohove-sedadlo\/","title":{"rendered":"Vyh\u0159\u00edvac\u00ed podlo\u017eka pro rohov\u00e9 sedadlo parn\u00ed l\u00e1zn\u011b"},"content":{"rendered":"<p>Vyh\u0159\u00edvac\u00ed roho\u017e pro rohov\u00e9 sed\u00e1tko do parn\u00ed l\u00e1zn\u011b, speci\u00e1ln\u00ed vyh\u0159\u00edvac\u00ed roho\u017e cca 300 W\/m2 pro rohov\u00e9 sed\u00e1tko<\/p>\n<p>Tato vyh\u0159\u00edvac\u00ed podlo\u017eka se hod\u00ed na &#8222;rohov\u00e9 sedadlo&#8220; parn\u00ed l\u00e1zn\u011b (70\/70 nebo 80&#215;80 cm &#8211; stejn\u00e1 cena).<\/p>\n","protected":false},"excerpt":{"rendered":"<p>Vyh\u0159\u00edvac\u00ed roho\u017e pro rohov\u00e9 sed\u00e1tko do parn\u00ed l\u00e1zn\u011b, speci\u00e1ln\u00ed vyh\u0159\u00edvac\u00ed roho\u017e cca 300 W\/m2 pro rohov\u00e9 sed\u00e1tko<\/p>\n","protected":false},"featured_media":10519,"template":"","meta":[],"product_brand":[],"product_cat":[3423],"product_tag":[4268,4120,4311,4304,4308],"class_list":{"0":"post-29436","1":"product","2":"type-product","3":"status-publish","4":"has-post-thumbnail","6":"product_cat-ohrivaci-rohoze-pro-parni-lazne","7":"product_tag-ohrev-v-parni-lazni","8":"product_tag-ohrivaci-rohoz-pro-parni-lazen","9":"product_tag-vyhrivaci-podlozka-pro-sedadlo-eps","10":"product_tag-vyhrivaci-podlozka-pro-sedadlo-v-parni-lazni","11":"product_tag-vyhrivaci-podlozka-pro-sprchove-sedatko","13":"first","14":"instock","15":"sold-individually","16":"taxable","17":"shipping-taxable","18":"purchasable","19":"product-type-simple"},"_links":{"self":[{"href":"https:\/\/www.soleum.de\/cs\/wp-json\/wp\/v2\/product\/29436","targetHints":{"allow":["GET"]}}],"collection":[{"href":"https:\/\/www.soleum.de\/cs\/wp-json\/wp\/v2\/product"}],"about":[{"href":"https:\/\/www.soleum.de\/cs\/wp-json\/wp\/v2\/types\/product"}],"wp:featuredmedia":[{"embeddable":true,"href":"https:\/\/www.soleum.de\/cs\/wp-json\/wp\/v2\/media\/10519"}],"wp:attachment":[{"href":"https:\/\/www.soleum.de\/cs\/wp-json\/wp\/v2\/media?parent=29436"}],"wp:term":[{"taxonomy":"product_brand","embeddable":true,"href":"https:\/\/www.soleum.de\/cs\/wp-json\/wp\/v2\/product_brand?post=29436"},{"taxonomy":"product_cat","embeddable":true,"href":"https:\/\/www.soleum.de\/cs\/wp-json\/wp\/v2\/product_cat?post=29436"},{"taxonomy":"product_tag","embeddable":true,"href":"https:\/\/www.soleum.de\/cs\/wp-json\/wp\/v2\/product_tag?post=29436"}],"curies":[{"name":"wp","href":"https:\/\/api.w.org\/{rel}","templated":true}]}}