{"id":29438,"date":"2016-07-06T10:48:08","date_gmt":"2016-07-06T08:48:08","guid":{"rendered":"https:\/\/www.soleum.de\/shop\/nezarazene\/rohove-sprchove-sedatko\/"},"modified":"2024-02-23T16:41:47","modified_gmt":"2024-02-23T15:41:47","slug":"sprchove-sedatko-rohove-sedatko","status":"publish","type":"product","link":"https:\/\/www.soleum.de\/cs\/shop\/dily-tvarovane-v-parni-lazni\/sprchove-sedatko-rohove-sedatko\/","title":{"rendered":"Rohov\u00e9 sprchov\u00e9 sed\u00e1tko"},"content":{"rendered":"<div>Rohov\u00e9 sprchov\u00e9 sed\u00e1tko EPS &#8222;Rohov\u00e9 sed\u00e1tko&#8220; R300S80 pro obklady a dla\u017eby<\/div>\n<ul>\n<li>unnetted<\/li>\n<li>untiled<\/li>\n<li>Barva: \u0161ed\u00e1<\/li>\n<\/ul>\n<div>\n<div>\n<div><u>POZN\u00c1MKA:<\/u><\/div>\n<div>Doporu\u010dujeme <u>vyh\u0159\u00edvat<\/u> sed\u00e1tko ve spr\u0161e a obvykle tak\u00e9 ty \u010d\u00e1sti st\u011bny, o kter\u00e9 se op\u00edr\u00e1te, a podlahu!<\/div>\n<div>K dispozici je tak\u00e9 p\u0159izp\u016fsoben\u00e1 <a href=\"http:\/\/www.dampfbad.at\/produkt\/heizmatte-fuer-ecksitz\/\">vyh\u0159\u00edvac\u00ed podlo\u017eka pro sprchov\u00e9 sed\u00e1tko<\/a>, kter\u00e1 p\u0159esn\u011b pasuje na sedac\u00ed modul.<\/div>\n<div><\/div>\n<div>Tyto formy sed\u00e1tek do parn\u00ed l\u00e1zn\u011b jsou ide\u00e1ln\u00ed jako sed\u00e1tka do sprchy pro obklady. M\u00edsto b\u011b\u017en\u00fdch filigr\u00e1nov\u00fdch skl\u00e1dac\u00edch sedadel m\u00e1te k dispozici velmi robustn\u00ed sprchov\u00e9 sed\u00e1tko, kter\u00e9 m\u016f\u017eete vyh\u0159\u00edvat a obkl\u00e1dat dla\u017edicemi. Tato lavice do parn\u00ed l\u00e1zn\u011b nejen vizu\u00e1ln\u011b zv\u00fdrazn\u00ed va\u0161i sprchu nebo parn\u00ed l\u00e1ze\u0148, ale je tak\u00e9 velmi pohodln\u00e1.<\/div>\n<\/div>\n<\/div>\n<p><strong>Rozm\u011bry:<\/strong><\/p>\n<p>Hloubka sed\u00e1ku p\u0159ibli\u017en\u011b 40 cm po op\u011brn\u00fd prvek<br \/>\ns polom\u011brem 300 mm<br \/>\nD\u00e9lka strany 80 cm \/ 80 cm (k dispozici tak\u00e9 v rozm\u011brech 70&#215;70 cm),<br \/>\n\u00dahlop\u0159\u00ed\u010dka p\u0159edn\u00ed \u010d\u00e1sti p\u0159ibli\u017en\u011b 116 cm<\/p>\n","protected":false},"excerpt":{"rendered":"<p>Sprchov\u00e9 sed\u00e1tko &#8222;Rohov\u00e9 sed\u00e1tko&#8220; R30080 pro obklady, hloubka sed\u00e1tka cca 40 cm k zadn\u00edmu prvku s polom\u011brem 300 mm, d\u00e9lka nohy 80 cm \/ 80 cm (k dispozici tak\u00e9 70&#215;70 cm), \u00fahlop\u0159\u00ed\u010dka vp\u0159edu cca 116 cm.<\/p>\n","protected":false},"featured_media":10526,"template":"","meta":[],"product_brand":[],"product_cat":[4010,3668],"product_tag":[4306,4313,4222,4227,3672,3678,4309],"class_list":{"0":"post-29438","1":"product","2":"type-product","3":"status-publish","4":"has-post-thumbnail","6":"product_cat-dily-tvarovane-v-parni-lazni","7":"product_cat-lavice-pro-parni-lazen","8":"product_tag-obkladove-sedadlo","9":"product_tag-rohova-lavice","10":"product_tag-rohove-sedadlo","11":"product_tag-sedadlo-eps","12":"product_tag-sedadlo-pro-parni-lazen","13":"product_tag-sprchove-sedatko","14":"product_tag-vyhrivane-sprchove-sedatko","15":"product_shipping_class-baleni-10-31-kg","17":"first","18":"instock","19":"sold-individually","20":"taxable","21":"shipping-taxable","22":"purchasable","23":"product-type-simple"},"_links":{"self":[{"href":"https:\/\/www.soleum.de\/cs\/wp-json\/wp\/v2\/product\/29438","targetHints":{"allow":["GET"]}}],"collection":[{"href":"https:\/\/www.soleum.de\/cs\/wp-json\/wp\/v2\/product"}],"about":[{"href":"https:\/\/www.soleum.de\/cs\/wp-json\/wp\/v2\/types\/product"}],"wp:featuredmedia":[{"embeddable":true,"href":"https:\/\/www.soleum.de\/cs\/wp-json\/wp\/v2\/media\/10526"}],"wp:attachment":[{"href":"https:\/\/www.soleum.de\/cs\/wp-json\/wp\/v2\/media?parent=29438"}],"wp:term":[{"taxonomy":"product_brand","embeddable":true,"href":"https:\/\/www.soleum.de\/cs\/wp-json\/wp\/v2\/product_brand?post=29438"},{"taxonomy":"product_cat","embeddable":true,"href":"https:\/\/www.soleum.de\/cs\/wp-json\/wp\/v2\/product_cat?post=29438"},{"taxonomy":"product_tag","embeddable":true,"href":"https:\/\/www.soleum.de\/cs\/wp-json\/wp\/v2\/product_tag?post=29438"}],"curies":[{"name":"wp","href":"https:\/\/api.w.org\/{rel}","templated":true}]}}