{"id":29454,"date":"2016-07-06T10:48:08","date_gmt":"2016-07-06T08:48:08","guid":{"rendered":"https:\/\/www.soleum.de\/shop\/nezarazene\/vyhrivaci-rohoz-pro-rohove-operadlo-o-sirce-100-cm\/"},"modified":"2016-07-06T10:48:08","modified_gmt":"2016-07-06T08:48:08","slug":"vyhrivaci-rohoz-pro-zadni-sedadla-cast","status":"publish","type":"product","link":"https:\/\/www.soleum.de\/cs\/shop\/ohrivaci-rohoze-pro-parni-lazne\/vyhrivaci-rohoz-pro-zadni-sedadla-cast\/","title":{"rendered":"Vyh\u0159\u00edvac\u00ed roho\u017e pro rohov\u00e9 op\u011bradlo o \u0161\u00ed\u0159ce 100 cm"},"content":{"rendered":"<h2>Vyh\u0159\u00edvac\u00ed roho\u017e pro rohov\u00e9 op\u011bradlo o \u0161\u00ed\u0159ce 100 cm RT100x100B100<\/h2>\n<p>Speci\u00e1ln\u00ed topn\u00e1 roho\u017e cca 300 W\/m2 pro rohov\u00e9 sedadlo, \u0161\u00ed\u0159ka 90 cm (pokud je kov\u00e1n\u00ed namontov\u00e1no bl\u00ed\u017ee k rohu)<\/p>\n<p>se hod\u00ed na <a href=\"http:\/\/www.dampfbad.at\/produkt\/eck-sitzbank-r300s80-mit-rueckenwaende-r300\/\">zaoblen\u00e1 z\u00e1da<\/a>, kter\u00e1 jsou u n\u00e1s tak\u00e9 k dispozici.<\/p>\n<p>&nbsp;<\/p>\n","protected":false},"excerpt":{"rendered":"<p>Speci\u00e1ln\u00ed topn\u00e1 roho\u017e cca 300 W\/m2 pro rohov\u00e9 sedadlo, \u0161\u00ed\u0159ka 90 cm (pokud je kov\u00e1n\u00ed namontov\u00e1no bl\u00ed\u017ee k rohu)<\/p>\n<p>se hod\u00ed na zaoblen\u00e1 z\u00e1da, kter\u00e1 jsou u n\u00e1s tak\u00e9 k dispozici.<\/p>\n","protected":false},"featured_media":10547,"template":"","meta":[],"product_brand":[],"product_cat":[3423],"product_tag":[4120,4263,4121,4265],"class_list":{"0":"post-29454","1":"product","2":"type-product","3":"status-publish","4":"has-post-thumbnail","6":"product_cat-ohrivaci-rohoze-pro-parni-lazne","7":"product_tag-ohrivaci-rohoz-pro-parni-lazen","8":"product_tag-specialni-topna-rohoz","9":"product_tag-topna-rohoz","10":"product_tag-vyhrivaci-rohoz-do-tepidaria","11":"product_shipping_class-baleni-5-10-kg","13":"first","14":"instock","15":"sold-individually","16":"taxable","17":"shipping-taxable","18":"purchasable","19":"product-type-simple"},"_links":{"self":[{"href":"https:\/\/www.soleum.de\/cs\/wp-json\/wp\/v2\/product\/29454","targetHints":{"allow":["GET"]}}],"collection":[{"href":"https:\/\/www.soleum.de\/cs\/wp-json\/wp\/v2\/product"}],"about":[{"href":"https:\/\/www.soleum.de\/cs\/wp-json\/wp\/v2\/types\/product"}],"wp:featuredmedia":[{"embeddable":true,"href":"https:\/\/www.soleum.de\/cs\/wp-json\/wp\/v2\/media\/10547"}],"wp:attachment":[{"href":"https:\/\/www.soleum.de\/cs\/wp-json\/wp\/v2\/media?parent=29454"}],"wp:term":[{"taxonomy":"product_brand","embeddable":true,"href":"https:\/\/www.soleum.de\/cs\/wp-json\/wp\/v2\/product_brand?post=29454"},{"taxonomy":"product_cat","embeddable":true,"href":"https:\/\/www.soleum.de\/cs\/wp-json\/wp\/v2\/product_cat?post=29454"},{"taxonomy":"product_tag","embeddable":true,"href":"https:\/\/www.soleum.de\/cs\/wp-json\/wp\/v2\/product_tag?post=29454"}],"curies":[{"name":"wp","href":"https:\/\/api.w.org\/{rel}","templated":true}]}}