{"id":29468,"date":"2016-12-29T09:23:24","date_gmt":"2016-12-29T08:23:24","guid":{"rendered":"https:\/\/www.soleum.de\/shop\/nezarazene\/parni-generator-sol-steam-wellness\/"},"modified":"2024-04-03T09:33:32","modified_gmt":"2024-04-03T07:33:32","slug":"parni-generator-sol-steam-wellness","status":"publish","type":"product","link":"https:\/\/www.soleum.de\/cs\/shop\/parni-generatory\/parni-generator-sol-steam-wellness\/","title":{"rendered":"Parn\u00ed gener\u00e1tor SOL-Steam WELLNESS"},"content":{"rendered":"<h1>Parn\u00ed gener\u00e1tor SOL-Steam WELLNESS &#8211; ide\u00e1ln\u00ed volba pro soukrom\u00e9 i komer\u010dn\u00ed parn\u00ed l\u00e1zn\u011b<\/h1>\n<div>\n<p class=\"font_8\">Hluk sp\u00edn\u00e1n\u00ed parn\u00edho gener\u00e1toru SOL-Steam WELLNESS je o n\u011bco ti\u0161\u0161\u00ed ne\u017e u jednotky PLUS a m\u00e1 t\u00fddenn\u00ed program a integrovanou softwarovou volbu pro ovl\u00e1d\u00e1n\u00ed 2 vonn\u00fdch \u010derpadel. Tento parn\u00ed gener\u00e1tor se pou\u017e\u00edv\u00e1 p\u0159edev\u0161\u00edm v komer\u010dn\u00edm sektoru.<\/p>\n<p class=\"font_8\">M\u016f\u017eete si v\u0161ak u n\u00e1s po\u0159\u00eddit nejen jednotky &#8211; m\u016f\u017eete si u n\u00e1s po\u0159\u00eddit i kompletn\u00ed parn\u00ed kabinu (SPA moduly nebo tak\u00e9 s mont\u00e1\u017e\u00ed kompletn\u00ed kabiny). Ji\u017e mnoho let vyr\u00e1b\u00edme parn\u00ed l\u00e1zn\u011b a exkluzivn\u011b vyr\u00e1b\u00edme parn\u00ed l\u00e1zn\u011b v libovoln\u00e9m tvaru.<\/p>\n<\/div>\n<div><img loading=\"lazy\" decoding=\"async\" class=\"alignnone size-full wp-image-6071\" src=\"https:\/\/www.soleum.de\/wp-content\/uploads\/2016\/12\/elektrodendampfgenerator-solsteam_soleum.jpg\" alt=\"Parn\u00ed gener\u00e1tor SOL-Steam\" width=\"555\" height=\"341\" srcset=\"https:\/\/www.soleum.de\/wp-content\/uploads\/2016\/12\/elektrodendampfgenerator-solsteam_soleum.jpg 555w, https:\/\/www.soleum.de\/wp-content\/uploads\/2016\/12\/elektrodendampfgenerator-solsteam_soleum-510x313.jpg 510w\" sizes=\"auto, (max-width: 555px) 100vw, 555px\" \/><\/div>\n<div><strong>Parn\u00ed gener\u00e1tor SOL-Steam WELLNESS <\/strong>je v\u00fdsledkem dlouholet\u00fdch zku\u0161enost\u00ed v oblasti elektronick\u00e9 \u0159\u00eddic\u00ed techniky: u\u017eivatelsk\u00e1 p\u0159\u00edv\u011btivost, p\u0159esnost ovl\u00e1d\u00e1n\u00ed, spolehliv\u00e1 elektronika, vysoce vyvinut\u00fd kompletn\u00ed \u0159\u00eddic\u00ed software a vysok\u00fd v\u00fdkon.<\/div>\n<div> <\/div>\n<div>\n<p>Nov\u00e1 \u0161\u00ed\u0159ka p\u00e1sma nab\u00edz\u00ed:<\/p>\n<ul>\n<li>snadn\u011bj\u0161\u00ed ovl\u00e1d\u00e1n\u00ed: velk\u00fd a intuitivn\u00ed ovl\u00e1dac\u00ed panel s \u0161irok\u00fdm grafick\u00fdm LCD displejem a podrobn\u00fdmi diagnostick\u00fdmi hl\u00e1\u0161en\u00edmi;<\/li>\n<li>vy\u0161\u0161\u00ed spolehlivost: parn\u00ed lahve s exkluzivn\u00edmi z\u00e1suvn\u00fdmi konektory, kter\u00e9 ji\u017e nevy\u017eaduj\u00ed n\u00e1\u0159ad\u00ed; v\u0161echny zvlh\u010dova\u010de jsou vybaveny odfukovac\u00edm \u010derpadlem;<\/li>\n<li>lep\u0161\u00ed v\u00fdkon: zvlh\u010dova\u010d se spou\u0161t\u00ed rychleji a podporuje \u0161ir\u0161\u00ed rozsah p\u0159\u00edpustn\u00fdch hodnot vodivosti nap\u00e1jec\u00ed vody; \u0159\u00eddic\u00ed software se automaticky p\u0159izp\u016fsobuje konzistenci nap\u00e1jec\u00ed vody, co\u017e zjednodu\u0161uje instalaci a optimalizuje dobu provozu bez nutnosti \u00fadr\u017eby;<\/li>\n<li>v\u0161echny nov\u00e9 modely jsou vybaveny komunika\u010dn\u00edm protokolem Modbus\u00ae.<\/li>\n<\/ul>\n<p>\u0160irok\u00e1 \u0159ada <strong>zvlh\u010dova\u010d\u016f SOL-Steam s pono\u0159enou elektrodou<\/strong> zahrnuje modely s kapacitou od 1,5 do 130 kg\/h.<\/p>\n<\/div>\n<div>V\u0161echny modely nejsou k dispozici zde v obchod\u011b, ale jsou k dispozici u n\u00e1s &#8211; pro v\u011bt\u0161\u00ed v\u00fdkony p\u00e1ry n\u00e1s pros\u00edm kontaktujte.<\/div>\n<div> <\/div>\n<div>\n<div>\n<div> <\/div>\n<div>\n<p>Model <strong>SOL-Steam-WELLNESS<\/strong> spl\u0148uje typick\u00e9 po\u017eadavky na pou\u017eit\u00ed v parn\u00ed l\u00e1zni. D\u00edky tomu software spravuje:<\/p>\n<ul>\n<li>Denn\u00ed a t\u00fddenn\u00ed provozn\u00ed programy;<\/li>\n<li>r\u016fzn\u00e9 nastaven\u00e9 hodnoty teploty v z\u00e1vislosti na programu;<\/li>\n<li>a\u017e 3 ak\u010dn\u00ed \u010dleny pro spr\u00e1vu v\u016fn\u011b a 1 pro dezinfek\u010dn\u00ed cyklus;<\/li>\n<li>a\u017e 2 ventil\u00e1tory a vnit\u0159n\u00ed osv\u011btlen\u00ed kabiny.<\/li>\n<\/ul>\n<p>Tla\u010d\u00edtkovou ovl\u00e1dac\u00ed jednotku s displejem lze nainstalovat extern\u011b ke zvlh\u010dova\u010di a usnad\u0148uje instalaci v syst\u00e9mech OEM prost\u0159ednictv\u00edm vzd\u00e1len\u00e9ho p\u0159ipojen\u00ed.<br \/>Parn\u00ed jednotka pou\u017e\u00edv\u00e1 b\u011b\u017enou vodu z vodovodu a zcela automaticky \u0159\u00edd\u00ed koncentraci vody, a t\u00edm i p\u011bnivost pro maxim\u00e1ln\u00ed bezpe\u010dnost v parn\u00ed l\u00e1zni.<\/p>\n<\/div>\n<\/div>\n<\/div>\n<h2>  Technick\u00e9 \u00fadaje &#8211; P\u0158EHLED parn\u00edch gener\u00e1tor\u016f<\/h2>\n<h2><img loading=\"lazy\" decoding=\"async\" class=\"alignnone size-full wp-image-4673\" src=\"https:\/\/www.dampfbad.at\/wp-content\/uploads\/2016\/12\/Dampfgenerator-Sol-Steam-Wellness-uebersicht.jpg\" alt=\"steam-generator-sol-steam-wellness-overview\" width=\"798\" height=\"380\"><\/h2>\n<\/p>\n<h2>Rozsah dod\u00e1vky<\/h2>\n<div>\n<div>\n<div>Sou\u010d\u00e1st\u00ed parn\u00edho gener\u00e1toru SOL-Steam WELLNESS je pot\u0159ebn\u00e1 p\u0159ipojovac\u00ed sada s ~0,5m parn\u00ed hadic\u00ed a p\u0159ipojovac\u00edmi prvky a senzor s kabelem o d\u00e9lce 6 m!<\/div>\n<\/div>\n<div>Spojovac\u00ed potrub\u00ed (p\u0159\u00edvod vody, odvod vody a parn\u00ed potrub\u00ed) a parn\u00ed tryska (proto\u017ee existuj\u00ed r\u016fzn\u00e9) nejsou sou\u010d\u00e1st\u00ed dod\u00e1vky.<\/div>\n<\/div>\n<h2>Sch\u00e9ma p\u0159ipojen\u00ed parn\u00edho gener\u00e1toru<\/h2>\n<div><img loading=\"lazy\" decoding=\"async\" class=\"alignnone size-medium wp-image-6074\" src=\"https:\/\/www.soleum.de\/wp-content\/uploads\/2016\/12\/dampfgenerator-sol-steam-anschluss-393x400.jpg\" alt=\"Sch\u00e9ma zapojen\u00ed parn\u00edho gener\u00e1toru pro parn\u00ed l\u00e1ze\u0148\" width=\"393\" height=\"400\" srcset=\"https:\/\/www.soleum.de\/wp-content\/uploads\/2016\/12\/dampfgenerator-sol-steam-anschluss-393x400.jpg 393w, https:\/\/www.soleum.de\/wp-content\/uploads\/2016\/12\/dampfgenerator-sol-steam-anschluss.jpg 508w\" sizes=\"auto, (max-width: 393px) 100vw, 393px\" \/><\/div>\n<div>  1. Nad jednotku nainstalujte ru\u010dn\u00ed ventil (pro p\u0159eru\u0161en\u00ed p\u0159\u00edvodu nap\u00e1jec\u00ed vody).<br \/>2. p\u0159ipojte gener\u00e1tor p\u00e1ry k potrub\u00ed p\u0159\u00edvodn\u00ed vody. U model\u016f SOL-Steam PLUS-05 SOL-Steam PLUS-18 pou\u017eijte hadici s p\u0159\u00edpojkami 3\/4&#8243; G (viz tak\u00e9 n\u00e1vod k obsluze p\u0159\u00edstroje).<br \/>3. nainstalujte mechanick\u00fd filtr pro zachycen\u00ed pevn\u00fdch ne\u010distot (instaluje se pod kohoutek).<br \/>4. P\u0159ipojte elektricky nevodiv\u00fd vyfukovac\u00ed konektor (tepeln\u011b odoln\u00fd do 100 \u00b0C a s minim\u00e1ln\u00edm vnit\u0159n\u00edm pr\u016fm\u011brem 40 mm).<br \/>5.vlo\u017ete n\u00e1levku pro p\u0159eru\u0161en\u00ed vyfukovac\u00edho potrub\u00ed.<br \/>6. P\u0159ipojte sifon, abyste zabr\u00e1nili vzniku z\u00e1pachu (minim\u00e1ln\u00ed vnit\u0159n\u00ed pr\u016fm\u011br 40 mm).<\/div>\n","protected":false},"excerpt":{"rendered":"<p><strong>Parn\u00ed gener\u00e1tor<\/strong> SOL-Steam <strong>SOL-Steam WELLNESS-<\/strong> \u017d\u00e1dn\u00e9 kompromisy v kvalit\u011b, s mo\u017enost\u00ed nastaven\u00ed teploty pomoc\u00ed senzoru nebo jednoduch\u00e9ho ovl\u00e1d\u00e1n\u00ed ON\/OFF (v\u010detn\u011b \u010dasov\u00fdch program\u016f a ovl\u00e1d\u00e1n\u00ed extern\u00edho zdroje).<\/p>\n<p>Na\u0161e parn\u00ed gener\u00e1tory SOL-Steam lze tak\u00e9 zap\u00ednat a vyp\u00ednat extern\u00edm sp\u00edna\u010dem bu\u010f v parn\u00ed l\u00e1zni (12V\/24V), nebo sp\u00edna\u010dem mimo parn\u00ed l\u00e1ze\u0148. Tak\u00e9 z dispe\u010dinku (plav\u010d\u00edk, l\u00e1zn\u011b,&#8230;).<\/p>\n","protected":false},"featured_media":10456,"template":"","meta":[],"product_brand":[],"product_cat":[3541],"product_tag":[3550,3551,3544,3546,4346,3548,3547,3543,3552,3545,3549],"class_list":{"0":"post-29468","1":"product","2":"type-product","3":"status-publish","4":"has-post-thumbnail","6":"product_cat-parni-generatory","7":"product_tag-elektrodovy-generator-pary","8":"product_tag-generator-elektrod","9":"product_tag-parni-generator","10":"product_tag-parni-generator-cs","11":"product_tag-parni-generator-pro-parni-lazen","12":"product_tag-parni-kotel","13":"product_tag-parni-spotrebic","14":"product_tag-parni-zvlhcovac","15":"product_tag-technologie-parni-lazne","16":"product_tag-vyroba-pary","17":"product_tag-zvlhcovac-elektrod","18":"product_shipping_class-paket-10-31kg-cs","20":"first","21":"instock","22":"featured","23":"sold-individually","24":"taxable","25":"shipping-taxable","26":"purchasable","27":"product-type-variable","28":"has-default-attributes"},"_links":{"self":[{"href":"https:\/\/www.soleum.de\/cs\/wp-json\/wp\/v2\/product\/29468","targetHints":{"allow":["GET"]}}],"collection":[{"href":"https:\/\/www.soleum.de\/cs\/wp-json\/wp\/v2\/product"}],"about":[{"href":"https:\/\/www.soleum.de\/cs\/wp-json\/wp\/v2\/types\/product"}],"wp:featuredmedia":[{"embeddable":true,"href":"https:\/\/www.soleum.de\/cs\/wp-json\/wp\/v2\/media\/10456"}],"wp:attachment":[{"href":"https:\/\/www.soleum.de\/cs\/wp-json\/wp\/v2\/media?parent=29468"}],"wp:term":[{"taxonomy":"product_brand","embeddable":true,"href":"https:\/\/www.soleum.de\/cs\/wp-json\/wp\/v2\/product_brand?post=29468"},{"taxonomy":"product_cat","embeddable":true,"href":"https:\/\/www.soleum.de\/cs\/wp-json\/wp\/v2\/product_cat?post=29468"},{"taxonomy":"product_tag","embeddable":true,"href":"https:\/\/www.soleum.de\/cs\/wp-json\/wp\/v2\/product_tag?post=29468"}],"curies":[{"name":"wp","href":"https:\/\/api.w.org\/{rel}","templated":true}]}}