{"id":29514,"date":"2017-01-10T16:20:25","date_gmt":"2017-01-10T15:20:25","guid":{"rendered":"https:\/\/www.soleum.de\/shop\/nezarazene\/ohrivaci-rohoze-pro-parni-lazne-na-miru-horizontalni\/"},"modified":"2024-02-23T16:56:46","modified_gmt":"2024-02-23T15:56:46","slug":"topne-rohoze-pro-parni-lazne-na-miru-horizontalni","status":"publish","type":"product","link":"https:\/\/www.soleum.de\/cs\/shop\/ohrivaci-rohoze-pro-parni-lazne\/topne-rohoze-pro-parni-lazne-na-miru-horizontalni\/","title":{"rendered":"Oh\u0159\u00edvac\u00ed roho\u017ee pro parn\u00ed l\u00e1zn\u011b na m\u00edru-300W\/m2"},"content":{"rendered":"<h1>Oh\u0159\u00edvac\u00ed roho\u017ee do parn\u00edch l\u00e1zn\u00ed na m\u00edru pro parn\u00ed l\u00e1zn\u011b a SPA moduly<\/h1>\n<h2>Rychl\u00e9 zah\u0159\u00e1t\u00ed d\u00edky <span style=\"color: #d83131;\">vysok\u00e9mu v\u00fdkonu cca 300 W\/m2<\/span><\/h2>\n<h3>s horizont\u00e1ln\u00edm veden\u00edm kabel\u016f<\/h3>\n<p>Tato <strong>oh\u0159\u00edvac\u00ed roho\u017e pro parn\u00ed l\u00e1zn\u011b<\/strong> je s\u00ed\u0165ov\u00e1 oh\u0159\u00edvac\u00ed roho\u017e pro agresivn\u00ed oblasti a v krytech z epoxidov\u00e9 prysky\u0159ice.<br \/>\nInstalace v lepidlech na dla\u017edice a maltov\u00fdch lo\u017e\u00edch, stejn\u011b jako v krytin\u00e1ch z epoxidov\u00e9 prysky\u0159ice.<br \/>\nAgresivn\u00ed prostory jsou m\u00edstnosti, ve kter\u00fdch se pou\u017e\u00edvaj\u00ed vysoce koncentrovan\u00e9 \u010distic\u00ed prost\u0159edky, nap\u0159. ve\u0159ejn\u00e9 l\u00e1zn\u011b, lakovny, ale tak\u00e9 m\u00edstnosti se slanou atmosf\u00e9rou, nap\u0159. SOLEUM, l\u00e9\u010debn\u00e9 galerie. Zde je nutn\u00e9 pou\u017e\u00edt topn\u00e9 kabely, kter\u00e9 jsou odoln\u00e9 v\u016f\u010di chemick\u00e9mu zat\u00ed\u017een\u00ed. Tyto topn\u00e9 kabely jsou nutn\u00e9 tak\u00e9 v p\u0159\u00edpad\u011b, \u017ee jsou instalov\u00e1ny <a href=\"http:\/\/www.dampfbad.at\/shop\/dampfbadformteile\/dampfbadbaenke\/dampfbadsitz-t65\/\">v modulech EPS<\/a> (na\u0161e moduly SPA), nap\u0159. ve wellness leh\u00e1tk\u00e1ch.<\/p>\n<p>&nbsp;<\/p>\n<h2><b><i><img loading=\"lazy\" decoding=\"async\" class=\"aligncenter size-full wp-image-5251\" src=\"https:\/\/www.dampfbad.at\/wp-content\/uploads\/horizontale-Dampfbadheizmatte.jpg\" alt=\"Oh\u0159\u00edvac\u00ed roho\u017e do parn\u00ed l\u00e1zn\u011b na m\u00edru\" width=\"525\" height=\"445\">Technick\u00e9 \u00fadaje oh\u0159\u00edvac\u00edch roho\u017e\u00ed pro parn\u00ed l\u00e1zn\u011b  <\/i><\/b><\/h2>\n<p>Jmenovit\u00e1 teplota: 150 \u00b0C<br \/>\nOchrann\u00e9 opat\u0159en\u00ed: ochrann\u00fd obvod RCD s proudem 30 mA<br \/>\nNap\u011bt\u00ed: 230V<br \/>\ntestov\u00e1no: VDE (tepeln\u011b t\u011bsnic\u00ed p\u00e1s)<br \/>\nRozte\u010d topn\u00fdch vodi\u010d\u016f: v z\u00e1vislosti na v\u00fdkonu<\/p>\n<blockquote><p>V\u00fdkon: 300 Watt \/ m2<\/p><\/blockquote>\n<p><i><b>Kaltenden:<\/b><\/i><\/p>\n<p>Konstrukce jako topn\u00fd vodi\u010d s teflonovou izolac\u00ed 1,5 nebo 2,5 mm2<br \/>\nD\u00e9lka: 4 m a 4 m + d\u00e9lka roho\u017ee<\/p>\n<p>Je zapot\u0159eb\u00ed elektronick\u00fd omezova\u010d teploty<a href=\"https:\/\/www.soleum.de\/shop\/dampfbadtechnik\/schaltereinbauthermostat-fuer-heizmatten\/\">(regul\u00e1tor oh\u0159evu<\/a>) a ochrann\u00e1 trubice senzoru. K dispozici tak\u00e9 v tomto obchod\u011b.<\/p>\n","protected":false},"excerpt":{"rendered":"<p><strong>Oh\u0159\u00edvac\u00ed roho\u017ee pro parn\u00ed l\u00e1zn\u011b na m\u00edru &#8211; HORIZONT\u00c1LN\u00cd, pro parn\u00ed l\u00e1zn\u011b a moduly EPS<\/strong><\/p>\n<p>Tyto speci\u00e1ln\u00ed vyh\u0159\u00edvac\u00ed roho\u017ee jsou nutn\u00e9 p\u0159i instalaci t\u011bchto <a href=\"http:\/\/www.dampfbad.at\/spa-module-eps\/\">modul\u016f EPS<\/a> (na\u0161e moduly SPA), nap\u0159. wellness leh\u00e1tek.<\/p>\n","protected":false},"featured_media":10414,"template":"","meta":[],"product_brand":[],"product_cat":[3423],"product_tag":[4120,4263,4121,4373,4265],"class_list":{"0":"post-29514","1":"product","2":"type-product","3":"status-publish","4":"has-post-thumbnail","6":"product_cat-ohrivaci-rohoze-pro-parni-lazne","7":"product_tag-ohrivaci-rohoz-pro-parni-lazen","8":"product_tag-specialni-topna-rohoz","9":"product_tag-topna-rohoz","10":"product_tag-topna-rohoz-300w","11":"product_tag-vyhrivaci-rohoz-do-tepidaria","12":"product_shipping_class-paket-5-10kg-cs","14":"first","15":"outofstock","16":"taxable","17":"shipping-taxable","18":"purchasable","19":"product-type-simple"},"_links":{"self":[{"href":"https:\/\/www.soleum.de\/cs\/wp-json\/wp\/v2\/product\/29514","targetHints":{"allow":["GET"]}}],"collection":[{"href":"https:\/\/www.soleum.de\/cs\/wp-json\/wp\/v2\/product"}],"about":[{"href":"https:\/\/www.soleum.de\/cs\/wp-json\/wp\/v2\/types\/product"}],"wp:featuredmedia":[{"embeddable":true,"href":"https:\/\/www.soleum.de\/cs\/wp-json\/wp\/v2\/media\/10414"}],"wp:attachment":[{"href":"https:\/\/www.soleum.de\/cs\/wp-json\/wp\/v2\/media?parent=29514"}],"wp:term":[{"taxonomy":"product_brand","embeddable":true,"href":"https:\/\/www.soleum.de\/cs\/wp-json\/wp\/v2\/product_brand?post=29514"},{"taxonomy":"product_cat","embeddable":true,"href":"https:\/\/www.soleum.de\/cs\/wp-json\/wp\/v2\/product_cat?post=29514"},{"taxonomy":"product_tag","embeddable":true,"href":"https:\/\/www.soleum.de\/cs\/wp-json\/wp\/v2\/product_tag?post=29514"}],"curies":[{"name":"wp","href":"https:\/\/api.w.org\/{rel}","templated":true}]}}