{"id":29562,"date":"2017-01-14T10:57:11","date_gmt":"2017-01-14T09:57:11","guid":{"rendered":"https:\/\/www.soleum.de\/shop\/nezarazene\/vune-do-parni-lazne-brume-de-hammam\/"},"modified":"2024-04-09T09:16:34","modified_gmt":"2024-04-09T07:16:34","slug":"parni-lazen-vune-brume-de-hammam","status":"publish","type":"product","link":"https:\/\/www.soleum.de\/cs\/shop\/technologie-parni-lazne\/parni-lazen-vune-brume-de-hammam\/","title":{"rendered":"V\u016fn\u011b do parn\u00ed l\u00e1zn\u011b BRUME DE HAMMAM"},"content":{"rendered":"<h1>V\u016fn\u011b do parn\u00ed l\u00e1zn\u011b &#8222;BRUME DE HAMMAM&#8220; &#8211; emulze do parn\u00ed l\u00e1zn\u011b nebo v\u016fn\u011b do <a href=\"https:\/\/www.soleum.de\/shop\/dampfbadtechnik\/duftstoffpumpe-dosierpumpe\/\">vonn\u00e9 pumpi\u010dky<\/a><\/h1>\n<p>U SOLEUM m\u016f\u017eete v\u016fni do parn\u00ed l\u00e1zn\u011b Brume de Hammam z\u00edskat v r\u016fzn\u00fdch v\u016fn\u00edch a balen\u00edch. Jedn\u00e1 se o emulzi do parn\u00ed l\u00e1zn\u011b vyrobenou z vysoce kvalitn\u00edch a p\u0159\u00edrodn\u011b \u010dist\u00fdch esenci\u00e1ln\u00edch olej\u016f. N\u00ed\u017ee si vyberte velikost n\u00e1doby a po\u017eadovanou v\u016fni.<\/p>\n<h1 class=\"page-title al page-title-larger\"><img loading=\"lazy\" decoding=\"async\" class=\"aligncenter size-full wp-image-5343\" src=\"https:\/\/www.dampfbad.at\/wp-content\/uploads\/Dampfbadduft.Brume-de-hammam-Dampfbademulsion.jpg\" alt=\"V\u016fn\u011b do parn\u00ed l\u00e1zn\u011b BRUME DE HAMMAM Emulze do parn\u00ed l\u00e1zn\u011b\" width=\"889\" height=\"112\"><\/h1>\n","protected":false},"excerpt":{"rendered":"<p>V\u016fn\u011b do parn\u00ed l\u00e1zn\u011b &#8222;Brume de Hammam&#8220; v r\u016fzn\u00fdch variant\u00e1ch v\u016fn\u00ed. Emulze do parn\u00ed l\u00e1zn\u011b z vysoce kvalitn\u00edch a p\u0159\u00edrodn\u011b \u010dist\u00fdch esenci\u00e1ln\u00edch olej\u016f!<\/p>\n","protected":false},"featured_media":10358,"template":"","meta":[],"product_brand":[],"product_cat":[3452],"product_tag":[4426,4428,4427,4430,4431,4429],"class_list":{"0":"post-29562","1":"product","2":"type-product","3":"status-publish","4":"has-post-thumbnail","6":"product_cat-technologie-parni-lazne","7":"product_tag-brume-de-hammam-cs","8":"product_tag-emulze-pro-parni-lazen","9":"product_tag-vune-do-parni-lazne","10":"product_tag-vune-do-parni-lazne-cs","11":"product_tag-vune-do-parni-lazne-brume-de-hammam","12":"product_tag-vune-parni-sprchy","13":"product_shipping_class-baleni-5-10-kg","15":"first","16":"instock","17":"taxable","18":"shipping-taxable","19":"purchasable","20":"product-type-variable","21":"has-default-attributes"},"_links":{"self":[{"href":"https:\/\/www.soleum.de\/cs\/wp-json\/wp\/v2\/product\/29562","targetHints":{"allow":["GET"]}}],"collection":[{"href":"https:\/\/www.soleum.de\/cs\/wp-json\/wp\/v2\/product"}],"about":[{"href":"https:\/\/www.soleum.de\/cs\/wp-json\/wp\/v2\/types\/product"}],"wp:featuredmedia":[{"embeddable":true,"href":"https:\/\/www.soleum.de\/cs\/wp-json\/wp\/v2\/media\/10358"}],"wp:attachment":[{"href":"https:\/\/www.soleum.de\/cs\/wp-json\/wp\/v2\/media?parent=29562"}],"wp:term":[{"taxonomy":"product_brand","embeddable":true,"href":"https:\/\/www.soleum.de\/cs\/wp-json\/wp\/v2\/product_brand?post=29562"},{"taxonomy":"product_cat","embeddable":true,"href":"https:\/\/www.soleum.de\/cs\/wp-json\/wp\/v2\/product_cat?post=29562"},{"taxonomy":"product_tag","embeddable":true,"href":"https:\/\/www.soleum.de\/cs\/wp-json\/wp\/v2\/product_tag?post=29562"}],"curies":[{"name":"wp","href":"https:\/\/api.w.org\/{rel}","templated":true}]}}