{"id":29636,"date":"2017-01-14T11:20:06","date_gmt":"2017-01-14T10:20:06","guid":{"rendered":"https:\/\/www.soleum.de\/shop\/nezarazene\/davkovaci-cerpadlo-na-vonne-latky\/"},"modified":"2024-02-23T17:00:32","modified_gmt":"2024-02-23T16:00:32","slug":"vonne-cerpadlo-davkovaci-cerpadlo","status":"publish","type":"product","link":"https:\/\/www.soleum.de\/cs\/shop\/technologie-parni-lazne\/vonne-cerpadlo-davkovaci-cerpadlo\/","title":{"rendered":"D\u00e1vkovac\u00ed \u010derpadlo na vonn\u00e9 l\u00e1tky"},"content":{"rendered":"<h1>Vonn\u00e9 \u010derpadlo (ON\/OFF) &#8211; D\u00e1vkovac\u00ed \u010derpadlo  <\/h1>\n<p>skl\u00e1daj\u00edc\u00ed se z vonn\u00e9ho \u010derpadla a sac\u00ed jednotky.<\/p>\n<p>K \u010derp\u00e1n\u00ed <a href=\"https:\/\/www.soleum.de\/shop\/dampfbadtechnik\/dampfbadduft-brume-de-hammam\/\">emulz\u00ed do parn\u00ed l\u00e1zn\u011b <\/a>do parn\u00edho potrub\u00ed m\u016f\u017eete pou\u017e\u00edt vonn\u00e9 \u010derpadlo SOLEUM. Sta\u010d\u00ed pouze zapnout\/vypnout \u010derpadlo v\u016fn\u011b pomoc\u00ed sp\u00edna\u010de p\u0159ed kabinou nebo pomoc\u00ed p\u0159\u00edslu\u0161n\u00e9ho parn\u00edho gener\u00e1toru, kter\u00fd m\u016f\u017ee ovl\u00e1dat extern\u00ed \u010derpadla.<\/p>\n<p>Nap\u011bt\u00ed: 230V<\/p>\n<p>K dispozici jsou tyto v\u016fn\u011b parn\u00ed l\u00e1zn\u011b:<\/p>\n<p><a href=\"http:\/\/www.dampfbad.at\/shop\/dampfbadtechnik\/dampfbadzubehoer\/dampfbadduft-brume-de-hammam\/\"><img loading=\"lazy\" decoding=\"async\" class=\"aligncenter size-full wp-image-5343\" src=\"http:\/\/www.dampfbad.at\/wp-content\/uploads\/Dampfbadduft.Brume-de-hammam-Dampfbademulsion.jpg\" alt=\"V\u016fn\u011b do parn\u00ed l\u00e1zn\u011b BRUME DE HAMMAM Emulze do parn\u00ed l\u00e1zn\u011b\" width=\"889\" height=\"112\"><\/a><\/p>\n","protected":false},"excerpt":{"rendered":"<p>ON\/OFF D\u00e1vkovac\u00ed \u010derpadlo v\u016fn\u011b<\/p>\n","protected":false},"featured_media":19969,"template":"","meta":[],"product_brand":[],"product_cat":[3452],"product_tag":[4458,4457,4459,4456,4460,4427],"class_list":{"0":"post-29636","1":"product","2":"type-product","3":"status-publish","4":"has-post-thumbnail","6":"product_cat-technologie-parni-lazne","7":"product_tag-davkovaci-cerpadlo","8":"product_tag-davkovaci-system","9":"product_tag-duftstoffpumpe-cs","10":"product_tag-parni-vune","11":"product_tag-vstrikovaci-cerpadlo","12":"product_tag-vune-do-parni-lazne","13":"product_shipping_class-baleni-5-10-kg","15":"first","16":"instock","17":"taxable","18":"shipping-taxable","19":"purchasable","20":"product-type-simple"},"_links":{"self":[{"href":"https:\/\/www.soleum.de\/cs\/wp-json\/wp\/v2\/product\/29636","targetHints":{"allow":["GET"]}}],"collection":[{"href":"https:\/\/www.soleum.de\/cs\/wp-json\/wp\/v2\/product"}],"about":[{"href":"https:\/\/www.soleum.de\/cs\/wp-json\/wp\/v2\/types\/product"}],"wp:featuredmedia":[{"embeddable":true,"href":"https:\/\/www.soleum.de\/cs\/wp-json\/wp\/v2\/media\/19969"}],"wp:attachment":[{"href":"https:\/\/www.soleum.de\/cs\/wp-json\/wp\/v2\/media?parent=29636"}],"wp:term":[{"taxonomy":"product_brand","embeddable":true,"href":"https:\/\/www.soleum.de\/cs\/wp-json\/wp\/v2\/product_brand?post=29636"},{"taxonomy":"product_cat","embeddable":true,"href":"https:\/\/www.soleum.de\/cs\/wp-json\/wp\/v2\/product_cat?post=29636"},{"taxonomy":"product_tag","embeddable":true,"href":"https:\/\/www.soleum.de\/cs\/wp-json\/wp\/v2\/product_tag?post=29636"}],"curies":[{"name":"wp","href":"https:\/\/api.w.org\/{rel}","templated":true}]}}