{"id":29728,"date":"2017-01-19T12:30:43","date_gmt":"2017-01-19T11:30:43","guid":{"rendered":"https:\/\/www.soleum.de\/shop\/nezarazene\/kopule-parni-lazne\/"},"modified":"2024-02-23T17:02:20","modified_gmt":"2024-02-23T16:02:20","slug":"kopule-parni-lazne","status":"publish","type":"product","link":"https:\/\/www.soleum.de\/cs\/shop\/dily-tvarovane-v-parni-lazni\/kopule-parni-lazne\/","title":{"rendered":"Kopule parn\u00ed l\u00e1zn\u011b"},"content":{"rendered":"<h1>Kopule parn\u00ed l\u00e1zn\u011b na m\u00edru &#8211; z EPS o tlou\u0161\u0165ce <em>8 cm<\/em> <\/h1>\n<p>Vyrob\u00edme v\u00e1m kopuli parn\u00ed l\u00e1zn\u011b EPS podle va\u0161ich rozm\u011br\u016f. Zadejte \u0161\u00ed\u0159ku a d\u00e9lku parn\u00ed l\u00e1zn\u011b minus 1 cm na obou stran\u00e1ch.<\/p>\n<p>Kopule se skl\u00e1d\u00e1 z n\u011bkolika \u010d\u00e1st\u00ed a je tvo\u0159ena spojen\u00edm matice a pru\u017einy.<\/p>\n<p><strong>Sou\u010d\u00e1st\u00ed balen\u00ed je<\/strong> tak\u00e9 \u0161ablona, podle kter\u00e9 m\u016f\u017eete kopuli snadno um\u00edstit &#8211; to v\u00e1m velmi pom\u016f\u017ee p\u0159i mont\u00e1\u017ei.<\/p>\n<p>Jednotliv\u00e9 d\u00edly jsou na m\u00edst\u011b slepeny mont\u00e1\u017en\u00ed p\u011bnou. St\u011bny parn\u00ed l\u00e1zn\u011b se obvykle izoluj\u00ed pomoc\u00ed XPS. Tyto panely XPS slou\u017e\u00ed jako podp\u011bra kopule. R\u00e1di v\u00e1m zde porad\u00edme! Sta\u010d\u00ed n\u00e1m poslat sv\u016fj n\u00e1kres <a href=\"https:\/\/www.soleum.de\/kontakt\/\">e-mailem <\/a>a uv\u00e9st telefonn\u00ed \u010d\u00edslo pro p\u0159\u00edpadn\u00e9 dotazy. Pak obdr\u017e\u00edte tak\u00e9 odpov\u00eddaj\u00edc\u00ed kopuli! V p\u0159\u00edpad\u011b objedn\u00e1vky obdr\u017e\u00edte p\u0159edem tak\u00e9 technick\u00fd v\u00fdkres k nahl\u00e9dnut\u00ed a potvrzen\u00ed.<\/p>\n<p>Tyto kopule pro parn\u00ed l\u00e1zn\u011b m\u016f\u017eete pou\u017e\u00edt i v such\u00e9 v\u00fdstavb\u011b a vytvo\u0159it z nich kr\u00e1sn\u00e9 klenby a kopule na chodb\u011b!<\/p>\n<p>Tyto kopule lze pou\u017e\u00edt tak\u00e9 jako kryty baz\u00e9n\u016f pro vnit\u0159n\u00ed pou\u017eit\u00ed. Vyr\u00e1b\u00edme tak\u00e9 jak\u00fdkoli jin\u00fd tvar kopule parn\u00ed l\u00e1zn\u011b &#8211; a\u0165 u\u017e sudovou klenbu, nebo zcela kulatou klenbu parn\u00ed l\u00e1zn\u011b (p\u016flkruh).<\/p>\n<h2>Hlavn\u00ed vyu\u017eit\u00ed kopule parn\u00ed l\u00e1zn\u011b: <span class=\"fancy-underline\">parn\u00ed l\u00e1ze\u0148<\/span>, hamam, tepid\u00e1rium, caldarium<\/h2>\n<p>&nbsp;<\/p>\n","protected":false},"excerpt":{"rendered":"<h2>Kopule parn\u00ed l\u00e1zn\u011b na m\u00edru &#8211; z EPS o tlou\u0161\u0165ce <em>8 cm<\/em> <\/h2>\n<p>Vyrob\u00edme v\u00e1m kopuli parn\u00ed l\u00e1zn\u011b z EPS na m\u00edru podle va\u0161ich rozm\u011br\u016f. Zadejte \u0161\u00ed\u0159ku a d\u00e9lku parn\u00ed l\u00e1zn\u011b minus 1 cm na obou stran\u00e1ch.<\/p>\n","protected":false},"featured_media":10281,"template":"","meta":[],"product_brand":[],"product_cat":[4010,4012],"product_tag":[4559,4571,4573,4554,4560,4563,4566,4572,4574,4556,4569],"class_list":{"0":"post-29728","1":"product","2":"type-product","3":"status-publish","4":"has-post-thumbnail","6":"product_cat-dily-tvarovane-v-parni-lazni","7":"product_cat-specialni-tvary-z-eps","8":"product_tag-klenba-strechy-parni-lazne","9":"product_tag-klenuta-strecha","10":"product_tag-kopule-bazenu","11":"product_tag-kopule-parni-lazne","12":"product_tag-kopule-parni-lazne-cs","13":"product_tag-kopule-parni-lazne-cs-2","14":"product_tag-kopule-parni-sprchy","15":"product_tag-kopule-pro-parni-lazen","16":"product_tag-ohrazeni-bazenu","17":"product_tag-strecha-parni-lazne","18":"product_tag-trezor","19":"product_shipping_class-objemne-zbozi","21":"first","22":"instock","23":"taxable","24":"shipping-taxable","25":"purchasable","26":"product-type-simple"},"_links":{"self":[{"href":"https:\/\/www.soleum.de\/cs\/wp-json\/wp\/v2\/product\/29728","targetHints":{"allow":["GET"]}}],"collection":[{"href":"https:\/\/www.soleum.de\/cs\/wp-json\/wp\/v2\/product"}],"about":[{"href":"https:\/\/www.soleum.de\/cs\/wp-json\/wp\/v2\/types\/product"}],"wp:featuredmedia":[{"embeddable":true,"href":"https:\/\/www.soleum.de\/cs\/wp-json\/wp\/v2\/media\/10281"}],"wp:attachment":[{"href":"https:\/\/www.soleum.de\/cs\/wp-json\/wp\/v2\/media?parent=29728"}],"wp:term":[{"taxonomy":"product_brand","embeddable":true,"href":"https:\/\/www.soleum.de\/cs\/wp-json\/wp\/v2\/product_brand?post=29728"},{"taxonomy":"product_cat","embeddable":true,"href":"https:\/\/www.soleum.de\/cs\/wp-json\/wp\/v2\/product_cat?post=29728"},{"taxonomy":"product_tag","embeddable":true,"href":"https:\/\/www.soleum.de\/cs\/wp-json\/wp\/v2\/product_tag?post=29728"}],"curies":[{"name":"wp","href":"https:\/\/api.w.org\/{rel}","templated":true}]}}