{"id":29754,"date":"2017-01-24T09:19:42","date_gmt":"2017-01-24T08:19:42","guid":{"rendered":"https:\/\/www.soleum.de\/shop\/nezarazene\/krabice-s-technologii-parni-lazne\/"},"modified":"2024-02-23T17:03:29","modified_gmt":"2024-02-23T16:03:29","slug":"box-s-technologii-parni-lazne","status":"publish","type":"product","link":"https:\/\/www.soleum.de\/cs\/shop\/technologie-parni-lazne\/box-s-technologii-parni-lazne\/","title":{"rendered":"Krabice s technologi\u00ed parn\u00ed l\u00e1zn\u011b"},"content":{"rendered":"<h1>Technick\u00e1 krabice parn\u00ed l\u00e1zn\u011b od spole\u010dnosti SOLEUM<\/h1>\n<p>Rozm\u011bry: p\u0159ibli\u017en\u011b 500 x 250 x 120 mm<\/p>\n<p>S na\u0161\u00edm nov\u00fdm technologick\u00fdm boxem pro parn\u00ed l\u00e1zn\u011b p\u0159ipraven\u00fdm k p\u0159ipojen\u00ed m\u016f\u017eete snadno p\u0159ipojit na\u0161e komponenty parn\u00ed l\u00e1zn\u011b.<\/p>\n<p>Uvnit\u0159 je kompletn\u011b p\u0159edp\u0159ipraven k zapojen\u00ed a nen\u00ed t\u0159eba &#8222;\u0161roubovat&#8220; s d\u00edly pod nap\u011bt\u00edm. V\u0161e je &#8222;PLUG and PLAY&#8220; &#8211; p\u0159ipraveno k zapojen\u00ed:<\/p>\n<h2>VLASTNOSTI Krabice s technologi\u00ed parn\u00ed l\u00e1zn\u011b:<\/h2>\n<ul>\n<li>Pro ka\u017ed\u00fd topn\u00fd okruh je mo\u017en\u00e9 pou\u017e\u00edt <strong>samostatn\u00e9 p\u0159\u00edvodn\u00ed veden\u00ed<\/strong> (rozd\u011bluje tak\u00e9 v\u00fdkon).<\/li>\n<li>Oba topn\u00e9 okruhy jsou <strong>samostatn\u011b ji\u0161t\u011bn\u00e9<\/strong><\/li>\n<li>Integrovan\u00fd regul\u00e1tor vyt\u00e1p\u011bn\u00ed pro 2 samostatn\u00e9 topn\u00e9 okruhy (rozsah nastaven\u00ed teploty 0-60 \u00b0C).<\/li>\n<li>Nastaven\u00ed <strong>odd\u011blen\u00fdch teplot<\/strong> (st\u011bny = topn\u00fd okruh 1 lze nastavit &#8222;teplej\u0161\u00ed&#8220;, lavice\/leh\u00e1tka\/podlaha = topn\u00fd okruh 2 se obvykle nastavuje m\u00edrn\u011bj\u0161\u00ed na cca 38 \u00b0C).<\/li>\n<li>Na jeden topn\u00fd okruh lze p\u0159ipojit a\u017e 7 topn\u00fdch roho\u017e\u00ed.<\/li>\n<li>P\u0159ipraveno k zapojen\u00ed &#8211; minim\u00e1ln\u00ed n\u00e1roky na p\u0159ipojen\u00ed!<\/li>\n<li>P\u0159ipojen\u00ed pro <a href=\"https:\/\/www.soleum.de\/shop\/dampfbadtechnik\/duftstoffpumpe-dosierpumpe\/\">vonn\u00e9 \u010derpadlo<\/a><\/li>\n<li>P\u0159\u00edpojka pro kompresor SOLE (tak\u00e9 pro dodate\u010dnou mont\u00e1\u017e, pokud je sp\u00edna\u010d um\u00edst\u011bn uvnit\u0159 nebo vn\u011b parn\u00ed l\u00e1zn\u011b)<\/li>\n<li>Nap\u00e1jen\u00ed 24 V DC pro ovl\u00e1d\u00e1n\u00ed barevn\u00e9ho sv\u011btla LED<\/li>\n<li>12V DC z\u00e1suvka<\/li>\n<li>Dva samostatn\u00e9 b\u00edl\u00e9 sv\u011bteln\u00e9 LED obvody (nap\u0159. 1. stropn\u00ed sv\u011btlo 2. sv\u011bteln\u00fd v\u00fdklenek)<\/li>\n<\/ul>\n<p>P\u0159esto\u017ee je p\u0159ipojen\u00ed technick\u00e9 sk\u0159\u00ed\u0148ky velmi snadn\u00e9, doporu\u010dujeme, aby technickou sk\u0159\u00ed\u0148ku parn\u00ed l\u00e1zn\u011b p\u0159ipojil certifikovan\u00fd elektrik\u00e1\u0159. Jeho pr\u00e1ce se v\u0161ak v podstat\u011b omezuje na mont\u00e1\u017e p\u00e1rov\u00fdch konektor\u016f k p\u0159\u00edslu\u0161n\u00fdm <a href=\"https:\/\/www.soleum.de\/shop\/dampfbadheizmatten\/dampfbadheizmatten-auf-mass\/\">topn\u00fdm roho\u017e\u00edm<\/a>, <a href=\"https:\/\/www.soleum.de\/shop\/dampfbadtechnik\/dampfbad-led\/\">LED sv\u00edtidl\u016fm<\/a>, p\u0159\u00edvodn\u00edm kabel\u016fm atd.<\/p>\n<p>P\u0159i zakoupen\u00ed boxu s technologi\u00ed parn\u00ed l\u00e1zn\u011b je samoz\u0159ejm\u011b p\u0159ilo\u017eeno sch\u00e9ma zapojen\u00ed\/sch\u00e9ma p\u0159ipojen\u00ed!<\/p><\/p>\n","protected":false},"excerpt":{"rendered":"<p>S na\u0161\u00edm nov\u00fdm technologick\u00fdm boxem pro parn\u00ed l\u00e1zn\u011b p\u0159ipraven\u00fdm k p\u0159ipojen\u00ed m\u016f\u017eete snadno p\u0159ipojit na\u0161e komponenty parn\u00ed l\u00e1zn\u011b. P\u0159edem zapojen\u00e9 a p\u0159ipraven\u00e9 k zapojen\u00ed.<\/p>\n","protected":false},"featured_media":10253,"template":"","meta":[],"product_brand":[],"product_cat":[3452],"product_tag":[4660,4658,4662,3552],"class_list":{"0":"post-29754","1":"product","2":"type-product","3":"status-publish","4":"has-post-thumbnail","6":"product_cat-technologie-parni-lazne","7":"product_tag-technicky-box","8":"product_tag-technicky-box-parni-lazne","9":"product_tag-technologicky-box-soleum","10":"product_tag-technologie-parni-lazne","11":"product_shipping_class-paket-5-10kg-cs","13":"first","14":"outofstock","15":"taxable","16":"shipping-taxable","17":"purchasable","18":"product-type-simple"},"_links":{"self":[{"href":"https:\/\/www.soleum.de\/cs\/wp-json\/wp\/v2\/product\/29754","targetHints":{"allow":["GET"]}}],"collection":[{"href":"https:\/\/www.soleum.de\/cs\/wp-json\/wp\/v2\/product"}],"about":[{"href":"https:\/\/www.soleum.de\/cs\/wp-json\/wp\/v2\/types\/product"}],"wp:featuredmedia":[{"embeddable":true,"href":"https:\/\/www.soleum.de\/cs\/wp-json\/wp\/v2\/media\/10253"}],"wp:attachment":[{"href":"https:\/\/www.soleum.de\/cs\/wp-json\/wp\/v2\/media?parent=29754"}],"wp:term":[{"taxonomy":"product_brand","embeddable":true,"href":"https:\/\/www.soleum.de\/cs\/wp-json\/wp\/v2\/product_brand?post=29754"},{"taxonomy":"product_cat","embeddable":true,"href":"https:\/\/www.soleum.de\/cs\/wp-json\/wp\/v2\/product_cat?post=29754"},{"taxonomy":"product_tag","embeddable":true,"href":"https:\/\/www.soleum.de\/cs\/wp-json\/wp\/v2\/product_tag?post=29754"}],"curies":[{"name":"wp","href":"https:\/\/api.w.org\/{rel}","templated":true}]}}