{"id":29769,"date":"2017-05-31T10:37:21","date_gmt":"2017-05-31T08:37:21","guid":{"rendered":"https:\/\/www.soleum.de\/shop\/nezarazene\/termostaticky-regulator-vytapeni-pro-topne-rohoze\/"},"modified":"2024-02-23T17:05:01","modified_gmt":"2024-02-23T16:05:01","slug":"termostat-regulator-topeni-pro-topne-rohoze","status":"publish","type":"product","link":"https:\/\/www.soleum.de\/cs\/shop\/ohrivaci-rohoze-pro-parni-lazne\/termostat-regulator-topeni-pro-topne-rohoze\/","title":{"rendered":"Termostatick\u00fd regul\u00e1tor vyt\u00e1p\u011bn\u00ed pro topn\u00e9 roho\u017ee"},"content":{"rendered":"<p>Termostatick\u00fd regul\u00e1tor topen\u00ed pro topn\u00e9 roho\u017ee TE077<\/p>\n<p>Rozm\u011bry: 128&#215;35 mm (hloubka 60 mm)<\/p>\n<p>&#8211; Univerz\u00e1ln\u00ed regul\u00e1tor teploty pro instalaci do rozd\u011blova\u010de (li\u0161ta DIN 35 mm)<br \/>\n&#8211; Knofl\u00edk pro nastaven\u00ed teploty<\/p>\n<p>v\u010detn\u011b. Sonda s kabelem o d\u00e9lce 4 m<\/p>\n<p>230 V AC, 50\/60 Hz<br \/>\nIP 40<\/p>\n","protected":false},"excerpt":{"rendered":"<p>Termostatick\u00fd regul\u00e1tor topen\u00ed pro topn\u00e9 roho\u017ee TE077<\/p>\n<p>v\u010detn\u011b. Sonda s kabelem o d\u00e9lce 4 m<\/p>\n","protected":false},"featured_media":13809,"template":"","meta":[],"product_brand":[],"product_cat":[3423],"product_tag":[4682,4683,4685,4681,4684,4680],"class_list":{"0":"post-29769","1":"product","2":"type-product","3":"status-publish","4":"has-post-thumbnail","6":"product_cat-ohrivaci-rohoze-pro-parni-lazne","7":"product_tag-regulator-vytapeni","8":"product_tag-regulator-vytapeni-pro-topne-rohoze","9":"product_tag-te077-cs","10":"product_tag-termostat","11":"product_tag-termostat-pro-topne-rohoze","12":"product_tag-termostaticky-regulator-vytapeni-pro-topne-rohoze","13":"product_shipping_class-paket-5-10kg-cs","15":"first","16":"instock","17":"taxable","18":"shipping-taxable","19":"purchasable","20":"product-type-simple"},"_links":{"self":[{"href":"https:\/\/www.soleum.de\/cs\/wp-json\/wp\/v2\/product\/29769","targetHints":{"allow":["GET"]}}],"collection":[{"href":"https:\/\/www.soleum.de\/cs\/wp-json\/wp\/v2\/product"}],"about":[{"href":"https:\/\/www.soleum.de\/cs\/wp-json\/wp\/v2\/types\/product"}],"wp:featuredmedia":[{"embeddable":true,"href":"https:\/\/www.soleum.de\/cs\/wp-json\/wp\/v2\/media\/13809"}],"wp:attachment":[{"href":"https:\/\/www.soleum.de\/cs\/wp-json\/wp\/v2\/media?parent=29769"}],"wp:term":[{"taxonomy":"product_brand","embeddable":true,"href":"https:\/\/www.soleum.de\/cs\/wp-json\/wp\/v2\/product_brand?post=29769"},{"taxonomy":"product_cat","embeddable":true,"href":"https:\/\/www.soleum.de\/cs\/wp-json\/wp\/v2\/product_cat?post=29769"},{"taxonomy":"product_tag","embeddable":true,"href":"https:\/\/www.soleum.de\/cs\/wp-json\/wp\/v2\/product_tag?post=29769"}],"curies":[{"name":"wp","href":"https:\/\/api.w.org\/{rel}","templated":true}]}}