{"id":29779,"date":"2020-07-18T11:12:47","date_gmt":"2020-07-18T09:12:47","guid":{"rendered":"https:\/\/www.soleum.de\/shop\/nezarazene\/nerezova-rucni-sprcha-soleum-tree-inox\/"},"modified":"2024-02-23T17:07:21","modified_gmt":"2024-02-23T16:07:21","slug":"nerezova-ocel-rucni-sprcha-podrazka-strom-inox","status":"publish","type":"product","link":"https:\/\/www.soleum.de\/cs\/shop\/rucni-sprchove-armatury\/nerezova-ocel-rucni-sprcha-podrazka-strom-inox\/","title":{"rendered":"Nerezov\u00e1 ru\u010dn\u00ed sprcha SOLEUM-TREE-INOX"},"content":{"rendered":"<p>Nerezov\u00e1 ru\u010dn\u00ed sprcha SOLEUM-TREE-INOX SET (design z It\u00e1lie) sest\u00e1vaj\u00edc\u00ed z<\/p>\n<ol>\n<li>Bezs\u00e1drov\u00e9 t\u011bleso s mont\u00e1\u017en\u00ed hloubkou pouh\u00fdch 50 mm<\/li>\n<li>Sprchov\u00e1 hadice tkan\u00e1 L=150cm nerezov\u00e1 ocel matn\u00e1<\/li>\n<li>  N\u00e1st\u011bnn\u00e1 sprchov\u00e1 hadice G1\/2 s dr\u017e\u00e1kem<\/li>\n<li>Regul\u00e1tor studen\u00e9 vody<\/li>\n<\/ol>\n","protected":false},"excerpt":{"rendered":"<p>Nerezov\u00e1 ru\u010dn\u00ed sprcha SOLEUM-TREE-INOX Kneippova hadice, skryt\u00e1 armatura, matn\u00fd kart\u00e1\u010d.<br \/>\nModel: SOLEUM-TREE-INOX<\/p>\n","protected":false},"featured_media":17862,"template":"","meta":[],"product_brand":[],"product_cat":[4728],"product_tag":[4732,4733,4730,4736,4735,4729,4731,4734],"class_list":{"0":"post-29779","1":"product","2":"type-product","3":"status-publish","4":"has-post-thumbnail","6":"product_cat-rucni-sprchove-armatury","7":"product_tag-kneippova-hadice-z-nerezove-oceli","8":"product_tag-parni-lazen-na-cisteni-hadic","9":"product_tag-rucni-sprcha","10":"product_tag-rucni-sprcha-pro-parni-lazen","11":"product_tag-rucni-sprcha-pro-solankovou-parni-lazen","12":"product_tag-rucni-sprcha-solemina-v4a","13":"product_tag-rucni-sprcha-z-nerezove-oceli","14":"product_tag-sprcha-se-studenou-vodou","16":"first","17":"instock","18":"taxable","19":"shipping-taxable","20":"purchasable","21":"product-type-simple"},"_links":{"self":[{"href":"https:\/\/www.soleum.de\/cs\/wp-json\/wp\/v2\/product\/29779","targetHints":{"allow":["GET"]}}],"collection":[{"href":"https:\/\/www.soleum.de\/cs\/wp-json\/wp\/v2\/product"}],"about":[{"href":"https:\/\/www.soleum.de\/cs\/wp-json\/wp\/v2\/types\/product"}],"wp:featuredmedia":[{"embeddable":true,"href":"https:\/\/www.soleum.de\/cs\/wp-json\/wp\/v2\/media\/17862"}],"wp:attachment":[{"href":"https:\/\/www.soleum.de\/cs\/wp-json\/wp\/v2\/media?parent=29779"}],"wp:term":[{"taxonomy":"product_brand","embeddable":true,"href":"https:\/\/www.soleum.de\/cs\/wp-json\/wp\/v2\/product_brand?post=29779"},{"taxonomy":"product_cat","embeddable":true,"href":"https:\/\/www.soleum.de\/cs\/wp-json\/wp\/v2\/product_cat?post=29779"},{"taxonomy":"product_tag","embeddable":true,"href":"https:\/\/www.soleum.de\/cs\/wp-json\/wp\/v2\/product_tag?post=29779"}],"curies":[{"name":"wp","href":"https:\/\/api.w.org\/{rel}","templated":true}]}}