{"id":29795,"date":"2020-07-21T08:11:34","date_gmt":"2020-07-21T06:11:34","guid":{"rendered":"https:\/\/www.soleum.de\/shop\/nezarazene\/textilni-sklenena-sitovina-sitovina-ze-sklenenych-vlaken\/"},"modified":"2024-02-23T17:07:25","modified_gmt":"2024-02-23T16:07:25","slug":"textilni-sit-ze-sklenenych-vlaken","status":"publish","type":"product","link":"https:\/\/www.soleum.de\/cs\/shop\/sprchove-sedatko\/textilni-sit-ze-sklenenych-vlaken\/","title":{"rendered":"Textiln\u00ed sklen\u011bn\u00e1 s\u00ed\u0165ovina, s\u00ed\u0165ovina ze sklen\u011bn\u00fdch vl\u00e1ken"},"content":{"rendered":"<h1>Textiln\u00ed sklen\u011bn\u00e1 s\u00ed\u0165ka, s\u00ed\u0165ka ze sklen\u011bn\u00fdch vl\u00e1ken pro p\u0159ipevn\u011bn\u00ed na sprchov\u00e9 sed\u00e1tko<\/h1>\n<p>Vhodn\u00e9 pro sprchov\u00e9 sed\u00e1tko BT.A a BT.B<br \/>\nZde od\u0159\u00edzneme<strong> pot\u0159ebn\u00e9 mno\u017estv\u00ed<\/strong> (obr\u00e1zek je symbolick\u00fd!) a p\u0159id\u00e1me ho na lavici.<\/p>\n","protected":false},"excerpt":{"rendered":"<p>Textiln\u00ed sklen\u011bn\u00e1 s\u00ed\u0165ka, s\u00ed\u0165ka ze sklen\u011bn\u00fdch vl\u00e1ken pro p\u0159ipevn\u011bn\u00ed na sprchov\u00e9 sed\u00e1tko Vhodn\u00e9 pro sprchov\u00e9 sed\u00e1tko BT.A a BT.B Zde od\u0159\u00edzneme pot\u0159ebn\u00e9 mno\u017estv\u00ed (obr\u00e1zek je symbolick\u00fd!) a p\u0159id\u00e1me ho na lavici.<\/p>\n","protected":false},"featured_media":17967,"template":"","meta":[],"product_brand":[],"product_cat":[3669],"product_tag":[4789,4788],"class_list":{"0":"post-29795","1":"product","2":"type-product","3":"status-publish","4":"has-post-thumbnail","6":"product_cat-sprchove-sedatko","7":"product_tag-opticka-sit","8":"product_tag-textilni-sklenena-mrizka","10":"first","11":"instock","12":"taxable","13":"shipping-taxable","14":"purchasable","15":"product-type-simple"},"_links":{"self":[{"href":"https:\/\/www.soleum.de\/cs\/wp-json\/wp\/v2\/product\/29795","targetHints":{"allow":["GET"]}}],"collection":[{"href":"https:\/\/www.soleum.de\/cs\/wp-json\/wp\/v2\/product"}],"about":[{"href":"https:\/\/www.soleum.de\/cs\/wp-json\/wp\/v2\/types\/product"}],"wp:featuredmedia":[{"embeddable":true,"href":"https:\/\/www.soleum.de\/cs\/wp-json\/wp\/v2\/media\/17967"}],"wp:attachment":[{"href":"https:\/\/www.soleum.de\/cs\/wp-json\/wp\/v2\/media?parent=29795"}],"wp:term":[{"taxonomy":"product_brand","embeddable":true,"href":"https:\/\/www.soleum.de\/cs\/wp-json\/wp\/v2\/product_brand?post=29795"},{"taxonomy":"product_cat","embeddable":true,"href":"https:\/\/www.soleum.de\/cs\/wp-json\/wp\/v2\/product_cat?post=29795"},{"taxonomy":"product_tag","embeddable":true,"href":"https:\/\/www.soleum.de\/cs\/wp-json\/wp\/v2\/product_tag?post=29795"}],"curies":[{"name":"wp","href":"https:\/\/api.w.org\/{rel}","templated":true}]}}