{"id":29798,"date":"2020-07-17T15:56:15","date_gmt":"2020-07-17T13:56:15","guid":{"rendered":"https:\/\/www.soleum.de\/shop\/nezarazene\/rucni-sprcha-solemina-v4a\/"},"modified":"2024-02-23T17:07:12","modified_gmt":"2024-02-23T16:07:12","slug":"rucni-sprcha-solemina-v4a","status":"publish","type":"product","link":"https:\/\/www.soleum.de\/cs\/shop\/rucni-sprchove-armatury\/rucni-sprcha-solemina-v4a\/","title":{"rendered":"Ru\u010dn\u00ed sprcha SOLEMINA V4A"},"content":{"rendered":"<p>Sada ru\u010dn\u00ed sprchy SOLEMINA V4A z nerezov\u00e9 oceli sest\u00e1vaj\u00edc\u00ed z<\/p>\n<ol>\n<li style=\"list-style-type: none;\">\n<ol>\n<li>NEREZOV\u00c1 OCEL V4A Ru\u010dn\u00ed sprcha zahnut\u00e1 L=145mm D=21mm, AISI 316Lmatt<\/li>\n<li>Sprchov\u00e1 hadice tkan\u00e1 L=150cm matn\u00e1 nerezov\u00e1 ocel Spojky M10X1 \/ 1\/2<\/li>\n<li>Nerezov\u00e1 n\u00e1st\u011bnn\u00e1 z\u00e1suvka V4A pod om\u00edtku H=60mm v\u010d. Mont\u00e1\u017en\u00ed deska, AISI 316 matn\u00e1<\/li>\n<li>Nerezov\u00e1 ocel V4A Sprchov\u00e1 hadice n\u00e1st\u011bnn\u00e1 v\u00fdpus\u0165 G1\/2 s dr\u017e\u00e1kem P\u0159ipoj. M10x1 D=R70\/42, AISI 316 matn\u00fd<\/li>\n<li>Nerezov\u00fd regul\u00e1tor studen\u00e9 vody V4A s UP na mont\u00e1\u017en\u00ed desce, AISI316L matn\u00fd<\/li>\n<\/ol>\n<\/li>\n<\/ol>\n<p>N\u00e1t\u011brem nitridu titanu (TiN) lze nerezovou ocel zbarvit do r\u016fzn\u00fdch kovov\u00fdch odst\u00edn\u016f. Povlak je bezpe\u010dn\u00fd pro potraviny, odoln\u00fd v\u016f\u010di barv\u00e1m, UV z\u00e1\u0159en\u00ed a koroziKvalitn\u00ed materi\u00e1ly Z\u00e1kladn\u00ed plechy z nerezov\u00e9 oceli Standardn\u00ed barevn\u00e1 strana A. Zrcadlov\u011b le\u0161t\u011bn\u00e9\/le\u0161t\u011bn\u00e9 do vysok\u00e9ho lesku brou\u0161en\u00e9 povrchy z nerezov\u00e9 oceli \u010d. 8 tryskan\u00e9 sklen\u011bn\u00fdmi perli\u010dkami, keramicky nebo korundem perforovan\u00e9 plechy z nerezov\u00e9 oceli (v\u010detn\u011b vnit\u0159n\u00edho otvoru) (K 80-1200). Mikrofotografie pod\u00e9ln\u00e1 a p\u0159\u00ed\u010dn\u00e1, vlasov\u00e1 linie, vibrace  <\/p>\n\t<div id=\"gap-396079454\" class=\"gap-element clearfix\" style=\"display:block; height:auto;\">\n\t\t\n<style>\n#gap-396079454 {\n  padding-top: 48px;\n}\n<\/style>\n\t<\/div>\n\t\n<div class=\"container section-title-container\" ><h3 class=\"section-title section-title-normal\"><b aria-hidden=\"true\"><\/b><span class=\"section-title-main\" >Mo\u017en\u00e9 jsou r\u016fzn\u00e9 n\u00e1t\u011bry<\/span><b aria-hidden=\"true\"><\/b><\/h3><\/div>\n<p>N\u00e1t\u011brem nitridu titanu (TiN) lze nerezovou ocel zbarvit do r\u016fzn\u00fdch kovov\u00fdch odst\u00edn\u016f.<br \/>\nPovlak je bezpe\u010dn\u00fd pro potraviny, barevn\u00fd, odoln\u00fd proti UV z\u00e1\u0159en\u00ed a korozi.<\/p>\n<p>Barviteln\u00e9 materi\u00e1ly<br \/>\nZ\u00e1kladn\u00ed desky z nerezov\u00e9 oceli<br \/>\nStandardn\u00ed barevn\u00e1 strana A. Mo\u017en\u00e9 na obou stran\u00e1ch.<\/p>\n<p>Zrcadlov\u00e1\/le\u0161t\u011bn\u00e1 nerezov\u00e1 ocel s vysok\u00fdm leskem \u010d. 8<br \/>\nnerezov\u00e1 ocel tryskan\u00e1 sklem, keramikou nebo korundem.<br \/>\nPerforovan\u00e9 plechy (v\u010detn\u011b vnit\u0159n\u00edho otvoru)<br \/>\nzemn\u00ed povrchy (K 80-1200). Mikrofotografie pod\u00e9ln\u00e1 a p\u0159\u00ed\u010dn\u00e1, vlasov\u00e1 linie, vibrace<\/p>\n\t<div class=\"img has-hover x md-x lg-x y md-y lg-y\" id=\"image_1390520455\">\n\t\t\t\t\t\t\t\t<div class=\"img-inner dark\" >\n\t\t\t<img loading=\"lazy\" decoding=\"async\" width=\"913\" height=\"411\" src=\"https:\/\/www.soleum.de\/wp-content\/uploads\/2020\/07\/Beschichtungen.jpg\" class=\"attachment-large size-large\" alt=\"\" srcset=\"https:\/\/www.soleum.de\/wp-content\/uploads\/2020\/07\/Beschichtungen.jpg 913w, https:\/\/www.soleum.de\/wp-content\/uploads\/2020\/07\/Beschichtungen-800x360.jpg 800w, https:\/\/www.soleum.de\/wp-content\/uploads\/2020\/07\/Beschichtungen-768x346.jpg 768w, https:\/\/www.soleum.de\/wp-content\/uploads\/2020\/07\/Beschichtungen-510x230.jpg 510w\" sizes=\"auto, (max-width: 913px) 100vw, 913px\" \/>\t\t\t\t\t\t\n\t\t\t\t\t<\/div>\n\t\t\t\t\t\t\t\t\n<style>\n#image_1390520455 {\n  width: 90%;\n}\n<\/style>\n\t<\/div>\n\t\n\t<div id=\"gap-1632947975\" class=\"gap-element clearfix\" style=\"display:block; height:auto;\">\n\t\t\n<style>\n#gap-1632947975 {\n  padding-top: 62px;\n}\n<\/style>\n\t<\/div>\n\t\n<div class=\"container section-title-container\" ><h3 class=\"section-title section-title-normal\"><b aria-hidden=\"true\"><\/b><span class=\"section-title-main\" >Kov\u00e1n\u00ed z nerezov\u00e9 oceli \u010dern\u00e9<\/span><b aria-hidden=\"true\"><\/b><\/h3><\/div>\n\t<div class=\"img has-hover x md-x lg-x y md-y lg-y\" id=\"image_1451728348\">\n\t\t\t\t\t\t\t\t<div class=\"img-inner dark\" >\n\t\t\t<img loading=\"lazy\" decoding=\"async\" width=\"800\" height=\"640\" src=\"https:\/\/www.soleum.de\/wp-content\/uploads\/2020\/07\/farbfaecher_schwarz.jpg\" class=\"attachment-large size-large\" alt=\"\" srcset=\"https:\/\/www.soleum.de\/wp-content\/uploads\/2020\/07\/farbfaecher_schwarz.jpg 800w, https:\/\/www.soleum.de\/wp-content\/uploads\/2020\/07\/farbfaecher_schwarz-500x400.jpg 500w, https:\/\/www.soleum.de\/wp-content\/uploads\/2020\/07\/farbfaecher_schwarz-768x614.jpg 768w, https:\/\/www.soleum.de\/wp-content\/uploads\/2020\/07\/farbfaecher_schwarz-510x408.jpg 510w\" sizes=\"auto, (max-width: 800px) 100vw, 800px\" \/>\t\t\t\t\t\t\n\t\t\t\t\t<\/div>\n\t\t\t\t\t\t\t\t\n<style>\n#image_1451728348 {\n  width: 90%;\n}\n<\/style>\n\t<\/div>\n\t\n","protected":false},"excerpt":{"rendered":"<p>Ru\u010dn\u00ed sprcha\/hadice STAINLESS STEEL, skryt\u00e1 armatura, matn\u00fd kart\u00e1\u010d.<br \/>\nModel: SOLEMINA V4A<\/p>\n","protected":false},"featured_media":17855,"template":"","meta":[],"product_brand":[],"product_cat":[4728],"product_tag":[4732,4733,4730,4736,4735,4729,4731,4734],"class_list":{"0":"post-29798","1":"product","2":"type-product","3":"status-publish","4":"has-post-thumbnail","6":"product_cat-rucni-sprchove-armatury","7":"product_tag-kneippova-hadice-z-nerezove-oceli","8":"product_tag-parni-lazen-na-cisteni-hadic","9":"product_tag-rucni-sprcha","10":"product_tag-rucni-sprcha-pro-parni-lazen","11":"product_tag-rucni-sprcha-pro-solankovou-parni-lazen","12":"product_tag-rucni-sprcha-solemina-v4a","13":"product_tag-rucni-sprcha-z-nerezove-oceli","14":"product_tag-sprcha-se-studenou-vodou","15":"product_shipping_class-paket-5-10kg-cs","17":"first","18":"instock","19":"taxable","20":"shipping-taxable","21":"purchasable","22":"product-type-simple"},"_links":{"self":[{"href":"https:\/\/www.soleum.de\/cs\/wp-json\/wp\/v2\/product\/29798","targetHints":{"allow":["GET"]}}],"collection":[{"href":"https:\/\/www.soleum.de\/cs\/wp-json\/wp\/v2\/product"}],"about":[{"href":"https:\/\/www.soleum.de\/cs\/wp-json\/wp\/v2\/types\/product"}],"wp:featuredmedia":[{"embeddable":true,"href":"https:\/\/www.soleum.de\/cs\/wp-json\/wp\/v2\/media\/17855"}],"wp:attachment":[{"href":"https:\/\/www.soleum.de\/cs\/wp-json\/wp\/v2\/media?parent=29798"}],"wp:term":[{"taxonomy":"product_brand","embeddable":true,"href":"https:\/\/www.soleum.de\/cs\/wp-json\/wp\/v2\/product_brand?post=29798"},{"taxonomy":"product_cat","embeddable":true,"href":"https:\/\/www.soleum.de\/cs\/wp-json\/wp\/v2\/product_cat?post=29798"},{"taxonomy":"product_tag","embeddable":true,"href":"https:\/\/www.soleum.de\/cs\/wp-json\/wp\/v2\/product_tag?post=29798"}],"curies":[{"name":"wp","href":"https:\/\/api.w.org\/{rel}","templated":true}]}}