{"id":29858,"date":"2018-09-28T10:10:16","date_gmt":"2018-09-28T08:10:16","guid":{"rendered":"https:\/\/www.soleum.de\/shop\/nezarazene\/prepinac-vestaveny-termostat-pro-vyhrivani-rohozi\/"},"modified":"2024-02-23T17:04:57","modified_gmt":"2024-02-23T16:04:57","slug":"spinac-zapusteny-termostat-pro-topne-rohoze","status":"publish","type":"product","link":"https:\/\/www.soleum.de\/cs\/shop\/ohrivaci-rohoze-pro-parni-lazne\/spinac-zapusteny-termostat-pro-topne-rohoze\/","title":{"rendered":"P\u0159ep\u00edna\u010d vestav\u011bn\u00fd termostat pro vyh\u0159\u00edv\u00e1n\u00ed roho\u017e\u00ed"},"content":{"rendered":"<p>Tento sp\u00ednac\u00ed vestavn\u00fd termostat pro topn\u00e9 roho\u017ee model &#8222;ET-Wellness&#8220; se vyzna\u010duje funkc\u00ed \u00faspory energie a dokonale tvarovan\u00fdm designem. Dr\u00e1tov\u00fd sp\u00edna\u010d vestav\u011bn\u00fd termostat pro ovl\u00e1d\u00e1n\u00ed vyh\u0159\u00edvan\u00fdch wellness leh\u00e1tek a parn\u00edch l\u00e1zn\u00ed. Ovlada\u010d m\u00e1 velk\u00fd barevn\u00fd LCD displej; funkce volby, zda je \u0159\u00edzena teplota podlahy nebo m\u00edstnosti. Voliteln\u011b lze tak\u00e9 regulovat teplotu v m\u00edstnosti a omezit teplotu podlahy.<\/p>\n<p>&nbsp;<\/p>\n<ul>\n<li class=\"checkmark\">Zejm\u00e9na pro pou\u017eit\u00ed ve st\u011bnov\u00e9m vyt\u00e1p\u011bn\u00ed a speci\u00e1ln\u00edch aplikac\u00edch, kde je t\u0159eba regulovat teplotu a\u017e do 60 \u00b0C.<\/li>\n<li class=\"checkmark\">Jednoduch\u00e1 navigace v menu<\/li>\n<li class=\"checkmark\">Technologie fuzzy logic control zaru\u010duje konstantn\u00ed teplotu a aktivn\u011b pom\u00e1h\u00e1 \u0161et\u0159it energii.<\/li>\n<li class=\"checkmark\">Kapacitn\u00ed senzorov\u00e1 tla\u010d\u00edtka<\/li>\n<\/ul>\n<p>Technick\u00e9 \u00fadaje:<\/p>\n<table class=\"standard\" cellspacing=\"0\" cellpadding=\"0\">\n<tbody>\n<tr class=\"odd\">\n<td class=\"col1 first\">Jmenovit\u00e9 nap\u011bt\u00ed:<\/td>\n<td class=\"col2 last\">230 V<\/td>\n<\/tr>\n<tr class=\"even\">\n<td class=\"col1 first\">Sp\u00ednac\u00ed proud:<\/td>\n<td class=\"col2 last\">16 A<\/td>\n<\/tr>\n<tr class=\"odd\">\n<td class=\"col1 first\">Teplotn\u00ed rozsah:<\/td>\n<td class=\"col2 last\">5 a\u017e 60 \u00b0C<\/td>\n<\/tr>\n<tr class=\"even\">\n<td class=\"col1 first\">Mont\u00e1\u017e:<\/td>\n<td class=\"col2 last\">na zapu\u0161t\u011bn\u00e9 sp\u00ednac\u00ed sk\u0159\u00ed\u0148ce<\/td>\n<\/tr>\n<tr class=\"odd\">\n<td class=\"col1 first\">Barevn\u00fd displej:<\/td>\n<td class=\"col2 last\">B\u00edl\u00e1<\/td>\n<\/tr>\n<tr class=\"even\">\n<td class=\"col1 first\">Pozemn\u00ed senzor:<\/td>\n<td class=\"col2 last\">3 m (max. 50 m)<\/td>\n<\/tr>\n<tr class=\"odd\">\n<td class=\"col1 first\">T\u0159\u00edda ochrany:<\/td>\n<td class=\"col2 last\">IP 21<\/td>\n<\/tr>\n<\/tbody>\n<\/table>\n","protected":false},"excerpt":{"rendered":"<p>Tento sp\u00ednac\u00ed vestavn\u00fd termostat pro topn\u00e9 roho\u017ee model &#8222;ET-Wellness&#8220; se vyzna\u010duje funkc\u00ed \u00faspory energie a dokonale tvarovan\u00fdm designem.<\/p>\n","protected":false},"featured_media":15811,"template":"","meta":[],"product_brand":[],"product_cat":[3423,3452],"product_tag":[5176,4682,4683,5179,5180,5178,4684,4680],"class_list":{"0":"post-29858","1":"product","2":"type-product","3":"status-publish","4":"has-post-thumbnail","6":"product_cat-ohrivaci-rohoze-pro-parni-lazne","7":"product_cat-technologie-parni-lazne","8":"product_tag-pokojovy-termostat","9":"product_tag-regulator-vytapeni","10":"product_tag-regulator-vytapeni-pro-topne-rohoze","11":"product_tag-ridici-jednotka-pro-topne-rohoze","12":"product_tag-rizeni-vytapeni","13":"product_tag-spinaci-termostat","14":"product_tag-termostat-pro-topne-rohoze","15":"product_tag-termostaticky-regulator-vytapeni-pro-topne-rohoze","16":"product_shipping_class-paket-5-10kg-cs","18":"first","19":"instock","20":"taxable","21":"shipping-taxable","22":"purchasable","23":"product-type-simple"},"_links":{"self":[{"href":"https:\/\/www.soleum.de\/cs\/wp-json\/wp\/v2\/product\/29858","targetHints":{"allow":["GET"]}}],"collection":[{"href":"https:\/\/www.soleum.de\/cs\/wp-json\/wp\/v2\/product"}],"about":[{"href":"https:\/\/www.soleum.de\/cs\/wp-json\/wp\/v2\/types\/product"}],"wp:featuredmedia":[{"embeddable":true,"href":"https:\/\/www.soleum.de\/cs\/wp-json\/wp\/v2\/media\/15811"}],"wp:attachment":[{"href":"https:\/\/www.soleum.de\/cs\/wp-json\/wp\/v2\/media?parent=29858"}],"wp:term":[{"taxonomy":"product_brand","embeddable":true,"href":"https:\/\/www.soleum.de\/cs\/wp-json\/wp\/v2\/product_brand?post=29858"},{"taxonomy":"product_cat","embeddable":true,"href":"https:\/\/www.soleum.de\/cs\/wp-json\/wp\/v2\/product_cat?post=29858"},{"taxonomy":"product_tag","embeddable":true,"href":"https:\/\/www.soleum.de\/cs\/wp-json\/wp\/v2\/product_tag?post=29858"}],"curies":[{"name":"wp","href":"https:\/\/api.w.org\/{rel}","templated":true}]}}