{"id":29873,"date":"2017-12-16T15:16:43","date_gmt":"2017-12-16T14:16:43","guid":{"rendered":"https:\/\/www.soleum.de\/shop\/nezarazene\/nahradni-dil-pro-parni-valec\/"},"modified":"2024-02-23T17:05:00","modified_gmt":"2024-02-23T16:05:00","slug":"nahradni-dil-pro-parni-valec","status":"publish","type":"product","link":"https:\/\/www.soleum.de\/cs\/shop\/nahradni-dily\/nahradni-dil-pro-parni-valec\/","title":{"rendered":"N\u00e1hradn\u00ed d\u00edl pro parn\u00ed v\u00e1lec"},"content":{"rendered":"<h1>N\u00e1hradn\u00ed d\u00edl parn\u00edho v\u00e1lce pro n\u00edzkou nebo st\u0159edn\u00ed vodivost<\/h1>\n<h2>pro parn\u00ed gener\u00e1tory SOL-Steam SOL-005, SOL-008, SOL-010, SOL-015, SOL-018<\/h2>\n<div><span style=\"font-size: 120%;\">N\u00e1hradn\u00ed d\u00edl parn\u00edho v\u00e1lce pro n\u00edzkou vodivost vody: <strong>75-350 \u00b5S\/cm<\/strong><\/span><\/div>\n<div>\n<div><span style=\"font-size: 120%;\">N\u00e1hradn\u00ed d\u00edl parn\u00edho v\u00e1lce pro st\u0159edn\u00ed vodivost vody: <strong>350-1250 \u00b5S\/cm (standardn\u00ed v\u00e1lec<\/strong>)<\/span><\/div>\n<\/div>\n\t<div id=\"gap-878501757\" class=\"gap-element clearfix\" style=\"display:block; height:auto;\">\n\t\t\n<style>\n#gap-878501757 {\n  padding-top: 30px;\n}\n<\/style>\n\t<\/div>\n\t\n<div>V cen\u011b je ji\u017e zahrnuta sada elektrod!<\/div>\n\t<div id=\"gap-656063446\" class=\"gap-element clearfix\" style=\"display:block; height:auto;\">\n\t\t\n<style>\n#gap-656063446 {\n  padding-top: 30px;\n}\n<\/style>\n\t<\/div>\n\t\n<div>V n\u00e1sleduj\u00edc\u00edm videu uvid\u00edte, \u017ee v\u00fdm\u011bna parn\u00edho v\u00e1lce je velmi jednoduch\u00e1:<\/div>\n<p><iframe loading=\"lazy\" src=\"https:\/\/www.youtube.com\/embed\/kRphlMnuBQY?rel=0\" width=\"560\" height=\"315\" frameborder=\"0\" allowfullscreen=\"allowfullscreen\"><\/iframe><\/p>\n<div>\n<h2>Kvalita vody a parn\u00ed v\u00e1lec &#8211; \u017eivotnost<\/h2>\n<p>Vztah mezi tvrdost\u00ed vody a \u017eivotnost\u00ed v\u00e1lce nen\u00ed line\u00e1rn\u00ed a nelze jej vypo\u010d\u00edtat. Tvrdost vody, \u00b0dH = stupn\u011b n\u011bmeck\u00e9 tvrdosti, se vztahuje pouze na pod\u00edl rozpu\u0161t\u011bn\u00e9ho v\u00e1pn\u00edku (v\u00e1pn\u00edku a iont\u016f) ve vod\u011b. Vodivost se ur\u010duje podle mno\u017estv\u00ed rozpu\u0161t\u011bn\u00fdch sol\u00ed a kov\u016f. Slo\u017een\u00ed vod a vz\u00e1jemn\u00e9 pom\u011bry rozpu\u0161t\u011bn\u00fdch l\u00e1tek jsou velmi odli\u0161n\u00e9, tak\u017ee dodnes nikdo nedok\u00e1\u017ee p\u0159esn\u011b \u0159\u00edci, pro\u010d mohou elektrodov\u00e9 zvlh\u010dova\u010de fungovat d\u00e9le s jednou vodou ne\u017e s druhou, p\u0159esto\u017ee ob\u011b maj\u00ed &#8222;dobr\u00e9 vlastnosti pitn\u00e9 vody&#8220;. N\u00e1sleduj\u00edc\u00ed hodnoty byly stanoveny st\u00e1tn\u00edm vodohospod\u00e1\u0159sk\u00fdm org\u00e1nem na z\u00e1klad\u011b rozbor\u016f vody, p\u0159i\u010dem\u017e provozn\u00ed hodiny se t\u00fdkaj\u00ed pouze tvrdosti! V \u00favahu se neberou rozpu\u0161t\u011bn\u00e9 l\u00e1tky, jako jsou miner\u00e1ly, soli a kovy, ani elektrick\u00e1 vodivost.<\/p>\n<p><img loading=\"lazy\" decoding=\"async\" class=\"aligncenter size-full wp-image-7752\" src=\"https:\/\/www.soleum.de\/wp-content\/uploads\/2017\/12\/dampfzylinder_wasserhaerte.jpg\" alt=\"Tabulka tvrdosti vody v parn\u00edm v\u00e1lci\" width=\"676\" height=\"227\" srcset=\"https:\/\/www.soleum.de\/wp-content\/uploads\/2017\/12\/dampfzylinder_wasserhaerte.jpg 676w, https:\/\/www.soleum.de\/wp-content\/uploads\/2017\/12\/dampfzylinder_wasserhaerte-510x171.jpg 510w\" sizes=\"auto, (max-width: 676px) 100vw, 676px\" \/><\/p>\n<p>Vhodn\u00fd syst\u00e9m zm\u011bk\u010dov\u00e1n\u00ed m\u016f\u017ee prodlou\u017eit \u017eivotnost lahv\u00ed. V iontom\u011bni\u010d\u00edch se slo\u017eky tvrdosti (v\u00e1pno) vym\u011b\u0148uj\u00ed za sod\u00edk (s\u016fl). Zm\u011bk\u010den\u00e1 voda pak obsahuje m\u00e9n\u011b v\u00e1pna, ale v\u00edce sol\u00ed = vy\u0161\u0161\u00ed vodivost = vy\u0161\u0161\u00ed agresivita.<\/p>\n<p>Voda s koncentrac\u00ed ni\u017e\u0161\u00ed ne\u017e 75 \u00b5S\/cm a vy\u0161\u0161\u00ed ne\u017e 1500 \u00b5S\/cm je pro elektrodov\u00e9 zvlh\u010dova\u010de nevhodn\u00e1!<\/p>\n<\/div>\n\t<div id=\"gap-870739162\" class=\"gap-element clearfix\" style=\"display:block; height:auto;\">\n\t\t\n<style>\n#gap-870739162 {\n  padding-top: 30px;\n}\n<\/style>\n\t<\/div>\n\t\n","protected":false},"excerpt":{"rendered":"<p>Nov\u00fd n\u00e1hradn\u00ed v\u00e1lec pro elektrodov\u00fd parn\u00ed gener\u00e1tor SOL-Steam<\/p>\n<p>VYBERTE PROS\u00cdM SV\u00c9 ZA\u0158\u00cdZEN\u00cd A PO\u017dADOVANOU VODIVOST VE V\u00ddB\u011aROV\u00c9M POLI N\u00cd\u017dE!<\/p>\n","protected":false},"featured_media":15223,"template":"","meta":[],"product_brand":[],"product_cat":[5214],"product_tag":[5216,5219,5222,5226,5231,4850,5235],"class_list":{"0":"post-29873","1":"product","2":"type-product","3":"status-publish","4":"has-post-thumbnail","6":"product_cat-nahradni-dily","7":"product_tag-nahradni-dil","8":"product_tag-nahradni-dil-cs","9":"product_tag-nahradni-dil-parniho-generatoru","10":"product_tag-nahradni-dil-pro-parni-nadrz","11":"product_tag-nizka-vodivost","12":"product_tag-parni-valec","13":"product_tag-prumerna-vodivost","14":"product_shipping_class-paket-5-10kg-cs","16":"first","17":"instock","18":"taxable","19":"shipping-taxable","20":"purchasable","21":"product-type-variable"},"_links":{"self":[{"href":"https:\/\/www.soleum.de\/cs\/wp-json\/wp\/v2\/product\/29873","targetHints":{"allow":["GET"]}}],"collection":[{"href":"https:\/\/www.soleum.de\/cs\/wp-json\/wp\/v2\/product"}],"about":[{"href":"https:\/\/www.soleum.de\/cs\/wp-json\/wp\/v2\/types\/product"}],"wp:featuredmedia":[{"embeddable":true,"href":"https:\/\/www.soleum.de\/cs\/wp-json\/wp\/v2\/media\/15223"}],"wp:attachment":[{"href":"https:\/\/www.soleum.de\/cs\/wp-json\/wp\/v2\/media?parent=29873"}],"wp:term":[{"taxonomy":"product_brand","embeddable":true,"href":"https:\/\/www.soleum.de\/cs\/wp-json\/wp\/v2\/product_brand?post=29873"},{"taxonomy":"product_cat","embeddable":true,"href":"https:\/\/www.soleum.de\/cs\/wp-json\/wp\/v2\/product_cat?post=29873"},{"taxonomy":"product_tag","embeddable":true,"href":"https:\/\/www.soleum.de\/cs\/wp-json\/wp\/v2\/product_tag?post=29873"}],"curies":[{"name":"wp","href":"https:\/\/api.w.org\/{rel}","templated":true}]}}