{"id":29925,"date":"2019-05-23T10:32:17","date_gmt":"2019-05-23T08:32:17","guid":{"rendered":"https:\/\/www.soleum.de\/shop\/nezarazene\/sada-barevneho-svetla-rgbw-led\/"},"modified":"2024-02-23T17:07:09","modified_gmt":"2024-02-23T16:07:09","slug":"sada-barevneho-svetla-rgbw-led","status":"publish","type":"product","link":"https:\/\/www.soleum.de\/cs\/shop\/led-zarovky\/sada-barevneho-svetla-rgbw-led\/","title":{"rendered":"Sada barevn\u00e9ho sv\u011btla RGBW LED"},"content":{"rendered":"\t<div class=\"box has-hover   has-hover box-vertical box-text-bottom\" >\n\n\t\t<div class=\"box-image\" style=\"width:50%;\">\n\t\t\t\t\t\t<div class=\"\" >\n\t\t\t\t<img loading=\"lazy\" decoding=\"async\" width=\"720\" height=\"720\" src=\"https:\/\/www.soleum.de\/wp-content\/uploads\/2019\/05\/RGBW-LEDlampe-Set.jpg\" class=\"attachment- size-\" alt=\"Sada barevn\u00e9ho sv\u011btla RGBW LED\" srcset=\"https:\/\/www.soleum.de\/wp-content\/uploads\/2019\/05\/RGBW-LEDlampe-Set.jpg 720w, https:\/\/www.soleum.de\/wp-content\/uploads\/2019\/05\/RGBW-LEDlampe-Set-280x280.jpg 280w, https:\/\/www.soleum.de\/wp-content\/uploads\/2019\/05\/RGBW-LEDlampe-Set-400x400.jpg 400w, https:\/\/www.soleum.de\/wp-content\/uploads\/2019\/05\/RGBW-LEDlampe-Set-510x510.jpg 510w, https:\/\/www.soleum.de\/wp-content\/uploads\/2019\/05\/RGBW-LEDlampe-Set-100x100.jpg 100w\" sizes=\"auto, (max-width: 720px) 100vw, 720px\" \/>\t\t\t\t\t\t\t\t\t\t\t<\/div>\n\t\t\t\t\t<\/div>\n\n\t\t<div class=\"box-text text-right is-xlarge\" >\n\t\t\t<div class=\"box-text-inner\">\n\t\t\t\t\n<h1 style=\"text-align: left;\">RGBW barevn\u00e1 sv\u011bteln\u00e1 LED sada pro parn\u00ed l\u00e1ze\u0148 a parn\u00ed sprchu nebo pro instalaci na podlahu<\/h1>\n<p style=\"text-align: left;\"><strong>IP67<\/strong>, u\u0161lechtil\u00fd design a vysoce kvalitn\u00ed robustn\u00ed konstrukce a velmi siln\u00e9 sv\u011btlo (\u010derven\u00e9, zelen\u00e9, modr\u00e9, b\u00edl\u00e9).<\/p>\n<p style=\"text-align: left;\">Pr\u016fm\u011br 14 cm, instala\u010dn\u00ed hloubka cca 11,5 cm<\/p>\n<p style=\"text-align: left;\">Lze pou\u017e\u00edt i jako <strong>zapu\u0161t\u011bn\u00fd podlahov\u00fd reflektor<\/strong>.<\/p>\n<p style=\"text-align: left;\">\u010c\u00edslo zbo\u017e\u00ed: 6431088032<\/p>\n\t\t\t<\/div>\n\t\t<\/div>\n\t<\/div>\n\t\n<div class=\"text-center\"><div class=\"is-divider divider clearfix\" style=\"max-width:800px;background-color:rgb(20, 117, 244);\"><\/div><\/div>\n\n\t<section class=\"section\" id=\"section_828803820\">\n\t\t<div class=\"section-bg fill\" >\n\t\t\t<img loading=\"lazy\" decoding=\"async\" width=\"720\" height=\"720\" src=\"https:\/\/www.soleum.de\/wp-content\/uploads\/2019\/05\/RGBW-LED-Bedienteil.jpg\" class=\"bg attachment- size-\" alt=\"Ovl\u00e1dac\u00ed panel RGBW LED\" \/>\t\t\t\t\t\t<div class=\"section-bg-overlay absolute fill\"><\/div>\n\t\t\t\n\n\t\t<\/div>\n\n\t\t\n\n\t\t<div class=\"section-content relative\">\n\t\t\t\n<div class=\"row row-large align-middle\"  id=\"row-1346883507\">\n\n\t<div id=\"col-302495687\" class=\"col medium-6 small-12 large-6\"  >\n\t\t\t\t<div class=\"col-inner\"  >\n\t\t\t\n\t\t\t\n\t<div class=\"img has-hover x md-x lg-x y md-y lg-y\" id=\"image_2077998105\">\n\t\t\t\t\t\t\t\t<div class=\"img-inner dark\" >\n\t\t\t<img loading=\"lazy\" decoding=\"async\" width=\"720\" height=\"720\" src=\"https:\/\/www.soleum.de\/wp-content\/uploads\/2019\/05\/RGBW-LED-Bedienteil.jpg\" class=\"attachment-large size-large\" alt=\"Ovl\u00e1dac\u00ed panel RGBW LED\" srcset=\"https:\/\/www.soleum.de\/wp-content\/uploads\/2019\/05\/RGBW-LED-Bedienteil.jpg 720w, https:\/\/www.soleum.de\/wp-content\/uploads\/2019\/05\/RGBW-LED-Bedienteil-280x280.jpg 280w, https:\/\/www.soleum.de\/wp-content\/uploads\/2019\/05\/RGBW-LED-Bedienteil-400x400.jpg 400w, https:\/\/www.soleum.de\/wp-content\/uploads\/2019\/05\/RGBW-LED-Bedienteil-510x510.jpg 510w, https:\/\/www.soleum.de\/wp-content\/uploads\/2019\/05\/RGBW-LED-Bedienteil-100x100.jpg 100w\" sizes=\"auto, (max-width: 720px) 100vw, 720px\" \/>\t\t\t\t\t\t\n\t\t\t\t\t<\/div>\n\t\t\t\t\t\t\t\t\n<style>\n#image_2077998105 {\n  width: 100%;\n}\n<\/style>\n\t<\/div>\n\t\n\t<div class=\"img has-hover x md-x lg-x y md-y lg-y\" id=\"image_139271000\">\n\t\t\t\t\t\t\t\t<div class=\"img-inner dark\" >\n\t\t\t<img loading=\"lazy\" decoding=\"async\" width=\"720\" height=\"720\" src=\"https:\/\/www.soleum.de\/wp-content\/uploads\/2019\/05\/RGBW-LED-Bedienteil-Rueckseite.jpg\" class=\"attachment-large size-large\" alt=\"Zadn\u00ed panel ovl\u00e1dac\u00edho panelu RGBW LED\" srcset=\"https:\/\/www.soleum.de\/wp-content\/uploads\/2019\/05\/RGBW-LED-Bedienteil-Rueckseite.jpg 720w, https:\/\/www.soleum.de\/wp-content\/uploads\/2019\/05\/RGBW-LED-Bedienteil-Rueckseite-280x280.jpg 280w, https:\/\/www.soleum.de\/wp-content\/uploads\/2019\/05\/RGBW-LED-Bedienteil-Rueckseite-400x400.jpg 400w, https:\/\/www.soleum.de\/wp-content\/uploads\/2019\/05\/RGBW-LED-Bedienteil-Rueckseite-510x510.jpg 510w, https:\/\/www.soleum.de\/wp-content\/uploads\/2019\/05\/RGBW-LED-Bedienteil-Rueckseite-100x100.jpg 100w\" sizes=\"auto, (max-width: 720px) 100vw, 720px\" \/>\t\t\t\t\t\t\n\t\t\t\t\t<\/div>\n\t\t\t\t\t\t\t\t\n<style>\n#image_139271000 {\n  width: 100%;\n}\n<\/style>\n\t<\/div>\n\t\n\t\t<\/div>\n\t\t\t\t\t<\/div>\n\n\t\n\n\t<div id=\"col-1058190575\" class=\"col medium-6 small-12 large-6\"  >\n\t\t\t\t<div class=\"col-inner text-left\"  >\n\t\t\t\n\t\t\t\n<h2>Ovl\u00e1dac\u00ed panel barevn\u00e9ho osv\u011btlen\u00ed \/ n\u00e1st\u011bnn\u00fd vyp\u00edna\u010d<\/h2>\n<p>\u0158\u00eddic\u00ed jednotka barevn\u00e9ho osv\u011btlen\u00ed nebo \u0159\u00eddic\u00ed jednotka je instalov\u00e1na p\u0159ed parn\u00ed kabinou\/parn\u00ed sprchou v b\u011b\u017en\u00e9 sp\u00ednac\u00ed sk\u0159\u00ed\u0148ce. \u0158\u00eddic\u00ed jednotka pot\u0159ebuje pouze p\u0159\u00edpojku 230 V a je pak p\u0159ipojena k \u0159\u00eddic\u00ed jednotce pomoc\u00ed r\u00e1diov\u00e9ho sign\u00e1lu. Barevn\u00fd ovlada\u010d sv\u011btel se um\u00eds\u0165uje na horn\u00ed li\u0161tu v technologick\u00e9 sk\u0159\u00edni (rozvodn\u00e9 sk\u0159\u00edni) nebo nad kabinou.<\/p>\n<p><strong>Technick\u00e9 \u00fadaje:<\/strong><\/p>\n<p>4 z\u00f3nov\u00fd r\u00e1diov\u00fd n\u00e1st\u011bnn\u00fd sp\u00edna\u010d, p\u0159ipojen\u00ed p\u0159es 230V direct<br \/>\nIntuitivn\u00ed v\u00fdb\u011br barev RGB voln\u011b voliteln\u00fd pomoc\u00ed barevn\u00e9ho kole\u010dka.<\/p>\n<p>Mo\u017enost stm\u00edv\u00e1n\u00ed jednotliv\u00fdch barev (8 \u00farovn\u00ed)<br \/>\n10 barevn\u00fdch program\u016f (p\u0159ednastaven\u00fdch)<br \/>\nMo\u017enost volby 16 rychlost\u00ed programu (4 s -256 s)<\/p>\n<p>Na jeden d\u00e1lkov\u00fd ovlada\u010d lze nau\u010dit a\u017e 4 p\u0159ij\u00edma\u010de.<br \/>\nS pam\u011bt\u00ed stavu pro p\u0159\u00edpad v\u00fdpadku nap\u00e1jen\u00ed<br \/>\nP\u0159\u00edjem do vzd\u00e1lenosti 15 metr\u016f<br \/>\nNap\u00e1jen\u00ed p\u0159es s\u00ed\u0165ov\u00fd adapt\u00e9r: 12V-24VDC, max. 0,2A<\/p>\n<p>Vys\u00edlac\u00ed v\u00fdkon: &gt;5dBm<br \/>\nR\u00e1diov\u00e1 frekvence:868,3 MHz (schv\u00e1len\u00ed EU &#8211; bez licence)<\/p>\n<p>Provozn\u00ed teplota: -10\u00b0C &#8211; +60\u00b0C<br \/>\nRozm\u011bry:<strong> 86 x 86 x 32 mm<\/strong><br \/>\nT\u0159\u00edda ochrany: IP20<\/p>\n\t\t<\/div>\n\t\t\t\t\t<\/div>\n\n\t\n<\/div>\n<div class=\"text-center\"><div class=\"is-divider divider clearfix\" style=\"max-width:800px;background-color:rgb(20, 117, 244);\"><\/div><\/div>\n<div class=\"row row-large align-middle\"  id=\"row-1670572711\">\n\n\t<div id=\"col-84275612\" class=\"col medium-6 small-12 large-6\"  >\n\t\t\t\t<div class=\"col-inner\"  >\n\t\t\t\n\t\t\t\n\t<div class=\"img has-hover x md-x lg-x y md-y lg-y\" id=\"image_1901504997\">\n\t\t\t\t\t\t\t\t<div class=\"img-inner dark\" >\n\t\t\t<img loading=\"lazy\" decoding=\"async\" width=\"720\" height=\"720\" src=\"https:\/\/www.soleum.de\/wp-content\/uploads\/2019\/05\/RGBW-LED-Controller-Hutschiene.jpg\" class=\"attachment-large size-large\" alt=\"RGBW LED regul\u00e1tor top-hat rail\" srcset=\"https:\/\/www.soleum.de\/wp-content\/uploads\/2019\/05\/RGBW-LED-Controller-Hutschiene.jpg 720w, https:\/\/www.soleum.de\/wp-content\/uploads\/2019\/05\/RGBW-LED-Controller-Hutschiene-280x280.jpg 280w, https:\/\/www.soleum.de\/wp-content\/uploads\/2019\/05\/RGBW-LED-Controller-Hutschiene-400x400.jpg 400w, https:\/\/www.soleum.de\/wp-content\/uploads\/2019\/05\/RGBW-LED-Controller-Hutschiene-510x510.jpg 510w, https:\/\/www.soleum.de\/wp-content\/uploads\/2019\/05\/RGBW-LED-Controller-Hutschiene-100x100.jpg 100w\" sizes=\"auto, (max-width: 720px) 100vw, 720px\" \/>\t\t\t\t\t\t\n\t\t\t\t\t<\/div>\n\t\t\t\t\t\t\t\t\n<style>\n#image_1901504997 {\n  width: 100%;\n}\n<\/style>\n\t<\/div>\n\t\n\t<div class=\"img has-hover x md-x lg-x y md-y lg-y\" id=\"image_487793702\">\n\t\t\t\t\t\t\t\t<div class=\"img-inner dark\" >\n\t\t\t<img loading=\"lazy\" decoding=\"async\" width=\"1020\" height=\"636\" src=\"https:\/\/www.soleum.de\/wp-content\/uploads\/2019\/05\/Farblicht-HutschienenController-Schema.jpg\" class=\"attachment-large size-large\" alt=\"\" srcset=\"https:\/\/www.soleum.de\/wp-content\/uploads\/2019\/05\/Farblicht-HutschienenController-Schema.jpg 1200w, https:\/\/www.soleum.de\/wp-content\/uploads\/2019\/05\/Farblicht-HutschienenController-Schema-642x400.jpg 642w, https:\/\/www.soleum.de\/wp-content\/uploads\/2019\/05\/Farblicht-HutschienenController-Schema-768x479.jpg 768w, https:\/\/www.soleum.de\/wp-content\/uploads\/2019\/05\/Farblicht-HutschienenController-Schema-510x318.jpg 510w\" sizes=\"auto, (max-width: 1020px) 100vw, 1020px\" \/>\t\t\t\t\t\t\n\t\t\t\t\t<\/div>\n\t\t\t\t\t\t\t\t\n<style>\n#image_487793702 {\n  width: 100%;\n}\n<\/style>\n\t<\/div>\n\t\n\t\t<\/div>\n\t\t\t\t\t<\/div>\n\n\t\n\n\t<div id=\"col-172516658\" class=\"col medium-6 small-12 large-6\"  >\n\t\t\t\t<div class=\"col-inner text-left\"  >\n\t\t\t\n\t\t\t\n<h2>Barevn\u00fd regul\u00e1tor sv\u011btla<\/h2>\n<p>Barevn\u00fd ovlada\u010d sv\u011btel se um\u00eds\u0165uje na horn\u00ed li\u0161tu v technologick\u00e9 sk\u0159\u00edni (rozvodn\u00e9 sk\u0159\u00edni) nebo nad kabinou.<\/p>\n<p>Technick\u00e9 \u00fadaje:<\/p>\n<p>4kan\u00e1lov\u00fd r\u00e1diov\u00fd ovlada\u010d s konstantn\u00edm nap\u011bt\u00edm<br \/>\njednobarevn\u00e9, dvoubarevn\u00e9, RGB\/RGB-W<\/p>\n<p>Intuitivn\u00ed v\u00fdb\u011br barev RGB voln\u011b voliteln\u00fd pomoc\u00ed barevn\u00e9ho kole\u010dka.<br \/>\nMo\u017enost stm\u00edv\u00e1n\u00ed jednotliv\u00fdch barev (8 \u00farovn\u00ed)<br \/>\n10 barevn\u00fdch program\u016f (p\u0159ednastaven\u00fdch)<br \/>\nMo\u017enost volby 16 rychlost\u00ed programu (4 s -256 s)<br \/>\nS pam\u011bt\u00ed stavu pro p\u0159\u00edpad v\u00fdpadku nap\u00e1jen\u00ed<br \/>\nP\u0159\u00edjem do vzd\u00e1lenosti 15 metr\u016f<br \/>\nP\u0159ipojen\u00e9 zat\u00ed\u017een\u00ed: max. 4x5A<br \/>\nNap\u00e1jec\u00ed jednotka: 12-36 V<br \/>\nVys\u00edlac\u00ed v\u00fdkon: &gt;5dBm<br \/>\nR\u00e1diov\u00e1 frekvence:868,3 MHz (schv\u00e1len\u00ed EU &#8211; bez licence)<\/p>\n<p>Provozn\u00ed teplota: -10 \u00b0C &#8211; +60 \u00b0C<br \/>\nT\u0159\u00edda ochrany: IP20<\/p>\n\t\t<\/div>\n\t\t\t\t\t<\/div>\n\n\t\n<\/div>\n\t\t<\/div>\n\n\t\t\n<style>\n#section_828803820 {\n  padding-top: 60px;\n  padding-bottom: 60px;\n  background-color: rgb(193, 193, 193);\n}\n#section_828803820 .section-bg-overlay {\n  background-color: rgba(255, 255, 255, 0.85);\n}\n<\/style>\n\t<\/section>\n\t\n","protected":false},"excerpt":{"rendered":"<h1>Sada barevn\u00fdch LED diod RGBW (\u010derven\u00e1, zelen\u00e1, modr\u00e1, b\u00edl\u00e1)<\/h1>\n<p>\u010cl. \u010c.: 6431010042<\/p>\n","protected":false},"featured_media":17190,"template":"","meta":[],"product_brand":[],"product_cat":[4209],"product_tag":[5218,5305,5303,4210,5238,5307,5232,5215,5225,5229,5221,5302,5308,4211,5236],"class_list":{"0":"post-29925","1":"product","2":"type-product","3":"status-publish","4":"has-post-thumbnail","6":"product_cat-led-zarovky","7":"product_tag-barevna-svetelna-lampa","8":"product_tag-barevna-svetelna-sada-cs","9":"product_tag-barevna-svetelna-sada","10":"product_tag-lampa-do-parni-lazne","11":"product_tag-parni-lazen-led","12":"product_tag-podlahova-lampa-barva-svetla","13":"product_tag-pozemni-zapusteny-reflektor","14":"product_tag-rgbw-barevna-svetelna-lampa","15":"product_tag-rgbw-led-cs","16":"product_tag-rgbw-led-lampa","17":"product_tag-rgbw-spot-cs","18":"product_tag-sada-barevneho-svetla-rgbw-led","19":"product_tag-stojaci-lampa-rgb","20":"product_tag-svetlo-parni-lazne","21":"product_tag-terapie-barevnym-svetlem","22":"product_shipping_class-baleni-5-10-kg","24":"first","25":"instock","26":"taxable","27":"shipping-taxable","28":"purchasable","29":"product-type-simple"},"_links":{"self":[{"href":"https:\/\/www.soleum.de\/cs\/wp-json\/wp\/v2\/product\/29925","targetHints":{"allow":["GET"]}}],"collection":[{"href":"https:\/\/www.soleum.de\/cs\/wp-json\/wp\/v2\/product"}],"about":[{"href":"https:\/\/www.soleum.de\/cs\/wp-json\/wp\/v2\/types\/product"}],"wp:featuredmedia":[{"embeddable":true,"href":"https:\/\/www.soleum.de\/cs\/wp-json\/wp\/v2\/media\/17190"}],"wp:attachment":[{"href":"https:\/\/www.soleum.de\/cs\/wp-json\/wp\/v2\/media?parent=29925"}],"wp:term":[{"taxonomy":"product_brand","embeddable":true,"href":"https:\/\/www.soleum.de\/cs\/wp-json\/wp\/v2\/product_brand?post=29925"},{"taxonomy":"product_cat","embeddable":true,"href":"https:\/\/www.soleum.de\/cs\/wp-json\/wp\/v2\/product_cat?post=29925"},{"taxonomy":"product_tag","embeddable":true,"href":"https:\/\/www.soleum.de\/cs\/wp-json\/wp\/v2\/product_tag?post=29925"}],"curies":[{"name":"wp","href":"https:\/\/api.w.org\/{rel}","templated":true}]}}