{"id":29953,"date":"2020-07-17T15:29:52","date_gmt":"2020-07-17T13:29:52","guid":{"rendered":"https:\/\/www.soleum.de\/shop\/nezarazene\/sol-deus-m8-rucni-sprcha-z-nerezove-oceli\/"},"modified":"2024-02-23T17:07:09","modified_gmt":"2024-02-23T16:07:09","slug":"sol-deus-m8-rucni-sprcha-z-nerezove-oceli","status":"publish","type":"product","link":"https:\/\/www.soleum.de\/cs\/shop\/rucni-sprchove-armatury\/sol-deus-m8-rucni-sprcha-z-nerezove-oceli\/","title":{"rendered":"SOL-DEUS-M8 Ru\u010dn\u00ed sprcha z nerezov\u00e9 oceli"},"content":{"rendered":"<p>Nerezov\u00e1 ru\u010dn\u00ed sprcha,Nerezov\u00e1 Kneippova hadice, Ru\u010dn\u00ed sprcha,Ru\u010dn\u00ed sprcha pro parn\u00ed l\u00e1ze\u0148,Ru\u010dn\u00ed sprcha pro solanku,Ru\u010dn\u00ed sprcha SOLEMINA V4A,<br \/>\nSprcha se studenou vodou,Parn\u00ed l\u00e1ze\u0148 s \u010distic\u00ed hadic\u00ed, Parn\u00ed l\u00e1ze\u0148 s p\u0159\u00edpojkou na studenou voduSADA SOL-DEUS-M8 sest\u00e1vaj\u00edc\u00ed z<\/p>\n<ol>\n<li>Sprchov\u00e1 podom\u00edtkov\u00e1 armatura z NEREZOV\u00c9 OCELI, matn\u00e1 kart\u00e1\u010dovan\u00e1<\/li>\n<li>Ty\u010dov\u00e1 ru\u010dn\u00ed sprcha z nerezov\u00e9 oceli, matn\u011b kart\u00e1\u010dovan\u00e1, DN15 1\/2&#8243;.<\/li>\n<li>Sprchov\u00e1 hadice, 150 cm, brou\u0161en\u00e1 nerezov\u00e1 ocel .<\/li>\n<li>Koleno pro p\u0159ipojen\u00ed na st\u011bnu s funkc\u00ed dr\u017e\u00e1ku sprchy, brou\u0161en\u00e1 nerezov\u00e1 ocel<\/li>\n<\/ol>\n\n  \n    <div class=\"row large-columns-2 medium-columns- small-columns-\" >\n  <div class=\"gallery-col col\" >\n          <div class=\"col-inner\">\n            <a class=\"image-lightbox lightbox-gallery\" href=\"https:\/\/www.soleum.de\/wp-content\/uploads\/2020\/07\/DEUS-Unterputzkoerper.jpg\" title=\"\">            <div class=\"box has-hover gallery-box box-overlay dark\">\n              <div class=\"box-image\" >\n                <img loading=\"lazy\" decoding=\"async\" width=\"600\" height=\"376\" src=\"https:\/\/www.soleum.de\/wp-content\/uploads\/2020\/07\/DEUS-Unterputzkoerper.jpg\" class=\"attachment-medium size-medium\" alt=\"SOL-DEUS-M8 ru\u010dn\u00ed sprcha skryt\u00e9 t\u011blo\" ids=\"17841,17827\" columns=\"2\" srcset=\"https:\/\/www.soleum.de\/wp-content\/uploads\/2020\/07\/DEUS-Unterputzkoerper.jpg 600w, https:\/\/www.soleum.de\/wp-content\/uploads\/2020\/07\/DEUS-Unterputzkoerper-510x320.jpg 510w\" sizes=\"auto, (max-width: 600px) 100vw, 600px\" \/>                                  <div class=\"overlay fill\"\n                      style=\"background-color: rgba(0,0,0,.15)\">\n                  <\/div>\n                                                              <\/div>\n              <div class=\"box-text text-left\" >\n                 <p><\/p>\n              <\/div>\n            <\/div>\n            <\/a>          <\/div>\n         <\/div><div class=\"gallery-col col\" >\n          <div class=\"col-inner\">\n            <a class=\"image-lightbox lightbox-gallery\" href=\"https:\/\/www.soleum.de\/wp-content\/uploads\/2020\/07\/SOL-DEUS-M8-Handbrause-1.jpg\" title=\"\">            <div class=\"box has-hover gallery-box box-overlay dark\">\n              <div class=\"box-image\" >\n                <img loading=\"lazy\" decoding=\"async\" width=\"400\" height=\"400\" src=\"https:\/\/www.soleum.de\/wp-content\/uploads\/2020\/07\/SOL-DEUS-M8-Handbrause-1-400x400.jpg\" class=\"attachment-medium size-medium\" alt=\"Ru\u010dn\u00ed sprcha SOL-DEUS-M8\" ids=\"17841,17827\" columns=\"2\" srcset=\"https:\/\/www.soleum.de\/wp-content\/uploads\/2020\/07\/SOL-DEUS-M8-Handbrause-1-400x400.jpg 400w, https:\/\/www.soleum.de\/wp-content\/uploads\/2020\/07\/SOL-DEUS-M8-Handbrause-1-280x280.jpg 280w, https:\/\/www.soleum.de\/wp-content\/uploads\/2020\/07\/SOL-DEUS-M8-Handbrause-1-510x510.jpg 510w, https:\/\/www.soleum.de\/wp-content\/uploads\/2020\/07\/SOL-DEUS-M8-Handbrause-1-100x100.jpg 100w, https:\/\/www.soleum.de\/wp-content\/uploads\/2020\/07\/SOL-DEUS-M8-Handbrause-1.jpg 600w\" sizes=\"auto, (max-width: 400px) 100vw, 400px\" \/>                                  <div class=\"overlay fill\"\n                      style=\"background-color: rgba(0,0,0,.15)\">\n                  <\/div>\n                                                              <\/div>\n              <div class=\"box-text text-left\" >\n                 <p><\/p>\n              <\/div>\n            <\/div>\n            <\/a>          <\/div>\n         <\/div><\/div>\n","protected":false},"excerpt":{"rendered":"<p>Ru\u010dn\u00ed sprcha\/hadice STAINLESS STEEL, skryt\u00e1 armatura, matn\u00fd kart\u00e1\u010d.<br \/>\nModel: SOL-DEUS-M8<\/p>\n","protected":false},"featured_media":17834,"template":"","meta":[],"product_brand":[],"product_cat":[4728],"product_tag":[4732,4733,5335,4730,4736,4735,4731,5336,4734],"class_list":{"0":"post-29953","1":"product","2":"type-product","3":"status-publish","4":"has-post-thumbnail","6":"product_cat-rucni-sprchove-armatury","7":"product_tag-kneippova-hadice-z-nerezove-oceli","8":"product_tag-parni-lazen-na-cisteni-hadic","9":"product_tag-pripojeni-parni-lazne-na-studenou-vodu","10":"product_tag-rucni-sprcha","11":"product_tag-rucni-sprcha-pro-parni-lazen","12":"product_tag-rucni-sprcha-pro-solankovou-parni-lazen","13":"product_tag-rucni-sprcha-z-nerezove-oceli","14":"product_tag-sol-deus-m8-rucni-sprcha-z-nerezove-oceli","15":"product_tag-sprcha-se-studenou-vodou","17":"first","18":"instock","19":"taxable","20":"shipping-taxable","21":"purchasable","22":"product-type-simple"},"_links":{"self":[{"href":"https:\/\/www.soleum.de\/cs\/wp-json\/wp\/v2\/product\/29953","targetHints":{"allow":["GET"]}}],"collection":[{"href":"https:\/\/www.soleum.de\/cs\/wp-json\/wp\/v2\/product"}],"about":[{"href":"https:\/\/www.soleum.de\/cs\/wp-json\/wp\/v2\/types\/product"}],"wp:featuredmedia":[{"embeddable":true,"href":"https:\/\/www.soleum.de\/cs\/wp-json\/wp\/v2\/media\/17834"}],"wp:attachment":[{"href":"https:\/\/www.soleum.de\/cs\/wp-json\/wp\/v2\/media?parent=29953"}],"wp:term":[{"taxonomy":"product_brand","embeddable":true,"href":"https:\/\/www.soleum.de\/cs\/wp-json\/wp\/v2\/product_brand?post=29953"},{"taxonomy":"product_cat","embeddable":true,"href":"https:\/\/www.soleum.de\/cs\/wp-json\/wp\/v2\/product_cat?post=29953"},{"taxonomy":"product_tag","embeddable":true,"href":"https:\/\/www.soleum.de\/cs\/wp-json\/wp\/v2\/product_tag?post=29953"}],"curies":[{"name":"wp","href":"https:\/\/api.w.org\/{rel}","templated":true}]}}