{"id":29969,"date":"2023-06-18T10:11:09","date_gmt":"2023-06-18T08:11:09","guid":{"rendered":"https:\/\/www.soleum.de\/shop\/nezarazene\/parni-generator-sol-steam-mini-75-kw\/"},"modified":"2024-04-26T09:10:27","modified_gmt":"2024-04-26T07:10:27","slug":"parni-generator-sol-steam-mini-75-kw","status":"publish","type":"product","link":"https:\/\/www.soleum.de\/cs\/shop\/parni-generatory\/parni-generator-sol-steam-mini-75-kw\/","title":{"rendered":"Parn\u00ed gener\u00e1tor SOL-Steam MINI 7,5 kW"},"content":{"rendered":"<h2><span style=\"color: #ffcc00;\">Parn\u00ed gener\u00e1tor SOL-Steam MINI 7,5 kW = 10 kg p\u00e1ry<br \/>\n<\/span><\/h2>\n<div class=\"row\"  id=\"row-289555029\">\n\n\t<div id=\"col-80240617\" class=\"col medium-8 small-12 large-8\"  >\n\t\t\t\t<div class=\"col-inner\"  >\n\t\t\t\n\t\t\t\n<p><strong>Radi\u00e1torov\u00fd parn\u00ed gener\u00e1tor SOL-Steam MINI<\/strong> s atraktivn\u00edm designem, \u0161t\u00edhl\u00fdmi rozm\u011bry a v\u00fdkonem <strong>10 kg\/h<\/strong> je vhodn\u00fd zejm\u00e9na pro priv\u00e1tn\u00ed a apartm\u00e1nov\u00e9 l\u00e1zn\u011b.<\/p>\n<p>Optim\u00e1ln\u00ed p\u0159\u00edstupnost komponent \u0161et\u0159\u00ed \u010das p\u0159i instalaci a \u00fadr\u017eb\u011b.<\/p>\n<p>Jednotky lze provozovat s pln\u011b demineralizovanou, zm\u011bk\u010denou nebo vodovodn\u00ed vodou; p\u0159i provozu s pln\u011b demineralizovanou vodou jsou t\u00e9m\u011b\u0159 bez\u00fadr\u017ebov\u00e9. Tyto jednotky jsou \u0161etrn\u00e9 k \u017eivotn\u00edmu prost\u0159ed\u00ed, \u00fa\u010dinn\u00e9, hygienick\u00e9 a bezpe\u010dn\u00e9. Vyroben\u00e1 p\u00e1ra podporuje zdrav\u00ed a pohodu.<\/p>\n<p>Parn\u00ed jednotku SOL-Steam <strong>MINI<\/strong> lze digit\u00e1ln\u011b ovl\u00e1dat, ode\u010d\u00edtat a parametrizovat pomoc\u00ed integrovan\u00e9ho komunika\u010dn\u00edho protokolu Modbus RTU.<\/p>\n<p>Jednotky maj\u00ed zku\u0161ebn\u00ed zna\u010dky VDE a GS a jsou v souladu s normami CE a EAC.<\/p>\n<h2><span style=\"color: #ffcc00;\">Technick\u00e9 \u00fadaje<\/span><\/h2>\n\t\t<\/div>\n\t\t\t\t\t<\/div>\n\n\t\n\n\t<div id=\"col-1060468935\" class=\"col medium-4 small-12 large-4\"  >\n\t\t\t\t<div class=\"col-inner\"  >\n\t\t\t\n\t\t\t\n\t<div class=\"img has-hover x md-x lg-x y md-y lg-y\" id=\"image_1364723723\">\n\t\t<a class=\"\" href=\"https:\/\/www.soleum.de\/wp-content\/uploads\/2023\/06\/SOLEUM-Dampfgenerator-Flexline-Broschuere.pdf\" target=\"_blank\" rel=\"noopener\" >\t\t\t\t\t\t<div class=\"img-inner dark\" >\n\t\t\t<img loading=\"lazy\" decoding=\"async\" width=\"227\" height=\"300\" src=\"https:\/\/www.soleum.de\/wp-content\/uploads\/2023\/06\/sol-steam-dampfbadgenerator-mini-Info.jpg\" class=\"attachment-original size-original\" alt=\"\" \/>\t\t\t\t\t\t\n\t\t\t\t\t<\/div>\n\t\t\t\t\t\t<\/a>\t\t\n<style>\n#image_1364723723 {\n  width: 54%;\n}\n<\/style>\n\t<\/div>\n\t\n<p><a href=\"https:\/\/www.soleum.de\/wp-content\/uploads\/2023\/06\/SOLEUM-Dampfgenerator-Flexline-Broschuere.pdf\" target=\"_blank\" rel=\"noopener\">St\u00e1hnout bro\u017euru<\/a><\/p>\n\t\t<\/div>\n\t\t\t\t\t<\/div>\n\n\t\n<\/div>\n\t<div class=\"img has-hover x md-x lg-x y md-y lg-y\" id=\"image_1816666064\">\n\t\t<a class=\"image-lightbox lightbox-gallery\" title=\"\" href=\"https:\/\/www.soleum.de\/wp-content\/uploads\/2023\/06\/sol-steam-dampfgenerator-mini-technische-daten.jpg\">\t\t\t\t\t\t<div class=\"img-inner dark\" >\n\t\t\t<img loading=\"lazy\" decoding=\"async\" width=\"766\" height=\"492\" src=\"https:\/\/www.soleum.de\/wp-content\/uploads\/2023\/06\/sol-steam-dampfgenerator-mini-technische-daten.jpg\" class=\"attachment-original size-original\" alt=\"\" srcset=\"https:\/\/www.soleum.de\/wp-content\/uploads\/2023\/06\/sol-steam-dampfgenerator-mini-technische-daten.jpg 766w, https:\/\/www.soleum.de\/wp-content\/uploads\/2023\/06\/sol-steam-dampfgenerator-mini-technische-daten-623x400.jpg 623w, https:\/\/www.soleum.de\/wp-content\/uploads\/2023\/06\/sol-steam-dampfgenerator-mini-technische-daten-510x328.jpg 510w\" sizes=\"auto, (max-width: 766px) 100vw, 766px\" \/>\t\t\t\t\t\t\n\t\t\t\t\t<\/div>\n\t\t\t\t\t\t<\/a>\t\t\n<style>\n#image_1816666064 {\n  width: 65%;\n}\n<\/style>\n\t<\/div>\n\t\n\t<div class=\"img has-hover x md-x lg-x y md-y lg-y\" id=\"image_2058877874\">\n\t\t<a class=\"image-lightbox lightbox-gallery\" title=\"\" href=\"https:\/\/www.soleum.de\/wp-content\/uploads\/2023\/06\/sol-steam-dampfbadgenerator-mini-abmessungen.jpg\">\t\t\t\t\t\t<div class=\"img-inner dark\" >\n\t\t\t<img loading=\"lazy\" decoding=\"async\" width=\"993\" height=\"800\" src=\"https:\/\/www.soleum.de\/wp-content\/uploads\/2023\/06\/sol-steam-dampfbadgenerator-mini-abmessungen-993x800.jpg\" class=\"attachment-large size-large\" alt=\"\" srcset=\"https:\/\/www.soleum.de\/wp-content\/uploads\/2023\/06\/sol-steam-dampfbadgenerator-mini-abmessungen-993x800.jpg 993w, https:\/\/www.soleum.de\/wp-content\/uploads\/2023\/06\/sol-steam-dampfbadgenerator-mini-abmessungen-496x400.jpg 496w, https:\/\/www.soleum.de\/wp-content\/uploads\/2023\/06\/sol-steam-dampfbadgenerator-mini-abmessungen-768x619.jpg 768w, https:\/\/www.soleum.de\/wp-content\/uploads\/2023\/06\/sol-steam-dampfbadgenerator-mini-abmessungen-510x411.jpg 510w, https:\/\/www.soleum.de\/wp-content\/uploads\/2023\/06\/sol-steam-dampfbadgenerator-mini-abmessungen.jpg 1000w\" sizes=\"auto, (max-width: 993px) 100vw, 993px\" \/>\t\t\t\t\t\t\n\t\t\t\t\t<\/div>\n\t\t\t\t\t\t<\/a>\t\t\n<style>\n#image_2058877874 {\n  width: 73%;\n}\n<\/style>\n\t<\/div>\n\t\n<h3 class=\"uppercase\"><span style=\"color: #ffcc00;\">Vysok\u00e9 zabezpe\u010den\u00ed<\/span><\/h3>\n<div class=\"content_element textdefault c_256\" data-content-id=\"256\">\n<article class=\"text\">Voda se oh\u0159\u00edv\u00e1 v izolovan\u00e9m nerezov\u00e9m v\u00e1lci na principu ponorn\u00e9ho oh\u0159\u00edva\u010de. Syst\u00e9m HeaterSlim zaji\u0161\u0165uje absolutn\u00ed spolehlivost procesu d\u00edky m\u011b\u0159en\u00ed hladiny pomoc\u00ed senzorov\u00fdch elektrod. Mechanick\u00e1 ochrana proti p\u0159eh\u0159\u00e1t\u00ed radi\u00e1tor\u016f a regulace hladiny zaji\u0161\u0165uj\u00ed nejvy\u0161\u0161\u00ed mo\u017enou bezpe\u010dnost provozu.Kryt je uzamykateln\u00fd, a t\u00edm chr\u00e1n\u011bn\u00fd proti neopr\u00e1vn\u011bn\u00e9mu p\u0159\u00edstupu.<\/article>\n<\/div>\n<div class=\"content_element textdefault c_257\" data-content-id=\"257\">\n<article class=\"text\">\n<div class=\"headline\">\n<h3 class=\"h\"><span style=\"color: #ffcc00;\">Hygienicky bezchybn\u00e9.<\/span><\/h3>\n<\/div>\n<p>Parn\u00ed gener\u00e1tor SOL-Steam MINI vyr\u00e1b\u00ed hygienickou p\u00e1ru bez miner\u00e1l\u016f pro va\u0161i <strong>pohodu a zdrav\u00ed<\/strong>.<\/p>\n<\/article>\n<\/div>\n<div class=\"content_element textdefault c_258\" data-content-id=\"258\">\n<article class=\"text\">\n<div class=\"headline\">\n<h3 class=\"h\"><span style=\"color: #ffcc00;\">Flexibiln\u00ed p\u0159ipojen\u00ed a v\u00fdkon.<\/span><\/h3>\n<\/div>\n<p>Parn\u00ed gener\u00e1tor <strong>SOL-Steam MINI<\/strong> lze flexibiln\u011b pou\u017e\u00edvat d\u00edky mo\u017enosti p\u0159ipojen\u00ed na<strong> 230 V a 400 V<\/strong>. D\u00edky snadno redukovateln\u00e9mu po\u010dtu aktivn\u00edch z\u00e1\u0159i\u010d\u016f nab\u00edz\u00ed dv\u011b v\u00fdkonnostn\u00ed t\u0159\u00eddy v jedn\u00e9 jednotce.<\/p>\n<\/article>\n<\/div>\n<div class=\"is-divider divider clearfix\" style=\"max-width:1500px;\"><\/div>\n\t<div class=\"img has-hover x md-x lg-x y md-y lg-y\" id=\"image_2066801868\">\n\t\t\t\t\t\t\t\t<div class=\"img-inner dark\" >\n\t\t\t<img loading=\"lazy\" decoding=\"async\" width=\"732\" height=\"233\" src=\"https:\/\/www.soleum.de\/wp-content\/uploads\/2023\/06\/sol-steam-dampfgenerator-Anschluesse.jpg\" class=\"attachment-large size-large\" alt=\"\" srcset=\"https:\/\/www.soleum.de\/wp-content\/uploads\/2023\/06\/sol-steam-dampfgenerator-Anschluesse.jpg 732w, https:\/\/www.soleum.de\/wp-content\/uploads\/2023\/06\/sol-steam-dampfgenerator-Anschluesse-510x162.jpg 510w\" sizes=\"auto, (max-width: 732px) 100vw, 732px\" \/>\t\t\t\t\t\t\n\t\t\t\t\t<\/div>\n\t\t\t\t\t\t\t\t\n<style>\n#image_2066801868 {\n  width: 100%;\n}\n<\/style>\n\t<\/div>\n\t\n<div class=\"content_element textdefault c_259\" data-content-id=\"259\">\n<article class=\"text\">\n<div class=\"headline\">\n<h2 class=\"h\"><span style=\"color: #ffcc00;\">Snadn\u00e1 \u00fadr\u017eba &#8211; m\u00edsto v\u00fdm\u011bny je t\u0159eba je znovu pou\u017e\u00edt.<\/span><\/h2>\n<\/div>\n<p>Tento parn\u00ed gener\u00e1tor vhodn\u00fd pro ur\u010dit\u00fd v\u00fdklenek nab\u00edz\u00ed ide\u00e1ln\u00ed dostupnost komponent. Pro \u00fa\u010dely \u00fadr\u017eby lze parn\u00ed v\u00e1lec snadno vyjmout bez pou\u017eit\u00ed speci\u00e1ln\u00edho n\u00e1\u0159ad\u00ed. Radi\u00e1tory lze tak\u00e9 v n\u011bkolika jednoduch\u00fdch kroc\u00edch vyjmout a vy\u010distit. Pokud je parn\u00ed gener\u00e1tor provozov\u00e1n s pln\u011b demineralizovanou vodou, netvo\u0159\u00ed se t\u00e9m\u011b\u0159 \u017e\u00e1dn\u00e9 usazeniny a n\u00e1roky na \u00fadr\u017ebu jsou minim\u00e1ln\u00ed.<\/p>\n<\/article>\n<\/div>\n<div class=\"row\"  id=\"row-1885267648\">\n\n\t<div id=\"col-753343015\" class=\"col medium-4 small-12 large-4\"  >\n\t\t\t\t<div class=\"col-inner\"  >\n\t\t\t\n\t\t\t\n\t<div class=\"img has-hover x md-x lg-x y md-y lg-y\" id=\"image_1239330562\">\n\t\t\t\t\t\t\t\t<div class=\"img-inner dark\" >\n\t\t\t<img loading=\"lazy\" decoding=\"async\" width=\"350\" height=\"242\" src=\"https:\/\/www.soleum.de\/wp-content\/uploads\/2023\/06\/sol-steam-dampfgenerator-Innen.jpg\" class=\"attachment-large size-large\" alt=\"\" \/>\t\t\t\t\t\t\n\t\t\t\t\t<\/div>\n\t\t\t\t\t\t\t\t\n<style>\n#image_1239330562 {\n  width: 100%;\n}\n<\/style>\n\t<\/div>\n\t\n\t\t<\/div>\n\t\t\t\t\t<\/div>\n\n\t\n\n\t<div id=\"col-1367191859\" class=\"col medium-4 small-12 large-4\"  >\n\t\t\t\t<div class=\"col-inner\"  >\n\t\t\t\n\t\t\t\n\t<div class=\"img has-hover x md-x lg-x y md-y lg-y\" id=\"image_350262129\">\n\t\t\t\t\t\t\t\t<div class=\"img-inner dark\" >\n\t\t\t<img loading=\"lazy\" decoding=\"async\" width=\"329\" height=\"193\" src=\"https:\/\/www.soleum.de\/wp-content\/uploads\/2023\/06\/sol-steam-dampfgenerator-Tank.jpg\" class=\"attachment-large size-large\" alt=\"\" \/>\t\t\t\t\t\t\n\t\t\t\t\t<\/div>\n\t\t\t\t\t\t\t\t\n<style>\n#image_350262129 {\n  width: 100%;\n}\n<\/style>\n\t<\/div>\n\t\n\t\t<\/div>\n\t\t\t\t\t<\/div>\n\n\t\n\n\t<div id=\"col-1785569717\" class=\"col medium-4 small-12 large-4\"  >\n\t\t\t\t<div class=\"col-inner\"  >\n\t\t\t\n\t\t\t\n\t<div class=\"img has-hover x md-x lg-x y md-y lg-y\" id=\"image_1825724052\">\n\t\t<a class=\"image-lightbox lightbox-gallery\" title=\"\" href=\"https:\/\/www.soleum.de\/wp-content\/uploads\/2023\/06\/sol-steam-dampfgenerator-MINI-Heizstab.jpg\">\t\t\t\t\t\t<div class=\"img-inner dark\" >\n\t\t\t<img loading=\"lazy\" decoding=\"async\" width=\"347\" height=\"216\" src=\"https:\/\/www.soleum.de\/wp-content\/uploads\/2023\/06\/sol-steam-dampfgenerator-MINI-Heizstab.jpg\" class=\"attachment-large size-large\" alt=\"\" \/>\t\t\t\t\t\t\n\t\t\t\t\t<\/div>\n\t\t\t\t\t\t<\/a>\t\t\n<style>\n#image_1825724052 {\n  width: 100%;\n}\n<\/style>\n\t<\/div>\n\t\n\t\t<\/div>\n\t\t\t\t\t<\/div>\n\n\t\n<\/div>\n\t<div class=\"img has-hover x md-x lg-x y md-y lg-y\" id=\"image_1502384653\">\n\t\t\t\t\t\t\t\t<div class=\"img-inner dark\" >\n\t\t\t<img loading=\"lazy\" decoding=\"async\" width=\"610\" height=\"600\" src=\"https:\/\/www.soleum.de\/wp-content\/uploads\/2023\/06\/sol-steam-dampfgenerator-mini-offen.jpg\" class=\"attachment-original size-original\" alt=\"\" srcset=\"https:\/\/www.soleum.de\/wp-content\/uploads\/2023\/06\/sol-steam-dampfgenerator-mini-offen.jpg 610w, https:\/\/www.soleum.de\/wp-content\/uploads\/2023\/06\/sol-steam-dampfgenerator-mini-offen-407x400.jpg 407w, https:\/\/www.soleum.de\/wp-content\/uploads\/2023\/06\/sol-steam-dampfgenerator-mini-offen-510x502.jpg 510w\" sizes=\"auto, (max-width: 610px) 100vw, 610px\" \/>\t\t\t\t\t\t\n\t\t\t\t\t<\/div>\n\t\t\t\t\t\t\t\t\n<style>\n#image_1502384653 {\n  width: 64%;\n}\n<\/style>\n\t<\/div>\n\t\n<div class=\"row\"  id=\"row-1941248275\">\n\n\t<div id=\"col-22298796\" class=\"col medium-6 small-12 large-6\"  >\n\t\t\t\t<div class=\"col-inner\"  >\n\t\t\t\n\t\t\t\n<div class=\"content_element textdefault c_260\" data-content-id=\"260\">\n<article class=\"text\">\n<div class=\"headline\">\n<h2 class=\"h\"><span style=\"color: #ffcc00;\">Snadno se ovl\u00e1d\u00e1 pomoc\u00ed dotykov\u00e9ho ovl\u00e1d\u00e1n\u00ed Spa Touch Control. (nepovinn\u00e9)<\/span><\/h2>\n<\/div>\n<p>Tento vysoce kvalitn\u00ed tenk\u00fd parn\u00ed gener\u00e1tor MINI je optim\u00e1ln\u011b navr\u017een pro pou\u017eit\u00ed s ovlada\u010dem Spa Touch Control. Pomoc\u00ed extern\u00edho, trvale instalovan\u00e9ho 5&#8243; dotykov\u00e9ho displeje lze snadno a pohodln\u011b ovl\u00e1dat teplotu, v\u016fni a sv\u011btlo v parn\u00ed l\u00e1zni.<\/p>\n<ul>\n<li>Povrch displeje s kryt\u00edm IP65*<\/li>\n<li>Pru\u017en\u00fd kapacitn\u00ed 5&#8243; dotykov\u00fd displej<\/li>\n<li>Rozli\u0161en\u00ed 800 x 480, 65k barev<\/li>\n<li>Rozsah funkc\u00ed je konfigurovateln\u00fd (nastaven\u00ed teploty, v\u016fn\u011b atd.).<\/li>\n<li>Hodiny re\u00e1ln\u00e9ho \u010dasu s programem pro b\u011bh a \u010dasova\u010dem<\/li>\n<li>Vysok\u00e1 provozn\u00ed bezpe\u010dnost d\u00edky zobrazov\u00e1n\u00ed zpr\u00e1v o \u00fadr\u017eb\u011b a poruch\u00e1ch parn\u00edho gener\u00e1toru.<\/li>\n<\/ul>\n<p>*T\u0159\u00edda kryt\u00ed IP65 instalace vy\u017eaduje odpov\u00eddaj\u00edc\u00ed t\u011bsn\u011bn\u00ed na st\u011bn\u011b na m\u00edst\u011b.<\/p>\n<\/article>\n<\/div>\n\t\t<\/div>\n\t\t\t\t\t<\/div>\n\n\t\n\n\t<div id=\"col-81272481\" class=\"col medium-6 small-12 large-6\"  >\n\t\t\t\t<div class=\"col-inner\"  >\n\t\t\t\n\t\t\t\n\t<div class=\"img has-hover x md-x lg-x y md-y lg-y\" id=\"image_1746044718\">\n\t\t<a class=\"\" href=\"https:\/\/www.soleum.de\/cs\/shop\/parni-generatory\/ovladaci-panel-spa-pro-parni-generator\/\" >\t\t\t\t\t\t<div class=\"img-inner dark\" >\n\t\t\t<img loading=\"lazy\" decoding=\"async\" width=\"356\" height=\"259\" src=\"https:\/\/www.soleum.de\/wp-content\/uploads\/2023\/06\/sol-steam-dampfgenerator-MINI-SPA-Display.jpg\" class=\"attachment-large size-large\" alt=\"sol-steam-generator-MINI-SPA-Display\" \/>\t\t\t\t\t\t\n\t\t\t\t\t<\/div>\n\t\t\t\t\t\t<\/a>\t\t\n<style>\n#image_1746044718 {\n  width: 100%;\n}\n<\/style>\n\t<\/div>\n\t\n\t\t<\/div>\n\t\t\t\t\t<\/div>\n\n\t\n<\/div>\n\t<div id=\"gap-482304284\" class=\"gap-element clearfix\" style=\"display:block; height:auto;\">\n\t\t\n<style>\n#gap-482304284 {\n  padding-top: 80px;\n}\n<\/style>\n\t<\/div>\n\t\n<h3><span style=\"color: #ffcc00;\">Oblasti pou\u017eit\u00ed<\/span><\/h3>\n<h4><span style=\"color: #ffcc00;\">Wellness hotely, l\u00e1zn\u011b, soukrom\u00e9 parn\u00ed l\u00e1zn\u011b<\/span><\/h4>\n<p>Ve wellness hotelech je kladen d\u016fraz na relaxaci, odpo\u010dinek a zdrav\u00ed host\u016f. Regulovan\u00e9 teplo a hygienick\u00e1 p\u00e1ra poskytuj\u00ed o\u010distu a uklid\u0148uj\u00edc\u00ed vlhkost pro \u010detn\u00e9 wellness procedury.<\/p>\n<h4><span style=\"color: #ffcc00;\">Fitness kluby a sportovn\u00ed studia<\/span><\/h4>\n<p>Relaxace v l\u00e1ze\u0148sk\u00e9 z\u00f3n\u011b po n\u00e1ro\u010dn\u00e9m fitness tr\u00e9ninku navrac\u00ed t\u011blu rovnov\u00e1hu. Rozhoduj\u00edc\u00ed m\u011brou k tomu p\u0159isp\u00edvaj\u00ed r\u016fzn\u00e9 aplikace p\u00e1ry a zdrav\u00e9 klima v m\u00edstnosti.<\/p>\n<blockquote><p>Objednejte si sou\u010dasn\u011b p\u0159\u00edslu\u0161enstv\u00ed<\/p><\/blockquote>\n\t\n  \n    <div class=\"row large-columns-4 medium-columns-3 small-columns-2 row-small slider row-slider slider-nav-reveal slider-nav-push\"  data-flickity-options='{&quot;imagesLoaded&quot;: true, &quot;groupCells&quot;: &quot;100%&quot;, &quot;dragThreshold&quot; : 5, &quot;cellAlign&quot;: &quot;left&quot;,&quot;wrapAround&quot;: true,&quot;prevNextButtons&quot;: true,&quot;percentPosition&quot;: true,&quot;pageDots&quot;: false, &quot;rightToLeft&quot;: false, &quot;autoPlay&quot; : false}' >\n\n  \n\t     <div class=\"product-small col has-hover out-of-stock product type-product post-29838 status-publish first outofstock product_cat-parni-generatory product_tag-flexibilni-parni-hadice product_tag-parni-hadice product_tag-parni-linka has-post-thumbnail taxable shipping-taxable purchasable product-type-simple\">\n\t<div class=\"col-inner\">\n\t\n<div class=\"badge-container absolute left top z-1\">\n\n<\/div>\n\t<div class=\"product-small box \">\n\t\t<div class=\"box-image\">\n\t\t\t<div class=\"image-fade_in_back\">\n\t\t\t\t<a href=\"https:\/\/www.soleum.de\/cs\/shop\/parni-generatory\/parni-potrubi_parni_hadice_dn40\/\">\n\t\t\t\t\t<img loading=\"lazy\" decoding=\"async\" width=\"247\" height=\"300\" src=\"https:\/\/www.soleum.de\/wp-content\/uploads\/2023\/06\/Dampfschlauch-DN40-247x300.jpg\" class=\"attachment-woocommerce_thumbnail size-woocommerce_thumbnail\" alt=\"Parn\u00ed hadice-DN40\" \/>\t\t\t\t<\/a>\n\t\t\t<\/div>\n\t\t\t<div class=\"image-tools is-small top right show-on-hover\">\n\t\t\t\t\t\t\t<\/div>\n\t\t\t<div class=\"image-tools is-small hide-for-small bottom left show-on-hover\">\n\t\t\t\t\t\t\t<\/div>\n\t\t\t<div class=\"image-tools grid-tools text-center hide-for-small bottom hover-slide-in show-on-hover\">\n\t\t\t\t<a href=\"#quick-view\" class=\"quick-view\" role=\"button\" data-prod=\"29838\" aria-haspopup=\"dialog\" aria-expanded=\"false\" data-flatsome-role-button>Rychl\u00fd n\u00e1hled<\/a>\t\t\t<\/div>\n\t\t\t<div class=\"out-of-stock-label\">Nen\u00ed skladem<\/div>\t\t<\/div>\n\n\t\t<div class=\"box-text box-text-products\">\n\t\t\t<div class=\"title-wrapper\">\t\t<p class=\"category uppercase is-smaller no-text-overflow product-cat op-8\">\n\t\t\tParn\u00ed gener\u00e1tory\t\t<\/p>\n\t<p class=\"name product-title woocommerce-loop-product__title\"><a href=\"https:\/\/www.soleum.de\/cs\/shop\/parni-generatory\/parni-potrubi_parni_hadice_dn40\/\" class=\"woocommerce-LoopProduct-link woocommerce-loop-product__link\">1m parn\u00ed hadice_DN40<\/a><\/p><\/div><div class=\"price-wrapper\">\n\t<span class=\"price\"><span class=\"woocommerce-Price-amount amount\"><bdi>84,50&nbsp;<span class=\"woocommerce-Price-currencySymbol\">&euro;<\/span><\/bdi><\/span> <small class=\"woocommerce-price-suffix\">inkl. MWSt.<\/small><\/span>\n<\/div>\t\t<\/div>\n\t<\/div>\n\t\t<\/div>\n<\/div><div class=\"product-small col has-hover out-of-stock product type-product post-29962 status-publish outofstock product_cat-parni-generatory product_tag-parni-lazen-s-regulaci-teploty product_tag-snimac-teploty product_tag-teplota-parni-lazne has-post-thumbnail taxable shipping-taxable purchasable product-type-simple\">\n\t<div class=\"col-inner\">\n\t\n<div class=\"badge-container absolute left top z-1\">\n\n<\/div>\n\t<div class=\"product-small box \">\n\t\t<div class=\"box-image\">\n\t\t\t<div class=\"image-fade_in_back\">\n\t\t\t\t<a href=\"https:\/\/www.soleum.de\/cs\/shop\/parni-generatory\/teplotni-cidlo-tf-104\/\">\n\t\t\t\t\t<img loading=\"lazy\" decoding=\"async\" width=\"247\" height=\"300\" src=\"https:\/\/www.soleum.de\/wp-content\/uploads\/2023\/06\/Temperaturfuehler_TF_104-247x300.jpg\" class=\"attachment-woocommerce_thumbnail size-woocommerce_thumbnail\" alt=\"Sn\u00edma\u010d teploty_TF_104\" \/>\t\t\t\t<\/a>\n\t\t\t<\/div>\n\t\t\t<div class=\"image-tools is-small top right show-on-hover\">\n\t\t\t\t\t\t\t<\/div>\n\t\t\t<div class=\"image-tools is-small hide-for-small bottom left show-on-hover\">\n\t\t\t\t\t\t\t<\/div>\n\t\t\t<div class=\"image-tools grid-tools text-center hide-for-small bottom hover-slide-in show-on-hover\">\n\t\t\t\t<a href=\"#quick-view\" class=\"quick-view\" role=\"button\" data-prod=\"29962\" aria-haspopup=\"dialog\" aria-expanded=\"false\" data-flatsome-role-button>Rychl\u00fd n\u00e1hled<\/a>\t\t\t<\/div>\n\t\t\t<div class=\"out-of-stock-label\">Nen\u00ed skladem<\/div>\t\t<\/div>\n\n\t\t<div class=\"box-text box-text-products\">\n\t\t\t<div class=\"title-wrapper\">\t\t<p class=\"category uppercase is-smaller no-text-overflow product-cat op-8\">\n\t\t\tParn\u00ed gener\u00e1tory\t\t<\/p>\n\t<p class=\"name product-title woocommerce-loop-product__title\"><a href=\"https:\/\/www.soleum.de\/cs\/shop\/parni-generatory\/teplotni-cidlo-tf-104\/\" class=\"woocommerce-LoopProduct-link woocommerce-loop-product__link\">Sn\u00edma\u010d teploty TF 104<\/a><\/p><\/div><div class=\"price-wrapper\">\n\t<span class=\"price\"><span class=\"woocommerce-Price-amount amount\"><bdi>145,00&nbsp;<span class=\"woocommerce-Price-currencySymbol\">&euro;<\/span><\/bdi><\/span> <small class=\"woocommerce-price-suffix\">inkl. MWSt.<\/small><\/span>\n<\/div>\t\t<\/div>\n\t<\/div>\n\t\t<\/div>\n<\/div><\/div>\n\t<div id=\"gap-1610886135\" class=\"gap-element clearfix\" style=\"display:block; height:auto;\">\n\t\t\n<style>\n#gap-1610886135 {\n  padding-top: 80px;\n}\n<\/style>\n\t<\/div>\n\t\n","protected":false},"excerpt":{"rendered":"<p>Parn\u00ed gener\u00e1tor pro parn\u00ed l\u00e1zn\u011b a parn\u00ed sprchy: Parn\u00ed gener\u00e1tor SOL-Steam MINI 5kW: Mal\u00fd radi\u00e1torov\u00fd parn\u00ed gener\u00e1tor pro t\u00e9m\u011b\u0159 jakoukoli instalaci. Nejten\u010d\u00ed parn\u00ed spot\u0159ebi\u010d od spole\u010dnosti SOLEUM<\/p>\n","protected":false},"featured_media":20662,"template":"","meta":[],"product_brand":[],"product_cat":[3541],"product_tag":[4864,5084,5085,5086,4858,3544,3546,5394,5396,4866,4869,5082,3547,4850,3543,4862,4854,4860,3552,5083,4856],"class_list":{"0":"post-29969","1":"product","2":"type-product","3":"status-publish","4":"has-post-thumbnail","6":"product_cat-parni-generatory","7":"product_tag-komercni-parni-generator","8":"product_tag-maly-parni-generator","9":"product_tag-nejmensi-parni-generator","10":"product_tag-nejuzsi-parni-generator","11":"product_tag-oblast-spa","12":"product_tag-parni-generator","13":"product_tag-parni-generator-cs","14":"product_tag-parni-generator-230v","15":"product_tag-parni-generator-400v","16":"product_tag-parni-generator-pro-hotel","17":"product_tag-parni-generator-pro-posilovnu","18":"product_tag-parni-generator-sol-steam-mini","19":"product_tag-parni-spotrebic","20":"product_tag-parni-valec","21":"product_tag-parni-zvlhcovac","22":"product_tag-radiatorovy-parni-generator","23":"product_tag-soukrome-parni-lazne","24":"product_tag-technologie-parni-lazne-cs","25":"product_tag-technologie-parni-lazne","26":"product_tag-uzky-parni-generator","27":"product_tag-wellness-hotely","28":"product_shipping_class-paket-10-31kg-cs","30":"last","31":"instock","32":"taxable","33":"shipping-taxable","34":"purchasable","35":"product-type-simple"},"_links":{"self":[{"href":"https:\/\/www.soleum.de\/cs\/wp-json\/wp\/v2\/product\/29969","targetHints":{"allow":["GET"]}}],"collection":[{"href":"https:\/\/www.soleum.de\/cs\/wp-json\/wp\/v2\/product"}],"about":[{"href":"https:\/\/www.soleum.de\/cs\/wp-json\/wp\/v2\/types\/product"}],"wp:featuredmedia":[{"embeddable":true,"href":"https:\/\/www.soleum.de\/cs\/wp-json\/wp\/v2\/media\/20662"}],"wp:attachment":[{"href":"https:\/\/www.soleum.de\/cs\/wp-json\/wp\/v2\/media?parent=29969"}],"wp:term":[{"taxonomy":"product_brand","embeddable":true,"href":"https:\/\/www.soleum.de\/cs\/wp-json\/wp\/v2\/product_brand?post=29969"},{"taxonomy":"product_cat","embeddable":true,"href":"https:\/\/www.soleum.de\/cs\/wp-json\/wp\/v2\/product_cat?post=29969"},{"taxonomy":"product_tag","embeddable":true,"href":"https:\/\/www.soleum.de\/cs\/wp-json\/wp\/v2\/product_tag?post=29969"}],"curies":[{"name":"wp","href":"https:\/\/api.w.org\/{rel}","templated":true}]}}