{"id":29984,"date":"2023-08-23T11:54:18","date_gmt":"2023-08-23T09:54:18","guid":{"rendered":"https:\/\/www.soleum.de\/shop\/nezarazene\/prodej-vyhrivaciho-lehatka\/"},"modified":"2024-02-23T17:11:17","modified_gmt":"2024-02-23T16:11:17","slug":"waermeliege-abverkauf-einzelstueck","status":"publish","type":"product","link":"https:\/\/www.soleum.de\/cs\/shop\/off-prodejni-nabidky-vyhodne-nabidky\/waermeliege-abverkauf-einzelstueck\/","title":{"rendered":"Prodej vyh\u0159\u00edvac\u00edho leh\u00e1tka"},"content":{"rendered":"<p>Prodej vyh\u0159\u00edvac\u00edho leh\u00e1tka, ROH bez obklad\u016f, jeden kus<\/p>\n<p>Rozm\u011bry: D\u00e9lka 215 cm. \u0160\u00ed\u0159ka 90 cm<\/p>\n<p>ji\u017e pota\u017een\u00e9 topnou roho\u017e\u00ed. Ochrann\u00e1 trubka senzoru je ji\u017e nainstalov\u00e1na.<\/p>\n<p>Ceny bez pr\u00e1ce Pregarten, plus DPH. Po\u0161tovn\u00e9 a baln\u00e9 80,&#8211; EUR (neplat\u00ed pro samosb\u011bratele)<\/p>\n","protected":false},"excerpt":{"rendered":"<p>Prodej vyh\u0159\u00edvac\u00edho leh\u00e1tka, ROH bez obklad\u016f, jeden kus Rozm\u011bry: D\u00e9lka 215 cm. \u0160\u00ed\u0159ka 90 cm ji\u017e pota\u017een\u00e9 topnou roho\u017e\u00ed. Ochrann\u00e1 trubka senzoru je ji\u017e nainstalov\u00e1na. Ceny bez pr\u00e1ce Pregarten, plus DPH. Po\u0161tovn\u00e9 a baln\u00e9 80,&#8211; EUR (neplat\u00ed pro samosb\u011bratele)<\/p>\n","protected":false},"featured_media":21117,"template":"","meta":[],"product_brand":[],"product_cat":[4790],"product_tag":[4057,5463,4865,5462,5461,5466,5459,5468,5464],"class_list":{"0":"post-29984","1":"product","2":"type-product","3":"status-publish","4":"has-post-thumbnail","6":"product_cat-off-prodejni-nabidky-vyhodne-nabidky","7":"product_tag-infracervena-pohovka","8":"product_tag-jednotlive-kusy","9":"product_tag-lazenske-lehatko","10":"product_tag-prodej","11":"product_tag-prodej-kresel","12":"product_tag-tepelny-gauc-pro-parni-lazen","13":"product_tag-vyhodna-koupe","14":"product_tag-vyhrivaci-lehatko-pro-suchou-oblast","15":"product_tag-zahrivaci-gauc-ktery-si-muzete-vyrobit-sami","17":"first","18":"instock","19":"sale","20":"taxable","21":"shipping-taxable","22":"purchasable","23":"product-type-simple"},"_links":{"self":[{"href":"https:\/\/www.soleum.de\/cs\/wp-json\/wp\/v2\/product\/29984","targetHints":{"allow":["GET"]}}],"collection":[{"href":"https:\/\/www.soleum.de\/cs\/wp-json\/wp\/v2\/product"}],"about":[{"href":"https:\/\/www.soleum.de\/cs\/wp-json\/wp\/v2\/types\/product"}],"wp:featuredmedia":[{"embeddable":true,"href":"https:\/\/www.soleum.de\/cs\/wp-json\/wp\/v2\/media\/21117"}],"wp:attachment":[{"href":"https:\/\/www.soleum.de\/cs\/wp-json\/wp\/v2\/media?parent=29984"}],"wp:term":[{"taxonomy":"product_brand","embeddable":true,"href":"https:\/\/www.soleum.de\/cs\/wp-json\/wp\/v2\/product_brand?post=29984"},{"taxonomy":"product_cat","embeddable":true,"href":"https:\/\/www.soleum.de\/cs\/wp-json\/wp\/v2\/product_cat?post=29984"},{"taxonomy":"product_tag","embeddable":true,"href":"https:\/\/www.soleum.de\/cs\/wp-json\/wp\/v2\/product_tag?post=29984"}],"curies":[{"name":"wp","href":"https:\/\/api.w.org\/{rel}","templated":true}]}}