{"id":31853,"date":"2016-07-06T10:47:08","date_gmt":"2016-07-06T08:47:08","guid":{"rendered":"https:\/\/www.soleum.de\/shop\/nezarazene\/ochranna-trubka-senzoru\/"},"modified":"2024-02-23T16:31:54","modified_gmt":"2024-02-23T15:31:54","slug":"ochranna-trubka-chladice","status":"publish","type":"product","link":"https:\/\/www.soleum.de\/cs\/shop\/ohrivaci-rohoze-pro-parni-lazne\/ochranna-trubka-chladice\/","title":{"rendered":"Ochrann\u00e1 trubka senzoru"},"content":{"rendered":"<p>Ochrann\u00e1 trubka pro senzor regul\u00e1toru vyt\u00e1p\u011bn\u00ed, pasuje na elektroinstala\u010dn\u00ed trubku 20 mm<\/p>\n","protected":false},"excerpt":{"rendered":"<p>Ochrann\u00e1 trubka senzoru z m\u011bdi, vhodn\u00e1 pro instala\u010dn\u00ed hadici 20 mm<\/p>\n","protected":false},"featured_media":10680,"template":"","meta":[],"product_brand":[],"product_cat":[3423],"product_tag":[6015,6012],"class_list":{"0":"post-31853","1":"product","2":"type-product","3":"status-publish","4":"has-post-thumbnail","6":"product_cat-ohrivaci-rohoze-pro-parni-lazne","7":"product_tag-ochranna-trubka-senzoru","8":"product_tag-senzorova-trubice","9":"product_shipping_class-baleni-5-10-kg","11":"first","12":"instock","13":"sold-individually","14":"purchasable","15":"product-type-simple"},"_links":{"self":[{"href":"https:\/\/www.soleum.de\/cs\/wp-json\/wp\/v2\/product\/31853","targetHints":{"allow":["GET"]}}],"collection":[{"href":"https:\/\/www.soleum.de\/cs\/wp-json\/wp\/v2\/product"}],"about":[{"href":"https:\/\/www.soleum.de\/cs\/wp-json\/wp\/v2\/types\/product"}],"wp:featuredmedia":[{"embeddable":true,"href":"https:\/\/www.soleum.de\/cs\/wp-json\/wp\/v2\/media\/10680"}],"wp:attachment":[{"href":"https:\/\/www.soleum.de\/cs\/wp-json\/wp\/v2\/media?parent=31853"}],"wp:term":[{"taxonomy":"product_brand","embeddable":true,"href":"https:\/\/www.soleum.de\/cs\/wp-json\/wp\/v2\/product_brand?post=31853"},{"taxonomy":"product_cat","embeddable":true,"href":"https:\/\/www.soleum.de\/cs\/wp-json\/wp\/v2\/product_cat?post=31853"},{"taxonomy":"product_tag","embeddable":true,"href":"https:\/\/www.soleum.de\/cs\/wp-json\/wp\/v2\/product_tag?post=31853"}],"curies":[{"name":"wp","href":"https:\/\/api.w.org\/{rel}","templated":true}]}}