{"id":31991,"date":"2024-02-05T10:34:54","date_gmt":"2024-02-05T09:34:54","guid":{"rendered":"https:\/\/www.soleum.de\/?post_type=product&#038;p=31991"},"modified":"2024-09-20T09:39:59","modified_gmt":"2024-09-20T07:39:59","slug":"haloterapiehome-suchy-solny-inhalator-kopie","status":"publish","type":"product","link":"https:\/\/www.soleum.de\/cs\/shop\/haloterapie-suchou-solnou-inhalaci\/haloterapiehome-suchy-solny-inhalator-kopie\/","title":{"rendered":"Halogener\u00e1tor TS-MINI"},"content":{"rendered":"<p>N\u00e1\u0161 obchod v\u00e1m nab\u00edz\u00ed inovativn\u00ed v\u00fdb\u011br halogener\u00e1tor\u016f, kter\u00e9 v\u00e1m pomohou vytvo\u0159it relaxa\u010dn\u00ed a zdrav\u00e9 prost\u0159ed\u00ed doma nebo v l\u00e1zn\u00edch. Halogener\u00e1tor produkuje nejjemn\u011bj\u0161\u00ed \u010d\u00e1stice p\u0159\u00edrodn\u00ed soli, kter\u00e9 se rozpt\u00fdl\u00ed do vzduchu a vytvo\u0159\u00ed slanou atmosf\u00e9ru, je\u017e je prosp\u011b\u0161n\u00e1 pro va\u0161e zdrav\u00ed a pohodu.<\/p>\n<h1>Halogener\u00e1tor TS-MINI (mal\u00e9 soln\u00e9 m\u00edstnosti)<\/h1>\n<p> Rozsah dod\u00e1vky: Gener\u00e1tor such\u00e9ho soln\u00e9ho aerosolu, \u010distic\u00ed syst\u00e9m, nap\u00e1jec\u00ed kabel, deflektor, prodlu\u017eovac\u00ed hadice, syst\u00e9mov\u00fd kl\u00ed\u010d, n\u00e1hradn\u00ed kl\u00ed\u010d a software.<\/p>\n<p>Toto za\u0159\u00edzen\u00ed se pou\u017e\u00edv\u00e1 v na\u0161ich kabin\u00e1ch s mo\u0159skou klimatizac\u00ed \/ haloterapeutick\u00fdch kabin\u00e1ch.<\/p>\n<h2>Dotykov\u00fd displej a smartphone pro nastaven\u00ed parametr\u016f<\/h2>\n<p>Lze prov\u00e9st n\u00e1sleduj\u00edc\u00ed nastaven\u00ed: Spot\u0159eba a d\u00e1vkov\u00e1n\u00ed soli, objem vzduchu, \u010das zah\u00e1jen\u00ed a doba trv\u00e1n\u00ed inhala\u010dn\u00ed terapie.<br \/>  Displej je podsv\u00edcen\u00fd, a proto je snadno \u010diteln\u00fd i ve tm\u011b.<\/p>\n<h3>Technick\u00e9 \u00fadaje halogener\u00e1toru TS-MINI<\/h3>\n<p>Mal\u00e9 soln\u00e9 m\u00edstnosti: Spot\u0159ebi\u010d je ur\u010den pro nep\u0159etr\u017eit\u00fd provoz se such\u00fdm vzduchem v mal\u00fdch m\u00edstnostech.<\/p>\n<p>Objem z\u00e1sobn\u00edku na s\u016fl: max. <\/p>\n<p> 35 g N\u00edzk\u00e1 spot\u0159eba energie: 18 W (provozn\u00ed nap\u011bt\u00ed 100-240 V AC, 50-60 Hz) Du\u00e1ln\u00ed provozn\u00ed re\u017eim: dotykov\u00fd displej a d\u00e1lkov\u00e9 ovl\u00e1d\u00e1n\u00ed Spot\u0159eba soli: 0-100 g\/h (nastaviteln\u00e1) Rozm\u011bry a hmotnost: 225 x 395 x 218 mm; 8 kg Doba trv\u00e1n\u00ed haloterapie: 10-99 min (nastaviteln\u00e1 po 1 minut\u011b) Pam\u011b\u0165: 9 program\u016f (doba inhalace a d\u00e1vkov\u00e1n\u00ed soli) Materi\u00e1l: nerezov\u00e1 ocel a plast<\/p>\n\t<div class=\"box has-hover   has-hover box-text-bottom\" >\n\n\t\t<div class=\"box-image\" style=\"width:50%;\">\n\t\t\t\t\t\t<div class=\"\" >\n\t\t\t\t<img loading=\"lazy\" decoding=\"async\" width=\"524\" height=\"559\" src=\"https:\/\/www.soleum.de\/wp-content\/uploads\/2024\/02\/Halogenerator-SOLEUM-TS-MINI-1-web.jpg\" class=\"attachment- size-\" alt=\"Halogener\u00e1tor-SOLEUM-TS-MINI\" srcset=\"https:\/\/www.soleum.de\/wp-content\/uploads\/2024\/02\/Halogenerator-SOLEUM-TS-MINI-1-web.jpg 524w, https:\/\/www.soleum.de\/wp-content\/uploads\/2024\/02\/Halogenerator-SOLEUM-TS-MINI-1-web-375x400.jpg 375w, https:\/\/www.soleum.de\/wp-content\/uploads\/2024\/02\/Halogenerator-SOLEUM-TS-MINI-1-web-510x544.jpg 510w\" sizes=\"auto, (max-width: 524px) 100vw, 524px\" \/>\t\t\t\t\t\t\t\t\t\t\t<\/div>\n\t\t\t\t\t<\/div>\n\n\t\t<div class=\"box-text text-center\" >\n\t\t\t<div class=\"box-text-inner\">\n\t\t\t\t\n<h4>Zadn\u00ed \u010d\u00e1st halogener\u00e1toru \/ gener\u00e1toru such\u00e9 soli<\/h4>\n<p>V zadn\u00ed \u010d\u00e1sti halogener\u00e1toru je trubka o pr\u016fm\u011bru 80 mm. M\u016f\u017eete ji m\u00edrn\u011b roz\u0161\u00ed\u0159it a p\u0159iv\u00e9st ji p\u0159\u00edmo do m\u00edstnosti, kam chcete p\u0159idat suchou s\u016fl. Such\u00e1 soln\u00e1 mlha je vyrobena z nerezov\u00e9 oceli.<\/p>\n\t\t\t<\/div>\n\t\t<\/div>\n\t<\/div>\n\t\n<div class=\"video video-fit mb\" style=\"padding-top:56.25%;\"><p><iframe loading=\"lazy\" title=\"Trockensalznebel\" width=\"1020\" height=\"574\" src=\"https:\/\/www.youtube.com\/embed\/PX9ObRaBUaQ?feature=oembed\" frameborder=\"0\" allow=\"accelerometer; autoplay; clipboard-write; encrypted-media; gyroscope; picture-in-picture; web-share\" allowfullscreen><\/iframe><\/p>\n<\/div>\n<div class=\"video video-fit mb\" style=\"padding-top:56.25%;\"><p><iframe loading=\"lazy\" title=\"Halotherapie im Soleum\" width=\"1020\" height=\"574\" src=\"https:\/\/www.youtube.com\/embed\/59V_zcHW5zg?feature=oembed\" frameborder=\"0\" allow=\"accelerometer; autoplay; clipboard-write; encrypted-media; gyroscope; picture-in-picture; web-share\" allowfullscreen><\/iframe><\/p>\n<\/div>\n\t<div id=\"gap-285271458\" class=\"gap-element clearfix\" style=\"display:block; height:auto;\">\n\t\t\n<style>\n#gap-285271458 {\n  padding-top: 50px;\n}\n<\/style>\n\t<\/div>\n\t\n<h2>Such\u00e1 soln\u00e1 inhalace &#8211; vysv\u011btlen\u00ed a pozad\u00ed<\/h2>\n<p>Jedn\u00e1 se o p\u0159\u00edrodn\u00ed l\u00e9\u010dbu zalo\u017eenou na inhalaci mikronizovan\u00e9ho chloridu sodn\u00e9ho. Jedn\u00e1 se prakticky o slan\u00fd &#8222;such\u00fd&#8220; aerosol.<\/p>\n<p>V such\u00e9 form\u011b m\u00e1 s\u016fl <strong>nejsiln\u011bj\u0161\u00ed l\u00e9\u010div\u00e9 \u00fa\u010dinky na d\u00fdchac\u00ed org\u00e1ny<\/strong> a k\u016f\u017ei. Mikroskopicky jemn\u00e9 \u010d\u00e1ste\u010dky soli jsou do m\u00edstnosti vh\u00e1n\u011bny pomoc\u00ed patentovan\u00e9 techniky. Velikost \u010d\u00e1stic soli je podobn\u00e1 jako v p\u0159\u00edrodn\u00edch soln\u00fdch dolech: 1 a\u017e 5 m\u00b5, tak\u017ee \u010d\u00e1stice, kter\u00e9 jsou vdechov\u00e1ny ve form\u011b drobn\u00fdch krystalk\u016f, mohou <strong>proniknout hluboko do plic a dostat se do v\u0161ech pr\u016fdu\u0161ek<\/strong>.<\/p>\n<p>Inhalace such\u00e9 soli stimuluje samo\u010distic\u00ed schopnost sliznic. P\u016fsob\u00ed protiz\u00e1n\u011btliv\u011b, baktericidn\u011b, dekongestivn\u011b a uvol\u0148uje hladk\u00e9 svalstvo d\u00fdchac\u00edch cest. Zlep\u0161uje se ventilace a d\u00fdch\u00e1n\u00ed. Terapie jemnou sol\u00ed prosp\u00edv\u00e1 tak\u00e9 cel\u00e9mu povrchu poko\u017eky, v\u00fdrazn\u011b se sni\u017euje z\u00e1n\u011bt a sv\u011bd\u011bn\u00ed k\u016f\u017ee.<\/p>\n<h2>Indikace a kontraindikace<\/h2>\n<p>Haloterapie nen\u00ed vhodn\u00e1 pro ka\u017ed\u00e9ho. P\u0159i vdechov\u00e1n\u00ed such\u00e9 soli se aktivuje lymfa, pl\u00edce pracuj\u00ed intenzivn\u011bji, zrychluje se krevn\u00ed ob\u011bh, do mozku se dost\u00e1v\u00e1 v\u00edce kysl\u00edku, mohou se aktivovat sliznice a aktivuje se imunitn\u00ed syst\u00e9m d\u00fdchac\u00edch cest.<\/p>\n<ul>\n<li>Haloterapie v SALZRAUM se doporu\u010duje pro<br \/> Astma<\/li>\n<li>Z\u00e1n\u011bt a p\u0159et\u00ed\u017een\u00ed hlasivek<\/li>\n<li>Z\u00e1n\u011bt hrdla, vedlej\u0161\u00edch nosn\u00edch dutin a nosn\u00edch dutin<\/li>\n<li>Chronick\u00e1 obstruk\u010dn\u00ed bronchitida (ne v kone\u010dn\u00e9m stadiu)<\/li>\n<li>alergick\u00e1 r\u00fdma<\/li>\n<li>Rhinosinusopatie<\/li>\n<li>chronick\u00e1 neobstruk\u010dn\u00ed bronchitida<\/li>\n<li>chronick\u00e1 recidivuj\u00edc\u00ed bronchitida<\/li>\n<li>Ku\u0159\u00e1ci<\/li>\n<li>Akutn\u00ed virov\u00e1 infekce horn\u00edch cest d\u00fdchac\u00edch<\/li>\n<li>Bronchiekt\u00e1zie<\/li>\n<li>Cystick\u00e1 fibr\u00f3za (cystick\u00e1 fibr\u00f3za nen\u00ed v kone\u010dn\u00e9m stadiu)<\/li>\n<li>Chronick\u00e1 r\u00fdma a z\u00e1n\u011bt hltanu<\/li>\n<li>Z\u00e1n\u011bt mandl\u00ed (adenoiditida)<\/li>\n<li>Chronick\u00e1 sinusitida<\/li>\n<li>Akutn\u00ed sinusitida<\/li>\n<li>Neurodermatitida<\/li>\n<li>Psori\u00e1za<\/li>\n<li>Migr\u00e9na<\/li>\n<li>Poruchy sp\u00e1nku, stres, \u00fanava<\/li>\n<\/ul>\n<p>Haloterapie se <strong>nedoporu\u010duje<\/strong> pro<\/p>\n<ul>\n<li>Z\u00e1va\u017en\u00fd vysok\u00fd krevn\u00ed tlak<\/li>\n<li>Relapsy a masivn\u00ed krv\u00e1cen\u00ed jak\u00e9hokoli druhu<\/li>\n<li>Krevn\u00ed choroby v akutn\u00ed f\u00e1zi<\/li>\n<li>Akutn\u00ed stadium respira\u010dn\u00edch onemocn\u011bn\u00ed<\/li>\n<li>T\u011b\u017ek\u00e9 chronick\u00e9 respira\u010dn\u00ed selh\u00e1n\u00ed<\/li>\n<li>Aktivn\u00ed tuberkul\u00f3za<\/li>\n<li>Du\u0161evn\u00ed poruchy a v\u0161echny typy drogov\u00fdch z\u00e1vislost\u00ed<\/li>\n<li>Zhoubn\u00e1 onemocn\u011bn\u00ed<\/li>\n<li>T\u011bhotenstv\u00ed (nedostate\u010dn\u00e1 vy\u0161et\u0159en\u00ed)<\/li>\n<li>Vnit\u0159n\u00ed onemocn\u011bn\u00ed v dekompenzaci<\/li>\n<li>Pliv\u00e1n\u00ed krve<\/li>\n<li>Srde\u010dn\u00ed selh\u00e1n\u00ed<\/li>\n<\/ul>\n<p>Zeptejte se sv\u00e9ho l\u00e9ka\u0159e nebo l\u00e9k\u00e1rn\u00edka na v\u00fdhody a nev\u00fdhody haloterapie \/ such\u00e9 soln\u00e9 inhalace a na to, zda je pro v\u00e1s vhodn\u00e1. Studie a bohat\u00e9 informace o haloterapii jsou k dispozici na webu.<\/p>\n<div class=\"row\"  id=\"row-214188228\">\n\n\t<div id=\"col-318939237\" class=\"col medium-6 small-12 large-6\"  >\n\t\t\t\t<div class=\"col-inner\"  >\n\t\t\t\n\t\t\t\n<h2>Terapie soln\u00fdm vzduchem v SalzKRAFTwerk LINZ v Horn\u00edm Rakousku &#8211; <a href=\"https:\/\/www.salzkraftwerk.at\/die-etwas-andere-salzgrotte-in-linz\/\">soln\u00e1 jeskyn\u011b s rozd\u00edlem<\/a>!<\/h2>\n<div class=\"wpb_text_column wpb_content_element \">\n<div class=\"wpb_wrapper\">\n<p>Nav\u0161tivte <a href=\"https:\/\/www.salzkraftwerk.at\/salzluft-in-oberoesterreich-ein-blick-auf-linz\/\" target=\"_blank\" rel=\"noopener\">SalzKRAFTwerk v LINCI<\/a> od listopadu 2024 &#8211; SOLEUM vyrobilo kabiny pro tuto novou inhala\u010dn\u00ed nab\u00eddku v Linci.<br \/>\nVyzkou\u0161ejte si tam tuto vysoce kvalitn\u00ed technologii! <\/p>\n<p><a href=\"https:\/\/www.salzkraftwerk.at\/faq-zur-salzlufttherapie\/\" target=\"_blank\" rel=\"noopener\">Ot\u00e1zky a odpov\u011bdi t\u00fdkaj\u00edc\u00ed se haloterapie a soln\u00e9 terapie v Linci<\/a> naleznete zde: <a href=\"https:\/\/www.salzkraftwerk.at\/faq-zur-salzlufttherapie\/\">Ot\u00e1zky a odpov\u011bdi<\/a>.<\/p>\n<\/div>\n<\/div>\n\t\t<\/div>\n\t\t\t\t\t<\/div>\n\n\t\n\n\t<div id=\"col-1640478973\" class=\"col medium-6 small-12 large-6\"  >\n\t\t\t\t<div class=\"col-inner\"  >\n\t\t\t\n\t\t\t\n\t<div class=\"img has-hover x md-x lg-x y md-y lg-y\" id=\"image_1861953757\">\n\t\t<a class=\"\" href=\"https:\/\/www.salzkraftwerk.at\/\" target=\"_blank\" rel=\"noopener\" >\t\t\t\t\t\t<div class=\"img-inner dark\" >\n\t\t\t<img loading=\"lazy\" decoding=\"async\" width=\"500\" height=\"115\" src=\"https:\/\/www.soleum.de\/wp-content\/uploads\/2024\/02\/Salzkraftwerk-Salzlufttherapie.png\" class=\"attachment-large size-large\" alt=\"Salzkraftwerk-Salzlufttherapie\" \/>\t\t\t\t\t\t\n\t\t\t\t\t<\/div>\n\t\t\t\t\t\t<\/a>\t\t\n<style>\n#image_1861953757 {\n  width: 100%;\n}\n<\/style>\n\t<\/div>\n\t\n\t\t<\/div>\n\t\t\t\t\t<\/div>\n\n\t\n<\/div>\n","protected":false},"excerpt":{"rendered":"<p>Halogener\u00e1tor TS-MINI (mal\u00e9 soln\u00e9 m\u00edstnosti). Toto za\u0159\u00edzen\u00ed se pou\u017e\u00edv\u00e1 v na\u0161ich kabin\u00e1ch s mo\u0159skou klimatizac\u00ed \/ haloterapeutick\u00fdch kabin\u00e1ch.<\/p>\n","protected":false},"featured_media":32000,"template":"","meta":[],"product_brand":[],"product_cat":[6046],"product_tag":[6141,6068,6048,6055,6072,3458,6058,6137,6140,6143,6139,6138,3462,6142,6066,3460,6075,6061,6064],"class_list":{"0":"post-31991","1":"product","2":"type-product","3":"status-publish","4":"has-post-thumbnail","6":"product_cat-haloterapie-suchou-solnou-inhalaci","7":"product_tag-generator-suche-soli","8":"product_tag-halogenerator-cs","9":"product_tag-haloterapie","10":"product_tag-haloterapie-doma","11":"product_tag-haloterapie-soleum","12":"product_tag-inhalace-soli","13":"product_tag-inhalace-suche-soli","14":"product_tag-kabina-pro-haloterapii","15":"product_tag-kabiny-pro-haloterapii","16":"product_tag-long-covid-cs","17":"product_tag-male-solne-mistnosti","18":"product_tag-solna-mistnost","19":"product_tag-solny-sprej","20":"product_tag-sucha-solna-mlha","21":"product_tag-suchy-solny-inhalator","22":"product_tag-technika-inhalace-soli","23":"product_tag-vyroba-salzaerosolu","24":"product_tag-zmirneni-plicnich-problemu","25":"product_tag-zmirneni-problemu-s-astmatem","26":"product_shipping_class-paket-10-31kg-cs","28":"first","29":"instock","30":"taxable","31":"shipping-taxable","32":"purchasable","33":"product-type-simple"},"_links":{"self":[{"href":"https:\/\/www.soleum.de\/cs\/wp-json\/wp\/v2\/product\/31991","targetHints":{"allow":["GET"]}}],"collection":[{"href":"https:\/\/www.soleum.de\/cs\/wp-json\/wp\/v2\/product"}],"about":[{"href":"https:\/\/www.soleum.de\/cs\/wp-json\/wp\/v2\/types\/product"}],"wp:featuredmedia":[{"embeddable":true,"href":"https:\/\/www.soleum.de\/cs\/wp-json\/wp\/v2\/media\/32000"}],"wp:attachment":[{"href":"https:\/\/www.soleum.de\/cs\/wp-json\/wp\/v2\/media?parent=31991"}],"wp:term":[{"taxonomy":"product_brand","embeddable":true,"href":"https:\/\/www.soleum.de\/cs\/wp-json\/wp\/v2\/product_brand?post=31991"},{"taxonomy":"product_cat","embeddable":true,"href":"https:\/\/www.soleum.de\/cs\/wp-json\/wp\/v2\/product_cat?post=31991"},{"taxonomy":"product_tag","embeddable":true,"href":"https:\/\/www.soleum.de\/cs\/wp-json\/wp\/v2\/product_tag?post=31991"}],"curies":[{"name":"wp","href":"https:\/\/api.w.org\/{rel}","templated":true}]}}