{"id":32327,"date":"2024-09-06T07:54:07","date_gmt":"2024-09-06T05:54:07","guid":{"rendered":"https:\/\/www.soleum.de\/?post_type=product&#038;p=32327"},"modified":"2024-09-06T08:02:13","modified_gmt":"2024-09-06T06:02:13","slug":"vyhrivane-lehatko-lovt-ve-vzhledu-betonu-kopie-kopie","status":"publish","type":"product","link":"https:\/\/www.soleum.de\/cs\/shop\/off-prodejni-nabidky-vyhodne-nabidky\/vyhrivane-lehatko-lovt-ve-vzhledu-betonu-kopie-kopie\/","title":{"rendered":"Vyh\u0159\u00edvan\u00e9 leh\u00e1tko LOVT ve vzhledu betonu (Kopie) (Kopie)"},"content":{"rendered":"\t<div class=\"img has-hover x md-x lg-x y md-y lg-y\" id=\"image_929363376\">\n\t\t<a class=\"\" href=\"https:\/\/www.soleum.de\/hr\/featured_item\/zagrijavanje-spa-lezaljke\/\" target=\"_blank\" rel=\"noopener\" >\t\t\t\t\t\t<div class=\"img-inner dark\" >\n\t\t\t<img loading=\"lazy\" decoding=\"async\" width=\"1400\" height=\"770\" src=\"https:\/\/www.soleum.de\/wp-content\/uploads\/2023\/09\/Waermeliege-LOVT_in_Betonoptik-1.jpg\" class=\"attachment-original size-original\" alt=\"\" srcset=\"https:\/\/www.soleum.de\/wp-content\/uploads\/2023\/09\/Waermeliege-LOVT_in_Betonoptik-1.jpg 1400w, https:\/\/www.soleum.de\/wp-content\/uploads\/2023\/09\/Waermeliege-LOVT_in_Betonoptik-1-727x400.jpg 727w, https:\/\/www.soleum.de\/wp-content\/uploads\/2023\/09\/Waermeliege-LOVT_in_Betonoptik-1-768x422.jpg 768w, https:\/\/www.soleum.de\/wp-content\/uploads\/2023\/09\/Waermeliege-LOVT_in_Betonoptik-1-510x281.jpg 510w\" sizes=\"auto, (max-width: 1400px) 100vw, 1400px\" \/>\t\t\t\t\t\t\n\t\t\t\t\t<\/div>\n\t\t\t\t\t\t<\/a>\t\t\n<style>\n#image_929363376 {\n  width: 100%;\n}\n<\/style>\n\t<\/div>\n\t\n<div class=\"wpb_text_column wpb_content_element \">\n<div class=\"wpb_wrapper\">\n<h1 class=\"entry-title\">Vyh\u0159\u00edvan\u00e9 leh\u00e1tko LOVT ve vzhledu betonu<\/h1>\n<blockquote><p>Jedn\u00e1 se o <strong>v\u00fdstavn\u00ed pohovku<\/strong>, a proto ji prod\u00e1v\u00e1me s odpov\u00eddaj\u00edc\u00ed slevou &#8211; pohovka je v\u0161ak naprosto jako nov\u00e1. Pokud je zbo\u017e\u00ed odesl\u00e1no bez p\u0159edchoz\u00ed kontroly, nelze jej vym\u011bnit ani vr\u00e1tit. Leh\u00e1tko je dod\u00e1v\u00e1no ve speci\u00e1ln\u011b vyroben\u00e9 d\u0159ev\u011bn\u00e9 krabici.<\/p><\/blockquote>\n<h2>L\u00e1ze\u0148sk\u00e9 leh\u00e1tko pro hotely, wellness a soukrom\u00e9 sauny<\/h2>\n<p>M\u00edrn\u00e9 s\u00e1lav\u00e9 teplo prost\u0159ednictv\u00edm dla\u017edic s jedine\u010dn\u00fdm blahod\u00e1rn\u00fdm \u00fa\u010dinkem na na\u0161i pohodu. Dokonale tvarovan\u00e1 relaxace v luxusn\u00edm leh\u00e1tku. Nad\u010dasov\u00fd design, ergonomick\u00fd tvar, snadn\u00e1 \u00fadr\u017eba &#8211; tato vyh\u0159\u00edvan\u00e1 leh\u00e1tka jsou skute\u010dn\u00fdmi um\u011bleck\u00fdmi d\u00edly, kter\u00e1 dokonale dopln\u00ed soukromou l\u00e1ze\u0148skou o\u00e1zu nebo luxusn\u00ed hotelov\u00e9 SPA centrum.<\/p>\n<p>U <a href=\"https:\/\/www.soleum.de\/cs\/featured_item\/vyhrivaci-lehatko-spa\/\">betonov\u00e9ho leh\u00e1tka LOVT<\/a> klademe d\u016fraz a vn\u00edm\u00e1me tento exkluzivn\u00ed kus n\u00e1bytku jako dopln\u011bk sou\u010dasn\u00e9 architektury.<\/p>\n<\/div>\n<\/div>\n\t<div class=\"box has-hover   has-hover box-text-bottom\" >\n\n\t\t<div class=\"box-image\" >\n\t\t\t\t\t\t<div class=\"\" >\n\t\t\t\t<img loading=\"lazy\" decoding=\"async\" width=\"765\" height=\"379\" src=\"https:\/\/www.soleum.de\/wp-content\/uploads\/2023\/08\/Infrarot-Waermeliegen-Soleum-Design22.jpg\" class=\"attachment- size-\" alt=\"\" srcset=\"https:\/\/www.soleum.de\/wp-content\/uploads\/2023\/08\/Infrarot-Waermeliegen-Soleum-Design22.jpg 765w, https:\/\/www.soleum.de\/wp-content\/uploads\/2023\/08\/Infrarot-Waermeliegen-Soleum-Design22-510x253.jpg 510w\" sizes=\"auto, (max-width: 765px) 100vw, 765px\" \/>\t\t\t\t\t\t\t\t\t\t\t<\/div>\n\t\t\t\t\t<\/div>\n\n\t\t<div class=\"box-text text-center\" >\n\t\t\t<div class=\"box-text-inner\">\n\t\t\t\t\n<h3 class=\"fusion-responsive-typography-calculated\" data-fontsize=\"24\" data-lineheight=\"30px\">RU\u010cN\u011a VYR\u00c1B\u011aN\u00c9 TEXTURY VZHLEDU BETONU<\/h3>\n<p>Ru\u010dn\u00ed povrchovou \u00fapravou mikrocementu dod\u00e1me leh\u00e1tku skv\u011bl\u00fd betonov\u00fd vzhled. Jednotliv\u00e9 struktury vznikaj\u00ed podle v\u00fdrobce a vzoru.<\/p>\n\t\t\t<\/div>\n\t\t<\/div>\n\t<\/div>\n\t\n<div class=\"wpb_text_column wpb_content_element \">\n<div class=\"wpb_wrapper\">\n<p>S LED osv\u011btlen\u00edm kolem podstavce a ru\u010dn\u011b vyroben\u00fdm mikrocementov\u00fdm povrchem v barv\u011b BETON GREY.<\/p>\n<\/div>\n<div class=\"fusion-layout-column fusion_builder_column fusion-builder-column-1 fusion_builder_column_1_2 1_2 fusion-flex-column\">\n<div class=\"fusion-column-wrapper fusion-column-has-shadow fusion-flex-justify-content-flex-start fusion-content-layout-column\">\n<div class=\"fusion-text fusion-text-7\">\n<h3 class=\"fusion-responsive-typography-calculated\" data-fontsize=\"24\" data-lineheight=\"30px\">Technick\u00e9 \u00fadaje:<\/h3>\n<ul>\n<li>P\u0159\u00edkon: 459 W, 230 V (110 V na objedn\u00e1vku)<\/li>\n<li>Teplota je voln\u011b nastaviteln\u00e1 v rozmez\u00ed ~30-45 \u00b0C (b\u011b\u017en\u011b cca 37-39 \u00b0C).<\/li>\n<li>Pohovka je dod\u00e1v\u00e1na p\u0159ipraven\u00e1 k p\u0159ipojen\u00ed. &#8222;Plug &amp; Play<\/li>\n<li>S osv\u011btlen\u00edm LED pod leh\u00e1tkem v tepl\u00e9 b\u00edl\u00e9 barv\u011b.<\/li>\n<li>Architektonick\u00fd mikrocement v barv\u011b \u0160ED\u00c9 (mo\u017en\u00e9 jsou i jin\u00e9 barvy!)<\/li>\n<\/ul>\n<\/div>\n<\/div>\n<\/div>\n<div class=\"wpb_wrapper\">\n<p>Rozm\u011bry: D\u00e9lka <strong>204 cm<\/strong>, \u0161\u00ed\u0159ka <strong>76 cm<\/strong>, v\u00fd\u0161ka <strong>83 cm<\/strong>, v\u00fd\u0161ka sedadla <strong>~40 cm.<\/strong><br \/>\nHmotnost: pouze <strong>70 kg<\/strong><\/p>\n<\/div>\n<\/div>\n<div class=\"text-center\"><div class=\"is-divider divider clearfix\" style=\"max-width:754px;background-color:rgb(2, 0, 104);\"><\/div><\/div>\n\t<div class=\"img has-hover x md-x lg-x y md-y lg-y\" id=\"image_1211734888\">\n\t\t\t\t\t\t\t\t<div class=\"img-inner dark\" style=\"margin:0px 0px 0px 0px;\">\n\t\t\t<img loading=\"lazy\" decoding=\"async\" width=\"600\" height=\"276\" src=\"https:\/\/www.soleum.de\/wp-content\/uploads\/2023\/08\/Kontur-Waermeliege-1.jpg\" class=\"attachment-large size-large\" alt=\"\" srcset=\"https:\/\/www.soleum.de\/wp-content\/uploads\/2023\/08\/Kontur-Waermeliege-1.jpg 600w, https:\/\/www.soleum.de\/wp-content\/uploads\/2023\/08\/Kontur-Waermeliege-1-510x235.jpg 510w\" sizes=\"auto, (max-width: 600px) 100vw, 600px\" \/>\t\t\t\t\t\t\n\t\t\t\t\t<\/div>\n\t\t\t\t\t\t\t\t\n<style>\n#image_1211734888 {\n  width: 49%;\n}\n<\/style>\n\t<\/div>\n\t\n<div class=\"text-center\"><div class=\"is-divider divider clearfix\" style=\"max-width:754px;background-color:rgb(2, 0, 104);\"><\/div><\/div>\n<h2>Ru\u010dn\u011b vyr\u00e1b\u011bn\u00fd mikrocementov\u00fd povlak<\/h2>\n<p>Mikrocement je dvouslo\u017ekov\u00fd syst\u00e9m polymer\u016f a cementu. Povrch si m\u016f\u017eete vybrat v r\u016fzn\u00fdch barv\u00e1ch.<\/p>\n<p>Mikrocement se nan\u00e1\u0161\u00ed ru\u010dn\u011b. Z tohoto d\u016fvodu by m\u011bl z\u00e1kazn\u00edk po\u010d\u00edtat s t\u00edm, \u017ee p\u0159i pr\u00e1ci s plastov\u00fdm materi\u00e1lem se mohou vyskytnout drobn\u00e9 nerovnosti a minim\u00e1ln\u00ed vady. Mikrocement je ru\u010dn\u011b vyr\u00e1b\u011bn\u00fd v\u00fdrobek, kter\u00fd je jedine\u010dn\u00fd.<br \/>\nvyr\u00e1b\u011bn\u00e9 a ne s\u00e9riov\u011b. Rozd\u00edly v barevn\u00fdch odst\u00ednech a\/nebo koncentraci barev by m\u011bly b\u00fdt pova\u017eov\u00e1ny za hodnotn\u00e9 prvky d\u00edla &#8211; nikoli za vady.<br \/>\nNa povrchu mikrocementu, kter\u00fd je vystaven ostr\u00fdm nebo \u0161pi\u010dat\u00fdm p\u0159edm\u011bt\u016fm (\u017eidle, n\u00e1bytek, vysok\u00e9 podpatky atd.), se mohou vytvo\u0159it d\u016flky nebo \u0161kr\u00e1bance. P\u0159esto\u017ee povrch z mikrocementu m\u00e1 vynikaj\u00edc\u00ed odolnost, maj\u00ed podobn\u00e9 vlastnosti jako d\u0159ev\u011bn\u00e9 podlahy a podle toho je t\u0159eba s nimi zach\u00e1zet.<\/p>\n<p>Na mikrocementov\u00e9m povlaku se mohou objevit \u0161kr\u00e1bance. \u010c\u00edm hlad\u0161\u00ed a rovnom\u011brn\u011bj\u0161\u00ed je povrch, t\u00edm v\u011bt\u0161\u00ed je pravd\u011bpodobnost, \u017ee se na n\u011bm objev\u00ed \u0161kr\u00e1bance zp\u016fsoben\u00e9 pou\u017e\u00edv\u00e1n\u00edm. Tyto probl\u00e9my<br \/>\na nedostatky lze snadno obej\u00edt volbou barvy a ned\u016fslednou, nerovnom\u011brnou volbou povrchov\u00e9 \u00fapravy &#8211; ale tak\u00e9 odpov\u00eddaj\u00edc\u00ed, spr\u00e1vnou p\u00e9\u010d\u00ed.<\/p>\n<p>I kdy\u017e o\u0161et\u0159en\u00ed t\u011bsnic\u00edm prost\u0159edkem chr\u00e1n\u00ed podlahu p\u0159ed rychl\u00fdm proniknut\u00edm n\u00e1hodn\u011b rozlit\u00fdch tekutin, je t\u0159eba m\u00edt st\u00e1le na pam\u011bti, \u017ee v\u0161echny tekutiny,<br \/>\nzejm\u00e9na tekutiny b\u011b\u017en\u011b pou\u017e\u00edvan\u00e9 v dom\u00e1cnosti, jako je v\u00edno, olej, ocet nebo k\u00e1va, by m\u011bly b\u00fdt ze v\u0161ech povrch\u016f co nejrychleji odstran\u011bny, aby v \u017e\u00e1dn\u00e9m p\u0159\u00edpad\u011b nemohly proniknout na povrch.<\/p>\n<p><strong>CARE<\/strong><br \/>\nDoporu\u010den\u00ed a n\u00e1vrhy, jak udr\u017eet povrch mikrocementu \u010dist\u00fd a kr\u00e1sn\u00fd:<br \/>\n&#8211; \u010ci\u0161t\u011bn\u00ed mikrocementov\u00e9ho oblo\u017een\u00ed je jednoduch\u00e9: povrch sta\u010d\u00ed ot\u0159\u00edt vlhk\u00fdm had\u0159\u00edkem s trochou neutr\u00e1ln\u00edho \u010distic\u00edho prost\u0159edku bez p\u011bny.<br \/>\n&#8211; Doporu\u010duje se pravideln\u011b o\u0161et\u0159ovat povrch ochrann\u00fdmi p\u0159\u00edpravky na b\u00e1zi samole\u0161t\u00edc\u00edch vosk\u016f ve vod\u011b (nap\u0159. Ideal Cera).  <strong>V\u00fdrobky pro p\u00e9\u010di, kter\u00e9 jsou zalo\u017eeny na m\u00fddle, kyselin\u011b, \u010dpavku, chl\u00f3ru nebo jin\u00fdch l\u00e1tk\u00e1ch.<\/strong><br \/>\n<strong>\u017e\u00edraviny na b\u00e1zi \u017e<\/strong>\u00edravin <strong>jsou pro o\u0161et\u0159en\u00ed p\u0159\u00edsn\u011b zak\u00e1z\u00e1ny<\/strong>. Pou\u017e\u00edvejte pouze NEAGRESIVN\u00cd p\u0159\u00edpravky s neutr\u00e1ln\u00edm pH.<\/p>\n\t<div id=\"gap-1163948660\" class=\"gap-element clearfix\" style=\"display:block; height:auto;\">\n\t\t\n<style>\n#gap-1163948660 {\n  padding-top: 100px;\n}\n<\/style>\n\t<\/div>\n\t\n<p>Ceny jsou uvedeny v\u010detn\u011b. DPH a pr\u00e1ce ex Pregarten<\/p>\n\t\n  \n    <div class=\"row large-columns-3 medium-columns- small-columns-2 row-small\" >\n  \n\t     <div class=\"product-small col has-hover product type-product post-29845 status-publish first instock product_cat-off-prodejni-nabidky-vyhodne-nabidky product_tag-3d-ultrazvuk-fire product_tag-lazensky-design product_tag-ohniva-voda product_tag-ultrazvukovy-ohen has-post-thumbnail sale taxable shipping-taxable purchasable product-type-simple\">\n\t<div class=\"col-inner\">\n\t\n<div class=\"badge-container absolute left top z-1\">\n<div class=\"callout badge badge-circle\"><div class=\"badge-inner secondary on-sale\"><span class=\"onsale\">Sleva!<\/span><\/div><\/div>\n<\/div>\n\t<div class=\"product-small box \">\n\t\t<div class=\"box-image\">\n\t\t\t<div class=\"image-fade_in_back\">\n\t\t\t\t<a href=\"https:\/\/www.soleum.de\/cs\/shop\/off-prodejni-nabidky-vyhodne-nabidky\/ohniste-instalacni-box-s-3d-ultrazvukovym-ohnem\/\">\n\t\t\t\t\t<img loading=\"lazy\" decoding=\"async\" width=\"247\" height=\"300\" src=\"https:\/\/www.soleum.de\/wp-content\/uploads\/2023\/09\/Feuerbox_soleum-247x300.jpg\" class=\"attachment-woocommerce_thumbnail size-woocommerce_thumbnail\" alt=\"3D ultrazvuk Fire\" \/><img loading=\"lazy\" decoding=\"async\" width=\"247\" height=\"300\" src=\"https:\/\/www.soleum.de\/wp-content\/uploads\/2023\/08\/Infrarot-Waermeliegen-Soleum-Design13-247x300.jpg\" class=\"show-on-hover absolute fill hide-for-small back-image\" alt=\"Infra\u010derven\u00e9 vyh\u0159\u00edvan\u00e9 leh\u00e1tko s 3D ohn\u011bm\" aria-hidden=\"true\" \/>\t\t\t\t<\/a>\n\t\t\t<\/div>\n\t\t\t<div class=\"image-tools is-small top right show-on-hover\">\n\t\t\t\t\t\t\t<\/div>\n\t\t\t<div class=\"image-tools is-small hide-for-small bottom left show-on-hover\">\n\t\t\t\t\t\t\t<\/div>\n\t\t\t<div class=\"image-tools grid-tools text-center hide-for-small bottom hover-slide-in show-on-hover\">\n\t\t\t\t<a href=\"#quick-view\" class=\"quick-view\" role=\"button\" data-prod=\"29845\" aria-haspopup=\"dialog\" aria-expanded=\"false\" data-flatsome-role-button>Rychl\u00fd n\u00e1hled<\/a>\t\t\t<\/div>\n\t\t\t\t\t<\/div>\n\n\t\t<div class=\"box-text box-text-products\">\n\t\t\t<div class=\"title-wrapper\">\t\t<p class=\"category uppercase is-smaller no-text-overflow product-cat op-8\">\n\t\t\tOFF-PRODEJN\u00cd nab\u00eddky-v\u00fdhodn\u00e9 nab\u00eddky\t\t<\/p>\n\t<p class=\"name product-title woocommerce-loop-product__title\"><a href=\"https:\/\/www.soleum.de\/cs\/shop\/off-prodejni-nabidky-vyhodne-nabidky\/ohniste-instalacni-box-s-3d-ultrazvukovym-ohnem\/\" class=\"woocommerce-LoopProduct-link woocommerce-loop-product__link\">Po\u017e\u00e1rn\u00ed box, vestav\u011bn\u00fd box s 3D ultrazvukov\u00fdm ohn\u011bm<\/a><\/p><\/div><div class=\"price-wrapper\">\n\t<span class=\"price\"><del aria-hidden=\"true\"><span class=\"woocommerce-Price-amount amount\"><bdi>3.630,00&nbsp;<span class=\"woocommerce-Price-currencySymbol\">&euro;<\/span><\/bdi><\/span><\/del> <span class=\"screen-reader-text\">P\u016fvodn\u00ed cena byla: 3.630,00&nbsp;&euro;.<\/span><ins aria-hidden=\"true\"><span class=\"woocommerce-Price-amount amount\"><bdi>2.400,00&nbsp;<span class=\"woocommerce-Price-currencySymbol\">&euro;<\/span><\/bdi><\/span><\/ins><span class=\"screen-reader-text\">Aktu\u00e1ln\u00ed cena je: 2.400,00&nbsp;&euro;.<\/span> <small class=\"woocommerce-price-suffix\">inkl. MWSt.<\/small><\/span>\n<\/div>\t\t<\/div>\n\t<\/div>\n\t\t<\/div>\n<\/div><div class=\"product-small col has-hover product type-product post-29985 status-publish instock product_cat-lazenska-vyhrivana-lehatka product_cat-off-prodejni-nabidky-vyhodne-nabidky product_tag-betonove-lehatko product_tag-designove-lazenske-lehatko product_tag-hotelovy-gauc product_tag-infracervena-pohovka-s-dlazdicemi product_tag-infracervene-lehatko product_tag-infracervene-relaxacni-lehatko product_tag-infracerveny-betonovy-gauc product_tag-lazenska-lehatka-pro-hotel product_tag-lazenske-lehatko product_tag-lehatko-pro-architekty product_tag-lehatko-pro-wellness-zonu product_tag-lehatko-soleum product_tag-lehatko-v-betonovem-vzhledu product_tag-luxusni-lazenske-lehatko product_tag-luxusni-lazne product_tag-luxusni-lehatko product_tag-luxusni-lehatko-cs product_tag-mikrocement-cs product_tag-napady-pro-lazne product_tag-navrhar-lazni product_tag-povlak-z-mikrocementu product_tag-prislusenstvi-pro-wellness-zony product_tag-vyhrivaci-lehatko-pro-lazenska-zarizeni product_tag-vyhrivane-lehatko-lovt-ve-vzhledu-betonu product_tag-wellness-lehatka-do-sauny product_tag-wellness-lehatko has-post-thumbnail sale sold-individually taxable shipping-taxable purchasable product-type-simple\">\n\t<div class=\"col-inner\">\n\t\n<div class=\"badge-container absolute left top z-1\">\n<div class=\"callout badge badge-circle\"><div class=\"badge-inner secondary on-sale\"><span class=\"onsale\">Sleva!<\/span><\/div><\/div>\n<\/div>\n\t<div class=\"product-small box \">\n\t\t<div class=\"box-image\">\n\t\t\t<div class=\"image-fade_in_back\">\n\t\t\t\t<a href=\"https:\/\/www.soleum.de\/cs\/shop\/lazenska-vyhrivana-lehatka\/vyhrivane-lehatko-lovt-ve-vzhledu-betonu\/\">\n\t\t\t\t\t<img loading=\"lazy\" decoding=\"async\" width=\"247\" height=\"300\" src=\"https:\/\/www.soleum.de\/wp-content\/uploads\/2023\/09\/Waermeliege-LOVT_in_Betonoptik-247x300.jpg\" class=\"attachment-woocommerce_thumbnail size-woocommerce_thumbnail\" alt=\"Vyh\u0159\u00edvan\u00e9 leh\u00e1tko LOVT ve vzhledu betonu\" \/><img loading=\"lazy\" decoding=\"async\" width=\"247\" height=\"300\" src=\"https:\/\/www.soleum.de\/wp-content\/uploads\/2023\/08\/Infrarot-Waermeliegen-Soleum-Design22-247x300.jpg\" class=\"show-on-hover absolute fill hide-for-small back-image\" alt=\"Alternative view of Vyh\u0159\u00edvan\u00e9 leh\u00e1tko LOVT ve vzhledu betonu\" aria-hidden=\"true\" \/>\t\t\t\t<\/a>\n\t\t\t<\/div>\n\t\t\t<div class=\"image-tools is-small top right show-on-hover\">\n\t\t\t\t\t\t\t<\/div>\n\t\t\t<div class=\"image-tools is-small hide-for-small bottom left show-on-hover\">\n\t\t\t\t\t\t\t<\/div>\n\t\t\t<div class=\"image-tools grid-tools text-center hide-for-small bottom hover-slide-in show-on-hover\">\n\t\t\t\t<a href=\"#quick-view\" class=\"quick-view\" role=\"button\" data-prod=\"29985\" aria-haspopup=\"dialog\" aria-expanded=\"false\" data-flatsome-role-button>Rychl\u00fd n\u00e1hled<\/a>\t\t\t<\/div>\n\t\t\t\t\t<\/div>\n\n\t\t<div class=\"box-text box-text-products\">\n\t\t\t<div class=\"title-wrapper\">\t\t<p class=\"category uppercase is-smaller no-text-overflow product-cat op-8\">\n\t\t\tL\u00e1ze\u0148sk\u00e1 vyh\u0159\u00edvan\u00e1 leh\u00e1tka\t\t<\/p>\n\t<p class=\"name product-title woocommerce-loop-product__title\"><a href=\"https:\/\/www.soleum.de\/cs\/shop\/lazenska-vyhrivana-lehatka\/vyhrivane-lehatko-lovt-ve-vzhledu-betonu\/\" class=\"woocommerce-LoopProduct-link woocommerce-loop-product__link\">Vyh\u0159\u00edvan\u00e9 leh\u00e1tko LOVT ve vzhledu betonu<\/a><\/p><\/div><div class=\"price-wrapper\">\n\t<span class=\"price\"><del aria-hidden=\"true\"><span class=\"woocommerce-Price-amount amount\"><bdi>9.288,00&nbsp;<span class=\"woocommerce-Price-currencySymbol\">&euro;<\/span><\/bdi><\/span><\/del> <span class=\"screen-reader-text\">P\u016fvodn\u00ed cena byla: 9.288,00&nbsp;&euro;.<\/span><ins aria-hidden=\"true\"><span class=\"woocommerce-Price-amount amount\"><bdi>5.900,00&nbsp;<span class=\"woocommerce-Price-currencySymbol\">&euro;<\/span><\/bdi><\/span><\/ins><span class=\"screen-reader-text\">Aktu\u00e1ln\u00ed cena je: 5.900,00&nbsp;&euro;.<\/span> <small class=\"woocommerce-price-suffix\">inkl. MWSt.<\/small><\/span>\n<\/div>\t\t<\/div>\n\t<\/div>\n\t\t<\/div>\n<\/div><\/div>\n","protected":false},"excerpt":{"rendered":"<p>H\u0159ejiv\u00e9 leh\u00e1tko LOVT v betonov\u00e9m vzhledu s hmotnost\u00ed pouh\u00fdch 70 kg- Betonov\u00e9 leh\u00e1tko LOVT vytv\u00e1\u0159\u00ed akcenty a tento exkluzivn\u00ed kus n\u00e1bytku pova\u017eujeme za dopln\u011bk sou\u010dasn\u00e9 architektury.<\/p>\n","protected":false},"featured_media":21299,"template":"","meta":[],"product_brand":[],"product_cat":[4790],"product_tag":[5467,4821,4834,4829,4836,4838,5469,4867,4865,4840,4842,4859,4846,4849,4851,4844,4853,4863,4861,4855,4872,4868,5465,4870,4065],"class_list":{"0":"post-32327","1":"product","2":"type-product","3":"status-publish","4":"has-post-thumbnail","6":"product_cat-off-prodejni-nabidky-vyhodne-nabidky","7":"product_tag-betonove-lehatko","8":"product_tag-designove-lazenske-lehatko","9":"product_tag-hotelovy-gauc","10":"product_tag-infracervena-pohovka-s-dlazdicemi","11":"product_tag-infracervene-lehatko","12":"product_tag-infracervene-relaxacni-lehatko","13":"product_tag-infracerveny-betonovy-gauc","14":"product_tag-lazenska-lehatka-pro-hotel","15":"product_tag-lazenske-lehatko","16":"product_tag-lehatko-pro-architekty","17":"product_tag-lehatko-pro-wellness-zonu","18":"product_tag-lehatko-soleum","19":"product_tag-luxusni-lazenske-lehatko","20":"product_tag-luxusni-lazne","21":"product_tag-luxusni-lehatko-cs","22":"product_tag-luxusni-lehatko","23":"product_tag-mikrocement-cs","24":"product_tag-napady-pro-lazne","25":"product_tag-navrhar-lazni","26":"product_tag-povlak-z-mikrocementu","27":"product_tag-prislusenstvi-pro-wellness-zony","28":"product_tag-vyhrivaci-lehatko-pro-lazenska-zarizeni","29":"product_tag-vyhrivane-lehatko-lovt-ve-vzhledu-betonu","30":"product_tag-wellness-lehatka-do-sauny","31":"product_tag-wellness-lehatko","32":"product_shipping_class-objemne-zbozi","34":"last","35":"instock","36":"sale","37":"sold-individually","38":"taxable","39":"shipping-taxable","40":"purchasable","41":"product-type-simple"},"_links":{"self":[{"href":"https:\/\/www.soleum.de\/cs\/wp-json\/wp\/v2\/product\/32327","targetHints":{"allow":["GET"]}}],"collection":[{"href":"https:\/\/www.soleum.de\/cs\/wp-json\/wp\/v2\/product"}],"about":[{"href":"https:\/\/www.soleum.de\/cs\/wp-json\/wp\/v2\/types\/product"}],"wp:featuredmedia":[{"embeddable":true,"href":"https:\/\/www.soleum.de\/cs\/wp-json\/wp\/v2\/media\/21299"}],"wp:attachment":[{"href":"https:\/\/www.soleum.de\/cs\/wp-json\/wp\/v2\/media?parent=32327"}],"wp:term":[{"taxonomy":"product_brand","embeddable":true,"href":"https:\/\/www.soleum.de\/cs\/wp-json\/wp\/v2\/product_brand?post=32327"},{"taxonomy":"product_cat","embeddable":true,"href":"https:\/\/www.soleum.de\/cs\/wp-json\/wp\/v2\/product_cat?post=32327"},{"taxonomy":"product_tag","embeddable":true,"href":"https:\/\/www.soleum.de\/cs\/wp-json\/wp\/v2\/product_tag?post=32327"}],"curies":[{"name":"wp","href":"https:\/\/api.w.org\/{rel}","templated":true}]}}