{"id":32430,"date":"2024-11-04T07:42:33","date_gmt":"2024-11-04T06:42:33","guid":{"rendered":"https:\/\/www.soleum.de\/?post_type=product&#038;p=32430"},"modified":"2024-11-04T07:49:27","modified_gmt":"2024-11-04T06:49:27","slug":"prodej-vyhrivaciho-lehatka-kopie-kopie","status":"publish","type":"product","link":"https:\/\/www.soleum.de\/cs\/shop\/dily-tvarovane-v-parni-lazni\/prodej-vyhrivaciho-lehatka-kopie-kopie\/","title":{"rendered":"Sada pro parn\u00ed l\u00e1ze\u0148 cenov\u00e1 skupina 2"},"content":{"rendered":"<h1>Sada pro parn\u00ed l\u00e1ze\u0148 cenov\u00e1 skupina 2<\/h1>\n<h2>do rozm\u011bru cca D=(210-260cm) x \u0160=(150-200cm)<\/h2>\n<p>&nbsp;<\/p>\n<p>BASIC PRO &#8211; tak naz\u00fdv\u00e1me p\u0159edvyrobenou, pln\u011b elektricky vyh\u0159\u00edvanou stavebnici parn\u00ed kabiny Individu\u00e1ln\u00ed pl\u00e1nov\u00e1n\u00ed parn\u00ed l\u00e1zn\u011b je zahrnuto v cen\u011b stavebnice. Kabina je n\u00e1mi vyrobena podle pl\u00e1nu (pota\u017een\u00ed topn\u00fdmi roho\u017eemi, instalace \u010didel a odtok\u016f, pr\u00e1zdn\u00e9 trubky, hlin\u00edkov\u00e9 profily pro n\u00e1slednou instalaci skla atd.) a tak\u00e9 jednou kompletn\u011b nainstalov\u00e1na.<br \/>\nD\u00edky tomu m\u016f\u017eeme zkontrolovat rozm\u011bry a zajistit, aby se v\u0161e ve\u0161lo na va\u0161e staveni\u0161t\u011b. <\/p>\n<p>&nbsp;<\/p>\n<p>Klenut\u00e9 st\u0159echy jsou k dispozici za p\u0159\u00edplatek 240 EUR bez DPH za metr \u010dtvere\u010dn\u00ed.<\/p>\n\t<div class=\"box has-hover   has-hover box-text-bottom\" >\n\n\t\t<div class=\"box-image\" >\n\t\t\t\t\t\t<div class=\"\" >\n\t\t\t\t<img loading=\"lazy\" decoding=\"async\" width=\"1000\" height=\"1401\" src=\"https:\/\/www.soleum.de\/wp-content\/uploads\/2019\/03\/Soleum-Bausatz-aufgestellt-2.jpg\" class=\"attachment- size-\" alt=\"\" srcset=\"https:\/\/www.soleum.de\/wp-content\/uploads\/2019\/03\/Soleum-Bausatz-aufgestellt-2.jpg 1000w, https:\/\/www.soleum.de\/wp-content\/uploads\/2019\/03\/Soleum-Bausatz-aufgestellt-2-286x400.jpg 286w, https:\/\/www.soleum.de\/wp-content\/uploads\/2019\/03\/Soleum-Bausatz-aufgestellt-2-768x1076.jpg 768w, https:\/\/www.soleum.de\/wp-content\/uploads\/2019\/03\/Soleum-Bausatz-aufgestellt-2-571x800.jpg 571w, https:\/\/www.soleum.de\/wp-content\/uploads\/2019\/03\/Soleum-Bausatz-aufgestellt-2-510x715.jpg 510w\" sizes=\"auto, (max-width: 1000px) 100vw, 1000px\" \/>\t\t\t\t\t\t\t\t\t\t\t<\/div>\n\t\t\t\t\t<\/div>\n\n\t\t<div class=\"box-text text-center is-large\" >\n\t\t\t<div class=\"box-text-inner\">\n\t\t\t\t\n<div class=\"container section-title-container\" ><h3 class=\"section-title section-title-normal\"><b aria-hidden=\"true\"><\/b><span class=\"section-title-main\" >S\u00e9rie obr\u00e1zk\u016f na staveni\u0161ti:<\/span><b aria-hidden=\"true\"><\/b><\/h3><\/div>\n<h2>P\u0158\u00cdKLAD OBR\u00c1ZKU SADY PRO PARN\u00cd L\u00c1ZE\u0147<\/h2>\n<p>Zde vid\u00edte p\u0159\u00edklad sady pro instalaci na m\u00edst\u011b (on-site). Povrchy st\u011bn a sedac\u00ed plochy jsou elektricky vyh\u0159\u00edvan\u00e9 (samostatn\u00e9 topn\u00e9 okruhy).<\/p>\n\t<div class=\"img has-hover x md-x lg-x y md-y lg-y\" id=\"image_1870529658\">\n\t\t\t\t\t\t\t\t<div class=\"img-inner dark\" >\n\t\t\t<img loading=\"lazy\" decoding=\"async\" width=\"1000\" height=\"750\" src=\"https:\/\/www.soleum.de\/wp-content\/uploads\/2019\/03\/Soleum-rohkabine-auf-Baustelle-aufgestellt.jpg\" class=\"attachment-large size-large\" alt=\"\" srcset=\"https:\/\/www.soleum.de\/wp-content\/uploads\/2019\/03\/Soleum-rohkabine-auf-Baustelle-aufgestellt.jpg 1000w, https:\/\/www.soleum.de\/wp-content\/uploads\/2019\/03\/Soleum-rohkabine-auf-Baustelle-aufgestellt-533x400.jpg 533w, https:\/\/www.soleum.de\/wp-content\/uploads\/2019\/03\/Soleum-rohkabine-auf-Baustelle-aufgestellt-768x576.jpg 768w, https:\/\/www.soleum.de\/wp-content\/uploads\/2019\/03\/Soleum-rohkabine-auf-Baustelle-aufgestellt-510x383.jpg 510w\" sizes=\"auto, (max-width: 1000px) 100vw, 1000px\" \/>\t\t\t\t\t\t\n\t\t\t\t\t<\/div>\n\t\t\t\t\t\t\t\t\n<style>\n#image_1870529658 {\n  width: 100%;\n}\n<\/style>\n\t<\/div>\n\t\n\t<div id=\"gap-1298797344\" class=\"gap-element clearfix\" style=\"display:block; height:auto;\">\n\t\t\n<style>\n#gap-1298797344 {\n  padding-top: 30px;\n}\n<\/style>\n\t<\/div>\n\t\n\t\t\t<\/div>\n\t\t<\/div>\n\t<\/div>\n\t\n\t<div id=\"gap-1349898731\" class=\"gap-element clearfix\" style=\"display:block; height:auto;\">\n\t\t\n<style>\n#gap-1349898731 {\n  padding-top: 30px;\n}\n<\/style>\n\t<\/div>\n\t\n\t<div class=\"img has-hover x md-x lg-x y md-y lg-y\" id=\"image_395997148\">\n\t\t\t\t\t\t\t\t<div class=\"img-inner dark\" >\n\t\t\t<img loading=\"lazy\" decoding=\"async\" width=\"600\" height=\"800\" src=\"https:\/\/www.soleum.de\/wp-content\/uploads\/2019\/03\/Soleum-rohkabine-auf-Baustelle-aufgestellt-1-600x800.jpg\" class=\"attachment-large size-large\" alt=\"\" srcset=\"https:\/\/www.soleum.de\/wp-content\/uploads\/2019\/03\/Soleum-rohkabine-auf-Baustelle-aufgestellt-1-600x800.jpg 600w, https:\/\/www.soleum.de\/wp-content\/uploads\/2019\/03\/Soleum-rohkabine-auf-Baustelle-aufgestellt-1-300x400.jpg 300w, https:\/\/www.soleum.de\/wp-content\/uploads\/2019\/03\/Soleum-rohkabine-auf-Baustelle-aufgestellt-1-510x680.jpg 510w, https:\/\/www.soleum.de\/wp-content\/uploads\/2019\/03\/Soleum-rohkabine-auf-Baustelle-aufgestellt-1.jpg 750w\" sizes=\"auto, (max-width: 600px) 100vw, 600px\" \/>\t\t\t\t\t\t\n\t\t\t\t\t<\/div>\n\t\t\t\t\t\t\t\t\n<style>\n#image_395997148 {\n  width: 100%;\n}\n<\/style>\n\t<\/div>\n\t\n<div id=\"portfolio-1750278609\" class=\"portfolio-element-wrapper has-filtering\">\n  \n    <div id=\"portfolio-1750278609\" class=\"slider slider-auto-height row-collapse slider-nav-reveal\" data-flickity-options='{&quot;imagesLoaded&quot;: true, &quot;dragThreshold&quot; : 5, &quot;cellAlign&quot;: &quot;left&quot;,&quot;wrapAround&quot;: true,&quot;prevNextButtons&quot;: true,&quot;percentPosition&quot;: true,&quot;pageDots&quot;: false, &quot;rightToLeft&quot;: false, &quot;autoPlay&quot; : false}'>\n\n    <div class=\"col\" data-terms=\"[&quot;Parn\u00ed l\u00e1ze\u0148 se sed\u00e1tky&quot;]\" >\n          <div class=\"col-inner\" >\n          <a href=\"https:\/\/www.soleum.de\/cs\/featured_item\/parni-lazen-nemecko\/\" class=\"plain \">\n          <div class=\"portfolio-box box has-hover box-default\">\n            <div class=\"box-image\" >\n                <div class=\"image-cover\" style=\"padding-top:100%;\">\n                <img loading=\"lazy\" decoding=\"async\" width=\"533\" height=\"400\" src=\"https:\/\/www.soleum.de\/wp-content\/uploads\/2019\/12\/SOLEUM-Dampfbad-Deutschland-006-533x400.jpg\" class=\"attachment-medium size-medium\" alt=\"\" srcset=\"https:\/\/www.soleum.de\/wp-content\/uploads\/2019\/12\/SOLEUM-Dampfbad-Deutschland-006-533x400.jpg 533w, https:\/\/www.soleum.de\/wp-content\/uploads\/2019\/12\/SOLEUM-Dampfbad-Deutschland-006-768x576.jpg 768w, https:\/\/www.soleum.de\/wp-content\/uploads\/2019\/12\/SOLEUM-Dampfbad-Deutschland-006-510x383.jpg 510w, https:\/\/www.soleum.de\/wp-content\/uploads\/2019\/12\/SOLEUM-Dampfbad-Deutschland-006.jpg 800w\" sizes=\"auto, (max-width: 533px) 100vw, 533px\" \/>                                                <\/div>\n            <\/div>\n            <div class=\"box-text text-center\" >\n                  <div class=\"box-text-inner\">\n                      <h6 class=\"uppercase portfolio-box-title\">Parn\u00ed l\u00e1ze\u0148 N\u011bmecko<\/h6>\n                      <p class=\"uppercase portfolio-box-category is-xsmall op-6\">\n                        <span class=\"show-on-hover\">\n                         Parn\u00ed l\u00e1ze\u0148 se sed\u00e1tky                        <\/span>\n                      <\/p>\n                  <\/div>\n            <\/div>\n           <\/div>\n           <\/a>\n           <\/div>\n           <\/div><\/div><\/div>\n","protected":false},"excerpt":{"rendered":"<p>Sada pro parn\u00ed l\u00e1ze\u0148 Cenov\u00e1 skupina 2: do rozm\u011br\u016f cca D=(210-260cm) x \u0160=(150-200cm) .<\/p>\n","protected":false},"featured_media":32422,"template":"","meta":[],"product_brand":[],"product_cat":[4010],"product_tag":[6264,6261,6253,6236,6238,6251,6248,6256,6245,5728,6259,6243,6240,6229,5727,6233],"class_list":{"0":"post-32430","1":"product","2":"type-product","3":"status-publish","4":"has-post-thumbnail","6":"product_cat-dily-tvarovane-v-parni-lazni","7":"product_tag-parni-kabina-pro-domacnost","8":"product_tag-parni-kabina-pro-kutily","9":"product_tag-parni-lazen-diy","10":"product_tag-parni-lazen-pro-domaci-pouziti","11":"product_tag-parni-lazen-u-vas-doma","12":"product_tag-parni-sauna","13":"product_tag-parni-sauna-pro-domaci-pouziti","14":"product_tag-parni-sprcha-diy","15":"product_tag-postavte-si-parni-saunu-sami","16":"product_tag-postavte-si-vlastni-parni-lazen","17":"product_tag-sada-parni-kabiny","18":"product_tag-sada-parni-sauny","19":"product_tag-sada-parni-sprchy","20":"product_tag-sada-pro-parni-lazen","21":"product_tag-stavba-parni-lazne-diy","22":"product_tag-vlastni-parni-lazen","23":"product_shipping_class-objemne-zbozi","25":"first","26":"onbackorder","27":"taxable","28":"shipping-taxable","29":"purchasable","30":"product-type-simple"},"_links":{"self":[{"href":"https:\/\/www.soleum.de\/cs\/wp-json\/wp\/v2\/product\/32430","targetHints":{"allow":["GET"]}}],"collection":[{"href":"https:\/\/www.soleum.de\/cs\/wp-json\/wp\/v2\/product"}],"about":[{"href":"https:\/\/www.soleum.de\/cs\/wp-json\/wp\/v2\/types\/product"}],"wp:featuredmedia":[{"embeddable":true,"href":"https:\/\/www.soleum.de\/cs\/wp-json\/wp\/v2\/media\/32422"}],"wp:attachment":[{"href":"https:\/\/www.soleum.de\/cs\/wp-json\/wp\/v2\/media?parent=32430"}],"wp:term":[{"taxonomy":"product_brand","embeddable":true,"href":"https:\/\/www.soleum.de\/cs\/wp-json\/wp\/v2\/product_brand?post=32430"},{"taxonomy":"product_cat","embeddable":true,"href":"https:\/\/www.soleum.de\/cs\/wp-json\/wp\/v2\/product_cat?post=32430"},{"taxonomy":"product_tag","embeddable":true,"href":"https:\/\/www.soleum.de\/cs\/wp-json\/wp\/v2\/product_tag?post=32430"}],"curies":[{"name":"wp","href":"https:\/\/api.w.org\/{rel}","templated":true}]}}