{"id":21377,"date":"2017-01-31T20:46:24","date_gmt":"2017-01-31T19:46:24","guid":{"rendered":"https:\/\/www.soleum.de\/agb\/"},"modified":"2023-09-22T12:21:32","modified_gmt":"2023-09-22T10:21:32","slug":"agb","status":"publish","type":"page","link":"https:\/\/www.soleum.de\/es\/agb\/","title":{"rendered":"AGB"},"content":{"rendered":"<h1>AGB<\/h1>\n<p>Nuestras condiciones generales son vinculantes desde el momento en que nos env\u00ede su pedido.<\/p>\n<p><strong>Precios y gastos de env\u00edo<\/strong><\/p>\n<p>Los precios incluyen el impuesto legal sobre el valor a\u00f1adido. Los gastos de env\u00edo dependen de la cantidad de productos pedidos y del m\u00e9todo de env\u00edo, y se le comunicar\u00e1n claramente antes de que env\u00ede su pedido vinculante.<\/p>\n<p>S\u00f3lo trabajamos con nuestros t\u00e9rminos y condiciones a continuaci\u00f3n, que usted acepta al pedir productos de esta tienda.<\/p>\n<p><strong>Pida<\/strong><\/p>\n<p>Aceptamos pedidos de bienes y servicios por Internet. El riesgo de una transmisi\u00f3n defectuosa e inexplicable recae en el cliente. Para procesar los bienes y servicios de un pedido, necesitamos almacenar sus datos. Garantizamos que se tratar\u00e1n de forma estrictamente confidencial y, en particular, que no se transmitir\u00e1n a terceros no implicados en la ejecuci\u00f3n del pedido.<\/p>\n<p><strong>Proceso de pedido<\/strong><\/p>\n<p>Cuando haya encontrado el producto que desea, puede colocarlo en la cesta de la compra sin compromiso haciendo clic en el bot\u00f3n del mismo nombre. Puede consultar el contenido de la cesta de la compra en cualquier momento y sin compromiso haciendo clic en el enlace \u00abCesta de la compra\u00bb. Puede eliminar los productos de la cesta de la compra en cualquier momento haciendo clic en la papelera. Si desea comprar los productos de la cesta de la compra, primero debe seleccionar un m\u00e9todo de pago y aceptar nuestras Condiciones Generales. y, a continuaci\u00f3n, haga clic en el bot\u00f3n \u00abHecho, pago\u00bb. A continuaci\u00f3n, se le pedir\u00e1 que introduzca sus datos personales. Antes de enviar el pedido, volver\u00e1 a ver los datos que ha introducido y tendr\u00e1 la oportunidad de corregirlos pulsando el bot\u00f3n \u00abAtr\u00e1s\u00bb. Puede cancelar el proceso de pedido en cualquier momento cerrando la ventana del navegador o pulsando el bot\u00f3n \u00abEnviar pedido\u00bb.<\/p>\n<p><strong>Celebraci\u00f3n del contrato<\/strong><\/p>\n<p>La lengua contractual es el alem\u00e1n. La presentaci\u00f3n de los productos en la tienda en l\u00ednea no constituye una oferta jur\u00eddicamente vinculante, sino un cat\u00e1logo en l\u00ednea no vinculante. Tras introducir sus datos personales y hacer clic en el bot\u00f3n \u00abEnviar pedido\u00bb en el \u00faltimo paso del proceso de pedido, usted realiza un pedido vinculante de los productos contenidos en la cesta de la compra. El acuse de recibo del pedido se produce inmediatamente despu\u00e9s de su env\u00edo. El contrato de compraventa se perfecciona con nuestra confirmaci\u00f3n del pedido por separado o con la entrega de la mercanc\u00eda.<\/p>\n<p><strong>Almacenamiento de textos contractuales<\/strong><\/p>\n<p>El texto del contrato se guardar\u00e1 y se le enviar\u00e1 por correo electr\u00f3nico. Puede consultar las condiciones generales de contrataci\u00f3n en cualquier momento en la p\u00e1gina \u00abCGC\u00bb y guardarlas en su ordenador.<\/p>\n<p><strong>Conservaci\u00f3n del t\u00edtulo<\/strong><\/p>\n<p>La mercanc\u00eda entregada seguir\u00e1 siendo de nuestra propiedad hasta que se haya efectuado el pago completo. Mientras exista nuestra propiedad, no est\u00e1 permitida la reventa a t\u00edtulo oneroso o gratuito, la pignoraci\u00f3n, la cesi\u00f3n de la posesi\u00f3n o la entrega de la posesi\u00f3n. Si, en contra de este acuerdo, el comprador revendiera nuestra mercanc\u00eda total o parcialmente a t\u00edtulo oneroso, se nos ceder\u00e1n los cr\u00e9ditos del precio de compra adquiridos por el comprador por el importe de nuestros respectivos cr\u00e9ditos pendientes. En caso de ejecuci\u00f3n hipotecaria de la propiedad en la que se encuentra nuestra mercanc\u00eda o de la propia mercanc\u00eda o de los cr\u00e9ditos que nos han sido cedidos, el cliente deber\u00e1 notific\u00e1rnoslo inmediatamente y facilitarnos la informaci\u00f3n pertinente.<\/p>\n<p><strong>Formas de pago<\/strong><\/p>\n<p>El importe de la factura se paga por adelantado, contra reembolso o Paypal. Recibir\u00e1 m\u00e1s detalles cuando seleccione el m\u00e9todo de pago correspondiente en el proceso de pedido. Lamentablemente, <strong>no<\/strong> es posible utilizar otros m\u00e9todos de pago. Por supuesto, tambi\u00e9n puede recoger la mercanc\u00eda en persona en nuestra tienda especializada, si est\u00e1 disponible.<\/p>\n<p><strong>Entrega<\/strong><\/p>\n<p>Sujeto a la disponibilidad inmediata de la mercanc\u00eda, realizamos la entrega lo antes posible por DHL, por correo o por agencia de transportes (para mercanc\u00edas voluminosas). Consulte la descripci\u00f3n del producto para conocer el plazo de entrega estimado. Tenemos derecho a realizar entregas parciales. No seremos responsables del cumplimiento de las fechas de entrega a menos que hayamos confirmado dicha fecha por escrito. En este \u00faltimo caso, nuestra obligaci\u00f3n de indemnizaci\u00f3n se limita a la recogida gratuita de las mercanc\u00edas entregadas con retraso. En caso de indisponibilidad del servicio, nos reservamos el derecho a rescindir el contrato. Nos comprometemos a informar inmediatamente de ello al cliente y a reembolsarle sin demora cualquier contraprestaci\u00f3n ya abonada.<\/p>\n<p><strong>Informaci\u00f3n: Las CGC anteriores s\u00f3lo se aplican a clientes particulares, no a comerciantes.<\/strong><br \/>\n[gzd_complaints]\n","protected":false},"excerpt":{"rendered":"<p>AGB Nuestras condiciones generales son vinculantes desde el momento en que nos env\u00ede su pedido. Precios y gastos de env\u00edo Los precios incluyen el impuesto legal sobre el valor a\u00f1adido. Los gastos de env\u00edo dependen de la cantidad de productos pedidos y del m\u00e9todo de env\u00edo, y se le comunicar\u00e1n claramente antes de que env\u00ede [&#8230;]\n","protected":false},"author":1,"featured_media":0,"parent":0,"menu_order":0,"comment_status":"closed","ping_status":"closed","template":"","meta":{"footnotes":""},"class_list":["post-21377","page","type-page","status-publish","hentry"],"_links":{"self":[{"href":"https:\/\/www.soleum.de\/es\/wp-json\/wp\/v2\/pages\/21377","targetHints":{"allow":["GET"]}}],"collection":[{"href":"https:\/\/www.soleum.de\/es\/wp-json\/wp\/v2\/pages"}],"about":[{"href":"https:\/\/www.soleum.de\/es\/wp-json\/wp\/v2\/types\/page"}],"author":[{"embeddable":true,"href":"https:\/\/www.soleum.de\/es\/wp-json\/wp\/v2\/users\/1"}],"replies":[{"embeddable":true,"href":"https:\/\/www.soleum.de\/es\/wp-json\/wp\/v2\/comments?post=21377"}],"version-history":[{"count":1,"href":"https:\/\/www.soleum.de\/es\/wp-json\/wp\/v2\/pages\/21377\/revisions"}],"predecessor-version":[{"id":21448,"href":"https:\/\/www.soleum.de\/es\/wp-json\/wp\/v2\/pages\/21377\/revisions\/21448"}],"wp:attachment":[{"href":"https:\/\/www.soleum.de\/es\/wp-json\/wp\/v2\/media?parent=21377"}],"curies":[{"name":"wp","href":"https:\/\/api.w.org\/{rel}","templated":true}]}}