{"id":21540,"date":"2013-08-11T19:06:15","date_gmt":"2013-08-11T17:06:15","guid":{"rendered":"https:\/\/www.soleum.de\/quienes-somos\/"},"modified":"2024-10-22T13:05:39","modified_gmt":"2024-10-22T11:05:39","slug":"quienes-somos","status":"publish","type":"page","link":"https:\/\/www.soleum.de\/es\/quienes-somos\/","title":{"rendered":"Qui\u00e9nes somos"},"content":{"rendered":"\n\n  <div class=\"banner has-hover has-parallax\" id=\"banner-376200124\">\n          <div class=\"banner-inner fill\">\n        <div class=\"banner-bg fill\" data-parallax=\"-3\" data-parallax-container=\".banner\" data-parallax-background>\n            <img loading=\"lazy\" decoding=\"async\" width=\"1020\" height=\"546\" src=\"https:\/\/www.soleum.de\/wp-content\/uploads\/2017\/02\/Kompetenzzentrum-pregarten-slider_3.jpg\" class=\"bg attachment-large size-large\" alt=\"\" \/>                        <div class=\"overlay\"><\/div>            \n                    <\/div>\n\t\t\n        <div class=\"banner-layers container\">\n            <div class=\"fill banner-link\"><\/div>            \n\n   <div id=\"text-box-1096048066\" class=\"text-box banner-layer x100 md-x100 lg-x100 y95 md-y95 lg-y95 res-text\">\n                                <div class=\"text-box-content text dark\">\n              \n              <div class=\"text-inner text-center\">\n                  \n\n<h1 class=\"lead\">SOLEUM GmbH<\/h1>\n<p class=\"lead\">Centro de producci\u00f3n de Pregarten (Austria)<\/p>\n<div class=\"module-wrapper no-cnt mod-paragraph\">\n<div>\n<div>\n<h1 class=\"page-title page-title-larger\">Un ba\u00f1o de vapor de la mano de un profesional: \u00a1est\u00e1s con nosotros!<\/h1>\n<div class=\"page-intro\"><\/div>\n<\/div>\n<\/div>\n<\/div>\n<div class=\"module-wrapper mod-paragraph\">\n<div class=\"cnt-default default \">\n<div class=\"header\">\n<h1><u><strong>Ba\u00f1os de vapor de producci\u00f3n propia y realizaci\u00f3n del proyecto en su domicilio.<\/strong><\/u><\/h1>\n<div><\/div>\n<div>Cabinas de vapor, ba\u00f1os de vapor de salmuera o duchas de vapor y ba\u00f1os de vapor con o sin nebulizaci\u00f3n de salmuera.<\/div>\n<div><\/div>\n<div>Si est\u00e1 planeando una gruta de vapor o de salmuera Hamamm, no dude en ponerse en contacto con nosotros.<\/div>\n<\/div>\n<div class=\"body\">\n<div class=\"fl\">\n<div class=\"va-t\"><\/div>\n<div class=\"va-t\">\n<div><strong>Por lo tanto, construir un ba\u00f1o turco usted mismo no tiene por qu\u00e9 ser dif\u00edcil, lo importante en la construcci\u00f3n de un ba\u00f1o turco es asegurarse de que cuenta con los componentes adecuados y con el servicio de profesionales competentes.  <\/strong><\/div>\n<div><\/div>\n<div>Desde el banco de ba\u00f1o de vapor hasta la tumbona, pasando por los nichos y el generador de vapor, aqu\u00ed le ofrecemos nuestra tecnolog\u00eda de ba\u00f1o de vapor en l\u00ednea. La mayor\u00eda de los art\u00edculos pueden verse y probarse en nuestra sala de exposiciones de m\u00e1s de 100 m2.<\/div>\n<\/div>\n<\/div>\n<\/div>\n<\/div>\n<\/div>\n\n              <\/div>\n           <\/div>\n                            \n<style>\n#text-box-1096048066 {\n  width: 52%;\n}\n#text-box-1096048066 .text-box-content {\n  font-size: 122%;\n}\n<\/style>\n    <\/div>\n \n\n        <\/div>\n      <\/div>\n\n            \n<style>\n#banner-376200124 {\n  padding-top: 507px;\n}\n#banner-376200124 .overlay {\n  background-color: rgba(0, 0, 0, 0.49);\n}\n<\/style>\n  <\/div>\n\n\n<div class=\"row row-collapse\"  id=\"row-1872245032\">\n\n\n\t<div id=\"col-1118600893\" class=\"col small-12 large-12\"  >\n\t\t\t\t<div class=\"col-inner\"  >\n\t\t\t\n\t\t\t\n\n\t<div id=\"gap-289919225\" class=\"gap-element clearfix\" style=\"display:block; height:auto;\">\n\t\t\n<style>\n#gap-289919225 {\n  padding-top: 61px;\n}\n<\/style>\n\t<\/div>\n\t\n\n<div class=\"row\"  id=\"row-1709915404\">\n\n\n\t<div id=\"col-1034824254\" class=\"col medium-6 small-12 large-6\"  >\n\t\t\t\t<div class=\"col-inner\"  >\n\t\t\t\n\t\t\t\n\n<h3>DATOS DE CONTACTO<\/h3>\n<h1>SOLEUM GmbH<\/h1>\n<p><br><br>Gutauerstrasse 42 4230 Pregarten Tel: +43 7236-26200<\/p>\n<p>Correo electr\u00f3nico: info@soleum.at<\/p>\n<p><br><br>H<strong>orario:<\/strong> Lun,Mar.Jue: 9:00-12:00 y 14:00-17:00 Mi\u00e9rcoles: 9:00-12:00<\/p>\n<p>El viernes no es d\u00eda de oficina.<\/p>\n<p><br>y con cita previa<\/p>\n<p><br><br><br>UID-No.: ATU66445199 ARA-LN:16346 Landesgericht Linz, FN 362383t El lugar de cumplimiento y jurisdicci\u00f3n es LINZ<\/p>\n\n\t\t<\/div>\n\t\t\t\t\t<\/div>\n\n\t\n\n\t<div id=\"col-1673759409\" class=\"col medium-6 small-12 large-6\"  >\n\t\t\t\t<div class=\"col-inner\"  >\n\t\t\t\n\t\t\t\n\n<p>NUESTRO SHOWROOM EN PREGARTEN \/ AUSTRIA<\/p>\n\n  \n    <div id=\"gallery-64591709\" class=\"row large-columns-2 medium-columns- small-columns- row-masonry\" data-packery-options='{\"itemSelector\": \".col\", \"gutter\": 0, \"presentageWidth\" : true}'>\n\n  <div class=\"gallery-col col\" >\n          <div class=\"col-inner\">\n            <a class=\"image-lightbox lightbox-gallery\" href=\"https:\/\/www.soleum.de\/wp-content\/uploads\/2023\/08\/Soleum-Schauraum-Pregarten4.jpg\" title=\"\">            <div class=\"box has-hover gallery-box box-overlay dark\">\n              <div class=\"box-image\" >\n                <img loading=\"lazy\" decoding=\"async\" width=\"533\" height=\"400\" src=\"https:\/\/www.soleum.de\/wp-content\/uploads\/2023\/08\/Soleum-Schauraum-Pregarten4-533x400.jpg\" class=\"attachment-medium size-medium\" alt=\"Soleum-Schauraum-Pregarten8\" ids=\"21101,21094,21087,21080,21073,21052,21059,21066\" type=\"masonry\" columns=\"2\" srcset=\"https:\/\/www.soleum.de\/wp-content\/uploads\/2023\/08\/Soleum-Schauraum-Pregarten4-533x400.jpg 533w, https:\/\/www.soleum.de\/wp-content\/uploads\/2023\/08\/Soleum-Schauraum-Pregarten4-768x576.jpg 768w, https:\/\/www.soleum.de\/wp-content\/uploads\/2023\/08\/Soleum-Schauraum-Pregarten4-510x383.jpg 510w, https:\/\/www.soleum.de\/wp-content\/uploads\/2023\/08\/Soleum-Schauraum-Pregarten4.jpg 1000w\" sizes=\"auto, (max-width: 533px) 100vw, 533px\" \/>                                  <div class=\"overlay fill\"\n                      style=\"background-color: rgba(0,0,0,.15)\">\n                  <\/div>\n                                                              <\/div>\n              <div class=\"box-text text-left\" >\n                 <p><\/p>\n              <\/div>\n            <\/div>\n            <\/a>          <\/div>\n         <\/div><div class=\"gallery-col col\" >\n          <div class=\"col-inner\">\n            <a class=\"image-lightbox lightbox-gallery\" href=\"https:\/\/www.soleum.de\/wp-content\/uploads\/2023\/08\/Soleum-Schauraum-Pregarten3.jpg\" title=\"\">            <div class=\"box has-hover gallery-box box-overlay dark\">\n              <div class=\"box-image\" >\n                <img loading=\"lazy\" decoding=\"async\" width=\"533\" height=\"400\" src=\"https:\/\/www.soleum.de\/wp-content\/uploads\/2023\/08\/Soleum-Schauraum-Pregarten3-533x400.jpg\" class=\"attachment-medium size-medium\" alt=\"Soleum-Schauraum-Pregarten8\" ids=\"21101,21094,21087,21080,21073,21052,21059,21066\" type=\"masonry\" columns=\"2\" srcset=\"https:\/\/www.soleum.de\/wp-content\/uploads\/2023\/08\/Soleum-Schauraum-Pregarten3-533x400.jpg 533w, https:\/\/www.soleum.de\/wp-content\/uploads\/2023\/08\/Soleum-Schauraum-Pregarten3-768x576.jpg 768w, https:\/\/www.soleum.de\/wp-content\/uploads\/2023\/08\/Soleum-Schauraum-Pregarten3-510x383.jpg 510w, https:\/\/www.soleum.de\/wp-content\/uploads\/2023\/08\/Soleum-Schauraum-Pregarten3.jpg 1000w\" sizes=\"auto, (max-width: 533px) 100vw, 533px\" \/>                                  <div class=\"overlay fill\"\n                      style=\"background-color: rgba(0,0,0,.15)\">\n                  <\/div>\n                                                              <\/div>\n              <div class=\"box-text text-left\" >\n                 <p><\/p>\n              <\/div>\n            <\/div>\n            <\/a>          <\/div>\n         <\/div><div class=\"gallery-col col\" >\n          <div class=\"col-inner\">\n            <a class=\"image-lightbox lightbox-gallery\" href=\"https:\/\/www.soleum.de\/wp-content\/uploads\/2023\/08\/Soleum-Schauraum-Pregarten2.jpg\" title=\"\">            <div class=\"box has-hover gallery-box box-overlay dark\">\n              <div class=\"box-image\" >\n                <img loading=\"lazy\" decoding=\"async\" width=\"533\" height=\"400\" src=\"https:\/\/www.soleum.de\/wp-content\/uploads\/2023\/08\/Soleum-Schauraum-Pregarten2-533x400.jpg\" class=\"attachment-medium size-medium\" alt=\"Soleum-Schauraum-Pregarten8\" ids=\"21101,21094,21087,21080,21073,21052,21059,21066\" type=\"masonry\" columns=\"2\" srcset=\"https:\/\/www.soleum.de\/wp-content\/uploads\/2023\/08\/Soleum-Schauraum-Pregarten2-533x400.jpg 533w, https:\/\/www.soleum.de\/wp-content\/uploads\/2023\/08\/Soleum-Schauraum-Pregarten2-768x576.jpg 768w, https:\/\/www.soleum.de\/wp-content\/uploads\/2023\/08\/Soleum-Schauraum-Pregarten2-510x383.jpg 510w, https:\/\/www.soleum.de\/wp-content\/uploads\/2023\/08\/Soleum-Schauraum-Pregarten2.jpg 1000w\" sizes=\"auto, (max-width: 533px) 100vw, 533px\" \/>                                  <div class=\"overlay fill\"\n                      style=\"background-color: rgba(0,0,0,.15)\">\n                  <\/div>\n                                                              <\/div>\n              <div class=\"box-text text-left\" >\n                 <p><\/p>\n              <\/div>\n            <\/div>\n            <\/a>          <\/div>\n         <\/div><div class=\"gallery-col col\" >\n          <div class=\"col-inner\">\n            <a class=\"image-lightbox lightbox-gallery\" href=\"https:\/\/www.soleum.de\/wp-content\/uploads\/2023\/08\/Soleum-Schauraum-Pregarten1.jpg\" title=\"\">            <div class=\"box has-hover gallery-box box-overlay dark\">\n              <div class=\"box-image\" >\n                <img loading=\"lazy\" decoding=\"async\" width=\"533\" height=\"400\" src=\"https:\/\/www.soleum.de\/wp-content\/uploads\/2023\/08\/Soleum-Schauraum-Pregarten1-533x400.jpg\" class=\"attachment-medium size-medium\" alt=\"Soleum-Schauraum-Pregarten8\" ids=\"21101,21094,21087,21080,21073,21052,21059,21066\" type=\"masonry\" columns=\"2\" srcset=\"https:\/\/www.soleum.de\/wp-content\/uploads\/2023\/08\/Soleum-Schauraum-Pregarten1-533x400.jpg 533w, https:\/\/www.soleum.de\/wp-content\/uploads\/2023\/08\/Soleum-Schauraum-Pregarten1-768x576.jpg 768w, https:\/\/www.soleum.de\/wp-content\/uploads\/2023\/08\/Soleum-Schauraum-Pregarten1-510x383.jpg 510w, https:\/\/www.soleum.de\/wp-content\/uploads\/2023\/08\/Soleum-Schauraum-Pregarten1.jpg 1000w\" sizes=\"auto, (max-width: 533px) 100vw, 533px\" \/>                                  <div class=\"overlay fill\"\n                      style=\"background-color: rgba(0,0,0,.15)\">\n                  <\/div>\n                                                              <\/div>\n              <div class=\"box-text text-left\" >\n                 <p><\/p>\n              <\/div>\n            <\/div>\n            <\/a>          <\/div>\n         <\/div><div class=\"gallery-col col\" >\n          <div class=\"col-inner\">\n            <a class=\"image-lightbox lightbox-gallery\" href=\"https:\/\/www.soleum.de\/wp-content\/uploads\/2023\/08\/Soleum-Schauraum-Pregarten8.jpg\" title=\"\">            <div class=\"box has-hover gallery-box box-overlay dark\">\n              <div class=\"box-image\" >\n                <img loading=\"lazy\" decoding=\"async\" width=\"533\" height=\"400\" src=\"https:\/\/www.soleum.de\/wp-content\/uploads\/2023\/08\/Soleum-Schauraum-Pregarten8-533x400.jpg\" class=\"attachment-medium size-medium\" alt=\"Soleum-Schauraum-Pregarten8\" ids=\"21101,21094,21087,21080,21073,21052,21059,21066\" type=\"masonry\" columns=\"2\" srcset=\"https:\/\/www.soleum.de\/wp-content\/uploads\/2023\/08\/Soleum-Schauraum-Pregarten8-533x400.jpg 533w, https:\/\/www.soleum.de\/wp-content\/uploads\/2023\/08\/Soleum-Schauraum-Pregarten8-768x576.jpg 768w, https:\/\/www.soleum.de\/wp-content\/uploads\/2023\/08\/Soleum-Schauraum-Pregarten8-510x383.jpg 510w, https:\/\/www.soleum.de\/wp-content\/uploads\/2023\/08\/Soleum-Schauraum-Pregarten8.jpg 1000w\" sizes=\"auto, (max-width: 533px) 100vw, 533px\" \/>                                  <div class=\"overlay fill\"\n                      style=\"background-color: rgba(0,0,0,.15)\">\n                  <\/div>\n                                                              <\/div>\n              <div class=\"box-text text-left\" >\n                 <p><\/p>\n              <\/div>\n            <\/div>\n            <\/a>          <\/div>\n         <\/div><div class=\"gallery-col col\" >\n          <div class=\"col-inner\">\n            <a class=\"image-lightbox lightbox-gallery\" href=\"https:\/\/www.soleum.de\/wp-content\/uploads\/2023\/08\/Soleum-Schauraum-Pregarten5.jpg\" title=\"Soleum SPA Design Schauraum in Pregarten\">            <div class=\"box has-hover gallery-box box-overlay dark\">\n              <div class=\"box-image\" >\n                <img loading=\"lazy\" decoding=\"async\" width=\"533\" height=\"400\" src=\"https:\/\/www.soleum.de\/wp-content\/uploads\/2023\/08\/Soleum-Schauraum-Pregarten5-533x400.jpg\" class=\"attachment-medium size-medium\" alt=\"\" ids=\"21101,21094,21087,21080,21073,21052,21059,21066\" type=\"masonry\" columns=\"2\" srcset=\"https:\/\/www.soleum.de\/wp-content\/uploads\/2023\/08\/Soleum-Schauraum-Pregarten5-533x400.jpg 533w, https:\/\/www.soleum.de\/wp-content\/uploads\/2023\/08\/Soleum-Schauraum-Pregarten5-768x576.jpg 768w, https:\/\/www.soleum.de\/wp-content\/uploads\/2023\/08\/Soleum-Schauraum-Pregarten5-510x383.jpg 510w, https:\/\/www.soleum.de\/wp-content\/uploads\/2023\/08\/Soleum-Schauraum-Pregarten5.jpg 1000w\" sizes=\"auto, (max-width: 533px) 100vw, 533px\" \/>                                  <div class=\"overlay fill\"\n                      style=\"background-color: rgba(0,0,0,.15)\">\n                  <\/div>\n                                                              <\/div>\n              <div class=\"box-text text-left\" >\n                 <p>Soleum SPA Design Schauraum in Pregarten<\/p>\n              <\/div>\n            <\/div>\n            <\/a>          <\/div>\n         <\/div><div class=\"gallery-col col\" >\n          <div class=\"col-inner\">\n            <a class=\"image-lightbox lightbox-gallery\" href=\"https:\/\/www.soleum.de\/wp-content\/uploads\/2023\/08\/Soleum-Schauraum-Pregarten6.jpg\" title=\"Sala de exposiciones Soleum SPA Design en Pregarten\">            <div class=\"box has-hover gallery-box box-overlay dark\">\n              <div class=\"box-image\" >\n                <img loading=\"lazy\" decoding=\"async\" width=\"533\" height=\"400\" src=\"https:\/\/www.soleum.de\/wp-content\/uploads\/2023\/08\/Soleum-Schauraum-Pregarten6-533x400.jpg\" class=\"attachment-medium size-medium\" alt=\"Sala de exposiciones Soleum SPA Design en Pregarten\" ids=\"21101,21094,21087,21080,21073,21052,21059,21066\" type=\"masonry\" columns=\"2\" srcset=\"https:\/\/www.soleum.de\/wp-content\/uploads\/2023\/08\/Soleum-Schauraum-Pregarten6-533x400.jpg 533w, https:\/\/www.soleum.de\/wp-content\/uploads\/2023\/08\/Soleum-Schauraum-Pregarten6-768x576.jpg 768w, https:\/\/www.soleum.de\/wp-content\/uploads\/2023\/08\/Soleum-Schauraum-Pregarten6-510x383.jpg 510w, https:\/\/www.soleum.de\/wp-content\/uploads\/2023\/08\/Soleum-Schauraum-Pregarten6.jpg 1000w\" sizes=\"auto, (max-width: 533px) 100vw, 533px\" \/>                                  <div class=\"overlay fill\"\n                      style=\"background-color: rgba(0,0,0,.15)\">\n                  <\/div>\n                                                              <\/div>\n              <div class=\"box-text text-left\" >\n                 <p>Sala de exposiciones Soleum SPA Design en Pregarten<\/p>\n              <\/div>\n            <\/div>\n            <\/a>          <\/div>\n         <\/div><div class=\"gallery-col col\" >\n          <div class=\"col-inner\">\n            <a class=\"image-lightbox lightbox-gallery\" href=\"https:\/\/www.soleum.de\/wp-content\/uploads\/2023\/08\/Soleum-Schauraum-Pregarten7.jpg\" title=\"\">            <div class=\"box has-hover gallery-box box-overlay dark\">\n              <div class=\"box-image\" >\n                <img loading=\"lazy\" decoding=\"async\" width=\"533\" height=\"400\" src=\"https:\/\/www.soleum.de\/wp-content\/uploads\/2023\/08\/Soleum-Schauraum-Pregarten7-533x400.jpg\" class=\"attachment-medium size-medium\" alt=\"\" ids=\"21101,21094,21087,21080,21073,21052,21059,21066\" type=\"masonry\" columns=\"2\" srcset=\"https:\/\/www.soleum.de\/wp-content\/uploads\/2023\/08\/Soleum-Schauraum-Pregarten7-533x400.jpg 533w, https:\/\/www.soleum.de\/wp-content\/uploads\/2023\/08\/Soleum-Schauraum-Pregarten7-768x576.jpg 768w, https:\/\/www.soleum.de\/wp-content\/uploads\/2023\/08\/Soleum-Schauraum-Pregarten7-510x383.jpg 510w, https:\/\/www.soleum.de\/wp-content\/uploads\/2023\/08\/Soleum-Schauraum-Pregarten7.jpg 1000w\" sizes=\"auto, (max-width: 533px) 100vw, 533px\" \/>                                  <div class=\"overlay fill\"\n                      style=\"background-color: rgba(0,0,0,.15)\">\n                  <\/div>\n                                                              <\/div>\n              <div class=\"box-text text-left\" >\n                 <p><\/p>\n              <\/div>\n            <\/div>\n            <\/a>          <\/div>\n         <\/div><\/div>\n\n\n\t\t<\/div>\n\t\t\t\t\t<\/div>\n\n\t\n\n<\/div>\n<div class=\"text-center\"><div class=\"is-divider divider clearfix\" ><\/div><\/div>\n\n\n\t\t<\/div>\n\t\t\t\t\t<\/div>\n\n\t\n\n<\/div>\n\n","protected":false},"excerpt":{"rendered":"<p>Soleum GmbH &#8211; Fabricante de ba\u00f1os de vapor individuales en Europa. Sala de exposici\u00f3n en 4230 Pregarten , Austria<\/p>\n","protected":false},"author":1,"featured_media":10762,"parent":0,"menu_order":0,"comment_status":"closed","ping_status":"closed","template":"page-transparent-header-light.php","meta":{"footnotes":""},"class_list":["post-21540","page","type-page","status-publish","has-post-thumbnail","hentry"],"_links":{"self":[{"href":"https:\/\/www.soleum.de\/es\/wp-json\/wp\/v2\/pages\/21540","targetHints":{"allow":["GET"]}}],"collection":[{"href":"https:\/\/www.soleum.de\/es\/wp-json\/wp\/v2\/pages"}],"about":[{"href":"https:\/\/www.soleum.de\/es\/wp-json\/wp\/v2\/types\/page"}],"author":[{"embeddable":true,"href":"https:\/\/www.soleum.de\/es\/wp-json\/wp\/v2\/users\/1"}],"replies":[{"embeddable":true,"href":"https:\/\/www.soleum.de\/es\/wp-json\/wp\/v2\/comments?post=21540"}],"version-history":[{"count":17,"href":"https:\/\/www.soleum.de\/es\/wp-json\/wp\/v2\/pages\/21540\/revisions"}],"predecessor-version":[{"id":32363,"href":"https:\/\/www.soleum.de\/es\/wp-json\/wp\/v2\/pages\/21540\/revisions\/32363"}],"wp:featuredmedia":[{"embeddable":true,"href":"https:\/\/www.soleum.de\/es\/wp-json\/wp\/v2\/media\/10762"}],"wp:attachment":[{"href":"https:\/\/www.soleum.de\/es\/wp-json\/wp\/v2\/media?parent=21540"}],"curies":[{"name":"wp","href":"https:\/\/api.w.org\/{rel}","templated":true}]}}