{"id":29267,"date":"2016-10-02T19:12:28","date_gmt":"2016-10-02T17:12:28","guid":{"rendered":"https:\/\/www.soleum.de\/shop\/sin%20categor\u00eda\/nebulizacion-de-salmuera-para-bano-turco\/"},"modified":"2024-02-23T16:31:34","modified_gmt":"2024-02-23T15:31:34","slug":"nebulizacion-de-salmuera-para-bano-turco","status":"publish","type":"product","link":"https:\/\/www.soleum.de\/es\/shop\/nebulizacion-de-salmuera\/nebulizacion-de-salmuera-para-bano-turco\/","title":{"rendered":"Nebulizaci\u00f3n de salmuera para ba\u00f1o turco"},"content":{"rendered":"<section id=\"pd-left\">\n<figure id=\"pd-gallery-small\" class=\"smart-gallery\" data-id=\"76\">\n<div class=\"sg-image-wrapper\">\n<h1 class=\"sg-image\"><span id=\"product_name\">\u00bfDesea comprar un nebulizador de salmuera para ba\u00f1o turco?  <\/span><\/h1>\n<div class=\"sg-image\"><span id=\"product_name\">Entonces tenemos el <span style=\"color: #0000ff;\">producto INTENSIVO<\/span> adecuado para usted. <\/span><span id=\"product_name\">Nuestro sistema de nebulizaci\u00f3n de salmuera no solo nebuliza soluci\u00f3n de salmuera, \u00a1sino tambi\u00e9n diferentes tipos de t\u00e9!<\/span><\/div>\n<p><iframe loading=\"lazy\" src=\"https:\/\/www.youtube.com\/embed\/98aPwzbqq6Q?rel=0\" width=\"640\" height=\"360\" frameborder=\"0\" allowfullscreen=\"allowfullscreen\"><\/iframe><br \/>\n<iframe loading=\"lazy\" src=\"https:\/\/www.youtube.com\/embed\/JVefCVRF-X8?rel=0\" width=\"640\" height=\"360\" frameborder=\"0\" allowfullscreen=\"allowfullscreen\"><\/iframe><br \/>\nEn el siguiente v\u00eddeo puede ver la nebulizaci\u00f3n intensiva de salmuera de SOLEUM GmbH. <span style=\"font-size: 160%;\">Observe con qu\u00e9 rapidez (\u00a1a partir de 1 minuto!<\/span> ) se forma una niebla de salmuera extrema en todo el ba\u00f1o de vapor.<\/p>\n<p>En <strong>unos 3 minutos<\/strong>, todo el ba\u00f1o de vapor queda envuelto en la m\u00e1s fina niebla de salmuera. El recipiente de acero inoxidable tiene capacidad para 1 litro de soluci\u00f3n de salmuera (1-3%) o t\u00e9. \u00a1Tambi\u00e9n puedes a\u00f1adir la sal al t\u00e9 y as\u00ed nebulizar ambos!<br \/>\n<iframe loading=\"lazy\" src=\"https:\/\/www.youtube.com\/embed\/zGBd8YDn4jQ?rel=0\" width=\"640\" height=\"360\" frameborder=\"0\" allowfullscreen=\"allowfullscreen\"><\/iframe><\/p>\n<div class=\"sg-image\"><\/div>\n<\/div>\n<\/figure>\n<\/section>\n<section id=\"pd-right\">\n<h2 class=\"page-title al page-title-larger\"><span id=\"product_name\">Esto significa que nuestra nebulizaci\u00f3n de salmuera para ba\u00f1os de vapor tambi\u00e9n puede utilizarse como t\u00e9cnica de inhalaci\u00f3n de t\u00e9 para su ba\u00f1o de vapor o ducha de vapor.<br \/>\n<\/span><\/h2>\n<h2><span style=\"font-size: large;\">\u00bfYa tiene una ducha de vapor o un ba\u00f1o turco y no quiere perderse los beneficios de la nebulizaci\u00f3n de salmuera? Con este nebulizador de alto rendimiento, puede convertir su ba\u00f1o de vapor en un \u00abba\u00f1o de vapor de salmuera\u00bb o en un SOLEUM &#8211; siempre se lee acerca de los ba\u00f1os de vapor de salmuera, pero, por supuesto, la salmuera no puede transportarse con el vapor, sino s\u00f3lo \u00abnebulizarse\u00bb o \u00abatomizarse\u00bb.<br \/>\n<\/span><\/h2>\n<p>Pida aqu\u00ed nuestro <b>kit de reequipamiento para nebulizaci\u00f3n SOLE y haga algo bueno por su salud. <\/b> <\/p>\n<p>Sin embargo, si tiene un<b> <\/b><span id=\"product_name\">t\u00e9cnica de inhalaci\u00f3n de salmuera que desea comprar As\u00ed que inf\u00f3rmese bien sobre la t\u00e9cnica. Hay nebulizaci\u00f3n de salmuera con nebulizador ultras\u00f3nico (poca niebla fina, sistema como el cuenco de niebla) o nuestro sistema de nebulizaci\u00f3n de salmuera mediante aire comprimido (\u00a1\u00a1\u00a1muy intensivo!!!). Se nebuliza un litro entero en aproximadamente 20 minutos y ya no se puede ver dentro del ba\u00f1o de vapor).  <\/span><\/p>\n<p><span id=\"product_name\">Nuestro <strong>sistema libre de g\u00e9rmenes<\/strong> es tan intensivo que NO ES APTO para cabinas de infrarrojos y saunas (no damos ninguna garant\u00eda por ello). SIN EMBARGO, nuestra tecnolog\u00eda de inhalaci\u00f3n de salmuera es ideal para ba\u00f1os de vapor y duchas de vapor.<br \/>\n<\/span><\/p>\n<h2 class=\"page-title al page-title-larger\"><span id=\"product_name\">Tecnolog\u00eda de nebulizaci\u00f3n de salmuera <\/span><b>comprar: Breve descripci\u00f3n<br \/>\n<\/b><\/h2>\n<p>La caracter\u00edstica especial es la generaci\u00f3n de <u>niebla de salmuera (o niebla de t\u00e9)<\/u>. Como alternativa, las infusiones medicinales de la farmacia tambi\u00e9n pueden nebulizarse, elevando la novedad del producto a una cabina de inhalaci\u00f3n muy privada.<br \/>\nLa salmuera nebulizada no s\u00f3lo es buena para respirar. La sal sobre la piel aumenta la sudoraci\u00f3n y la purificaci\u00f3n. De hecho, la piel se limpia en profundidad hasta los poros, se cuida y la sal precipitada tiene un efecto extremadamente positivo sobre la piel problem\u00e1tica.<br \/>\nAl mismo tiempo, forma una protecci\u00f3n natural y favorece el manto \u00e1cido de la piel.<\/p>\n<p><strong><br \/>\n  <u>Volumen de suministro:<\/u><br \/>\n<\/strong> Compresor de nebulizaci\u00f3n de salmuera (nebulizaci\u00f3n de salmuera para ba\u00f1o de vapor), boquilla de nebulizaci\u00f3n, manguera de aire azul de 5 m, recipiente de acero inoxidable, sin control (por ejemplo, utilice su propio interruptor).<\/p>\n<p>El montaje es muy sencillo. En principio, se hace un enchufe \u00abconmutado\u00bb (por ejemplo, mediante un interruptor de luz delante de la cabina).<br \/>\nLa conexi\u00f3n el\u00e9ctrica debe realizarla un electricista autorizado.<\/p>\n<p>Si m\u00e1s adelante desea reequipar la tecnolog\u00eda de inhalaci\u00f3n, es muy f\u00e1cil. Estos son s\u00f3lo algunos pasos:<\/p>\n<p>Todo lo que tienes que hacer es:<br \/>\n1.) Taladre un orificio de 25 mm en el techo (aqu\u00ed es donde se colocar\u00e1 posteriormente la boquilla de nebulizaci\u00f3n &#8211; v\u00e9ase la imagen siguiente).<br \/>\n2) Monte una pieza de soporte para el dep\u00f3sito de salmuera en la pared (no incluida en el volumen de suministro, por ejemplo, un pedestal de cristal).<br \/>\n4) Conecte la unidad de nebulizaci\u00f3n a la boquilla de nebulizaci\u00f3n utilizando la manguera de aire suministrada.<br \/>\n5.) Silicona la boquilla al techo.<\/p>\n<p>El compresor de niebla podr\u00eda colocarse a 10 m de distancia. La longitud de la manguera de aire suministrada es de 5 m. Si necesita una l\u00ednea m\u00e1s larga, comun\u00edquenoslo al hacer el pedido.<\/p>\n<p><strong>Se activa o desactiva en :<\/strong><\/p>\n<ul>\n<li style=\"list-style-type: none;\">\n<ul>\n<li>con toma de radio<\/li>\n<li>con interruptor normal de encendido\/apagado delante de la cabina (no incluido)<\/li>\n<li>con interruptor de acero inoxidable y rel\u00e9 de 12 V EN la cabina (cargo adicional)<\/li>\n<\/ul>\n<\/li>\n<\/ul>\n<p>El compresor debe ser conectado por un electricista.<\/p>\n<\/section>\n<h2>Tambi\u00e9n puede utilizar maravillosamente la t\u00e9cnica de atomizaci\u00f3n de salmuera para la inhalaci\u00f3n de salmuera para caballos.<\/h2>\n\n  \n    <div class=\"row large-columns-2 medium-columns-1 small-columns-1 row-full-width\" >\n  <div class=\"col post-item\" >\n\t\t\t<div class=\"col-inner\">\n\t\t\t\t<div class=\"box box-normal box-text-bottom box-blog-post has-hover\">\n            \t\t\t\t\t<div class=\"box-image\" >\n  \t\t\t\t\t\t<div class=\"image-cover\" style=\"padding-top:56.25%;\">\n\t\t\t\t\t\t\t<a href=\"https:\/\/www.soleum.de\/es\/inhalacion-de-salmuera-caballo-inhalacion-de-caballo\/\" class=\"plain\" aria-label=\"Inhalaci\u00f3n de salmuera Caballo &#8211; Inhalaci\u00f3n de caballo\">\n\t\t\t\t\t\t\t\t<img loading=\"lazy\" decoding=\"async\" width=\"298\" height=\"400\" src=\"https:\/\/www.soleum.de\/wp-content\/uploads\/2018\/07\/Sole-Inhalation-Pferd-298x400.jpg\" class=\"attachment-medium size-medium wp-post-image\" alt=\"\" srcset=\"https:\/\/www.soleum.de\/wp-content\/uploads\/2018\/07\/Sole-Inhalation-Pferd-298x400.jpg 298w, https:\/\/www.soleum.de\/wp-content\/uploads\/2018\/07\/Sole-Inhalation-Pferd-510x684.jpg 510w, https:\/\/www.soleum.de\/wp-content\/uploads\/2018\/07\/Sole-Inhalation-Pferd.jpg 594w\" sizes=\"auto, (max-width: 298px) 100vw, 298px\" \/>\t\t\t\t\t\t\t<\/a>\n  \t\t\t\t\t\t\t  \t\t\t\t\t\t\t  \t\t\t\t\t\t<\/div>\n  \t\t\t\t\t\t  \t\t\t\t\t<\/div>\n          \t\t\t\t\t<div class=\"box-text text-center\" >\n\t\t\t\t\t<div class=\"box-text-inner blog-post-inner\">\n\n\t\t\t\t\t\n\t\t\t\t\t\t\t\t\t\t<h5 class=\"post-title is-large \">\n\t\t\t\t\t\t<a href=\"https:\/\/www.soleum.de\/es\/inhalacion-de-salmuera-caballo-inhalacion-de-caballo\/\" class=\"plain\">Inhalaci\u00f3n de salmuera Caballo &#8211; Inhalaci\u00f3n de caballo<\/a>\n\t\t\t\t\t<\/h5>\n\t\t\t\t\t\t\t\t\t\t<div class=\"is-divider\"><\/div>\n\t\t\t\t\t\t\t\t\t\t<p class=\"from_the_blog_excerpt \">\n\t\t\t\t\t\t\t\t\t\t\t<\/p>\n\t\t\t\t\t                    \n\t\t\t\t\t\n\t\t\t\t\t\n\t\t\t\t\t<\/div>\n\t\t\t\t\t<\/div>\n\t\t\t\t\t\t\t\t\t\t\t\t\t\t\t\t<div class=\"badge absolute top post-date badge-outline\">\n\t\t\t\t\t\t\t<div class=\"badge-inner\">\n\t\t\t\t\t\t\t\t<span class=\"post-date-day\">31<\/span><br>\n\t\t\t\t\t\t\t\t<span class=\"post-date-month is-xsmall\">Jul<\/span>\n\t\t\t\t\t\t\t<\/div>\n\t\t\t\t\t\t<\/div>\n\t\t\t\t\t\t\t\t\t<\/div>\n\t\t\t<\/div>\n\t\t<\/div><\/div>\n","protected":false},"excerpt":{"rendered":"<p><span id=\"product_name\">Con nuestro sistema de nebulizaci\u00f3n de salmuera (sistema de inhalaci\u00f3n) para ba\u00f1os de vapor y duchas de vapor, puede nebulizar soluci\u00f3n de salmuera y tambi\u00e9n diversas infusiones medicinales. <\/span>Esto convierte su ba\u00f1o de vapor o ducha de vapor en una cabina de inhalaci\u00f3n muy privada: \u00a1tenemos el sistema de nebulizaci\u00f3n de salmuera m\u00e1s potente para ba\u00f1os de vapor!<\/p>\n","protected":false},"featured_media":10482,"template":"","meta":[],"product_brand":[],"product_cat":[3441,3440],"product_tag":[3459,3455,3457,3461,3469,3472,3443,3448,3465,3463,3442,3450,3451,3449,3445,3446,3453,3476,3444,3447,3467,3474],"class_list":{"0":"post-29267","1":"product","2":"type-product","3":"status-publish","4":"has-post-thumbnail","6":"product_cat-nebulizacion-de-salmuera","7":"product_cat-tecnologia-de-bano-de-vapor","8":"product_tag-bano-de-salmuera","9":"product_tag-bano-de-vapor-de-salmuera","10":"product_tag-banos-de-vapor-de-salmuera","11":"product_tag-compresor-de-salmuera","12":"product_tag-inhalacion-caballo","13":"product_tag-inhalacion-de-caballos","14":"product_tag-inhalacion-de-sal","15":"product_tag-inhalacion-de-salmuera","16":"product_tag-inhalacion-de-salmuera-para-caballos","17":"product_tag-inhalar-en-el-bano-de-vapor","18":"product_tag-inhale-es","19":"product_tag-nebulizacion-de-salmuera","20":"product_tag-nebulizacion-de-salmuera-para-bano-turco","21":"product_tag-niebla-de-salmuera","22":"product_tag-niebla-salina","23":"product_tag-niebla-salina-es","24":"product_tag-solegenerator-es","25":"product_tag-solenebler-es","26":"product_tag-tecnica-de-inhalacion-de-sal","27":"product_tag-tecnica-de-inhalacion-de-salmuera","28":"product_tag-tecnologia-de-atomizacion-de-salmuera","29":"product_tag-terapia-de-salmuera","30":"product_shipping_class-paquete-5-10kg","32":"first","33":"instock","34":"taxable","35":"shipping-taxable","36":"purchasable","37":"product-type-simple"},"_links":{"self":[{"href":"https:\/\/www.soleum.de\/es\/wp-json\/wp\/v2\/product\/29267","targetHints":{"allow":["GET"]}}],"collection":[{"href":"https:\/\/www.soleum.de\/es\/wp-json\/wp\/v2\/product"}],"about":[{"href":"https:\/\/www.soleum.de\/es\/wp-json\/wp\/v2\/types\/product"}],"wp:featuredmedia":[{"embeddable":true,"href":"https:\/\/www.soleum.de\/es\/wp-json\/wp\/v2\/media\/10482"}],"wp:attachment":[{"href":"https:\/\/www.soleum.de\/es\/wp-json\/wp\/v2\/media?parent=29267"}],"wp:term":[{"taxonomy":"product_brand","embeddable":true,"href":"https:\/\/www.soleum.de\/es\/wp-json\/wp\/v2\/product_brand?post=29267"},{"taxonomy":"product_cat","embeddable":true,"href":"https:\/\/www.soleum.de\/es\/wp-json\/wp\/v2\/product_cat?post=29267"},{"taxonomy":"product_tag","embeddable":true,"href":"https:\/\/www.soleum.de\/es\/wp-json\/wp\/v2\/product_tag?post=29267"}],"curies":[{"name":"wp","href":"https:\/\/api.w.org\/{rel}","templated":true}]}}