{"id":29338,"date":"2016-07-06T10:47:34","date_gmt":"2016-07-06T08:47:34","guid":{"rendered":"https:\/\/www.soleum.de\/shop\/sin%20categor\u00eda\/altavoz-para-bano-turco-solex-s80\/"},"modified":"2024-02-23T16:31:56","modified_gmt":"2024-02-23T15:31:56","slug":"altavoz-para-bano-turco-solex-s80","status":"publish","type":"product","link":"https:\/\/www.soleum.de\/es\/shop\/tecnologia-de-bano-de-vapor\/altavoz-para-bano-turco-solex-s80\/","title":{"rendered":"Altavoz para ba\u00f1o turco SOLEX-S80"},"content":{"rendered":"<h1 class=\"page-title al page-title-larger\"><span id=\"product_name\">Altavoz para ba\u00f1o turco SOLEX-S80<\/span><\/h1>\n<p class=\"page-title al page-title-larger\"><span id=\"product_name\">Altavoz externo de ba\u00f1o de vapor con transmisi\u00f3n de sonido<\/span><\/p>\n<p>Ventajas:<\/p>\n<ul>\n<li>Ning\u00fan punto d\u00e9bil (\u00a1apriete!) en la construcci\u00f3n del techo<\/li>\n<li>no visible<\/li>\n<li>Ac\u00fastica agradable gracias al elemento de techo<\/li>\n<\/ul>\n<p>Este altavoz se pega en (sobre) el elemento del techo o la c\u00fapula del ba\u00f1o turco.<\/p>\n","protected":false},"excerpt":{"rendered":"<p>Altavoz externo del ba\u00f1o turco con transmisi\u00f3n del sonido a trav\u00e9s del techo<\/p>\n","protected":false},"featured_media":15242,"template":"","meta":[],"product_brand":[],"product_cat":[3440],"product_tag":[3748,3741,3745],"class_list":{"0":"post-29338","1":"product","2":"type-product","3":"status-publish","4":"has-post-thumbnail","6":"product_cat-tecnologia-de-bano-de-vapor","7":"product_tag-altavoz","8":"product_tag-altavoz-de-bano-de-vapor","9":"product_tag-altavoz-para-duchas-de-vapor","10":"product_shipping_class-paquete-5-10kg","12":"first","13":"instock","14":"purchasable","15":"product-type-simple"},"_links":{"self":[{"href":"https:\/\/www.soleum.de\/es\/wp-json\/wp\/v2\/product\/29338","targetHints":{"allow":["GET"]}}],"collection":[{"href":"https:\/\/www.soleum.de\/es\/wp-json\/wp\/v2\/product"}],"about":[{"href":"https:\/\/www.soleum.de\/es\/wp-json\/wp\/v2\/types\/product"}],"wp:featuredmedia":[{"embeddable":true,"href":"https:\/\/www.soleum.de\/es\/wp-json\/wp\/v2\/media\/15242"}],"wp:attachment":[{"href":"https:\/\/www.soleum.de\/es\/wp-json\/wp\/v2\/media?parent=29338"}],"wp:term":[{"taxonomy":"product_brand","embeddable":true,"href":"https:\/\/www.soleum.de\/es\/wp-json\/wp\/v2\/product_brand?post=29338"},{"taxonomy":"product_cat","embeddable":true,"href":"https:\/\/www.soleum.de\/es\/wp-json\/wp\/v2\/product_cat?post=29338"},{"taxonomy":"product_tag","embeddable":true,"href":"https:\/\/www.soleum.de\/es\/wp-json\/wp\/v2\/product_tag?post=29338"}],"curies":[{"name":"wp","href":"https:\/\/api.w.org\/{rel}","templated":true}]}}