{"id":29354,"date":"2016-07-06T10:47:34","date_gmt":"2016-07-06T08:47:34","guid":{"rendered":"https:\/\/www.soleum.de\/shop\/sin%20categor\u00eda\/doble-ducha-circular-de-eps\/"},"modified":"2024-02-23T16:40:29","modified_gmt":"2024-02-23T15:40:29","slug":"ducha-doble-redonda-de-eps","status":"publish","type":"product","link":"https:\/\/www.soleum.de\/es\/shop\/ducha-redonda\/ducha-doble-redonda-de-eps\/","title":{"rendered":"DOBLE ducha circular de EPS"},"content":{"rendered":"<div class=\"module-wrapper no-cnt mod-product-longdesc\">\n<h1>DOBLE ducha circular de EPS<\/h1>\n<p>Di\u00e1metro=100 cm interior<\/p>\n<p>con sistema machihembrado<br \/>\nEspesor de pared 10 cm<\/p>\n<p>Altura de 2 piezas hasta 240 cm<\/p>\n<p>SIN recortes para tuber\u00edas de agua &#8211; \u00a1podemos incluirlos por un recargo de 80,&#8211; EUR en la posici\u00f3n que desee! Para ello, seleccione este art\u00edculo al realizar el pedido en l\u00ednea y env\u00edenos su medida por correo electr\u00f3nico.<\/p>\n<\/div>\n","protected":false},"excerpt":{"rendered":"<p>Ducha redonda doble de EPS, di\u00e1metro interior = 100 cm<\/p>\n<p>Enviamos este kit de ducha redondo por agencia de transportes.<\/p>\n","protected":false},"featured_media":10671,"template":"","meta":[],"product_brand":[],"product_cat":[3860],"product_tag":[3864,3870,3868,3861,3872,3866,3871,3873],"class_list":{"0":"post-29354","1":"product","2":"type-product","3":"status-publish","4":"has-post-thumbnail","6":"product_cat-ducha-redonda","7":"product_tag-construya-su-propia-ducha-redonda","8":"product_tag-doble-ducha-circular","9":"product_tag-ducha-doble","10":"product_tag-ducha-redonda-de-eps","11":"product_tag-ducha-redonda-de-styrodur","12":"product_tag-ducha-redonda-doble","13":"product_tag-ducha-redonda-para-hotel","14":"product_tag-kit-de-ducha-redondo","15":"product_shipping_class-mercancias-voluminosas","17":"first","18":"instock","19":"sold-individually","20":"purchasable","21":"product-type-simple"},"_links":{"self":[{"href":"https:\/\/www.soleum.de\/es\/wp-json\/wp\/v2\/product\/29354","targetHints":{"allow":["GET"]}}],"collection":[{"href":"https:\/\/www.soleum.de\/es\/wp-json\/wp\/v2\/product"}],"about":[{"href":"https:\/\/www.soleum.de\/es\/wp-json\/wp\/v2\/types\/product"}],"wp:featuredmedia":[{"embeddable":true,"href":"https:\/\/www.soleum.de\/es\/wp-json\/wp\/v2\/media\/10671"}],"wp:attachment":[{"href":"https:\/\/www.soleum.de\/es\/wp-json\/wp\/v2\/media?parent=29354"}],"wp:term":[{"taxonomy":"product_brand","embeddable":true,"href":"https:\/\/www.soleum.de\/es\/wp-json\/wp\/v2\/product_brand?post=29354"},{"taxonomy":"product_cat","embeddable":true,"href":"https:\/\/www.soleum.de\/es\/wp-json\/wp\/v2\/product_cat?post=29354"},{"taxonomy":"product_tag","embeddable":true,"href":"https:\/\/www.soleum.de\/es\/wp-json\/wp\/v2\/product_tag?post=29354"}],"curies":[{"name":"wp","href":"https:\/\/api.w.org\/{rel}","templated":true}]}}