{"id":29404,"date":"2016-07-06T10:48:08","date_gmt":"2016-07-06T08:48:08","guid":{"rendered":"https:\/\/www.soleum.de\/shop\/sin categor\u00eda\/esterilla-calefactora-para-bano-turco-swing\/"},"modified":"2016-07-06T10:48:08","modified_gmt":"2016-07-06T08:48:08","slug":"colchoneta-calefactora-para-camilla-de-bano-turco","status":"publish","type":"product","link":"https:\/\/www.soleum.de\/es\/shop\/esteras-calefactoras-para-banos-de-vapor\/colchoneta-calefactora-para-camilla-de-bano-turco\/","title":{"rendered":"Esterilla calefactora para ba\u00f1o turco SWING"},"content":{"rendered":"<p><b><i>Datos t\u00e9cnicos:  <\/i><\/b><\/p>\n<p>Temperatura nominal: 150\u00b0C<br \/>\nMedida de protecci\u00f3n: circuito de protecci\u00f3n RCD con 30 mA<br \/>\nTensi\u00f3n: 230 V<br \/>\nprobado: VDE (banda termosellable)<br \/>\n<i><b><\/b><\/i><\/p>\n<p><i><b>Kaltenden:<\/b><\/i><\/p>\n<p>Estructura como conductor de calefacci\u00f3n con aislamiento de tefl\u00f3n 1,5 \u00f3 2,5 mm2<br \/>\nLongitud: 4 m y 4 m + alfombrilla<\/p>\n<p><u><br \/>\n  <strong>Se requiere<\/strong><br \/>\n<\/u> es un limitador electr\u00f3nico de temperatura (regulador de calefacci\u00f3n) y un tubo de protecci\u00f3n del sensor. Tambi\u00e9n disponible en esta tienda.<\/p>\n<p><a href=\"https:\/\/www.soleum.de\/?page_id=54\">Tumbona de ba\u00f1o de vapor SWING<\/a><\/p>\n","protected":false},"excerpt":{"rendered":"<p>Esterilla calefactora para tumbona de ba\u00f1o turco SWING 300W\/m2<\/p>\n","protected":false},"featured_media":10559,"template":"","meta":[],"product_brand":[],"product_cat":[3410],"product_tag":[4139,4140,4142,4141],"class_list":{"0":"post-29404","1":"product","2":"type-product","3":"status-publish","4":"has-post-thumbnail","6":"product_cat-esteras-calefactoras-para-banos-de-vapor","7":"product_tag-alfombrilla-calefactora-para-bano-turco","8":"product_tag-estera-calefactora","9":"product_tag-esterilla-calefactora-para-tumbona-de-bano-turco","10":"product_tag-esterilla-de-calefaccion-calefaccion-de-bano-de-vapor-calefaccion-de-tepidarium","11":"product_shipping_class-paquete-5-10kg","13":"first","14":"instock","15":"sold-individually","16":"taxable","17":"shipping-taxable","18":"purchasable","19":"product-type-simple"},"_links":{"self":[{"href":"https:\/\/www.soleum.de\/es\/wp-json\/wp\/v2\/product\/29404","targetHints":{"allow":["GET"]}}],"collection":[{"href":"https:\/\/www.soleum.de\/es\/wp-json\/wp\/v2\/product"}],"about":[{"href":"https:\/\/www.soleum.de\/es\/wp-json\/wp\/v2\/types\/product"}],"wp:featuredmedia":[{"embeddable":true,"href":"https:\/\/www.soleum.de\/es\/wp-json\/wp\/v2\/media\/10559"}],"wp:attachment":[{"href":"https:\/\/www.soleum.de\/es\/wp-json\/wp\/v2\/media?parent=29404"}],"wp:term":[{"taxonomy":"product_brand","embeddable":true,"href":"https:\/\/www.soleum.de\/es\/wp-json\/wp\/v2\/product_brand?post=29404"},{"taxonomy":"product_cat","embeddable":true,"href":"https:\/\/www.soleum.de\/es\/wp-json\/wp\/v2\/product_cat?post=29404"},{"taxonomy":"product_tag","embeddable":true,"href":"https:\/\/www.soleum.de\/es\/wp-json\/wp\/v2\/product_tag?post=29404"}],"curies":[{"name":"wp","href":"https:\/\/api.w.org\/{rel}","templated":true}]}}