{"id":29410,"date":"2016-07-06T10:48:08","date_gmt":"2016-07-06T08:48:08","guid":{"rendered":"https:\/\/www.soleum.de\/shop\/sin%20categor\u00eda\/luz-de-bano-de-vapor-led-blanco-calido\/"},"modified":"2024-02-23T16:41:52","modified_gmt":"2024-02-23T15:41:52","slug":"luz_bano_vapor_led_blanco_caliente","status":"publish","type":"product","link":"https:\/\/www.soleum.de\/es\/shop\/lamparas-led\/luz_bano_vapor_led_blanco_caliente\/","title":{"rendered":"Luz de ba\u00f1o de vapor LED blanco c\u00e1lido"},"content":{"rendered":"<div class=\"module-wrapper no-cnt mod-product-longdesc\">\n<h1>Luz de ba\u00f1o de vapor LED blanco c\u00e1lido<\/h1>\n<div>\n<p>Luz de ba\u00f1o de vapor LED blanco c\u00e1lido 1x3W, blanco c\u00e1lido, IP67, 12VDC\/24V DC<\/p>\n<p>&#8211; Caja de aluminio<br \/>\n&#8211; Cubierta de NIRO<br \/>\n&#8211; LED de alta potencia<br \/>\n&#8211; Cristal de seguridad de 12 mm<br \/>\n&#8211; \u00c1ngulo de radiaci\u00f3n 45<\/p>\n<\/div>\n<div>Consumo: 3,3 W<br \/>\nPeso: 240 g<\/div>\n<div><\/div>\n<div>transformador LED estabilizado , 24V DC es ventajoso, \u00a1necesario!<\/div>\n<div><\/div>\n<div>Di\u00e1metro del orificio de acero inoxidable 58 mm<\/div>\n<div>Di\u00e1metro del manguito de instalaci\u00f3n 50 mm<\/div>\n<div>Profundidad de instalaci\u00f3n de al menos 100 mm (con cable)<\/div>\n<div>Manguito de instalaci\u00f3n 107mm<\/div>\n<\/div>\n<div><\/div>\n<div>La luminaria no tiene junta de estanqueidad, se pega siempre en duchas de vapor y ba\u00f1os turcos con silicona de alta calidad.<\/div>\n<div class=\"module-wrapper no-cnt mod-product-longdesc\"><\/div>\n","protected":false},"excerpt":{"rendered":"<h1>Luz de ba\u00f1o de vapor LED blanco c\u00e1lido, 3W<\/h1>\n<p>1x3W, blanco c\u00e1lido, IP67, 12VDC\/24V DC<\/p>\n","protected":false},"featured_media":10503,"template":"","meta":[],"product_brand":[],"product_cat":[4165],"product_tag":[4174,4171,4166,4173,4175,4167,4169],"class_list":{"0":"post-29410","1":"product","2":"type-product","3":"status-publish","4":"has-post-thumbnail","6":"product_cat-lamparas-led","7":"product_tag-ip67-led-es","8":"product_tag-lampara-antihumedad","9":"product_tag-lampara-de-bano-de-vapor","10":"product_tag-luminaria-antihumedad","11":"product_tag-luz-de-bano-de-vapor-led-blanco-calido","12":"product_tag-luz-del-bano-de-vapor","13":"product_tag-luz-del-bano-de-vapor-es","14":"product_shipping_class-paquete-5-10kg","16":"first","17":"instock","18":"sold-individually","19":"taxable","20":"shipping-taxable","21":"purchasable","22":"product-type-simple"},"_links":{"self":[{"href":"https:\/\/www.soleum.de\/es\/wp-json\/wp\/v2\/product\/29410","targetHints":{"allow":["GET"]}}],"collection":[{"href":"https:\/\/www.soleum.de\/es\/wp-json\/wp\/v2\/product"}],"about":[{"href":"https:\/\/www.soleum.de\/es\/wp-json\/wp\/v2\/types\/product"}],"wp:featuredmedia":[{"embeddable":true,"href":"https:\/\/www.soleum.de\/es\/wp-json\/wp\/v2\/media\/10503"}],"wp:attachment":[{"href":"https:\/\/www.soleum.de\/es\/wp-json\/wp\/v2\/media?parent=29410"}],"wp:term":[{"taxonomy":"product_brand","embeddable":true,"href":"https:\/\/www.soleum.de\/es\/wp-json\/wp\/v2\/product_brand?post=29410"},{"taxonomy":"product_cat","embeddable":true,"href":"https:\/\/www.soleum.de\/es\/wp-json\/wp\/v2\/product_cat?post=29410"},{"taxonomy":"product_tag","embeddable":true,"href":"https:\/\/www.soleum.de\/es\/wp-json\/wp\/v2\/product_tag?post=29410"}],"curies":[{"name":"wp","href":"https:\/\/api.w.org\/{rel}","templated":true}]}}