{"id":29422,"date":"2016-07-06T10:48:08","date_gmt":"2016-07-06T08:48:08","guid":{"rendered":"https:\/\/www.soleum.de\/shop\/sin%20categor\u00eda\/asiento-de-ducha-esquinero\/"},"modified":"2024-02-23T16:41:48","modified_gmt":"2024-02-23T15:41:48","slug":"asiento-de-ducha-asiento-de-esquina","status":"publish","type":"product","link":"https:\/\/www.soleum.de\/es\/shop\/bancos-de-bano-de-vapor\/asiento-de-ducha-asiento-de-esquina\/","title":{"rendered":"Asiento de ducha esquinero"},"content":{"rendered":"<div>Asiento de ducha de esquina EPS \u00abAsiento de esquina\u00bb R300S80 para alicatar<\/div>\n<ul>\n<li>sin red<\/li>\n<li>hasta<\/li>\n<li>Color: gris<\/li>\n<\/ul>\n<div>\n<div>\n<div><u>NOTA:<\/u><\/div>\n<div>Recomendamos <u>calentar<\/u> el asiento de la ducha y, normalmente, tambi\u00e9n las partes de la pared donde te apoyas y el suelo.<\/div>\n<div>Tambi\u00e9n hay una <a href=\"http:\/\/www.dampfbad.at\/produkt\/heizmatte-fuer-ecksitz\/\">alfombrilla calefactora<\/a> a medida <a href=\"http:\/\/www.dampfbad.at\/produkt\/heizmatte-fuer-ecksitz\/\">para el asiento de la<\/a> ducha que se ajusta exactamente al m\u00f3dulo del asiento.<\/div>\n<div><\/div>\n<div>Estas formas de asiento para ba\u00f1o turco son perfectas como asientos de ducha para alicatar. En lugar de los asientos plegables de filigrana convencionales, dispone de un asiento de ducha muy robusto que puede calentar y alicatar. Este banco para ba\u00f1o turco no s\u00f3lo realza visualmente su ducha o ba\u00f1o turco, sino que tambi\u00e9n es muy c\u00f3modo.<\/div>\n<\/div>\n<\/div>\n<p><strong>Dimensiones:<\/strong><\/p>\n<p>Profundidad del asiento aprox. 40 cm hasta el elemento del respaldo<br \/>\ncon radio 300mm<br \/>\nLongitud lateral 80cm \/ 80cm (tambi\u00e9n disponible en 70x70cm),<br \/>\nDiagonal delantera aprox. 116 cm<\/p>\n","protected":false},"excerpt":{"rendered":"<p>Asiento de ducha \u00abAsiento de esquina \u00abR30080 para alicatar, profundidad del asiento aprox. 40cm hasta el elemento posterior con radio 300mm longitud de pata 80cm \/ 80cm (tambi\u00e9n disponible en 70x70cm), diagonal frontal aprox. 116cm<\/p>\n","protected":false},"featured_media":10531,"template":"","meta":[],"product_brand":[],"product_cat":[3778,3987],"product_tag":[3707,4236,4240,4233,4243,3703,4244],"class_list":{"0":"post-29422","1":"product","2":"type-product","3":"status-publish","4":"has-post-thumbnail","6":"product_cat-bancos-de-bano-de-vapor","7":"product_cat-piezas-moldeadas-en-bano-de-vapor","8":"product_tag-asiento-de-ducha","9":"product_tag-asiento-de-ducha-calefactable","10":"product_tag-asiento-de-esquina","11":"product_tag-asiento-enlosable","12":"product_tag-asiento-eps","13":"product_tag-asiento-para-bano-de-vapor","14":"product_tag-banco-de-esquina","15":"product_shipping_class-paquete-10-31kg","17":"first","18":"instock","19":"sold-individually","20":"taxable","21":"shipping-taxable","22":"purchasable","23":"product-type-simple"},"_links":{"self":[{"href":"https:\/\/www.soleum.de\/es\/wp-json\/wp\/v2\/product\/29422","targetHints":{"allow":["GET"]}}],"collection":[{"href":"https:\/\/www.soleum.de\/es\/wp-json\/wp\/v2\/product"}],"about":[{"href":"https:\/\/www.soleum.de\/es\/wp-json\/wp\/v2\/types\/product"}],"wp:featuredmedia":[{"embeddable":true,"href":"https:\/\/www.soleum.de\/es\/wp-json\/wp\/v2\/media\/10531"}],"wp:attachment":[{"href":"https:\/\/www.soleum.de\/es\/wp-json\/wp\/v2\/media?parent=29422"}],"wp:term":[{"taxonomy":"product_brand","embeddable":true,"href":"https:\/\/www.soleum.de\/es\/wp-json\/wp\/v2\/product_brand?post=29422"},{"taxonomy":"product_cat","embeddable":true,"href":"https:\/\/www.soleum.de\/es\/wp-json\/wp\/v2\/product_cat?post=29422"},{"taxonomy":"product_tag","embeddable":true,"href":"https:\/\/www.soleum.de\/es\/wp-json\/wp\/v2\/product_tag?post=29422"}],"curies":[{"name":"wp","href":"https:\/\/api.w.org\/{rel}","templated":true}]}}