{"id":29440,"date":"2016-07-06T10:48:08","date_gmt":"2016-07-06T08:48:08","guid":{"rendered":"https:\/\/www.soleum.de\/shop\/sin%20categor\u00eda\/alfombras-calefactoras-para-banos-de-vapor-a-medida\/"},"modified":"2024-02-23T16:41:44","modified_gmt":"2024-02-23T15:41:44","slug":"esteras-calefactoras-para-banos-de-vapor-a-medida","status":"publish","type":"product","link":"https:\/\/www.soleum.de\/es\/shop\/esteras-calefactoras-para-banos-de-vapor\/esteras-calefactoras-para-banos-de-vapor-a-medida\/","title":{"rendered":"Alfombras calefactoras para ba\u00f1os de vapor a medida seg\u00fan su plano"},"content":{"rendered":"<h2>Alfombras calefactoras para ba\u00f1os de vapor a medida<\/h2>\n<p>Tambi\u00e9n puede encargarnos formas individuales de esteras calefactoras que se adapten a su pared y al m\u00f3dulo de asiento EPS.<\/p>\n<p>El precio es por metro cuadrado e incluye el plano de medidas de la estera calefactora. Para ello, es importante conocer las dimensiones correctas de la cabina y las piezas moldeadas utilizadas.<\/p>\n<p>Las alfombras especiales se cobran por metro cuadrado. La tarifa m\u00ednima es de 1 metro cuadrado (las alfombras de menos de 1 m2 se cobran a 1m2).<\/p>\n<p>Si calcula su caba\u00f1a sobre la base de m2 , tambi\u00e9n le proporcionaremos el precio el plan de la estera de calefacci\u00f3n &#8211; para ello necesitamos todas las dimensiones de la caba\u00f1a.<\/p>\n<p>&nbsp;<\/p>\n<p>Las esteras calefactoras se aplican a los m\u00f3dulos de EPS preconfigurados.<\/p>\n","protected":false},"excerpt":{"rendered":"<p>Precio por metro cuadrado Nosotros preparamos el plan de calefacci\u00f3n. Estera calefactora para ba\u00f1o turco con aprox. 300W\/m2 para zonas agresivas como ba\u00f1o turco y SOLEUM<\/p>\n","protected":false},"featured_media":10496,"template":"","meta":[],"product_brand":[],"product_cat":[3410],"product_tag":[4322,4317,4140,4319,4315,4316],"class_list":{"0":"post-29440","1":"product","2":"type-product","3":"status-publish","4":"has-post-thumbnail","6":"product_cat-esteras-calefactoras-para-banos-de-vapor","7":"product_tag-alfombras-calefactoras-para-banos-de-vapor-a-medida","8":"product_tag-calentamiento-de-banos-de-vapor","9":"product_tag-estera-calefactora","10":"product_tag-estera-calefactora-a-medida","11":"product_tag-estera-calefactora-especial","12":"product_tag-estera-calefactora-para-tepidarium","13":"product_shipping_class-paket-5-10kg-es","15":"first","16":"instock","17":"taxable","18":"shipping-taxable","19":"purchasable","20":"product-type-simple"},"_links":{"self":[{"href":"https:\/\/www.soleum.de\/es\/wp-json\/wp\/v2\/product\/29440","targetHints":{"allow":["GET"]}}],"collection":[{"href":"https:\/\/www.soleum.de\/es\/wp-json\/wp\/v2\/product"}],"about":[{"href":"https:\/\/www.soleum.de\/es\/wp-json\/wp\/v2\/types\/product"}],"wp:featuredmedia":[{"embeddable":true,"href":"https:\/\/www.soleum.de\/es\/wp-json\/wp\/v2\/media\/10496"}],"wp:attachment":[{"href":"https:\/\/www.soleum.de\/es\/wp-json\/wp\/v2\/media?parent=29440"}],"wp:term":[{"taxonomy":"product_brand","embeddable":true,"href":"https:\/\/www.soleum.de\/es\/wp-json\/wp\/v2\/product_brand?post=29440"},{"taxonomy":"product_cat","embeddable":true,"href":"https:\/\/www.soleum.de\/es\/wp-json\/wp\/v2\/product_cat?post=29440"},{"taxonomy":"product_tag","embeddable":true,"href":"https:\/\/www.soleum.de\/es\/wp-json\/wp\/v2\/product_tag?post=29440"}],"curies":[{"name":"wp","href":"https:\/\/api.w.org\/{rel}","templated":true}]}}