{"id":29517,"date":"2017-01-10T16:20:25","date_gmt":"2017-01-10T15:20:25","guid":{"rendered":"https:\/\/www.soleum.de\/shop\/sin%20categor\u00eda\/esteras-calefactoras-para-banos-de-vapor-a-medida-horizontal\/"},"modified":"2024-02-23T16:56:42","modified_gmt":"2024-02-23T15:56:42","slug":"alfombrillas-calefactoras-de-vapor-a-medida-horizontal","status":"publish","type":"product","link":"https:\/\/www.soleum.de\/es\/shop\/esteras-calefactoras-para-banos-de-vapor\/alfombrillas-calefactoras-de-vapor-a-medida-horizontal\/","title":{"rendered":"Esteras calefactoras para ba\u00f1os de vapor a medida-300W\/m2"},"content":{"rendered":"<h1>Esteras calefactoras a medida para ba\u00f1os de vapor y m\u00f3dulos SPA<\/h1>\n<h2>Calentamiento r\u00e1pido gracias a la <span style=\"color: #d83131;\">elevada potencia de aprox. 300 W\/m2<\/span><\/h2>\n<h3>con cableado HORIZONTAL<\/h3>\n<p>Esta estera calefactora <strong>para ba\u00f1o turco<\/strong> es una estera calefactora de malla para zonas agresivas y en revestimientos de resina epoxi.<br \/>\nInstalaci\u00f3n en lechos de adhesivo para baldosas y mortero, as\u00ed como en revestimientos de resina epoxi.<br \/>\nLas zonas agresivas son salas en las que se utilizan productos de limpieza muy concentrados, por ejemplo, ba\u00f1os p\u00fablicos, talleres de pintura, pero tambi\u00e9n salas con una atm\u00f3sfera salina, por ejemplo, SOLEUM, galer\u00edas de curaci\u00f3n. Aqu\u00ed es necesario utilizar cables calefactores resistentes a las cargas qu\u00edmicas. Estos cables calefactores tambi\u00e9n son necesarios si se instalan <a href=\"http:\/\/www.dampfbad.at\/shop\/dampfbadformteile\/dampfbadbaenke\/dampfbadsitz-t65\/\">en m\u00f3dulos EPS<\/a> (nuestros m\u00f3dulos SPA), por ejemplo, tumbonas de bienestar.<\/p>\n<p>&nbsp;<\/p>\n<h2><b><i><img loading=\"lazy\" decoding=\"async\" class=\"aligncenter size-full wp-image-5251\" src=\"https:\/\/www.dampfbad.at\/wp-content\/uploads\/horizontale-Dampfbadheizmatte.jpg\" alt=\"Alfombra t\u00e9rmica para ba\u00f1o de vapor a medida\" width=\"525\" height=\"445\">Datos t\u00e9cnicos de las esteras calefactoras para ba\u00f1os turcos  <\/i><\/b><\/h2>\n<p>Temperatura nominal: 150\u00b0C<br \/>\nMedida de protecci\u00f3n: circuito de protecci\u00f3n RCD con 30 mA<br \/>\nTensi\u00f3n: 230 V<br \/>\nprobado: VDE (banda termosellable)<br \/>\nDistancia entre conductores de calefacci\u00f3n: en funci\u00f3n de la potencia<\/p>\n<blockquote><p>Potencia: 300 vatios \/ m2<\/p><\/blockquote>\n<p><i><b>Kaltenden:<\/b><\/i><\/p>\n<p>Estructura como conductor de calefacci\u00f3n con aislamiento de tefl\u00f3n 1,5 \u00f3 2,5 mm2<br \/>\nLongitud: 4 m y 4 m + alfombrilla<\/p>\n<p>Se necesita un limitador electr\u00f3nico de temperatura<a href=\"https:\/\/www.soleum.de\/shop\/dampfbadtechnik\/schaltereinbauthermostat-fuer-heizmatten\/\">(regulador de calefacci\u00f3n<\/a>) y un tubo de protecci\u00f3n del sensor. Tambi\u00e9n disponible en esta tienda.<\/p>\n","protected":false},"excerpt":{"rendered":"<p><strong>Esteras calefactoras para ba\u00f1os de vapor a medida &#8211; HORIZONTAL, para ba\u00f1os de vapor y m\u00f3dulos EPS<\/strong><\/p>\n<p>Estas esteras calefactoras especiales son necesarias cuando se instalan estos <a href=\"http:\/\/www.dampfbad.at\/spa-module-eps\/\">m\u00f3dulos EPS<\/a> (nuestros m\u00f3dulos SPA), por ejemplo, tumbonas de bienestar.<\/p>\n","protected":false},"featured_media":10419,"template":"","meta":[],"product_brand":[],"product_cat":[3410],"product_tag":[4376,4139,4140,4315,4316],"class_list":{"0":"post-29517","1":"product","2":"type-product","3":"status-publish","4":"has-post-thumbnail","6":"product_cat-esteras-calefactoras-para-banos-de-vapor","7":"product_tag-alfombrilla-calefactora-300-w","8":"product_tag-alfombrilla-calefactora-para-bano-turco","9":"product_tag-estera-calefactora","10":"product_tag-estera-calefactora-especial","11":"product_tag-estera-calefactora-para-tepidarium","12":"product_shipping_class-paket-5-10kg-es","14":"first","15":"outofstock","16":"taxable","17":"shipping-taxable","18":"purchasable","19":"product-type-simple"},"_links":{"self":[{"href":"https:\/\/www.soleum.de\/es\/wp-json\/wp\/v2\/product\/29517","targetHints":{"allow":["GET"]}}],"collection":[{"href":"https:\/\/www.soleum.de\/es\/wp-json\/wp\/v2\/product"}],"about":[{"href":"https:\/\/www.soleum.de\/es\/wp-json\/wp\/v2\/types\/product"}],"wp:featuredmedia":[{"embeddable":true,"href":"https:\/\/www.soleum.de\/es\/wp-json\/wp\/v2\/media\/10419"}],"wp:attachment":[{"href":"https:\/\/www.soleum.de\/es\/wp-json\/wp\/v2\/media?parent=29517"}],"wp:term":[{"taxonomy":"product_brand","embeddable":true,"href":"https:\/\/www.soleum.de\/es\/wp-json\/wp\/v2\/product_brand?post=29517"},{"taxonomy":"product_cat","embeddable":true,"href":"https:\/\/www.soleum.de\/es\/wp-json\/wp\/v2\/product_cat?post=29517"},{"taxonomy":"product_tag","embeddable":true,"href":"https:\/\/www.soleum.de\/es\/wp-json\/wp\/v2\/product_tag?post=29517"}],"curies":[{"name":"wp","href":"https:\/\/api.w.org\/{rel}","templated":true}]}}