{"id":29639,"date":"2017-01-14T10:57:11","date_gmt":"2017-01-14T09:57:11","guid":{"rendered":"https:\/\/www.soleum.de\/shop\/sin%20categor\u00eda\/bano-de-vapor-fragancia-brume-de-hammam\/"},"modified":"2024-04-09T09:16:35","modified_gmt":"2024-04-09T07:16:35","slug":"bano-de-vapor-fragancia-brume-de-hammam","status":"publish","type":"product","link":"https:\/\/www.soleum.de\/es\/shop\/tecnologia-de-bano-de-vapor\/bano-de-vapor-fragancia-brume-de-hammam\/","title":{"rendered":"Ba\u00f1o de vapor Fragancia BRUME DE HAMMAM"},"content":{"rendered":"<h1>Fragancia para ba\u00f1o turco \u00abBRUME DE HAMMAM\u00bb &#8211; Emulsi\u00f3n para ba\u00f1o turco o fragancia para <a href=\"https:\/\/www.soleum.de\/shop\/dampfbadtechnik\/duftstoffpumpe-dosierpumpe\/\">bomba de fragancia<\/a><\/h1>\n<p>En SOLEUM puedes conseguir la fragancia para ba\u00f1o turco Brume de Hammam en diferentes fragancias y envases. Es una emulsi\u00f3n para ba\u00f1o de vapor elaborada con aceites esenciales de alta calidad y naturalmente puros. Seleccione a continuaci\u00f3n el tama\u00f1o del envase y la fragancia deseada.<\/p>\n<h1 class=\"page-title al page-title-larger\"><img loading=\"lazy\" decoding=\"async\" class=\"aligncenter size-full wp-image-5343\" src=\"https:\/\/www.dampfbad.at\/wp-content\/uploads\/Dampfbadduft.Brume-de-hammam-Dampfbademulsion.jpg\" alt=\"Fragancia Ba\u00f1o de Vapor BRUME DE HAMMAM Emulsi\u00f3n Ba\u00f1o de Vapor\" width=\"889\" height=\"112\"><\/h1>\n","protected":false},"excerpt":{"rendered":"<p>Fragancia para ba\u00f1o de vapor \u00abBrume de Hammam\u00bb en diferentes variaciones de fragancia. Una emulsi\u00f3n para el ba\u00f1o turco elaborada con aceites esenciales de alta calidad y naturalmente puros.<\/p>\n","protected":false},"featured_media":10363,"template":"","meta":[],"product_brand":[],"product_cat":[3440],"product_tag":[4467,4461,4463,4462,4464,4465],"class_list":{"0":"post-29639","1":"product","2":"type-product","3":"status-publish","4":"has-post-thumbnail","6":"product_cat-tecnologia-de-bano-de-vapor","7":"product_tag-bano-de-vapor-fragancia-brume-de-hammam","8":"product_tag-brume-de-hammam-es","9":"product_tag-emulsion-para-bano-turco","10":"product_tag-fragancia-de-bano-de-vapor","11":"product_tag-fragancia-de-ducha-de-vapor","12":"product_tag-fragancia-para-bano-turco","13":"product_shipping_class-paquete-5-10kg","15":"first","16":"instock","17":"taxable","18":"shipping-taxable","19":"purchasable","20":"product-type-variable","21":"has-default-attributes"},"_links":{"self":[{"href":"https:\/\/www.soleum.de\/es\/wp-json\/wp\/v2\/product\/29639","targetHints":{"allow":["GET"]}}],"collection":[{"href":"https:\/\/www.soleum.de\/es\/wp-json\/wp\/v2\/product"}],"about":[{"href":"https:\/\/www.soleum.de\/es\/wp-json\/wp\/v2\/types\/product"}],"wp:featuredmedia":[{"embeddable":true,"href":"https:\/\/www.soleum.de\/es\/wp-json\/wp\/v2\/media\/10363"}],"wp:attachment":[{"href":"https:\/\/www.soleum.de\/es\/wp-json\/wp\/v2\/media?parent=29639"}],"wp:term":[{"taxonomy":"product_brand","embeddable":true,"href":"https:\/\/www.soleum.de\/es\/wp-json\/wp\/v2\/product_brand?post=29639"},{"taxonomy":"product_cat","embeddable":true,"href":"https:\/\/www.soleum.de\/es\/wp-json\/wp\/v2\/product_cat?post=29639"},{"taxonomy":"product_tag","embeddable":true,"href":"https:\/\/www.soleum.de\/es\/wp-json\/wp\/v2\/product_tag?post=29639"}],"curies":[{"name":"wp","href":"https:\/\/api.w.org\/{rel}","templated":true}]}}