{"id":29817,"date":"2023-05-17T10:57:35","date_gmt":"2023-05-17T08:57:35","guid":{"rendered":"https:\/\/www.soleum.de\/shop\/sin%20categor\u00eda\/tumbona-spa-calefactada-para-hoteles-y-uso-privado\/"},"modified":"2024-02-23T17:09:43","modified_gmt":"2024-02-23T16:09:43","slug":"tumbona-spa-calefactada-para-hoteles-y-uso-privado","status":"publish","type":"product","link":"https:\/\/www.soleum.de\/es\/shop\/ofertas-rebajas\/tumbona-spa-calefactada-para-hoteles-y-uso-privado\/","title":{"rendered":"Tumbona SPA calefactada para hoteles y uso privado"},"content":{"rendered":"<div class=\"wpb_text_column wpb_content_element \">\n<div class=\"wpb_wrapper\">\n<h1 class=\"entry-title\">Tumbona SPA de lujo calefactada con mosaico de vidrio SICIS<\/h1>\n<h2>Tumbonas SPA para hoteles, zonas de bienestar y saunas privadas<\/h2>\n<p>El suave calor radiante a trav\u00e9s de la baldosa con su efecto beneficioso \u00fanico para nuestro bienestar. Relajaci\u00f3n perfecta en una tumbona de lujo. Dise\u00f1o atemporal, forma ergon\u00f3mica, durabilidad de f\u00e1cil cuidado: estas tumbonas calefactadas son verdaderas obras de arte que complementan a la perfecci\u00f3n un oasis de spa privado o la zona SPA de un hotel de lujo.<\/p>\n<p><strong>SICIS\u00ae:<\/strong> Gracias al noble mosaico de vidrio italiano hecho a mano, la tumbona brilla con un resplandor especial desde<strong> todas las direcciones de visi\u00f3n<\/strong>.<\/p>\n<p>El revestimiento de <strong>microcemento<\/strong>, que confiere a la tumbona un tacto especial, tambi\u00e9n est\u00e1 hecho a mano. Cuatro superposiciones adicionales de microcemento adornan esta exclusiva tumbona de bienestar.<\/p>\n<p>Mosaico Sicis: <strong>Colecci\u00f3n Colibri SWAMI 3<\/strong><br \/>\nLechada especial epoxi seleccionada en funci\u00f3n de la superficie de la baldosa de la mejor manera posible<br \/>\nPotencia calor\u00edfica: <strong>459 W,<\/strong> 230 V<br \/>\nTemperatura ajustable libremente<\/p>\n<p>Con iluminaci\u00f3n LED alrededor de la base y un revestimiento de microcemento hecho a mano en antracita\/negro<\/p>\n<p>Dimensiones: Largo <strong>159 cm, <\/strong>ancho <strong>81 cm<\/strong>, alto <strong>106 cm<\/strong><br \/>\nPeso: s\u00f3lo <strong>80 kg<\/strong><\/p>\n<p>Referencia: 4301001000<\/p>\n<\/div>\n<\/div>\n\t<div class=\"img has-hover x md-x lg-x y md-y lg-y\" id=\"image_1013945120\">\n\t\t\t\t\t\t\t\t<div class=\"img-inner dark\" >\n\t\t\t<img loading=\"lazy\" decoding=\"async\" width=\"913\" height=\"800\" src=\"https:\/\/www.soleum.de\/wp-content\/uploads\/2023\/05\/SOLEUM_SICIS-SPA-Waermeliege_1000-913x800.jpg\" class=\"attachment-large size-large\" alt=\"\" srcset=\"https:\/\/www.soleum.de\/wp-content\/uploads\/2023\/05\/SOLEUM_SICIS-SPA-Waermeliege_1000-913x800.jpg 913w, https:\/\/www.soleum.de\/wp-content\/uploads\/2023\/05\/SOLEUM_SICIS-SPA-Waermeliege_1000-457x400.jpg 457w, https:\/\/www.soleum.de\/wp-content\/uploads\/2023\/05\/SOLEUM_SICIS-SPA-Waermeliege_1000-768x673.jpg 768w, https:\/\/www.soleum.de\/wp-content\/uploads\/2023\/05\/SOLEUM_SICIS-SPA-Waermeliege_1000-510x447.jpg 510w, https:\/\/www.soleum.de\/wp-content\/uploads\/2023\/05\/SOLEUM_SICIS-SPA-Waermeliege_1000.jpg 1000w\" sizes=\"auto, (max-width: 913px) 100vw, 913px\" \/>\t\t\t\t\t\t\n\t\t\t\t\t<\/div>\n\t\t\t\t\t\t\t\t\n<style>\n#image_1013945120 {\n  width: 100%;\n}\n<\/style>\n\t<\/div>\n\t\n<div class=\"text-center\"><div class=\"is-divider divider clearfix\" style=\"max-width:754px;background-color:rgb(2, 0, 104);\"><\/div><\/div>\n\t<div class=\"img has-hover x md-x lg-x y md-y lg-y\" id=\"image_8544980\">\n\t\t\t\t\t\t\t\t<div class=\"img-inner dark\" >\n\t\t\t<img loading=\"lazy\" decoding=\"async\" width=\"1000\" height=\"346\" src=\"https:\/\/www.soleum.de\/wp-content\/uploads\/2023\/05\/Luxus-SPA-Liege-Abmessungen.jpg\" class=\"attachment-large size-large\" alt=\"\" srcset=\"https:\/\/www.soleum.de\/wp-content\/uploads\/2023\/05\/Luxus-SPA-Liege-Abmessungen.jpg 1000w, https:\/\/www.soleum.de\/wp-content\/uploads\/2023\/05\/Luxus-SPA-Liege-Abmessungen-800x277.jpg 800w, https:\/\/www.soleum.de\/wp-content\/uploads\/2023\/05\/Luxus-SPA-Liege-Abmessungen-768x266.jpg 768w, https:\/\/www.soleum.de\/wp-content\/uploads\/2023\/05\/Luxus-SPA-Liege-Abmessungen-510x176.jpg 510w\" sizes=\"auto, (max-width: 1000px) 100vw, 1000px\" \/>\t\t\t\t\t\t\n\t\t\t\t\t<\/div>\n\t\t\t\t\t\t\t\t\n<style>\n#image_8544980 {\n  width: 100%;\n}\n<\/style>\n\t<\/div>\n\t\n<div class=\"text-center\"><div class=\"is-divider divider clearfix\" style=\"max-width:754px;background-color:rgb(2, 0, 104);\"><\/div><\/div>\n\t<div class=\"box has-hover   has-hover box-text-bottom\" >\n\n\t\t<div class=\"box-image\" style=\"width:25%;\">\n\t\t\t<a href=\"https:\/\/www.soleum.de\/wp-content\/uploads\/2023\/05\/SICIS-SPA-Liege.pdf\" target=\"_blank\" rel=\"noopener\" >\t\t\t<div class=\"\" >\n\t\t\t\t<img loading=\"lazy\" decoding=\"async\" width=\"214\" height=\"300\" src=\"https:\/\/www.soleum.de\/wp-content\/uploads\/2023\/05\/SICIS-SPA-Liege_Preisliste.jpg\" class=\"attachment- size-\" alt=\"\" \/>\t\t\t\t\t\t\t\t\t\t\t<\/div>\n\t\t\t<\/a>\t\t<\/div>\n\n\t\t<div class=\"box-text text-center\" >\n\t\t\t<div class=\"box-text-inner\">\n\t\t\t\t\n<h4><a href=\"https:\/\/www.soleum.de\/wp-content\/uploads\/2023\/05\/SICIS-SPA-Liege.pdf\">Descargar SICIS SPA HEAT LIE Archivo PDF (3MB)<\/a><\/h4>\n<p>Descargue el archivo para verlo.<\/p>\n\t\t\t<\/div>\n\t\t<\/div>\n\t<\/div>\n\t\n<h2>Revestimiento artesanal de microcemento<\/h2>\n<p>El microcemento es un sistema bicomponente de pol\u00edmeros y cemento. Puede elegir la superficie en distintos colores.<\/p>\n<p>El microcemento se aplica a mano. Por esta raz\u00f3n, el cliente debe aceptar que pueden producirse ligeras irregularidades y defectos m\u00ednimos al trabajar con un material pl\u00e1stico. El microcemento es un producto artesanal \u00fanico<br \/>\nfabricados y no producidos en serie. Las diferencias en los matices o la concentraci\u00f3n de color deben considerarse elementos valiosos de la obra, no defectos.<br \/>\nLas superficies de microcemento expuestas a cargas afiladas o puntiagudas (sillas, muebles, tacones altos, etc.) pueden picarse o rayarse. Aunque la superficie de microcemento tiene una resistencia excelente, presentan caracter\u00edsticas similares a los suelos de madera y deben tratarse en consecuencia.<\/p>\n<p>Pueden producirse ara\u00f1azos en el revestimiento de microcemento. Cuanto m\u00e1s lisa y uniforme sea la superficie, m\u00e1s probable es que presente ara\u00f1azos por el uso. Estos problemas<br \/>\ny los d\u00e9ficits pueden subsanarse f\u00e1cilmente con la elecci\u00f3n del color y un acabado poco uniforme, pero tambi\u00e9n con un cuidado adecuado y correcto.<\/p>\n<p>Aunque el tratamiento con un sellador protege el suelo de la r\u00e1pida penetraci\u00f3n de derrames accidentales, debe recordarse que todos los l\u00edquidos,<br \/>\nEn particular, los l\u00edquidos de uso com\u00fan en el hogar, como el vino, el aceite, el vinagre o el caf\u00e9, deben eliminarse de todas las superficies lo antes posible para que no puedan penetrar en ning\u00fan caso.<\/p>\n<p><strong>CARE<\/strong><br \/>\nRecomendaciones y sugerencias para mantener la superficie de microcemento limpia y bonita:<br \/>\n&#8211; La limpieza del marco de microcemento es sencilla: basta con pasar un pa\u00f1o h\u00famedo por la superficie con un poco de producto de limpieza neutro y sin espuma.<br \/>\n&#8211; Es aconsejable tratar regularmente la superficie con productos protectores a base de ceras autobrillantes en agua (como Ideal Cera).  <strong>Productos para el cuidado a base de jab\u00f3n, \u00e1cido, amon\u00edaco, cloro u otros.<\/strong><br \/>\n<strong>a base de agentes<\/strong> corrosivos <strong>est\u00e1n estrictamente prohibidos para su tratamiento<\/strong>. Utilice \u00fanicamente productos de cuidado NO AGRESIVOS y con pH neutro.<\/p>\n\t<div class=\"img has-hover x md-x lg-x y md-y lg-y\" id=\"image_1831713141\">\n\t\t\t\t\t\t\t\t<div class=\"img-inner dark\" >\n\t\t\t<img loading=\"lazy\" decoding=\"async\" width=\"1000\" height=\"529\" src=\"https:\/\/www.soleum.de\/wp-content\/uploads\/2023\/05\/Overlay_Mikrozement.jpg\" class=\"attachment-large size-large\" alt=\"\" srcset=\"https:\/\/www.soleum.de\/wp-content\/uploads\/2023\/05\/Overlay_Mikrozement.jpg 1000w, https:\/\/www.soleum.de\/wp-content\/uploads\/2023\/05\/Overlay_Mikrozement-756x400.jpg 756w, https:\/\/www.soleum.de\/wp-content\/uploads\/2023\/05\/Overlay_Mikrozement-768x406.jpg 768w, https:\/\/www.soleum.de\/wp-content\/uploads\/2023\/05\/Overlay_Mikrozement-510x270.jpg 510w\" sizes=\"auto, (max-width: 1000px) 100vw, 1000px\" \/>\t\t\t\t\t\t\n\t\t\t\t\t<\/div>\n\t\t\t\t\t\t\t\t\n<style>\n#image_1831713141 {\n  width: 100%;\n}\n<\/style>\n\t<\/div>\n\t\n\t<div id=\"gap-210350469\" class=\"gap-element clearfix\" style=\"display:block; height:auto;\">\n\t\t\n<style>\n#gap-210350469 {\n  padding-top: 100px;\n}\n<\/style>\n\t<\/div>\n\t\n<p>Los precios incluyen IVA y ex f\u00e1brica Jard\u00edn de infancia<\/p>\n","protected":false},"excerpt":{"rendered":"<p>Tumbona SPA de lujo calefactada con mosaico de vidrio SICIS para zonas de bienestar exclusivas y paisajes de sauna privados. Los laterales son de microcemento fino en color antracita. Relajaci\u00f3n perfecta en una tumbona de lujo.<\/p>\n","protected":false},"featured_media":20793,"template":"","meta":[],"product_brand":[],"product_cat":[4754,4982],"product_tag":[5015,5013,5009,4996,5010,4986,5005,4988,5006,4995,4994,5003,4991,4997,5001,5004,4998,4999,5000,5007,5008,5011,4984,5002,4024,5014,5012],"class_list":{"0":"post-29817","1":"product","2":"type-product","3":"status-publish","4":"has-post-thumbnail","6":"product_cat-ofertas-rebajas","7":"product_cat-tumbonas-climatizadas-spa","8":"product_tag-accesorios-para-zonas-de-bienestar","9":"product_tag-camilla-de-calentamiento-para-spa","10":"product_tag-disenador-de-spa","11":"product_tag-hotel-sofa","12":"product_tag-ideas-spa","13":"product_tag-metal-autentico","14":"product_tag-microcemento-es","15":"product_tag-recubrimiento-de-metal-autentico","16":"product_tag-revestimiento-de-microcemento","17":"product_tag-revestimiento-de-oro","18":"product_tag-sofa-calentador-de-azulejos","19":"product_tag-spa-de-lujo","20":"product_tag-tumbona-de-infrarrojos-es","21":"product_tag-tumbona-de-infrarrojos-es-2","22":"product_tag-tumbona-de-lujo","23":"product_tag-tumbona-de-lujo-es","24":"product_tag-tumbona-de-relajacion-por-infrarrojos","25":"product_tag-tumbona-para-arquitectos","26":"product_tag-tumbona-para-zona-wellness","27":"product_tag-tumbona-sicis","28":"product_tag-tumbona-soleum","29":"product_tag-tumbona-spa","30":"product_tag-tumbona-spa-de-diseno","31":"product_tag-tumbona-spa-de-lujo","32":"product_tag-tumbona-wellness","33":"product_tag-tumbonas-de-bienestar-para-la-sauna","34":"product_tag-tumbonas-spa-para-hotel","36":"first","37":"instock","38":"sale","39":"taxable","40":"shipping-taxable","41":"purchasable","42":"product-type-simple"},"_links":{"self":[{"href":"https:\/\/www.soleum.de\/es\/wp-json\/wp\/v2\/product\/29817","targetHints":{"allow":["GET"]}}],"collection":[{"href":"https:\/\/www.soleum.de\/es\/wp-json\/wp\/v2\/product"}],"about":[{"href":"https:\/\/www.soleum.de\/es\/wp-json\/wp\/v2\/types\/product"}],"wp:featuredmedia":[{"embeddable":true,"href":"https:\/\/www.soleum.de\/es\/wp-json\/wp\/v2\/media\/20793"}],"wp:attachment":[{"href":"https:\/\/www.soleum.de\/es\/wp-json\/wp\/v2\/media?parent=29817"}],"wp:term":[{"taxonomy":"product_brand","embeddable":true,"href":"https:\/\/www.soleum.de\/es\/wp-json\/wp\/v2\/product_brand?post=29817"},{"taxonomy":"product_cat","embeddable":true,"href":"https:\/\/www.soleum.de\/es\/wp-json\/wp\/v2\/product_cat?post=29817"},{"taxonomy":"product_tag","embeddable":true,"href":"https:\/\/www.soleum.de\/es\/wp-json\/wp\/v2\/product_tag?post=29817"}],"curies":[{"name":"wp","href":"https:\/\/api.w.org\/{rel}","templated":true}]}}